{"id":194312,"date":"2026-03-20T11:15:43","date_gmt":"2026-03-20T09:15:43","guid":{"rendered":"https:\/\/rst-steel.com\/tuote-osasto\/Ei-luokiteltu\/rear-bar-vw-transporter-t7-2025\/"},"modified":"2026-04-15T09:09:39","modified_gmt":"2026-04-15T06:09:39","slug":"rear-bar-vw-transporter-t7-2025","status":"publish","type":"product","link":"https:\/\/rst-steel.com\/sv\/produkt-kategori\/side-bars-and-side-steps\/rear-corner-bars-for-vans\/volkswagen-rear-corner-bars\/rear-bar-vw-transporter-t7-2025\/","title":{"rendered":"Rear Bar VW Transporter T7 2025-"},"content":{"rendered":"<p>Rear Bar VW Transporter T7 2025-<\/p>\n<p><span style=\"font-weight: bold\"><br \/><\/span><\/p>\n<p><span style=\"font-weight: bold\">RST-Steel\u2019s rear bars<\/span>&nbsp;are&nbsp;<span style=\"font-weight: bold\">Tillverkade i Finland<\/span>, crafted from high-quality stainless steel, and proudly representing Finnish quality and craftsmanship.<\/p>\n<p>Rear bar is a stylish accessory with which you protect your car from extra bumps.&nbsp;It can be equipped with <span style=\"font-weight: bold\">position lights<\/span>, ensuring maximum visibility on the road and improved safety for both you and other road users.<\/p>\n<p>This rear bar feature a 60 mm diameter, combined with a hand-finished design, ensuring durability for years rather than just a single season.<\/p>\n<p>Included with the product is a stainless steel mounting kit specifically for your car, along with straightforward installation instructions.<\/p>\n<p class=\"MsoNormal\"><b>Why Choose RST-Steel?<\/b><\/p>\n<ul type=\"disc\" style=\"margin-top: 0cm\">\n<li class=\"MsoNormal\"><b><span lang=\"EN-US\">Tillverkade i Finland<\/span><\/b><span lang=\"EN-US\">:&nbsp;All RST-Steel products are manufactured in our own factory in Nivala, Finland.<\/span><\/li>\n<li class=\"MsoNormal\"><b><span lang=\"EN-US\">Reliability<\/span><\/b><span lang=\"EN-US\">: Years of experience and expertise ensure the high quality and durability of our products.<\/span><\/li>\n<li class=\"MsoNormal\"><b><span lang=\"EN-US\">Customer Satisfaction<\/span><\/b><span lang=\"EN-US\">: Thousands of satisfied customers worldwide trust RST-Steel products.<\/span><\/li>\n<\/ul>\n<p class=\"MsoNormal\"><span lang=\"EN-US\">&nbsp;<\/span><\/p>\n<p class=\"MsoNormal\"><b>Technical information:<\/b><\/p>\n<ul type=\"disc\" style=\"margin-top: 0cm\">\n<li class=\"MsoNormal\"><span lang=\"EN-US\">Color: Mirror polished stainless steel or Powdercoated with RAL colors<\/span><\/li>\n<li class=\"MsoNormal\">Pipe diameter: 60mm<\/li>\n<\/ul>\n<p class=\"MsoNormal\"><b>Delivery contents:<\/b><\/p>\n<ul type=\"disc\" style=\"margin-top: 0cm\">\n<li class=\"MsoNormal\">Rear bar<\/li>\n<li class=\"MsoNormal\">Fasteners required for installation<\/li>\n<li class=\"MsoNormal\">Installation instructions<\/li>\n<\/ul>","protected":false},"excerpt":{"rendered":"<p>Rear Bar VW Transporter T7 2025- RST-Steel\u2019s rear bars&nbsp;are&nbsp;Made in Finland, crafted from high-quality stainless steel, and proudly representing Finnish&#8230;<\/p>","protected":false},"featured_media":194310,"template":"","meta":[],"make_year":[10908],"make_brand":[10938],"make_model":[11028],"make_fuel_type":[],"product_brand":[9443],"product_cat":[10844,10843,10846],"product_tag":[],"class_list":{"0":"post-194312","1":"product","2":"type-product","3":"status-publish","4":"has-post-thumbnail","6":"make_year-van","7":"make_brand-volkswagen-van","8":"make_model-transporter-t7","9":"make_engine-transporter-l1-h1-akselivali-3000mm","10":"make_engine-transporter-l2h1-akselivali-3400mm","11":"make_engine-transporter-l2-h2-akselivali-3400mm","12":"product_brand-brand_rststeel","13":"product_cat-rear-corner-bars-for-vans","14":"product_cat-side-bars-and-side-steps","15":"product_cat-volkswagen-rear-corner-bars","17":"first","18":"instock","19":"taxable","20":"shipping-taxable","21":"purchasable","22":"product-type-variable"},"yoast_head":"<!-- This site is optimized with the Yoast SEO plugin v27.1.1 - https:\/\/yoast.com\/product\/yoast-seo-wordpress\/ -->\n<title>Rear Bar VW Transporter T7 2025- RST-Steel<\/title>\n<meta name=\"description\" content=\"Rear Bar for VW Transporter T7 2025-. Strong and stylish rear bar enhancing the van\u2019s look while providing extra protection and functionality.\" \/>\n<meta name=\"robots\" content=\"index, follow, max-snippet:-1, max-image-preview:large, max-video-preview:-1\" \/>\n<link rel=\"canonical\" href=\"https:\/\/rst-steel.com\/sv\/produkt-kategori\/side-bars-and-side-steps\/rear-corner-bars-for-vans\/volkswagen-rear-corner-bars\/rear-bar-vw-transporter-t7-2025\/\" \/>\n<meta property=\"og:locale\" content=\"sv_SE\" \/>\n<meta property=\"og:type\" content=\"article\" \/>\n<meta property=\"og:title\" content=\"Rear Bar VW Transporter T7 2025- RST-Steel\" \/>\n<meta property=\"og:description\" content=\"Rear Bar for VW Transporter T7 2025-. Strong and stylish rear bar enhancing the van\u2019s look while providing extra protection and functionality.\" \/>\n<meta property=\"og:url\" content=\"https:\/\/rst-steel.com\/sv\/produkt-kategori\/side-bars-and-side-steps\/rear-corner-bars-for-vans\/volkswagen-rear-corner-bars\/rear-bar-vw-transporter-t7-2025\/\" \/>\n<meta property=\"og:site_name\" content=\"RST-Steel\" \/>\n<meta property=\"article:modified_time\" content=\"2026-04-15T06:09:39+00:00\" \/>\n<meta property=\"og:image\" content=\"https:\/\/rst-steel.com\/wp-content\/uploads\/2026\/03\/05efcfe17f985360c3c19e7684fc00013718a3e3_700b276b7c3c159b25b19fb4dccf01bb-scaled.jpg\" \/>\n\t<meta property=\"og:image:width\" content=\"1920\" \/>\n\t<meta property=\"og:image:height\" content=\"2560\" \/>\n\t<meta property=\"og:image:type\" content=\"image\/jpeg\" \/>\n<meta name=\"twitter:card\" content=\"summary_large_image\" \/>\n<meta name=\"twitter:label1\" content=\"Ber\u00e4knad l\u00e4stid\" \/>\n\t<meta name=\"twitter:data1\" content=\"1 minut\" \/>\n<script type=\"application\/ld+json\" class=\"yoast-schema-graph\">{\"@context\":\"https:\/\/schema.org\",\"@graph\":[{\"@type\":\"WebPage\",\"@id\":\"https:\/\/rst-steel.com\/product-category\/side-bars-and-side-steps\/rear-corner-bars-for-vans\/volkswagen-rear-corner-bars\/rear-bar-vw-transporter-t7-2025\/\",\"url\":\"https:\/\/rst-steel.com\/product-category\/side-bars-and-side-steps\/rear-corner-bars-for-vans\/volkswagen-rear-corner-bars\/rear-bar-vw-transporter-t7-2025\/\",\"name\":\"Rear Bar VW Transporter T7 2025- RST-Steel\",\"isPartOf\":{\"@id\":\"https:\/\/rst-steel.com\/#website\"},\"primaryImageOfPage\":{\"@id\":\"https:\/\/rst-steel.com\/product-category\/side-bars-and-side-steps\/rear-corner-bars-for-vans\/volkswagen-rear-corner-bars\/rear-bar-vw-transporter-t7-2025\/#primaryimage\"},\"image\":{\"@id\":\"https:\/\/rst-steel.com\/product-category\/side-bars-and-side-steps\/rear-corner-bars-for-vans\/volkswagen-rear-corner-bars\/rear-bar-vw-transporter-t7-2025\/#primaryimage\"},\"thumbnailUrl\":\"https:\/\/rst-steel.com\/wp-content\/uploads\/2026\/03\/05efcfe17f985360c3c19e7684fc00013718a3e3_700b276b7c3c159b25b19fb4dccf01bb-scaled.jpg\",\"datePublished\":\"2026-03-20T09:15:43+00:00\",\"dateModified\":\"2026-04-15T06:09:39+00:00\",\"description\":\"Rear Bar for VW Transporter T7 2025-. Strong and stylish rear bar enhancing the van\u2019s look while providing extra protection and functionality.\",\"breadcrumb\":{\"@id\":\"https:\/\/rst-steel.com\/product-category\/side-bars-and-side-steps\/rear-corner-bars-for-vans\/volkswagen-rear-corner-bars\/rear-bar-vw-transporter-t7-2025\/#breadcrumb\"},\"inLanguage\":\"sv-SE\",\"potentialAction\":[{\"@type\":\"ReadAction\",\"target\":[\"https:\/\/rst-steel.com\/product-category\/side-bars-and-side-steps\/rear-corner-bars-for-vans\/volkswagen-rear-corner-bars\/rear-bar-vw-transporter-t7-2025\/\"]}]},{\"@type\":\"ImageObject\",\"inLanguage\":\"sv-SE\",\"@id\":\"https:\/\/rst-steel.com\/product-category\/side-bars-and-side-steps\/rear-corner-bars-for-vans\/volkswagen-rear-corner-bars\/rear-bar-vw-transporter-t7-2025\/#primaryimage\",\"url\":\"https:\/\/rst-steel.com\/wp-content\/uploads\/2026\/03\/05efcfe17f985360c3c19e7684fc00013718a3e3_700b276b7c3c159b25b19fb4dccf01bb-scaled.jpg\",\"contentUrl\":\"https:\/\/rst-steel.com\/wp-content\/uploads\/2026\/03\/05efcfe17f985360c3c19e7684fc00013718a3e3_700b276b7c3c159b25b19fb4dccf01bb-scaled.jpg\",\"width\":1920,\"height\":2560,\"caption\":\"prm_76746\"},{\"@type\":\"BreadcrumbList\",\"@id\":\"https:\/\/rst-steel.com\/product-category\/side-bars-and-side-steps\/rear-corner-bars-for-vans\/volkswagen-rear-corner-bars\/rear-bar-vw-transporter-t7-2025\/#breadcrumb\",\"itemListElement\":[{\"@type\":\"ListItem\",\"position\":1,\"name\":\"Home\",\"item\":\"https:\/\/rst-steel.com\/\"},{\"@type\":\"ListItem\",\"position\":2,\"name\":\"RST-Steel Verkkokauppa\",\"item\":\"https:\/\/rst-steel.com\/shop\/\"},{\"@type\":\"ListItem\",\"position\":3,\"name\":\"Rear Bar VW Transporter T7 2025-\"}]},{\"@type\":\"WebSite\",\"@id\":\"https:\/\/rst-steel.com\/#website\",\"url\":\"https:\/\/rst-steel.com\/\",\"name\":\"RST-Steel Oy - Turvallista, tyylik\u00e4st\u00e4, ter\u00e4st\u00e4\",\"description\":\"Finnish quality for discerning drivers\",\"publisher\":{\"@id\":\"https:\/\/rst-steel.com\/#organization\"},\"potentialAction\":[{\"@type\":\"SearchAction\",\"target\":{\"@type\":\"EntryPoint\",\"urlTemplate\":\"https:\/\/rst-steel.com\/?s={search_term_string}\"},\"query-input\":{\"@type\":\"PropertyValueSpecification\",\"valueRequired\":true,\"valueName\":\"search_term_string\"}}],\"inLanguage\":\"sv-SE\"},{\"@type\":\"Organization\",\"@id\":\"https:\/\/rst-steel.com\/#organization\",\"name\":\"RST-Steel Oy\",\"alternateName\":\"RST-Steel Oy - Turvallista, tyylik\u00e4st\u00e4, ter\u00e4st\u00e4\",\"url\":\"https:\/\/rst-steel.com\/\",\"logo\":{\"@type\":\"ImageObject\",\"inLanguage\":\"sv-SE\",\"@id\":\"https:\/\/rst-steel.com\/#\/schema\/logo\/image\/\",\"url\":\"https:\/\/rst-steel.com\/wp-content\/uploads\/2025\/02\/cropped-rst-valkoinen-ilman-taustaa-02.png\",\"contentUrl\":\"https:\/\/rst-steel.com\/wp-content\/uploads\/2025\/02\/cropped-rst-valkoinen-ilman-taustaa-02.png\",\"width\":2319,\"height\":690,\"caption\":\"RST-Steel Oy\"},\"image\":{\"@id\":\"https:\/\/rst-steel.com\/#\/schema\/logo\/image\/\"}}]}<\/script>\n<!-- \/ Yoast SEO plugin. -->","yoast_head_json":{"title":"Rear Bar VW Transporter T7 2025- RST-Steel","description":"Rear Bar for VW Transporter T7 2025-. Strong and stylish rear bar enhancing the van\u2019s look while providing extra protection and functionality.","robots":{"index":"index","follow":"follow","max-snippet":"max-snippet:-1","max-image-preview":"max-image-preview:large","max-video-preview":"max-video-preview:-1"},"canonical":"https:\/\/rst-steel.com\/sv\/produkt-kategori\/side-bars-and-side-steps\/rear-corner-bars-for-vans\/volkswagen-rear-corner-bars\/rear-bar-vw-transporter-t7-2025\/","og_locale":"sv_SE","og_type":"article","og_title":"Rear Bar VW Transporter T7 2025- RST-Steel","og_description":"Rear Bar for VW Transporter T7 2025-. Strong and stylish rear bar enhancing the van\u2019s look while providing extra protection and functionality.","og_url":"https:\/\/rst-steel.com\/sv\/produkt-kategori\/side-bars-and-side-steps\/rear-corner-bars-for-vans\/volkswagen-rear-corner-bars\/rear-bar-vw-transporter-t7-2025\/","og_site_name":"RST-Steel","article_modified_time":"2026-04-15T06:09:39+00:00","og_image":[{"width":1920,"height":2560,"url":"https:\/\/rst-steel.com\/wp-content\/uploads\/2026\/03\/05efcfe17f985360c3c19e7684fc00013718a3e3_700b276b7c3c159b25b19fb4dccf01bb-scaled.jpg","type":"image\/jpeg"}],"twitter_card":"summary_large_image","twitter_misc":{"Ber\u00e4knad l\u00e4stid":"1 minut"},"schema":{"@context":"https:\/\/schema.org","@graph":[{"@type":"WebPage","@id":"https:\/\/rst-steel.com\/product-category\/side-bars-and-side-steps\/rear-corner-bars-for-vans\/volkswagen-rear-corner-bars\/rear-bar-vw-transporter-t7-2025\/","url":"https:\/\/rst-steel.com\/product-category\/side-bars-and-side-steps\/rear-corner-bars-for-vans\/volkswagen-rear-corner-bars\/rear-bar-vw-transporter-t7-2025\/","name":"Rear Bar VW Transporter T7 2025- RST-Steel","isPartOf":{"@id":"https:\/\/rst-steel.com\/#website"},"primaryImageOfPage":{"@id":"https:\/\/rst-steel.com\/product-category\/side-bars-and-side-steps\/rear-corner-bars-for-vans\/volkswagen-rear-corner-bars\/rear-bar-vw-transporter-t7-2025\/#primaryimage"},"image":{"@id":"https:\/\/rst-steel.com\/product-category\/side-bars-and-side-steps\/rear-corner-bars-for-vans\/volkswagen-rear-corner-bars\/rear-bar-vw-transporter-t7-2025\/#primaryimage"},"thumbnailUrl":"https:\/\/rst-steel.com\/wp-content\/uploads\/2026\/03\/05efcfe17f985360c3c19e7684fc00013718a3e3_700b276b7c3c159b25b19fb4dccf01bb-scaled.jpg","datePublished":"2026-03-20T09:15:43+00:00","dateModified":"2026-04-15T06:09:39+00:00","description":"Rear Bar for VW Transporter T7 2025-. Strong and stylish rear bar enhancing the van\u2019s look while providing extra protection and functionality.","breadcrumb":{"@id":"https:\/\/rst-steel.com\/product-category\/side-bars-and-side-steps\/rear-corner-bars-for-vans\/volkswagen-rear-corner-bars\/rear-bar-vw-transporter-t7-2025\/#breadcrumb"},"inLanguage":"sv-SE","potentialAction":[{"@type":"ReadAction","target":["https:\/\/rst-steel.com\/product-category\/side-bars-and-side-steps\/rear-corner-bars-for-vans\/volkswagen-rear-corner-bars\/rear-bar-vw-transporter-t7-2025\/"]}]},{"@type":"ImageObject","inLanguage":"sv-SE","@id":"https:\/\/rst-steel.com\/product-category\/side-bars-and-side-steps\/rear-corner-bars-for-vans\/volkswagen-rear-corner-bars\/rear-bar-vw-transporter-t7-2025\/#primaryimage","url":"https:\/\/rst-steel.com\/wp-content\/uploads\/2026\/03\/05efcfe17f985360c3c19e7684fc00013718a3e3_700b276b7c3c159b25b19fb4dccf01bb-scaled.jpg","contentUrl":"https:\/\/rst-steel.com\/wp-content\/uploads\/2026\/03\/05efcfe17f985360c3c19e7684fc00013718a3e3_700b276b7c3c159b25b19fb4dccf01bb-scaled.jpg","width":1920,"height":2560,"caption":"prm_76746"},{"@type":"BreadcrumbList","@id":"https:\/\/rst-steel.com\/product-category\/side-bars-and-side-steps\/rear-corner-bars-for-vans\/volkswagen-rear-corner-bars\/rear-bar-vw-transporter-t7-2025\/#breadcrumb","itemListElement":[{"@type":"ListItem","position":1,"name":"Home","item":"https:\/\/rst-steel.com\/"},{"@type":"ListItem","position":2,"name":"RST-Steel Verkkokauppa","item":"https:\/\/rst-steel.com\/shop\/"},{"@type":"ListItem","position":3,"name":"Rear Bar VW Transporter T7 2025-"}]},{"@type":"WebSite","@id":"https:\/\/rst-steel.com\/#website","url":"https:\/\/rst-steel.com\/","name":"RST-Steel Oy - Turvallista, tyylik\u00e4st\u00e4, ter\u00e4st\u00e4","description":"Finsk kvalitet f\u00f6r kvalitetsmedvetna f\u00f6rare","publisher":{"@id":"https:\/\/rst-steel.com\/#organization"},"potentialAction":[{"@type":"SearchAction","target":{"@type":"EntryPoint","urlTemplate":"https:\/\/rst-steel.com\/?s={search_term_string}"},"query-input":{"@type":"PropertyValueSpecification","valueRequired":true,"valueName":"search_term_string"}}],"inLanguage":"sv-SE"},{"@type":"Organization","@id":"https:\/\/rst-steel.com\/#organization","name":"Hantera alternativ","alternateName":"RST-Steel Oy - Turvallista, tyylik\u00e4st\u00e4, ter\u00e4st\u00e4","url":"https:\/\/rst-steel.com\/","logo":{"@type":"ImageObject","inLanguage":"sv-SE","@id":"https:\/\/rst-steel.com\/#\/schema\/logo\/image\/","url":"https:\/\/rst-steel.com\/wp-content\/uploads\/2025\/02\/cropped-rst-valkoinen-ilman-taustaa-02.png","contentUrl":"https:\/\/rst-steel.com\/wp-content\/uploads\/2025\/02\/cropped-rst-valkoinen-ilman-taustaa-02.png","width":2319,"height":690,"caption":"RST-Steel Oy"},"image":{"@id":"https:\/\/rst-steel.com\/#\/schema\/logo\/image\/"}}]}},"_links":{"self":[{"href":"https:\/\/rst-steel.com\/sv\/wp-json\/wp\/v2\/product\/194312","targetHints":{"allow":["GET"]}}],"collection":[{"href":"https:\/\/rst-steel.com\/sv\/wp-json\/wp\/v2\/product"}],"about":[{"href":"https:\/\/rst-steel.com\/sv\/wp-json\/wp\/v2\/types\/product"}],"version-history":[{"count":1,"href":"https:\/\/rst-steel.com\/sv\/wp-json\/wp\/v2\/product\/194312\/revisions"}],"predecessor-version":[{"id":198909,"href":"https:\/\/rst-steel.com\/sv\/wp-json\/wp\/v2\/product\/194312\/revisions\/198909"}],"wp:featuredmedia":[{"embeddable":true,"href":"https:\/\/rst-steel.com\/sv\/wp-json\/wp\/v2\/media\/194310"}],"wp:attachment":[{"href":"https:\/\/rst-steel.com\/sv\/wp-json\/wp\/v2\/media?parent=194312"}],"wp:term":[{"taxonomy":"make_year","embeddable":true,"href":"https:\/\/rst-steel.com\/sv\/wp-json\/wp\/v2\/make_year?post=194312"},{"taxonomy":"make_brand","embeddable":true,"href":"https:\/\/rst-steel.com\/sv\/wp-json\/wp\/v2\/make_brand?post=194312"},{"taxonomy":"make_model","embeddable":true,"href":"https:\/\/rst-steel.com\/sv\/wp-json\/wp\/v2\/make_model?post=194312"},{"taxonomy":"make_fuel_type","embeddable":true,"href":"https:\/\/rst-steel.com\/sv\/wp-json\/wp\/v2\/make_fuel_type?post=194312"},{"taxonomy":"product_brand","embeddable":true,"href":"https:\/\/rst-steel.com\/sv\/wp-json\/wp\/v2\/product_brand?post=194312"},{"taxonomy":"product_cat","embeddable":true,"href":"https:\/\/rst-steel.com\/sv\/wp-json\/wp\/v2\/product_cat?post=194312"},{"taxonomy":"product_tag","embeddable":true,"href":"https:\/\/rst-steel.com\/sv\/wp-json\/wp\/v2\/product_tag?post=194312"}],"curies":[{"name":"wp","href":"https:\/\/api.w.org\/{rel}","templated":true}]}}