{"id":194327,"date":"2026-03-20T11:16:00","date_gmt":"2026-03-20T09:16:00","guid":{"rendered":"https:\/\/rst-steel.com\/tuote-osasto\/Ei-luokiteltu\/work-light-bar-volvo-fh4-normal-short-model\/"},"modified":"2026-04-17T08:59:03","modified_gmt":"2026-04-17T05:59:03","slug":"work-light-bar-volvo-fh4-normal-short-model","status":"publish","type":"product","link":"https:\/\/rst-steel.com\/sv\/produkt-kategori\/light-bars\/work-light-bars-for-trucks\/volvo-work-light-bars\/work-light-bar-volvo-fh4-normal-short-model\/","title":{"rendered":"Work Light Bar Volvo FH4 &#8211; Normal (short model)"},"content":{"rendered":"<p><span style=\"font-weight: bold\">Work Light Bar Volvo FH4 &#8211; Normal (short model)<\/span><\/p>\n<p><span style=\"font-weight: bold\"><br \/><\/span><\/p>\n<p><span style=\"font-weight: 700\">Also suitable for cars with air intake on the roof<\/p>\n<p><\/span><\/p>\n<p><span style=\"font-weight: 700\">This work light bracket is designed specifically to meet your needs!<\/span><\/p>\n<p><span style=\"font-weight: 700\">RST-Steel\u2019s work light brackets are high-quality Key Flag products made from stainless steel. The bracket accentuates the stylish lines of the cab, and the same bracket can also be fitted with Lazer work lights to enhance safety. The brackets can also be equipped with position lights, further improving visibility in traffic.<\/span><\/p>\n<p><span style=\"font-weight: 700\"><br \/><\/span><\/p>\n<p><span style=\"font-weight: 700\">Work lights sold separately!<\/span><\/p>\n<p><span style=\"font-weight: 700\"><br \/><\/span><\/p>\n<p><span style=\"font-weight: 700\">Features:<\/span><\/p>\n<ul>\n<li><span style=\"font-weight: 700\">Compatibility: Specifically designed for Volvo FH4 short, ensuring quick and effortless installation.<\/span><\/li>\n<li><span style=\"font-weight: 700\">Materials: Made from durable stainless steel, guaranteeing long service life and excellent weather resistance.<\/span><\/li>\n<li><span style=\"font-weight: 700\">Stylish Design: Polished or painted finish and elegant design enhance the appearance of your truck.<\/span><\/li>\n<li><span style=\"font-weight: 700\">Light Installation: The roof bar easily accommodates multiple auxiliary lights, significantly improving your vehicle\u2019s lighting.<\/span><\/li>\n<li><span style=\"font-weight: 700\">Why Choose RST-Steel?<\/span><\/li>\n<li><span style=\"font-weight: 700\">Reliability: Years of experience and expertise ensure the high quality and durability of our products.<\/span><\/li>\n<li><span style=\"font-weight: 700\">Customer Satisfaction: Thousands of satisfied customers worldwide trust RST-Steel products.<\/span><\/li>\n<li><span style=\"font-weight: 700\">Technical information:<br \/><\/span><\/li>\n<li><span style=\"font-weight: 700\">Color: Polished stainless steel or Powdercoated with RAL-colors<\/span><\/li>\n<li><span style=\"font-weight: 700\">Pipes diameter: 60 mm<\/span><\/li>\n<li><span style=\"font-weight: 700\">Lenght: 2200 mm\n<p><\/span><\/li>\n<li><span style=\"font-weight: 700\">\n<p>Delivery contents:<\/span><\/li>\n<li><span style=\"font-weight: 700\">Work light bar<\/span><\/li>\n<li><span style=\"font-weight: 700\">Fasteners required for installation<\/span><\/li>\n<li><span style=\"font-weight: 700\">Installation instructions<\/span><\/li>\n<li><span style=\"font-weight: 700\">Safety: Enhances visibility in dark and challenging driving conditions, increasing safety for both the driver and other road users.\n<p><\/span><\/li>\n<\/ul>\n<p><span style=\"font-weight: 700\"><br \/><\/span><\/p>","protected":false},"excerpt":{"rendered":"<p>Work Light Bar Volvo FH4 &#8211; Normal (short model) Also suitable for cars with air intake on the roof This&#8230;<\/p>","protected":false},"featured_media":194326,"template":"","meta":[],"make_year":[10907],"make_brand":[10939],"make_model":[10978],"make_fuel_type":[],"product_brand":[9443],"product_cat":[10508,10594,10592],"product_tag":[],"class_list":{"0":"post-194327","1":"product","2":"type-product","3":"status-publish","4":"has-post-thumbnail","6":"make_year-trucks","7":"make_brand-volvo","8":"make_model-fh4","9":"make_engine-vo-normaali-ohjaamo","10":"product_brand-brand_rststeel","11":"product_cat-light-bars","12":"product_cat-volvo-work-light-bars","13":"product_cat-work-light-bars-for-trucks","14":"product_shipping_class-lightbars","16":"first","17":"onbackorder","18":"taxable","19":"shipping-taxable","20":"purchasable","21":"product-type-variable"},"yoast_head":"<!-- This site is optimized with the Yoast SEO plugin v27.1.1 - https:\/\/yoast.com\/product\/yoast-seo-wordpress\/ -->\n<title>Work Light Bar Volvo FH4 - Normal (short model)<\/title>\n<meta name=\"description\" content=\"light bar for Volvo FH4 short cab. Designed for optimal fit, allowing easy mounting of additional lights for improved rear visibility and safety.\" \/>\n<meta name=\"robots\" content=\"index, follow, max-snippet:-1, max-image-preview:large, max-video-preview:-1\" \/>\n<link rel=\"canonical\" href=\"https:\/\/rst-steel.com\/sv\/produkt-kategori\/light-bars\/work-light-bars-for-trucks\/volvo-work-light-bars\/work-light-bar-volvo-fh4-normal-short-model\/\" \/>\n<meta property=\"og:locale\" content=\"sv_SE\" \/>\n<meta property=\"og:type\" content=\"article\" \/>\n<meta property=\"og:title\" content=\"Work Light Bar Volvo FH4 - Normal (short model)\" \/>\n<meta property=\"og:description\" content=\"light bar for Volvo FH4 short cab. Designed for optimal fit, allowing easy mounting of additional lights for improved rear visibility and safety.\" \/>\n<meta property=\"og:url\" content=\"https:\/\/rst-steel.com\/sv\/produkt-kategori\/light-bars\/work-light-bars-for-trucks\/volvo-work-light-bars\/work-light-bar-volvo-fh4-normal-short-model\/\" \/>\n<meta property=\"og:site_name\" content=\"RST-Steel\" \/>\n<meta property=\"article:modified_time\" content=\"2026-04-17T05:59:03+00:00\" \/>\n<meta property=\"og:image\" content=\"https:\/\/rst-steel.com\/wp-content\/uploads\/2026\/03\/4221388587424d18f9d4d21680a31dc0f02cd79a_5520a9bdb0c779292ad6046f9d504cad.jpg\" \/>\n\t<meta property=\"og:image:width\" content=\"1200\" \/>\n\t<meta property=\"og:image:height\" content=\"1600\" \/>\n\t<meta property=\"og:image:type\" content=\"image\/jpeg\" \/>\n<meta name=\"twitter:card\" content=\"summary_large_image\" \/>\n<meta name=\"twitter:label1\" content=\"Ber\u00e4knad l\u00e4stid\" \/>\n\t<meta name=\"twitter:data1\" content=\"2 minuter\" \/>\n<script type=\"application\/ld+json\" class=\"yoast-schema-graph\">{\"@context\":\"https:\/\/schema.org\",\"@graph\":[{\"@type\":\"WebPage\",\"@id\":\"https:\/\/rst-steel.com\/product-category\/light-bars\/work-light-bars-for-trucks\/volvo-work-light-bars\/work-light-bar-volvo-fh4-normal-short-model\/\",\"url\":\"https:\/\/rst-steel.com\/product-category\/light-bars\/work-light-bars-for-trucks\/volvo-work-light-bars\/work-light-bar-volvo-fh4-normal-short-model\/\",\"name\":\"Work Light Bar Volvo FH4 - Normal (short model)\",\"isPartOf\":{\"@id\":\"https:\/\/rst-steel.com\/#website\"},\"primaryImageOfPage\":{\"@id\":\"https:\/\/rst-steel.com\/product-category\/light-bars\/work-light-bars-for-trucks\/volvo-work-light-bars\/work-light-bar-volvo-fh4-normal-short-model\/#primaryimage\"},\"image\":{\"@id\":\"https:\/\/rst-steel.com\/product-category\/light-bars\/work-light-bars-for-trucks\/volvo-work-light-bars\/work-light-bar-volvo-fh4-normal-short-model\/#primaryimage\"},\"thumbnailUrl\":\"https:\/\/rst-steel.com\/wp-content\/uploads\/2026\/03\/4221388587424d18f9d4d21680a31dc0f02cd79a_5520a9bdb0c779292ad6046f9d504cad.jpg\",\"datePublished\":\"2026-03-20T09:16:00+00:00\",\"dateModified\":\"2026-04-17T05:59:03+00:00\",\"description\":\"light bar for Volvo FH4 short cab. Designed for optimal fit, allowing easy mounting of additional lights for improved rear visibility and safety.\",\"breadcrumb\":{\"@id\":\"https:\/\/rst-steel.com\/product-category\/light-bars\/work-light-bars-for-trucks\/volvo-work-light-bars\/work-light-bar-volvo-fh4-normal-short-model\/#breadcrumb\"},\"inLanguage\":\"sv-SE\",\"potentialAction\":[{\"@type\":\"ReadAction\",\"target\":[\"https:\/\/rst-steel.com\/product-category\/light-bars\/work-light-bars-for-trucks\/volvo-work-light-bars\/work-light-bar-volvo-fh4-normal-short-model\/\"]}]},{\"@type\":\"ImageObject\",\"inLanguage\":\"sv-SE\",\"@id\":\"https:\/\/rst-steel.com\/product-category\/light-bars\/work-light-bars-for-trucks\/volvo-work-light-bars\/work-light-bar-volvo-fh4-normal-short-model\/#primaryimage\",\"url\":\"https:\/\/rst-steel.com\/wp-content\/uploads\/2026\/03\/4221388587424d18f9d4d21680a31dc0f02cd79a_5520a9bdb0c779292ad6046f9d504cad.jpg\",\"contentUrl\":\"https:\/\/rst-steel.com\/wp-content\/uploads\/2026\/03\/4221388587424d18f9d4d21680a31dc0f02cd79a_5520a9bdb0c779292ad6046f9d504cad.jpg\",\"width\":1200,\"height\":1600,\"caption\":\"prm_77337\"},{\"@type\":\"BreadcrumbList\",\"@id\":\"https:\/\/rst-steel.com\/product-category\/light-bars\/work-light-bars-for-trucks\/volvo-work-light-bars\/work-light-bar-volvo-fh4-normal-short-model\/#breadcrumb\",\"itemListElement\":[{\"@type\":\"ListItem\",\"position\":1,\"name\":\"Home\",\"item\":\"https:\/\/rst-steel.com\/\"},{\"@type\":\"ListItem\",\"position\":2,\"name\":\"RST-Steel Verkkokauppa\",\"item\":\"https:\/\/rst-steel.com\/shop\/\"},{\"@type\":\"ListItem\",\"position\":3,\"name\":\"Work Light Bar Volvo FH4 &#8211; Normal (short model)\"}]},{\"@type\":\"WebSite\",\"@id\":\"https:\/\/rst-steel.com\/#website\",\"url\":\"https:\/\/rst-steel.com\/\",\"name\":\"RST-Steel Oy - Turvallista, tyylik\u00e4st\u00e4, ter\u00e4st\u00e4\",\"description\":\"Finnish quality for discerning drivers\",\"publisher\":{\"@id\":\"https:\/\/rst-steel.com\/#organization\"},\"potentialAction\":[{\"@type\":\"SearchAction\",\"target\":{\"@type\":\"EntryPoint\",\"urlTemplate\":\"https:\/\/rst-steel.com\/?s={search_term_string}\"},\"query-input\":{\"@type\":\"PropertyValueSpecification\",\"valueRequired\":true,\"valueName\":\"search_term_string\"}}],\"inLanguage\":\"sv-SE\"},{\"@type\":\"Organization\",\"@id\":\"https:\/\/rst-steel.com\/#organization\",\"name\":\"RST-Steel Oy\",\"alternateName\":\"RST-Steel Oy - Turvallista, tyylik\u00e4st\u00e4, ter\u00e4st\u00e4\",\"url\":\"https:\/\/rst-steel.com\/\",\"logo\":{\"@type\":\"ImageObject\",\"inLanguage\":\"sv-SE\",\"@id\":\"https:\/\/rst-steel.com\/#\/schema\/logo\/image\/\",\"url\":\"https:\/\/rst-steel.com\/wp-content\/uploads\/2025\/02\/cropped-rst-valkoinen-ilman-taustaa-02.png\",\"contentUrl\":\"https:\/\/rst-steel.com\/wp-content\/uploads\/2025\/02\/cropped-rst-valkoinen-ilman-taustaa-02.png\",\"width\":2319,\"height\":690,\"caption\":\"RST-Steel Oy\"},\"image\":{\"@id\":\"https:\/\/rst-steel.com\/#\/schema\/logo\/image\/\"}}]}<\/script>\n<!-- \/ Yoast SEO plugin. -->","yoast_head_json":{"title":"Work Light Bar Volvo FH4 - Normal (short model)","description":"light bar for Volvo FH4 short cab. Designed for optimal fit, allowing easy mounting of additional lights for improved rear visibility and safety.","robots":{"index":"index","follow":"follow","max-snippet":"max-snippet:-1","max-image-preview":"max-image-preview:large","max-video-preview":"max-video-preview:-1"},"canonical":"https:\/\/rst-steel.com\/sv\/produkt-kategori\/light-bars\/work-light-bars-for-trucks\/volvo-work-light-bars\/work-light-bar-volvo-fh4-normal-short-model\/","og_locale":"sv_SE","og_type":"article","og_title":"Work Light Bar Volvo FH4 - Normal (short model)","og_description":"light bar for Volvo FH4 short cab. Designed for optimal fit, allowing easy mounting of additional lights for improved rear visibility and safety.","og_url":"https:\/\/rst-steel.com\/sv\/produkt-kategori\/light-bars\/work-light-bars-for-trucks\/volvo-work-light-bars\/work-light-bar-volvo-fh4-normal-short-model\/","og_site_name":"RST-Steel","article_modified_time":"2026-04-17T05:59:03+00:00","og_image":[{"width":1200,"height":1600,"url":"https:\/\/rst-steel.com\/wp-content\/uploads\/2026\/03\/4221388587424d18f9d4d21680a31dc0f02cd79a_5520a9bdb0c779292ad6046f9d504cad.jpg","type":"image\/jpeg"}],"twitter_card":"summary_large_image","twitter_misc":{"Ber\u00e4knad l\u00e4stid":"2 minuter"},"schema":{"@context":"https:\/\/schema.org","@graph":[{"@type":"WebPage","@id":"https:\/\/rst-steel.com\/product-category\/light-bars\/work-light-bars-for-trucks\/volvo-work-light-bars\/work-light-bar-volvo-fh4-normal-short-model\/","url":"https:\/\/rst-steel.com\/product-category\/light-bars\/work-light-bars-for-trucks\/volvo-work-light-bars\/work-light-bar-volvo-fh4-normal-short-model\/","name":"Work Light Bar Volvo FH4 - Normal (short model)","isPartOf":{"@id":"https:\/\/rst-steel.com\/#website"},"primaryImageOfPage":{"@id":"https:\/\/rst-steel.com\/product-category\/light-bars\/work-light-bars-for-trucks\/volvo-work-light-bars\/work-light-bar-volvo-fh4-normal-short-model\/#primaryimage"},"image":{"@id":"https:\/\/rst-steel.com\/product-category\/light-bars\/work-light-bars-for-trucks\/volvo-work-light-bars\/work-light-bar-volvo-fh4-normal-short-model\/#primaryimage"},"thumbnailUrl":"https:\/\/rst-steel.com\/wp-content\/uploads\/2026\/03\/4221388587424d18f9d4d21680a31dc0f02cd79a_5520a9bdb0c779292ad6046f9d504cad.jpg","datePublished":"2026-03-20T09:16:00+00:00","dateModified":"2026-04-17T05:59:03+00:00","description":"light bar for Volvo FH4 short cab. Designed for optimal fit, allowing easy mounting of additional lights for improved rear visibility and safety.","breadcrumb":{"@id":"https:\/\/rst-steel.com\/product-category\/light-bars\/work-light-bars-for-trucks\/volvo-work-light-bars\/work-light-bar-volvo-fh4-normal-short-model\/#breadcrumb"},"inLanguage":"sv-SE","potentialAction":[{"@type":"ReadAction","target":["https:\/\/rst-steel.com\/product-category\/light-bars\/work-light-bars-for-trucks\/volvo-work-light-bars\/work-light-bar-volvo-fh4-normal-short-model\/"]}]},{"@type":"ImageObject","inLanguage":"sv-SE","@id":"https:\/\/rst-steel.com\/product-category\/light-bars\/work-light-bars-for-trucks\/volvo-work-light-bars\/work-light-bar-volvo-fh4-normal-short-model\/#primaryimage","url":"https:\/\/rst-steel.com\/wp-content\/uploads\/2026\/03\/4221388587424d18f9d4d21680a31dc0f02cd79a_5520a9bdb0c779292ad6046f9d504cad.jpg","contentUrl":"https:\/\/rst-steel.com\/wp-content\/uploads\/2026\/03\/4221388587424d18f9d4d21680a31dc0f02cd79a_5520a9bdb0c779292ad6046f9d504cad.jpg","width":1200,"height":1600,"caption":"prm_77337"},{"@type":"BreadcrumbList","@id":"https:\/\/rst-steel.com\/product-category\/light-bars\/work-light-bars-for-trucks\/volvo-work-light-bars\/work-light-bar-volvo-fh4-normal-short-model\/#breadcrumb","itemListElement":[{"@type":"ListItem","position":1,"name":"Home","item":"https:\/\/rst-steel.com\/"},{"@type":"ListItem","position":2,"name":"RST-Steel Verkkokauppa","item":"https:\/\/rst-steel.com\/shop\/"},{"@type":"ListItem","position":3,"name":"Work Light Bar Volvo FH4 &#8211; Normal (short model)"}]},{"@type":"WebSite","@id":"https:\/\/rst-steel.com\/#website","url":"https:\/\/rst-steel.com\/","name":"RST-Steel Oy - Turvallista, tyylik\u00e4st\u00e4, ter\u00e4st\u00e4","description":"Finsk kvalitet f\u00f6r kvalitetsmedvetna f\u00f6rare","publisher":{"@id":"https:\/\/rst-steel.com\/#organization"},"potentialAction":[{"@type":"SearchAction","target":{"@type":"EntryPoint","urlTemplate":"https:\/\/rst-steel.com\/?s={search_term_string}"},"query-input":{"@type":"PropertyValueSpecification","valueRequired":true,"valueName":"search_term_string"}}],"inLanguage":"sv-SE"},{"@type":"Organization","@id":"https:\/\/rst-steel.com\/#organization","name":"RST-Steel Oy","alternateName":"RST-Steel Oy - Turvallista, tyylik\u00e4st\u00e4, ter\u00e4st\u00e4","url":"https:\/\/rst-steel.com\/","logo":{"@type":"ImageObject","inLanguage":"sv-SE","@id":"https:\/\/rst-steel.com\/#\/schema\/logo\/image\/","url":"https:\/\/rst-steel.com\/wp-content\/uploads\/2025\/02\/cropped-rst-valkoinen-ilman-taustaa-02.png","contentUrl":"https:\/\/rst-steel.com\/wp-content\/uploads\/2025\/02\/cropped-rst-valkoinen-ilman-taustaa-02.png","width":2319,"height":690,"caption":"RST-Steel Oy"},"image":{"@id":"https:\/\/rst-steel.com\/#\/schema\/logo\/image\/"}}]}},"_links":{"self":[{"href":"https:\/\/rst-steel.com\/sv\/wp-json\/wp\/v2\/product\/194327","targetHints":{"allow":["GET"]}}],"collection":[{"href":"https:\/\/rst-steel.com\/sv\/wp-json\/wp\/v2\/product"}],"about":[{"href":"https:\/\/rst-steel.com\/sv\/wp-json\/wp\/v2\/types\/product"}],"version-history":[{"count":1,"href":"https:\/\/rst-steel.com\/sv\/wp-json\/wp\/v2\/product\/194327\/revisions"}],"predecessor-version":[{"id":198907,"href":"https:\/\/rst-steel.com\/sv\/wp-json\/wp\/v2\/product\/194327\/revisions\/198907"}],"wp:featuredmedia":[{"embeddable":true,"href":"https:\/\/rst-steel.com\/sv\/wp-json\/wp\/v2\/media\/194326"}],"wp:attachment":[{"href":"https:\/\/rst-steel.com\/sv\/wp-json\/wp\/v2\/media?parent=194327"}],"wp:term":[{"taxonomy":"make_year","embeddable":true,"href":"https:\/\/rst-steel.com\/sv\/wp-json\/wp\/v2\/make_year?post=194327"},{"taxonomy":"make_brand","embeddable":true,"href":"https:\/\/rst-steel.com\/sv\/wp-json\/wp\/v2\/make_brand?post=194327"},{"taxonomy":"make_model","embeddable":true,"href":"https:\/\/rst-steel.com\/sv\/wp-json\/wp\/v2\/make_model?post=194327"},{"taxonomy":"make_fuel_type","embeddable":true,"href":"https:\/\/rst-steel.com\/sv\/wp-json\/wp\/v2\/make_fuel_type?post=194327"},{"taxonomy":"product_brand","embeddable":true,"href":"https:\/\/rst-steel.com\/sv\/wp-json\/wp\/v2\/product_brand?post=194327"},{"taxonomy":"product_cat","embeddable":true,"href":"https:\/\/rst-steel.com\/sv\/wp-json\/wp\/v2\/product_cat?post=194327"},{"taxonomy":"product_tag","embeddable":true,"href":"https:\/\/rst-steel.com\/sv\/wp-json\/wp\/v2\/product_tag?post=194327"}],"curies":[{"name":"wp","href":"https:\/\/api.w.org\/{rel}","templated":true}]}}