{"id":194417,"date":"2026-03-20T11:17:43","date_gmt":"2026-03-20T09:17:43","guid":{"rendered":"https:\/\/rst-steel.com\/tuote-osasto\/Ei-luokiteltu\/rear-corner-bars-mb-citan-2021\/"},"modified":"2026-04-29T09:48:51","modified_gmt":"2026-04-29T06:48:51","slug":"rear-corner-bars-mb-citan-2021","status":"publish","type":"product","link":"https:\/\/rst-steel.com\/sv\/produkt-kategori\/side-bars-and-side-steps\/rear-corner-bars-for-vans\/mercedes-benz-rear-corner-bars\/rear-corner-bars-mb-citan-2021\/","title":{"rendered":"Rear Corner Bars MB Citan 2021-"},"content":{"rendered":"<p>Rear Corner Bars MB Citan 2021-<\/p>\n<p>RST-Steel&#8217;s rear bars are high-quality products, made in Finland from stainless steel.<\/p>\n<p>Rear bar is a stylish accessory with which you protect your car from extra bumps. The rear bar can also be equipped with position lights, which improves visibility in traffic even more. Quick and easy installation, installation in ready-made places.<\/p>\n<p>Crafted from stainless steel, this rear bar feature a 60 mm diameter, combined with a hand-finished design, ensuring durability for years rather than just a single season.<\/p>\n<p>Included with the product is a stainless steel mounting kit specifically for your car, along with straightforward installation instructions.<\/p>\n<p><span style=\"font-weight: bold;\">Quick and easy installation, installation in ready-made places.<\/span><\/p>\n<p><span style=\"font-weight: bold;\">Technical information:<\/span><\/p>\n<ul>\n<li>Color: Mirror polished stainless steel or Powdercoated with RAL-colors<\/li>\n<li>Bar diameter: 60 mm<\/li>\n<\/ul>\n<p><span style=\"font-weight: bold;\">Delivery contents:<\/span><\/p>\n<ul>\n<li>Bakre r\u00f6r<\/li>\n<li>Fasteners required for installation<\/li>\n<li>Installation instructions<\/li>\n<\/ul>","protected":false},"excerpt":{"rendered":"<p>Rear Corner Bars MB Citan 2021- RST-Steel&#8217;s rear bars are high-quality products, made in Finland from stainless steel. Rear bar&#8230;<\/p>","protected":false},"featured_media":202146,"template":"","meta":[],"make_year":[10908],"make_brand":[10928],"make_model":[10967],"make_fuel_type":[],"product_brand":[9443],"product_cat":[10845,10844,10843],"product_tag":[],"class_list":{"0":"post-194417","1":"product","2":"type-product","3":"status-publish","4":"has-post-thumbnail","6":"make_year-van","7":"make_brand-mb-van","8":"make_model-citan-2021","9":"product_brand-brand_rststeel","10":"product_cat-mercedes-benz-rear-corner-bars","11":"product_cat-rear-corner-bars-for-vans","12":"product_cat-side-bars-and-side-steps","13":"product_shipping_class-lightbars","15":"first","16":"onbackorder","17":"taxable","18":"shipping-taxable","19":"purchasable","20":"product-type-variable"},"yoast_head":"<!-- This site is optimized with the Yoast SEO plugin v27.1.1 - https:\/\/yoast.com\/product\/yoast-seo-wordpress\/ -->\n<title>Rear Corner Bars MB Citan 2021- RST-Steel<\/title>\n<meta name=\"description\" content=\"Rear Corner Bars for MB Citan 2021-. Durable and stylish bars that enhance the vehicle\u2019s look while providing extra rear protection\" \/>\n<meta name=\"robots\" content=\"index, follow, max-snippet:-1, max-image-preview:large, max-video-preview:-1\" \/>\n<link rel=\"canonical\" href=\"https:\/\/rst-steel.com\/sv\/produkt-kategori\/side-bars-and-side-steps\/rear-corner-bars-for-vans\/mercedes-benz-rear-corner-bars\/rear-corner-bars-mb-citan-2021\/\" \/>\n<meta property=\"og:locale\" content=\"sv_SE\" \/>\n<meta property=\"og:type\" content=\"article\" \/>\n<meta property=\"og:title\" content=\"Rear Corner Bars MB Citan 2021- RST-Steel\" \/>\n<meta property=\"og:description\" content=\"Rear Corner Bars for MB Citan 2021-. Durable and stylish bars that enhance the vehicle\u2019s look while providing extra rear protection\" \/>\n<meta property=\"og:url\" content=\"https:\/\/rst-steel.com\/sv\/produkt-kategori\/side-bars-and-side-steps\/rear-corner-bars-for-vans\/mercedes-benz-rear-corner-bars\/rear-corner-bars-mb-citan-2021\/\" \/>\n<meta property=\"og:site_name\" content=\"RST-Steel\" \/>\n<meta property=\"article:modified_time\" content=\"2026-04-29T06:48:51+00:00\" \/>\n<meta property=\"og:image\" content=\"https:\/\/rst-steel.com\/wp-content\/uploads\/2026\/03\/c47589aa2f8004041f235cc03d1fcb47.jpg\" \/>\n\t<meta property=\"og:image:width\" content=\"1536\" \/>\n\t<meta property=\"og:image:height\" content=\"2048\" \/>\n\t<meta property=\"og:image:type\" content=\"image\/jpeg\" \/>\n<meta name=\"twitter:card\" content=\"summary_large_image\" \/>\n<meta name=\"twitter:label1\" content=\"Ber\u00e4knad l\u00e4stid\" \/>\n\t<meta name=\"twitter:data1\" content=\"1 minut\" \/>\n<script type=\"application\/ld+json\" class=\"yoast-schema-graph\">{\"@context\":\"https:\/\/schema.org\",\"@graph\":[{\"@type\":\"WebPage\",\"@id\":\"https:\/\/rst-steel.com\/product-category\/side-bars-and-side-steps\/rear-corner-bars-for-vans\/mercedes-benz-rear-corner-bars\/rear-corner-bars-mb-citan-2021\/\",\"url\":\"https:\/\/rst-steel.com\/product-category\/side-bars-and-side-steps\/rear-corner-bars-for-vans\/mercedes-benz-rear-corner-bars\/rear-corner-bars-mb-citan-2021\/\",\"name\":\"Rear Corner Bars MB Citan 2021- RST-Steel\",\"isPartOf\":{\"@id\":\"https:\/\/rst-steel.com\/#website\"},\"primaryImageOfPage\":{\"@id\":\"https:\/\/rst-steel.com\/product-category\/side-bars-and-side-steps\/rear-corner-bars-for-vans\/mercedes-benz-rear-corner-bars\/rear-corner-bars-mb-citan-2021\/#primaryimage\"},\"image\":{\"@id\":\"https:\/\/rst-steel.com\/product-category\/side-bars-and-side-steps\/rear-corner-bars-for-vans\/mercedes-benz-rear-corner-bars\/rear-corner-bars-mb-citan-2021\/#primaryimage\"},\"thumbnailUrl\":\"https:\/\/rst-steel.com\/wp-content\/uploads\/2026\/03\/c47589aa2f8004041f235cc03d1fcb47.jpg\",\"datePublished\":\"2026-03-20T09:17:43+00:00\",\"dateModified\":\"2026-04-29T06:48:51+00:00\",\"description\":\"Rear Corner Bars for MB Citan 2021-. Durable and stylish bars that enhance the vehicle\u2019s look while providing extra rear protection\",\"breadcrumb\":{\"@id\":\"https:\/\/rst-steel.com\/product-category\/side-bars-and-side-steps\/rear-corner-bars-for-vans\/mercedes-benz-rear-corner-bars\/rear-corner-bars-mb-citan-2021\/#breadcrumb\"},\"inLanguage\":\"sv-SE\",\"potentialAction\":[{\"@type\":\"ReadAction\",\"target\":[\"https:\/\/rst-steel.com\/product-category\/side-bars-and-side-steps\/rear-corner-bars-for-vans\/mercedes-benz-rear-corner-bars\/rear-corner-bars-mb-citan-2021\/\"]}]},{\"@type\":\"ImageObject\",\"inLanguage\":\"sv-SE\",\"@id\":\"https:\/\/rst-steel.com\/product-category\/side-bars-and-side-steps\/rear-corner-bars-for-vans\/mercedes-benz-rear-corner-bars\/rear-corner-bars-mb-citan-2021\/#primaryimage\",\"url\":\"https:\/\/rst-steel.com\/wp-content\/uploads\/2026\/03\/c47589aa2f8004041f235cc03d1fcb47.jpg\",\"contentUrl\":\"https:\/\/rst-steel.com\/wp-content\/uploads\/2026\/03\/c47589aa2f8004041f235cc03d1fcb47.jpg\",\"width\":1536,\"height\":2048,\"caption\":\"Rear Corner Bars MB Citan 2021-\"},{\"@type\":\"BreadcrumbList\",\"@id\":\"https:\/\/rst-steel.com\/product-category\/side-bars-and-side-steps\/rear-corner-bars-for-vans\/mercedes-benz-rear-corner-bars\/rear-corner-bars-mb-citan-2021\/#breadcrumb\",\"itemListElement\":[{\"@type\":\"ListItem\",\"position\":1,\"name\":\"Home\",\"item\":\"https:\/\/rst-steel.com\/\"},{\"@type\":\"ListItem\",\"position\":2,\"name\":\"RST-Steel Verkkokauppa\",\"item\":\"https:\/\/rst-steel.com\/shop\/\"},{\"@type\":\"ListItem\",\"position\":3,\"name\":\"Rear Corner Bars MB Citan 2021-\"}]},{\"@type\":\"WebSite\",\"@id\":\"https:\/\/rst-steel.com\/#website\",\"url\":\"https:\/\/rst-steel.com\/\",\"name\":\"RST-Steel Oy - Turvallista, tyylik\u00e4st\u00e4, ter\u00e4st\u00e4\",\"description\":\"Finnish quality for discerning drivers\",\"publisher\":{\"@id\":\"https:\/\/rst-steel.com\/#organization\"},\"potentialAction\":[{\"@type\":\"SearchAction\",\"target\":{\"@type\":\"EntryPoint\",\"urlTemplate\":\"https:\/\/rst-steel.com\/?s={search_term_string}\"},\"query-input\":{\"@type\":\"PropertyValueSpecification\",\"valueRequired\":true,\"valueName\":\"search_term_string\"}}],\"inLanguage\":\"sv-SE\"},{\"@type\":\"Organization\",\"@id\":\"https:\/\/rst-steel.com\/#organization\",\"name\":\"RST-Steel Oy\",\"alternateName\":\"RST-Steel Oy - Turvallista, tyylik\u00e4st\u00e4, ter\u00e4st\u00e4\",\"url\":\"https:\/\/rst-steel.com\/\",\"logo\":{\"@type\":\"ImageObject\",\"inLanguage\":\"sv-SE\",\"@id\":\"https:\/\/rst-steel.com\/#\/schema\/logo\/image\/\",\"url\":\"https:\/\/rst-steel.com\/wp-content\/uploads\/2025\/02\/cropped-rst-valkoinen-ilman-taustaa-02.png\",\"contentUrl\":\"https:\/\/rst-steel.com\/wp-content\/uploads\/2025\/02\/cropped-rst-valkoinen-ilman-taustaa-02.png\",\"width\":2319,\"height\":690,\"caption\":\"RST-Steel Oy\"},\"image\":{\"@id\":\"https:\/\/rst-steel.com\/#\/schema\/logo\/image\/\"}}]}<\/script>\n<!-- \/ Yoast SEO plugin. -->","yoast_head_json":{"title":"Rear Corner Bars MB Citan 2021- RST-Steel","description":"Rear Corner Bars for MB Citan 2021-. Durable and stylish bars that enhance the vehicle\u2019s look while providing extra rear protection","robots":{"index":"index","follow":"follow","max-snippet":"max-snippet:-1","max-image-preview":"max-image-preview:large","max-video-preview":"max-video-preview:-1"},"canonical":"https:\/\/rst-steel.com\/sv\/produkt-kategori\/side-bars-and-side-steps\/rear-corner-bars-for-vans\/mercedes-benz-rear-corner-bars\/rear-corner-bars-mb-citan-2021\/","og_locale":"sv_SE","og_type":"article","og_title":"Rear Corner Bars MB Citan 2021- RST-Steel","og_description":"Rear Corner Bars for MB Citan 2021-. Durable and stylish bars that enhance the vehicle\u2019s look while providing extra rear protection","og_url":"https:\/\/rst-steel.com\/sv\/produkt-kategori\/side-bars-and-side-steps\/rear-corner-bars-for-vans\/mercedes-benz-rear-corner-bars\/rear-corner-bars-mb-citan-2021\/","og_site_name":"RST-Steel","article_modified_time":"2026-04-29T06:48:51+00:00","og_image":[{"width":1536,"height":2048,"url":"https:\/\/rst-steel.com\/wp-content\/uploads\/2026\/03\/c47589aa2f8004041f235cc03d1fcb47.jpg","type":"image\/jpeg"}],"twitter_card":"summary_large_image","twitter_misc":{"Ber\u00e4knad l\u00e4stid":"1 minut"},"schema":{"@context":"https:\/\/schema.org","@graph":[{"@type":"WebPage","@id":"https:\/\/rst-steel.com\/product-category\/side-bars-and-side-steps\/rear-corner-bars-for-vans\/mercedes-benz-rear-corner-bars\/rear-corner-bars-mb-citan-2021\/","url":"https:\/\/rst-steel.com\/product-category\/side-bars-and-side-steps\/rear-corner-bars-for-vans\/mercedes-benz-rear-corner-bars\/rear-corner-bars-mb-citan-2021\/","name":"Rear Corner Bars MB Citan 2021- RST-Steel","isPartOf":{"@id":"https:\/\/rst-steel.com\/#website"},"primaryImageOfPage":{"@id":"https:\/\/rst-steel.com\/product-category\/side-bars-and-side-steps\/rear-corner-bars-for-vans\/mercedes-benz-rear-corner-bars\/rear-corner-bars-mb-citan-2021\/#primaryimage"},"image":{"@id":"https:\/\/rst-steel.com\/product-category\/side-bars-and-side-steps\/rear-corner-bars-for-vans\/mercedes-benz-rear-corner-bars\/rear-corner-bars-mb-citan-2021\/#primaryimage"},"thumbnailUrl":"https:\/\/rst-steel.com\/wp-content\/uploads\/2026\/03\/c47589aa2f8004041f235cc03d1fcb47.jpg","datePublished":"2026-03-20T09:17:43+00:00","dateModified":"2026-04-29T06:48:51+00:00","description":"Rear Corner Bars for MB Citan 2021-. Durable and stylish bars that enhance the vehicle\u2019s look while providing extra rear protection","breadcrumb":{"@id":"https:\/\/rst-steel.com\/product-category\/side-bars-and-side-steps\/rear-corner-bars-for-vans\/mercedes-benz-rear-corner-bars\/rear-corner-bars-mb-citan-2021\/#breadcrumb"},"inLanguage":"sv-SE","potentialAction":[{"@type":"ReadAction","target":["https:\/\/rst-steel.com\/product-category\/side-bars-and-side-steps\/rear-corner-bars-for-vans\/mercedes-benz-rear-corner-bars\/rear-corner-bars-mb-citan-2021\/"]}]},{"@type":"ImageObject","inLanguage":"sv-SE","@id":"https:\/\/rst-steel.com\/product-category\/side-bars-and-side-steps\/rear-corner-bars-for-vans\/mercedes-benz-rear-corner-bars\/rear-corner-bars-mb-citan-2021\/#primaryimage","url":"https:\/\/rst-steel.com\/wp-content\/uploads\/2026\/03\/c47589aa2f8004041f235cc03d1fcb47.jpg","contentUrl":"https:\/\/rst-steel.com\/wp-content\/uploads\/2026\/03\/c47589aa2f8004041f235cc03d1fcb47.jpg","width":1536,"height":2048,"caption":"Rear Corner Bars MB Citan 2021-"},{"@type":"BreadcrumbList","@id":"https:\/\/rst-steel.com\/product-category\/side-bars-and-side-steps\/rear-corner-bars-for-vans\/mercedes-benz-rear-corner-bars\/rear-corner-bars-mb-citan-2021\/#breadcrumb","itemListElement":[{"@type":"ListItem","position":1,"name":"Home","item":"https:\/\/rst-steel.com\/"},{"@type":"ListItem","position":2,"name":"RST-Steel Verkkokauppa","item":"https:\/\/rst-steel.com\/shop\/"},{"@type":"ListItem","position":3,"name":"Rear Corner Bars MB Citan 2021-"}]},{"@type":"WebSite","@id":"https:\/\/rst-steel.com\/#website","url":"https:\/\/rst-steel.com\/","name":"RST-Steel Oy - Turvallista, tyylik\u00e4st\u00e4, ter\u00e4st\u00e4","description":"Finsk kvalitet f\u00f6r kvalitetsmedvetna f\u00f6rare","publisher":{"@id":"https:\/\/rst-steel.com\/#organization"},"potentialAction":[{"@type":"SearchAction","target":{"@type":"EntryPoint","urlTemplate":"https:\/\/rst-steel.com\/?s={search_term_string}"},"query-input":{"@type":"PropertyValueSpecification","valueRequired":true,"valueName":"search_term_string"}}],"inLanguage":"sv-SE"},{"@type":"Organization","@id":"https:\/\/rst-steel.com\/#organization","name":"RST-Steel Oy","alternateName":"RST-Steel Oy - Turvallista, tyylik\u00e4st\u00e4, ter\u00e4st\u00e4","url":"https:\/\/rst-steel.com\/","logo":{"@type":"ImageObject","inLanguage":"sv-SE","@id":"https:\/\/rst-steel.com\/#\/schema\/logo\/image\/","url":"https:\/\/rst-steel.com\/wp-content\/uploads\/2025\/02\/cropped-rst-valkoinen-ilman-taustaa-02.png","contentUrl":"https:\/\/rst-steel.com\/wp-content\/uploads\/2025\/02\/cropped-rst-valkoinen-ilman-taustaa-02.png","width":2319,"height":690,"caption":"RST-Steel Oy"},"image":{"@id":"https:\/\/rst-steel.com\/#\/schema\/logo\/image\/"}}]}},"_links":{"self":[{"href":"https:\/\/rst-steel.com\/sv\/wp-json\/wp\/v2\/product\/194417","targetHints":{"allow":["GET"]}}],"collection":[{"href":"https:\/\/rst-steel.com\/sv\/wp-json\/wp\/v2\/product"}],"about":[{"href":"https:\/\/rst-steel.com\/sv\/wp-json\/wp\/v2\/types\/product"}],"version-history":[{"count":2,"href":"https:\/\/rst-steel.com\/sv\/wp-json\/wp\/v2\/product\/194417\/revisions"}],"predecessor-version":[{"id":202149,"href":"https:\/\/rst-steel.com\/sv\/wp-json\/wp\/v2\/product\/194417\/revisions\/202149"}],"wp:featuredmedia":[{"embeddable":true,"href":"https:\/\/rst-steel.com\/sv\/wp-json\/wp\/v2\/media\/202146"}],"wp:attachment":[{"href":"https:\/\/rst-steel.com\/sv\/wp-json\/wp\/v2\/media?parent=194417"}],"wp:term":[{"taxonomy":"make_year","embeddable":true,"href":"https:\/\/rst-steel.com\/sv\/wp-json\/wp\/v2\/make_year?post=194417"},{"taxonomy":"make_brand","embeddable":true,"href":"https:\/\/rst-steel.com\/sv\/wp-json\/wp\/v2\/make_brand?post=194417"},{"taxonomy":"make_model","embeddable":true,"href":"https:\/\/rst-steel.com\/sv\/wp-json\/wp\/v2\/make_model?post=194417"},{"taxonomy":"make_fuel_type","embeddable":true,"href":"https:\/\/rst-steel.com\/sv\/wp-json\/wp\/v2\/make_fuel_type?post=194417"},{"taxonomy":"product_brand","embeddable":true,"href":"https:\/\/rst-steel.com\/sv\/wp-json\/wp\/v2\/product_brand?post=194417"},{"taxonomy":"product_cat","embeddable":true,"href":"https:\/\/rst-steel.com\/sv\/wp-json\/wp\/v2\/product_cat?post=194417"},{"taxonomy":"product_tag","embeddable":true,"href":"https:\/\/rst-steel.com\/sv\/wp-json\/wp\/v2\/product_tag?post=194417"}],"curies":[{"name":"wp","href":"https:\/\/api.w.org\/{rel}","templated":true}]}}