{"id":194453,"date":"2026-03-20T11:18:16","date_gmt":"2026-03-20T09:18:16","guid":{"rendered":"https:\/\/rst-steel.com\/tuote-osasto\/Ei-luokiteltu\/front-bar-mb-sprinter-60-42mm-2018\/"},"modified":"2026-04-17T08:57:05","modified_gmt":"2026-04-17T05:57:05","slug":"front-bar-mb-sprinter-60-42mm-2018","status":"publish","type":"product","link":"https:\/\/rst-steel.com\/sv\/produkt-kategori\/light-bars\/mercedes-benz-front-bars\/front-bar-mb-sprinter-60-42mm-2018\/","title":{"rendered":"Front Bar MB Sprinter 60\/42mm  2018-"},"content":{"rendered":"<p>Front Bar MB Sprinter 60\/42mm&nbsp; 2018-<\/p>\n<p>Fits both <span style=\"font-weight: bold\">W907 and W910 models<\/span> \u2013 including front-wheel drive!<\/p>\n<p><span style=\"font-weight: bold\">RST-Steel\u2019s front bars<\/span> are <span style=\"font-weight: bold\">Tillverkade i Finland: Garanterad finsk kvalitet.<\/span>, crafted from high-quality stainless steel, and proudly representing Finnish quality and craftsmanship.<\/p>\n<p>Designed to complement the stylish lines of your vehicle, the front bar not only enhances its appearance but also adds practicality and safety. It can be equipped with <span style=\"font-weight: bold\">auxiliary lights and position lights<\/span>, ensuring maximum visibility on the road and improved safety for both you and other road users.<\/p>\n<p><span style=\"font-weight: bold\">Bar can be equipped with 3pcs. round 9&#8243; auxiliary lights<\/span><\/p>\n<p><span style=\"font-weight: bold\">Why Choose RST-Steel?<\/span><\/p>\n<ul>\n<li><span style=\"font-weight: bold\">Tillverkade i Finland: Garanterad finsk kvalitet.<\/span>:&nbsp;All RST-Steel products are manufactured in our own factory in Nivala, Finland.<\/li>\n<li><span style=\"font-weight: bold\">Reliability<\/span>: Years of experience and expertise ensure the high quality and durability of our products.<\/li>\n<li><span style=\"font-weight: bold\">Customer Satisfaction<\/span>: Thousands of satisfied customers worldwide trust RST-Steel products.<\/li>\n<\/ul>\n<p><span style=\"font-weight: bold\">Technical information:<\/span><\/p>\n<ul>\n<li>Color: Mirror polished stainless steel or Powdercoated with RAL colors<\/li>\n<li>Pipe diameters: 60mm \/ 42mm<\/li>\n<li>Welded Lamp Brackets 3 pcs.<\/li>\n<\/ul>\n<p><span style=\"font-weight: bold\">Delivery contents:<\/span><\/p>\n<ul>\n<li>Front bar<\/li>\n<li>Fasteners required for installation<\/li>\n<li>Installation instructions<\/li>\n<\/ul>\n<p><span style=\"font-weight: bold\">Buy now and enhance visibility and safety with a high-quality front bar!<\/span><\/p>","protected":false},"excerpt":{"rendered":"<p>Front Bar MB Sprinter 60\/42mm&nbsp; 2018- Fits both W907 and W910 models \u2013 including front-wheel drive! RST-Steel\u2019s front bars are&#8230;<\/p>","protected":false},"featured_media":194450,"template":"","meta":[],"make_year":[10908],"make_brand":[10928],"make_model":[10958],"make_fuel_type":[],"product_brand":[9443],"product_cat":[10536,10508,10521],"product_tag":[],"class_list":{"0":"post-194453","1":"product","2":"type-product","3":"status-publish","4":"has-post-thumbnail","6":"make_year-van","7":"make_brand-mb-van","8":"make_model-w907-w910-sprinter","9":"make_engine-sprinter-l1-h1-etuveto-akselivali-3259mm","10":"make_engine-sprinter-l2-h1-akselivali-3665mm","11":"make_engine-sprinter-l2-h2-etuveto-akselivali-3924mm","12":"make_engine-sprinter-l2-h2-akselivali-3665mm","13":"make_engine-sprinter-l3-h2-akselivali-4325mm","14":"make_engine-sprinter-l3-h3-akselivali-4325mm","15":"make_engine-sprinter-l4-h2-akselivali-4325mm","16":"make_engine-sprinter-l4-h3-akselivali-4325mm","17":"product_brand-brand_rststeel","18":"product_cat-front-bars-for-vans","19":"product_cat-light-bars","20":"product_cat-mercedes-benz-front-bars","21":"product_shipping_class-lightbars","23":"first","24":"instock","25":"taxable","26":"shipping-taxable","27":"purchasable","28":"product-type-variable"},"yoast_head":"<!-- This site is optimized with the Yoast SEO plugin v27.1.1 - https:\/\/yoast.com\/product\/yoast-seo-wordpress\/ -->\n<title>Front Bar MB Sprinter 60\/42mm 2018- RST-Steel<\/title>\n<meta name=\"description\" content=\"Durable and stylish front bar MB Sprinter 2018-. 60\/42 mm tubing, perfect for mounting extra lights with an OEM+ look.\" \/>\n<meta name=\"robots\" content=\"index, follow, max-snippet:-1, max-image-preview:large, max-video-preview:-1\" \/>\n<link rel=\"canonical\" href=\"https:\/\/rst-steel.com\/sv\/produkt-kategori\/light-bars\/mercedes-benz-front-bars\/front-bar-mb-sprinter-60-42mm-2018\/\" \/>\n<meta property=\"og:locale\" content=\"sv_SE\" \/>\n<meta property=\"og:type\" content=\"article\" \/>\n<meta property=\"og:title\" content=\"Front Bar MB Sprinter 60\/42mm 2018- RST-Steel\" \/>\n<meta property=\"og:description\" content=\"Durable and stylish front bar MB Sprinter 2018-. 60\/42 mm tubing, perfect for mounting extra lights with an OEM+ look.\" \/>\n<meta property=\"og:url\" content=\"https:\/\/rst-steel.com\/sv\/produkt-kategori\/light-bars\/mercedes-benz-front-bars\/front-bar-mb-sprinter-60-42mm-2018\/\" \/>\n<meta property=\"og:site_name\" content=\"RST-Steel\" \/>\n<meta property=\"article:modified_time\" content=\"2026-04-17T05:57:05+00:00\" \/>\n<meta property=\"og:image\" content=\"https:\/\/rst-steel.com\/wp-content\/uploads\/2026\/03\/55140aa309d25b867e07ca14d38f950408772705_6dec19740f8d7d4fa53f1ba182cdae42.jpg\" \/>\n\t<meta property=\"og:image:width\" content=\"1000\" \/>\n\t<meta property=\"og:image:height\" content=\"1000\" \/>\n\t<meta property=\"og:image:type\" content=\"image\/jpeg\" \/>\n<meta name=\"twitter:card\" content=\"summary_large_image\" \/>\n<meta name=\"twitter:label1\" content=\"Ber\u00e4knad l\u00e4stid\" \/>\n\t<meta name=\"twitter:data1\" content=\"1 minut\" \/>\n<script type=\"application\/ld+json\" class=\"yoast-schema-graph\">{\"@context\":\"https:\/\/schema.org\",\"@graph\":[{\"@type\":\"WebPage\",\"@id\":\"https:\/\/rst-steel.com\/product-category\/light-bars\/mercedes-benz-front-bars\/front-bar-mb-sprinter-60-42mm-2018\/\",\"url\":\"https:\/\/rst-steel.com\/product-category\/light-bars\/mercedes-benz-front-bars\/front-bar-mb-sprinter-60-42mm-2018\/\",\"name\":\"Front Bar MB Sprinter 60\/42mm 2018- RST-Steel\",\"isPartOf\":{\"@id\":\"https:\/\/rst-steel.com\/#website\"},\"primaryImageOfPage\":{\"@id\":\"https:\/\/rst-steel.com\/product-category\/light-bars\/mercedes-benz-front-bars\/front-bar-mb-sprinter-60-42mm-2018\/#primaryimage\"},\"image\":{\"@id\":\"https:\/\/rst-steel.com\/product-category\/light-bars\/mercedes-benz-front-bars\/front-bar-mb-sprinter-60-42mm-2018\/#primaryimage\"},\"thumbnailUrl\":\"https:\/\/rst-steel.com\/wp-content\/uploads\/2026\/03\/55140aa309d25b867e07ca14d38f950408772705_6dec19740f8d7d4fa53f1ba182cdae42.jpg\",\"datePublished\":\"2026-03-20T09:18:16+00:00\",\"dateModified\":\"2026-04-17T05:57:05+00:00\",\"description\":\"Durable and stylish front bar MB Sprinter 2018-. 60\/42 mm tubing, perfect for mounting extra lights with an OEM+ look.\",\"breadcrumb\":{\"@id\":\"https:\/\/rst-steel.com\/product-category\/light-bars\/mercedes-benz-front-bars\/front-bar-mb-sprinter-60-42mm-2018\/#breadcrumb\"},\"inLanguage\":\"sv-SE\",\"potentialAction\":[{\"@type\":\"ReadAction\",\"target\":[\"https:\/\/rst-steel.com\/product-category\/light-bars\/mercedes-benz-front-bars\/front-bar-mb-sprinter-60-42mm-2018\/\"]}]},{\"@type\":\"ImageObject\",\"inLanguage\":\"sv-SE\",\"@id\":\"https:\/\/rst-steel.com\/product-category\/light-bars\/mercedes-benz-front-bars\/front-bar-mb-sprinter-60-42mm-2018\/#primaryimage\",\"url\":\"https:\/\/rst-steel.com\/wp-content\/uploads\/2026\/03\/55140aa309d25b867e07ca14d38f950408772705_6dec19740f8d7d4fa53f1ba182cdae42.jpg\",\"contentUrl\":\"https:\/\/rst-steel.com\/wp-content\/uploads\/2026\/03\/55140aa309d25b867e07ca14d38f950408772705_6dec19740f8d7d4fa53f1ba182cdae42.jpg\",\"width\":1000,\"height\":1000,\"caption\":\"prm_78042\"},{\"@type\":\"BreadcrumbList\",\"@id\":\"https:\/\/rst-steel.com\/product-category\/light-bars\/mercedes-benz-front-bars\/front-bar-mb-sprinter-60-42mm-2018\/#breadcrumb\",\"itemListElement\":[{\"@type\":\"ListItem\",\"position\":1,\"name\":\"Home\",\"item\":\"https:\/\/rst-steel.com\/\"},{\"@type\":\"ListItem\",\"position\":2,\"name\":\"RST-Steel Verkkokauppa\",\"item\":\"https:\/\/rst-steel.com\/shop\/\"},{\"@type\":\"ListItem\",\"position\":3,\"name\":\"Front Bar MB Sprinter 60\/42mm 2018-\"}]},{\"@type\":\"WebSite\",\"@id\":\"https:\/\/rst-steel.com\/#website\",\"url\":\"https:\/\/rst-steel.com\/\",\"name\":\"RST-Steel Oy - Turvallista, tyylik\u00e4st\u00e4, ter\u00e4st\u00e4\",\"description\":\"Finnish quality for discerning drivers\",\"publisher\":{\"@id\":\"https:\/\/rst-steel.com\/#organization\"},\"potentialAction\":[{\"@type\":\"SearchAction\",\"target\":{\"@type\":\"EntryPoint\",\"urlTemplate\":\"https:\/\/rst-steel.com\/?s={search_term_string}\"},\"query-input\":{\"@type\":\"PropertyValueSpecification\",\"valueRequired\":true,\"valueName\":\"search_term_string\"}}],\"inLanguage\":\"sv-SE\"},{\"@type\":\"Organization\",\"@id\":\"https:\/\/rst-steel.com\/#organization\",\"name\":\"RST-Steel Oy\",\"alternateName\":\"RST-Steel Oy - Turvallista, tyylik\u00e4st\u00e4, ter\u00e4st\u00e4\",\"url\":\"https:\/\/rst-steel.com\/\",\"logo\":{\"@type\":\"ImageObject\",\"inLanguage\":\"sv-SE\",\"@id\":\"https:\/\/rst-steel.com\/#\/schema\/logo\/image\/\",\"url\":\"https:\/\/rst-steel.com\/wp-content\/uploads\/2025\/02\/cropped-rst-valkoinen-ilman-taustaa-02.png\",\"contentUrl\":\"https:\/\/rst-steel.com\/wp-content\/uploads\/2025\/02\/cropped-rst-valkoinen-ilman-taustaa-02.png\",\"width\":2319,\"height\":690,\"caption\":\"RST-Steel Oy\"},\"image\":{\"@id\":\"https:\/\/rst-steel.com\/#\/schema\/logo\/image\/\"}}]}<\/script>\n<!-- \/ Yoast SEO plugin. -->","yoast_head_json":{"title":"Front Bar MB Sprinter 60\/42mm 2018- RST-Steel","description":"Durable and stylish front bar MB Sprinter 2018-. 60\/42 mm tubing, perfect for mounting extra lights with an OEM+ look.","robots":{"index":"index","follow":"follow","max-snippet":"max-snippet:-1","max-image-preview":"max-image-preview:large","max-video-preview":"max-video-preview:-1"},"canonical":"https:\/\/rst-steel.com\/sv\/produkt-kategori\/light-bars\/mercedes-benz-front-bars\/front-bar-mb-sprinter-60-42mm-2018\/","og_locale":"sv_SE","og_type":"article","og_title":"Front Bar MB Sprinter 60\/42mm 2018- RST-Steel","og_description":"Durable and stylish front bar MB Sprinter 2018-. 60\/42 mm tubing, perfect for mounting extra lights with an OEM+ look.","og_url":"https:\/\/rst-steel.com\/sv\/produkt-kategori\/light-bars\/mercedes-benz-front-bars\/front-bar-mb-sprinter-60-42mm-2018\/","og_site_name":"RST-Steel","article_modified_time":"2026-04-17T05:57:05+00:00","og_image":[{"width":1000,"height":1000,"url":"https:\/\/rst-steel.com\/wp-content\/uploads\/2026\/03\/55140aa309d25b867e07ca14d38f950408772705_6dec19740f8d7d4fa53f1ba182cdae42.jpg","type":"image\/jpeg"}],"twitter_card":"summary_large_image","twitter_misc":{"Ber\u00e4knad l\u00e4stid":"1 minut"},"schema":{"@context":"https:\/\/schema.org","@graph":[{"@type":"WebPage","@id":"https:\/\/rst-steel.com\/product-category\/light-bars\/mercedes-benz-front-bars\/front-bar-mb-sprinter-60-42mm-2018\/","url":"https:\/\/rst-steel.com\/product-category\/light-bars\/mercedes-benz-front-bars\/front-bar-mb-sprinter-60-42mm-2018\/","name":"Front Bar MB Sprinter 60\/42mm 2018- RST-Steel","isPartOf":{"@id":"https:\/\/rst-steel.com\/#website"},"primaryImageOfPage":{"@id":"https:\/\/rst-steel.com\/product-category\/light-bars\/mercedes-benz-front-bars\/front-bar-mb-sprinter-60-42mm-2018\/#primaryimage"},"image":{"@id":"https:\/\/rst-steel.com\/product-category\/light-bars\/mercedes-benz-front-bars\/front-bar-mb-sprinter-60-42mm-2018\/#primaryimage"},"thumbnailUrl":"https:\/\/rst-steel.com\/wp-content\/uploads\/2026\/03\/55140aa309d25b867e07ca14d38f950408772705_6dec19740f8d7d4fa53f1ba182cdae42.jpg","datePublished":"2026-03-20T09:18:16+00:00","dateModified":"2026-04-17T05:57:05+00:00","description":"Durable and stylish front bar MB Sprinter 2018-. 60\/42 mm tubing, perfect for mounting extra lights with an OEM+ look.","breadcrumb":{"@id":"https:\/\/rst-steel.com\/product-category\/light-bars\/mercedes-benz-front-bars\/front-bar-mb-sprinter-60-42mm-2018\/#breadcrumb"},"inLanguage":"sv-SE","potentialAction":[{"@type":"ReadAction","target":["https:\/\/rst-steel.com\/product-category\/light-bars\/mercedes-benz-front-bars\/front-bar-mb-sprinter-60-42mm-2018\/"]}]},{"@type":"ImageObject","inLanguage":"sv-SE","@id":"https:\/\/rst-steel.com\/product-category\/light-bars\/mercedes-benz-front-bars\/front-bar-mb-sprinter-60-42mm-2018\/#primaryimage","url":"https:\/\/rst-steel.com\/wp-content\/uploads\/2026\/03\/55140aa309d25b867e07ca14d38f950408772705_6dec19740f8d7d4fa53f1ba182cdae42.jpg","contentUrl":"https:\/\/rst-steel.com\/wp-content\/uploads\/2026\/03\/55140aa309d25b867e07ca14d38f950408772705_6dec19740f8d7d4fa53f1ba182cdae42.jpg","width":1000,"height":1000,"caption":"prm_78042"},{"@type":"BreadcrumbList","@id":"https:\/\/rst-steel.com\/product-category\/light-bars\/mercedes-benz-front-bars\/front-bar-mb-sprinter-60-42mm-2018\/#breadcrumb","itemListElement":[{"@type":"ListItem","position":1,"name":"Home","item":"https:\/\/rst-steel.com\/"},{"@type":"ListItem","position":2,"name":"RST-Steel Verkkokauppa","item":"https:\/\/rst-steel.com\/shop\/"},{"@type":"ListItem","position":3,"name":"Front Bar MB Sprinter 60\/42mm 2018-"}]},{"@type":"WebSite","@id":"https:\/\/rst-steel.com\/#website","url":"https:\/\/rst-steel.com\/","name":"RST-Steel Oy - Turvallista, tyylik\u00e4st\u00e4, ter\u00e4st\u00e4","description":"Finsk kvalitet f\u00f6r kvalitetsmedvetna f\u00f6rare","publisher":{"@id":"https:\/\/rst-steel.com\/#organization"},"potentialAction":[{"@type":"SearchAction","target":{"@type":"EntryPoint","urlTemplate":"https:\/\/rst-steel.com\/?s={search_term_string}"},"query-input":{"@type":"PropertyValueSpecification","valueRequired":true,"valueName":"search_term_string"}}],"inLanguage":"sv-SE"},{"@type":"Organization","@id":"https:\/\/rst-steel.com\/#organization","name":"RST-Steel Oy","alternateName":"RST-Steel Oy - Turvallista, tyylik\u00e4st\u00e4, ter\u00e4st\u00e4","url":"https:\/\/rst-steel.com\/","logo":{"@type":"ImageObject","inLanguage":"sv-SE","@id":"https:\/\/rst-steel.com\/#\/schema\/logo\/image\/","url":"https:\/\/rst-steel.com\/wp-content\/uploads\/2025\/02\/cropped-rst-valkoinen-ilman-taustaa-02.png","contentUrl":"https:\/\/rst-steel.com\/wp-content\/uploads\/2025\/02\/cropped-rst-valkoinen-ilman-taustaa-02.png","width":2319,"height":690,"caption":"RST-Steel Oy"},"image":{"@id":"https:\/\/rst-steel.com\/#\/schema\/logo\/image\/"}}]}},"_links":{"self":[{"href":"https:\/\/rst-steel.com\/sv\/wp-json\/wp\/v2\/product\/194453","targetHints":{"allow":["GET"]}}],"collection":[{"href":"https:\/\/rst-steel.com\/sv\/wp-json\/wp\/v2\/product"}],"about":[{"href":"https:\/\/rst-steel.com\/sv\/wp-json\/wp\/v2\/types\/product"}],"version-history":[{"count":1,"href":"https:\/\/rst-steel.com\/sv\/wp-json\/wp\/v2\/product\/194453\/revisions"}],"predecessor-version":[{"id":198897,"href":"https:\/\/rst-steel.com\/sv\/wp-json\/wp\/v2\/product\/194453\/revisions\/198897"}],"wp:featuredmedia":[{"embeddable":true,"href":"https:\/\/rst-steel.com\/sv\/wp-json\/wp\/v2\/media\/194450"}],"wp:attachment":[{"href":"https:\/\/rst-steel.com\/sv\/wp-json\/wp\/v2\/media?parent=194453"}],"wp:term":[{"taxonomy":"make_year","embeddable":true,"href":"https:\/\/rst-steel.com\/sv\/wp-json\/wp\/v2\/make_year?post=194453"},{"taxonomy":"make_brand","embeddable":true,"href":"https:\/\/rst-steel.com\/sv\/wp-json\/wp\/v2\/make_brand?post=194453"},{"taxonomy":"make_model","embeddable":true,"href":"https:\/\/rst-steel.com\/sv\/wp-json\/wp\/v2\/make_model?post=194453"},{"taxonomy":"make_fuel_type","embeddable":true,"href":"https:\/\/rst-steel.com\/sv\/wp-json\/wp\/v2\/make_fuel_type?post=194453"},{"taxonomy":"product_brand","embeddable":true,"href":"https:\/\/rst-steel.com\/sv\/wp-json\/wp\/v2\/product_brand?post=194453"},{"taxonomy":"product_cat","embeddable":true,"href":"https:\/\/rst-steel.com\/sv\/wp-json\/wp\/v2\/product_cat?post=194453"},{"taxonomy":"product_tag","embeddable":true,"href":"https:\/\/rst-steel.com\/sv\/wp-json\/wp\/v2\/product_tag?post=194453"}],"curies":[{"name":"wp","href":"https:\/\/api.w.org\/{rel}","templated":true}]}}