{"id":195883,"date":"2026-03-31T11:29:08","date_gmt":"2026-03-31T08:29:08","guid":{"rendered":"https:\/\/rst-steel.com\/product-category\/uncategorized\/lazer-roof-mounting-kits\/"},"modified":"2026-04-15T12:15:12","modified_gmt":"2026-04-15T09:15:12","slug":"lazer-roof-mounting-kits","status":"publish","type":"product","link":"https:\/\/rst-steel.com\/sv\/produkt-kategori\/lighting\/mounting-accessories\/lazer-accessories\/lazer-roof-mounting-kits\/","title":{"rendered":"Lazer Roof Mounting Kits"},"content":{"rendered":"<p>Lazer Roof Mounting Kits<\/p>\n<p>The Lazer Lamps range of universal-fit Roof Mounting Kits comprise stainless steel brackets supplied alongside a comprehensive assortment of anti-theft fixtures, that are designed to facilitate installation of our roof mounted light bars, from anything between 39\u201d to 52\u201d in length. Brackets are available in different heights, and to suit vehicles with or without roof rails.<\/p>\n<p>Manufactured from A2 stainless steel, and finished with a UV-stable, satin black powder coat, the brackets are fully corrosion resistant in line with automotive grade quality standards, as are the supplied countersunk anti-theft fasteners, which come in a variety of lengths from 20mm\u201380mm. To complete the mounting of different length light bars, cylindrical spacers, of varying lengths, are provided to aid positioning.<\/p>\n<p>What&#8217;s included:<\/p>\n<ul>\n<li>2x Stainless Steel Mounting Bracket (LH\/RH)<\/li>\n<li>1x Anti-theft Fastener Set (various sizes)<\/li>\n<li>1x Spacer Set (various sizes)<\/li>\n<li>4x Rivets (Black)<\/li>\n<li>2x Cable Grommet<\/li>\n<li>1x VHB Cleaning Sachet<\/li>\n<li>2x Heat-shrink Butt Splice<\/li>\n<\/ul>","protected":false},"excerpt":{"rendered":"<p>Lazer Roof Mounting Kits The Lazer Lamps range of universal-fit Roof Mounting Kits comprise stainless steel brackets supplied alongside a&#8230;<\/p>","protected":false},"featured_media":195882,"template":"","meta":[],"make_year":[10905],"make_brand":[10917],"make_model":[12650,12651],"make_fuel_type":[],"product_brand":[9442],"product_cat":[10643,10603,10638],"product_tag":[],"class_list":{"0":"post-195883","1":"product","2":"type-product","3":"status-publish","4":"has-post-thumbnail","6":"make_year-pickup-truck","7":"make_brand-ford-pickup","8":"make_model-ford-ranger-2016-2019","9":"make_model-ford-ranger-2019-2022","10":"make_engine-ranger-double-cab","11":"make_engine-ranger-super-cab","12":"product_brand-brand_lazer_lamps","13":"product_cat-lazer-accessories","14":"product_cat-lighting","15":"product_cat-mounting-accessories","17":"first","18":"instock","19":"taxable","20":"shipping-taxable","21":"purchasable","22":"product-type-variable"},"yoast_head":"<!-- This site is optimized with the Yoast SEO plugin v27.1.1 - https:\/\/yoast.com\/product\/yoast-seo-wordpress\/ -->\n<title>Lazer Roof Mounting Kits - RST-Steel<\/title>\n<meta name=\"description\" content=\"Lazer Roof Mounting Kits. Available for several auxiliary lights. Check out the product selection and order now! Fast shipping!\" \/>\n<meta name=\"robots\" content=\"index, follow, max-snippet:-1, max-image-preview:large, max-video-preview:-1\" \/>\n<link rel=\"canonical\" href=\"https:\/\/rst-steel.com\/sv\/produkt-kategori\/lighting\/mounting-accessories\/lazer-accessories\/lazer-roof-mounting-kits\/\" \/>\n<meta property=\"og:locale\" content=\"sv_SE\" \/>\n<meta property=\"og:type\" content=\"article\" \/>\n<meta property=\"og:title\" content=\"Lazer Roof Mounting Kits - RST-Steel\" \/>\n<meta property=\"og:description\" content=\"Lazer Roof Mounting Kits. Available for several auxiliary lights. Check out the product selection and order now! Fast shipping!\" \/>\n<meta property=\"og:url\" content=\"https:\/\/rst-steel.com\/sv\/produkt-kategori\/lighting\/mounting-accessories\/lazer-accessories\/lazer-roof-mounting-kits\/\" \/>\n<meta property=\"og:site_name\" content=\"RST-Steel\" \/>\n<meta property=\"article:modified_time\" content=\"2026-04-15T09:15:12+00:00\" \/>\n<meta property=\"og:image\" content=\"https:\/\/rst-steel.com\/wp-content\/uploads\/2026\/03\/3025d3c8436f17e040fe2829b49ef1558293e478_8dfa2ea610a0f0be2e661fddc07f770d.jpg\" \/>\n\t<meta property=\"og:image:width\" content=\"1000\" \/>\n\t<meta property=\"og:image:height\" content=\"750\" \/>\n\t<meta property=\"og:image:type\" content=\"image\/jpeg\" \/>\n<meta name=\"twitter:card\" content=\"summary_large_image\" \/>\n<meta name=\"twitter:label1\" content=\"Ber\u00e4knad l\u00e4stid\" \/>\n\t<meta name=\"twitter:data1\" content=\"1 minut\" \/>\n<script type=\"application\/ld+json\" class=\"yoast-schema-graph\">{\"@context\":\"https:\/\/schema.org\",\"@graph\":[{\"@type\":\"WebPage\",\"@id\":\"https:\/\/rst-steel.com\/product-category\/lighting\/mounting-accessories\/lazer-accessories\/lazer-roof-mounting-kits\/\",\"url\":\"https:\/\/rst-steel.com\/product-category\/lighting\/mounting-accessories\/lazer-accessories\/lazer-roof-mounting-kits\/\",\"name\":\"Lazer Roof Mounting Kits - RST-Steel\",\"isPartOf\":{\"@id\":\"https:\/\/rst-steel.com\/#website\"},\"primaryImageOfPage\":{\"@id\":\"https:\/\/rst-steel.com\/product-category\/lighting\/mounting-accessories\/lazer-accessories\/lazer-roof-mounting-kits\/#primaryimage\"},\"image\":{\"@id\":\"https:\/\/rst-steel.com\/product-category\/lighting\/mounting-accessories\/lazer-accessories\/lazer-roof-mounting-kits\/#primaryimage\"},\"thumbnailUrl\":\"https:\/\/rst-steel.com\/wp-content\/uploads\/2026\/03\/3025d3c8436f17e040fe2829b49ef1558293e478_8dfa2ea610a0f0be2e661fddc07f770d.jpg\",\"datePublished\":\"2026-03-31T08:29:08+00:00\",\"dateModified\":\"2026-04-15T09:15:12+00:00\",\"description\":\"Lazer Roof Mounting Kits. Available for several auxiliary lights. Check out the product selection and order now! Fast shipping!\",\"breadcrumb\":{\"@id\":\"https:\/\/rst-steel.com\/product-category\/lighting\/mounting-accessories\/lazer-accessories\/lazer-roof-mounting-kits\/#breadcrumb\"},\"inLanguage\":\"sv-SE\",\"potentialAction\":[{\"@type\":\"ReadAction\",\"target\":[\"https:\/\/rst-steel.com\/product-category\/lighting\/mounting-accessories\/lazer-accessories\/lazer-roof-mounting-kits\/\"]}]},{\"@type\":\"ImageObject\",\"inLanguage\":\"sv-SE\",\"@id\":\"https:\/\/rst-steel.com\/product-category\/lighting\/mounting-accessories\/lazer-accessories\/lazer-roof-mounting-kits\/#primaryimage\",\"url\":\"https:\/\/rst-steel.com\/wp-content\/uploads\/2026\/03\/3025d3c8436f17e040fe2829b49ef1558293e478_8dfa2ea610a0f0be2e661fddc07f770d.jpg\",\"contentUrl\":\"https:\/\/rst-steel.com\/wp-content\/uploads\/2026\/03\/3025d3c8436f17e040fe2829b49ef1558293e478_8dfa2ea610a0f0be2e661fddc07f770d.jpg\",\"width\":1000,\"height\":750,\"caption\":\"Lazer Roof Mounting Kits\"},{\"@type\":\"BreadcrumbList\",\"@id\":\"https:\/\/rst-steel.com\/product-category\/lighting\/mounting-accessories\/lazer-accessories\/lazer-roof-mounting-kits\/#breadcrumb\",\"itemListElement\":[{\"@type\":\"ListItem\",\"position\":1,\"name\":\"Home\",\"item\":\"https:\/\/rst-steel.com\/\"},{\"@type\":\"ListItem\",\"position\":2,\"name\":\"RST-Steel Verkkokauppa\",\"item\":\"https:\/\/rst-steel.com\/shop\/\"},{\"@type\":\"ListItem\",\"position\":3,\"name\":\"Lazer Roof Mounting Kits\"}]},{\"@type\":\"WebSite\",\"@id\":\"https:\/\/rst-steel.com\/#website\",\"url\":\"https:\/\/rst-steel.com\/\",\"name\":\"RST-Steel Oy - Turvallista, tyylik\u00e4st\u00e4, ter\u00e4st\u00e4\",\"description\":\"Finnish quality for discerning drivers\",\"publisher\":{\"@id\":\"https:\/\/rst-steel.com\/#organization\"},\"potentialAction\":[{\"@type\":\"SearchAction\",\"target\":{\"@type\":\"EntryPoint\",\"urlTemplate\":\"https:\/\/rst-steel.com\/?s={search_term_string}\"},\"query-input\":{\"@type\":\"PropertyValueSpecification\",\"valueRequired\":true,\"valueName\":\"search_term_string\"}}],\"inLanguage\":\"sv-SE\"},{\"@type\":\"Organization\",\"@id\":\"https:\/\/rst-steel.com\/#organization\",\"name\":\"RST-Steel Oy\",\"alternateName\":\"RST-Steel Oy - Turvallista, tyylik\u00e4st\u00e4, ter\u00e4st\u00e4\",\"url\":\"https:\/\/rst-steel.com\/\",\"logo\":{\"@type\":\"ImageObject\",\"inLanguage\":\"sv-SE\",\"@id\":\"https:\/\/rst-steel.com\/#\/schema\/logo\/image\/\",\"url\":\"https:\/\/rst-steel.com\/wp-content\/uploads\/2025\/02\/cropped-rst-valkoinen-ilman-taustaa-02.png\",\"contentUrl\":\"https:\/\/rst-steel.com\/wp-content\/uploads\/2025\/02\/cropped-rst-valkoinen-ilman-taustaa-02.png\",\"width\":2319,\"height\":690,\"caption\":\"RST-Steel Oy\"},\"image\":{\"@id\":\"https:\/\/rst-steel.com\/#\/schema\/logo\/image\/\"}}]}<\/script>\n<!-- \/ Yoast SEO plugin. -->","yoast_head_json":{"title":"Lazer Roof Mounting Kits - RST-Steel","description":"Lazer Roof Mounting Kits. Available for several auxiliary lights. Check out the product selection and order now! Fast shipping!","robots":{"index":"index","follow":"follow","max-snippet":"max-snippet:-1","max-image-preview":"max-image-preview:large","max-video-preview":"max-video-preview:-1"},"canonical":"https:\/\/rst-steel.com\/sv\/produkt-kategori\/lighting\/mounting-accessories\/lazer-accessories\/lazer-roof-mounting-kits\/","og_locale":"sv_SE","og_type":"article","og_title":"Lazer Roof Mounting Kits - RST-Steel","og_description":"Lazer Roof Mounting Kits. Available for several auxiliary lights. Check out the product selection and order now! Fast shipping!","og_url":"https:\/\/rst-steel.com\/sv\/produkt-kategori\/lighting\/mounting-accessories\/lazer-accessories\/lazer-roof-mounting-kits\/","og_site_name":"RST-Steel","article_modified_time":"2026-04-15T09:15:12+00:00","og_image":[{"width":1000,"height":750,"url":"https:\/\/rst-steel.com\/wp-content\/uploads\/2026\/03\/3025d3c8436f17e040fe2829b49ef1558293e478_8dfa2ea610a0f0be2e661fddc07f770d.jpg","type":"image\/jpeg"}],"twitter_card":"summary_large_image","twitter_misc":{"Ber\u00e4knad l\u00e4stid":"1 minut"},"schema":{"@context":"https:\/\/schema.org","@graph":[{"@type":"WebPage","@id":"https:\/\/rst-steel.com\/product-category\/lighting\/mounting-accessories\/lazer-accessories\/lazer-roof-mounting-kits\/","url":"https:\/\/rst-steel.com\/product-category\/lighting\/mounting-accessories\/lazer-accessories\/lazer-roof-mounting-kits\/","name":"Lazer Roof Mounting Kits - RST-Steel","isPartOf":{"@id":"https:\/\/rst-steel.com\/#website"},"primaryImageOfPage":{"@id":"https:\/\/rst-steel.com\/product-category\/lighting\/mounting-accessories\/lazer-accessories\/lazer-roof-mounting-kits\/#primaryimage"},"image":{"@id":"https:\/\/rst-steel.com\/product-category\/lighting\/mounting-accessories\/lazer-accessories\/lazer-roof-mounting-kits\/#primaryimage"},"thumbnailUrl":"https:\/\/rst-steel.com\/wp-content\/uploads\/2026\/03\/3025d3c8436f17e040fe2829b49ef1558293e478_8dfa2ea610a0f0be2e661fddc07f770d.jpg","datePublished":"2026-03-31T08:29:08+00:00","dateModified":"2026-04-15T09:15:12+00:00","description":"Lazer Roof Mounting Kits. Available for several auxiliary lights. Check out the product selection and order now! Fast shipping!","breadcrumb":{"@id":"https:\/\/rst-steel.com\/product-category\/lighting\/mounting-accessories\/lazer-accessories\/lazer-roof-mounting-kits\/#breadcrumb"},"inLanguage":"sv-SE","potentialAction":[{"@type":"ReadAction","target":["https:\/\/rst-steel.com\/product-category\/lighting\/mounting-accessories\/lazer-accessories\/lazer-roof-mounting-kits\/"]}]},{"@type":"ImageObject","inLanguage":"sv-SE","@id":"https:\/\/rst-steel.com\/product-category\/lighting\/mounting-accessories\/lazer-accessories\/lazer-roof-mounting-kits\/#primaryimage","url":"https:\/\/rst-steel.com\/wp-content\/uploads\/2026\/03\/3025d3c8436f17e040fe2829b49ef1558293e478_8dfa2ea610a0f0be2e661fddc07f770d.jpg","contentUrl":"https:\/\/rst-steel.com\/wp-content\/uploads\/2026\/03\/3025d3c8436f17e040fe2829b49ef1558293e478_8dfa2ea610a0f0be2e661fddc07f770d.jpg","width":1000,"height":750,"caption":"Lazer Roof Mounting Kits"},{"@type":"BreadcrumbList","@id":"https:\/\/rst-steel.com\/product-category\/lighting\/mounting-accessories\/lazer-accessories\/lazer-roof-mounting-kits\/#breadcrumb","itemListElement":[{"@type":"ListItem","position":1,"name":"Home","item":"https:\/\/rst-steel.com\/"},{"@type":"ListItem","position":2,"name":"RST-Steel Verkkokauppa","item":"https:\/\/rst-steel.com\/shop\/"},{"@type":"ListItem","position":3,"name":"Lazer Roof Mounting Kits"}]},{"@type":"WebSite","@id":"https:\/\/rst-steel.com\/#website","url":"https:\/\/rst-steel.com\/","name":"RST-Steel Oy - Turvallista, tyylik\u00e4st\u00e4, ter\u00e4st\u00e4","description":"Finsk kvalitet f\u00f6r kvalitetsmedvetna f\u00f6rare","publisher":{"@id":"https:\/\/rst-steel.com\/#organization"},"potentialAction":[{"@type":"SearchAction","target":{"@type":"EntryPoint","urlTemplate":"https:\/\/rst-steel.com\/?s={search_term_string}"},"query-input":{"@type":"PropertyValueSpecification","valueRequired":true,"valueName":"search_term_string"}}],"inLanguage":"sv-SE"},{"@type":"Organization","@id":"https:\/\/rst-steel.com\/#organization","name":"RST-Steel Oy","alternateName":"RST-Steel Oy - Turvallista, tyylik\u00e4st\u00e4, ter\u00e4st\u00e4","url":"https:\/\/rst-steel.com\/","logo":{"@type":"ImageObject","inLanguage":"sv-SE","@id":"https:\/\/rst-steel.com\/#\/schema\/logo\/image\/","url":"https:\/\/rst-steel.com\/wp-content\/uploads\/2025\/02\/cropped-rst-valkoinen-ilman-taustaa-02.png","contentUrl":"https:\/\/rst-steel.com\/wp-content\/uploads\/2025\/02\/cropped-rst-valkoinen-ilman-taustaa-02.png","width":2319,"height":690,"caption":"RST-Steel Oy"},"image":{"@id":"https:\/\/rst-steel.com\/#\/schema\/logo\/image\/"}}]}},"_links":{"self":[{"href":"https:\/\/rst-steel.com\/sv\/wp-json\/wp\/v2\/product\/195883","targetHints":{"allow":["GET"]}}],"collection":[{"href":"https:\/\/rst-steel.com\/sv\/wp-json\/wp\/v2\/product"}],"about":[{"href":"https:\/\/rst-steel.com\/sv\/wp-json\/wp\/v2\/types\/product"}],"version-history":[{"count":2,"href":"https:\/\/rst-steel.com\/sv\/wp-json\/wp\/v2\/product\/195883\/revisions"}],"predecessor-version":[{"id":199755,"href":"https:\/\/rst-steel.com\/sv\/wp-json\/wp\/v2\/product\/195883\/revisions\/199755"}],"wp:featuredmedia":[{"embeddable":true,"href":"https:\/\/rst-steel.com\/sv\/wp-json\/wp\/v2\/media\/195882"}],"wp:attachment":[{"href":"https:\/\/rst-steel.com\/sv\/wp-json\/wp\/v2\/media?parent=195883"}],"wp:term":[{"taxonomy":"make_year","embeddable":true,"href":"https:\/\/rst-steel.com\/sv\/wp-json\/wp\/v2\/make_year?post=195883"},{"taxonomy":"make_brand","embeddable":true,"href":"https:\/\/rst-steel.com\/sv\/wp-json\/wp\/v2\/make_brand?post=195883"},{"taxonomy":"make_model","embeddable":true,"href":"https:\/\/rst-steel.com\/sv\/wp-json\/wp\/v2\/make_model?post=195883"},{"taxonomy":"make_fuel_type","embeddable":true,"href":"https:\/\/rst-steel.com\/sv\/wp-json\/wp\/v2\/make_fuel_type?post=195883"},{"taxonomy":"product_brand","embeddable":true,"href":"https:\/\/rst-steel.com\/sv\/wp-json\/wp\/v2\/product_brand?post=195883"},{"taxonomy":"product_cat","embeddable":true,"href":"https:\/\/rst-steel.com\/sv\/wp-json\/wp\/v2\/product_cat?post=195883"},{"taxonomy":"product_tag","embeddable":true,"href":"https:\/\/rst-steel.com\/sv\/wp-json\/wp\/v2\/product_tag?post=195883"}],"curies":[{"name":"wp","href":"https:\/\/api.w.org\/{rel}","templated":true}]}}