{"id":196221,"date":"2026-03-31T11:35:26","date_gmt":"2026-03-31T08:35:26","guid":{"rendered":"https:\/\/rst-steel.com\/product-category\/uncategorized\/lazer-sentinel-7-lens-covers\/"},"modified":"2026-04-17T08:56:42","modified_gmt":"2026-04-17T05:56:42","slug":"lazer-sentinel-7-lens-covers","status":"publish","type":"product","link":"https:\/\/rst-steel.com\/sv\/produkt-kategori\/lighting\/mounting-accessories\/lazer-accessories\/lazer-sentinel-7-lens-covers\/","title":{"rendered":"Lazer Sentinel 7&#8221; Lens Covers"},"content":{"rendered":"<p>A range of lens covers for the Sentinel lamps. Made from polycarbonate, the covers clip securely to the lamps offering an additional layer of protection or styling to the lamps, or in the case of the amber lens cover, the option to convert the colour temperature of the light to selective yellow.<\/p>\n<p>Product Features:<\/p>\n<p>Designed for use with Sentinel LED spotlights<\/p>\n<p>Lazer logo printed on the front ( Black Model)<\/p>\n<p>Made from polycarbonate<\/p>\n<p>Secures using 3-point clipping mechanism<\/p>","protected":false},"excerpt":{"rendered":"<p>A range of lens covers for the Sentinel lamps. Made from polycarbonate, the covers clip securely to the lamps offering&#8230;<\/p>","protected":false},"featured_media":196218,"template":"","meta":[],"make_year":[],"make_brand":[],"make_model":[],"make_fuel_type":[],"product_brand":[9442],"product_cat":[10643,10603,10638],"product_tag":[],"class_list":{"0":"post-196221","1":"product","2":"type-product","3":"status-publish","4":"has-post-thumbnail","6":"product_brand-brand_lazer_lamps","7":"product_cat-lazer-accessories","8":"product_cat-lighting","9":"product_cat-mounting-accessories","11":"first","12":"instock","13":"taxable","14":"shipping-taxable","15":"purchasable","16":"product-type-variable"},"yoast_head":"<!-- This site is optimized with the Yoast SEO plugin v27.1.1 - https:\/\/yoast.com\/product\/yoast-seo-wordpress\/ -->\n<title>Lazer Sentinel 7&#039;&#039; Lens Covers - RST-Steel<\/title>\n<meta name=\"description\" content=\"Shield your Lazer Sentinel 7 lights with these durable lens covers. They protect against debris and impact while preserving light clarity and performance.\" \/>\n<meta name=\"robots\" content=\"index, follow, max-snippet:-1, max-image-preview:large, max-video-preview:-1\" \/>\n<link rel=\"canonical\" href=\"https:\/\/rst-steel.com\/sv\/produkt-kategori\/lighting\/mounting-accessories\/lazer-accessories\/lazer-sentinel-7-lens-covers\/\" \/>\n<meta property=\"og:locale\" content=\"sv_SE\" \/>\n<meta property=\"og:type\" content=\"article\" \/>\n<meta property=\"og:title\" content=\"Lazer Sentinel 7&#039;&#039; Lens Covers - RST-Steel\" \/>\n<meta property=\"og:description\" content=\"Shield your Lazer Sentinel 7 lights with these durable lens covers. They protect against debris and impact while preserving light clarity and performance.\" \/>\n<meta property=\"og:url\" content=\"https:\/\/rst-steel.com\/sv\/produkt-kategori\/lighting\/mounting-accessories\/lazer-accessories\/lazer-sentinel-7-lens-covers\/\" \/>\n<meta property=\"og:site_name\" content=\"RST-Steel\" \/>\n<meta property=\"article:modified_time\" content=\"2026-04-17T05:56:42+00:00\" \/>\n<meta property=\"og:image\" content=\"https:\/\/rst-steel.com\/wp-content\/uploads\/2026\/03\/961e7a7e17ac139c3df2477af715a69e7a1376a1_00d3ff885ff39556267981737ec8abf1.jpg\" \/>\n\t<meta property=\"og:image:width\" content=\"502\" \/>\n\t<meta property=\"og:image:height\" content=\"565\" \/>\n\t<meta property=\"og:image:type\" content=\"image\/jpeg\" \/>\n<meta name=\"twitter:card\" content=\"summary_large_image\" \/>\n<meta name=\"twitter:label1\" content=\"Ber\u00e4knad l\u00e4stid\" \/>\n\t<meta name=\"twitter:data1\" content=\"1 minut\" \/>\n<script type=\"application\/ld+json\" class=\"yoast-schema-graph\">{\"@context\":\"https:\/\/schema.org\",\"@graph\":[{\"@type\":\"WebPage\",\"@id\":\"https:\/\/rst-steel.com\/product-category\/lighting\/mounting-accessories\/lazer-accessories\/lazer-sentinel-7-lens-covers\/\",\"url\":\"https:\/\/rst-steel.com\/product-category\/lighting\/mounting-accessories\/lazer-accessories\/lazer-sentinel-7-lens-covers\/\",\"name\":\"Lazer Sentinel 7'' Lens Covers - RST-Steel\",\"isPartOf\":{\"@id\":\"https:\/\/rst-steel.com\/#website\"},\"primaryImageOfPage\":{\"@id\":\"https:\/\/rst-steel.com\/product-category\/lighting\/mounting-accessories\/lazer-accessories\/lazer-sentinel-7-lens-covers\/#primaryimage\"},\"image\":{\"@id\":\"https:\/\/rst-steel.com\/product-category\/lighting\/mounting-accessories\/lazer-accessories\/lazer-sentinel-7-lens-covers\/#primaryimage\"},\"thumbnailUrl\":\"https:\/\/rst-steel.com\/wp-content\/uploads\/2026\/03\/961e7a7e17ac139c3df2477af715a69e7a1376a1_00d3ff885ff39556267981737ec8abf1.jpg\",\"datePublished\":\"2026-03-31T08:35:26+00:00\",\"dateModified\":\"2026-04-17T05:56:42+00:00\",\"description\":\"Shield your Lazer Sentinel 7 lights with these durable lens covers. They protect against debris and impact while preserving light clarity and performance.\",\"breadcrumb\":{\"@id\":\"https:\/\/rst-steel.com\/product-category\/lighting\/mounting-accessories\/lazer-accessories\/lazer-sentinel-7-lens-covers\/#breadcrumb\"},\"inLanguage\":\"sv-SE\",\"potentialAction\":[{\"@type\":\"ReadAction\",\"target\":[\"https:\/\/rst-steel.com\/product-category\/lighting\/mounting-accessories\/lazer-accessories\/lazer-sentinel-7-lens-covers\/\"]}]},{\"@type\":\"ImageObject\",\"inLanguage\":\"sv-SE\",\"@id\":\"https:\/\/rst-steel.com\/product-category\/lighting\/mounting-accessories\/lazer-accessories\/lazer-sentinel-7-lens-covers\/#primaryimage\",\"url\":\"https:\/\/rst-steel.com\/wp-content\/uploads\/2026\/03\/961e7a7e17ac139c3df2477af715a69e7a1376a1_00d3ff885ff39556267981737ec8abf1.jpg\",\"contentUrl\":\"https:\/\/rst-steel.com\/wp-content\/uploads\/2026\/03\/961e7a7e17ac139c3df2477af715a69e7a1376a1_00d3ff885ff39556267981737ec8abf1.jpg\",\"width\":502,\"height\":565,\"caption\":\"prm_68631\"},{\"@type\":\"BreadcrumbList\",\"@id\":\"https:\/\/rst-steel.com\/product-category\/lighting\/mounting-accessories\/lazer-accessories\/lazer-sentinel-7-lens-covers\/#breadcrumb\",\"itemListElement\":[{\"@type\":\"ListItem\",\"position\":1,\"name\":\"Home\",\"item\":\"https:\/\/rst-steel.com\/\"},{\"@type\":\"ListItem\",\"position\":2,\"name\":\"RST-Steel Verkkokauppa\",\"item\":\"https:\/\/rst-steel.com\/shop\/\"},{\"@type\":\"ListItem\",\"position\":3,\"name\":\"Lazer Sentinel 7&#8221; Lens Covers\"}]},{\"@type\":\"WebSite\",\"@id\":\"https:\/\/rst-steel.com\/#website\",\"url\":\"https:\/\/rst-steel.com\/\",\"name\":\"RST-Steel Oy - Turvallista, tyylik\u00e4st\u00e4, ter\u00e4st\u00e4\",\"description\":\"Finnish quality for discerning drivers\",\"publisher\":{\"@id\":\"https:\/\/rst-steel.com\/#organization\"},\"potentialAction\":[{\"@type\":\"SearchAction\",\"target\":{\"@type\":\"EntryPoint\",\"urlTemplate\":\"https:\/\/rst-steel.com\/?s={search_term_string}\"},\"query-input\":{\"@type\":\"PropertyValueSpecification\",\"valueRequired\":true,\"valueName\":\"search_term_string\"}}],\"inLanguage\":\"sv-SE\"},{\"@type\":\"Organization\",\"@id\":\"https:\/\/rst-steel.com\/#organization\",\"name\":\"RST-Steel Oy\",\"alternateName\":\"RST-Steel Oy - Turvallista, tyylik\u00e4st\u00e4, ter\u00e4st\u00e4\",\"url\":\"https:\/\/rst-steel.com\/\",\"logo\":{\"@type\":\"ImageObject\",\"inLanguage\":\"sv-SE\",\"@id\":\"https:\/\/rst-steel.com\/#\/schema\/logo\/image\/\",\"url\":\"https:\/\/rst-steel.com\/wp-content\/uploads\/2025\/02\/cropped-rst-valkoinen-ilman-taustaa-02.png\",\"contentUrl\":\"https:\/\/rst-steel.com\/wp-content\/uploads\/2025\/02\/cropped-rst-valkoinen-ilman-taustaa-02.png\",\"width\":2319,\"height\":690,\"caption\":\"RST-Steel Oy\"},\"image\":{\"@id\":\"https:\/\/rst-steel.com\/#\/schema\/logo\/image\/\"}}]}<\/script>\n<!-- \/ Yoast SEO plugin. -->","yoast_head_json":{"title":"Lazer Sentinel 7'' Lens Covers - RST-Steel","description":"Shield your Lazer Sentinel 7 lights with these durable lens covers. They protect against debris and impact while preserving light clarity and performance.","robots":{"index":"index","follow":"follow","max-snippet":"max-snippet:-1","max-image-preview":"max-image-preview:large","max-video-preview":"max-video-preview:-1"},"canonical":"https:\/\/rst-steel.com\/sv\/produkt-kategori\/lighting\/mounting-accessories\/lazer-accessories\/lazer-sentinel-7-lens-covers\/","og_locale":"sv_SE","og_type":"article","og_title":"Lazer Sentinel 7'' Lens Covers - RST-Steel","og_description":"Shield your Lazer Sentinel 7 lights with these durable lens covers. They protect against debris and impact while preserving light clarity and performance.","og_url":"https:\/\/rst-steel.com\/sv\/produkt-kategori\/lighting\/mounting-accessories\/lazer-accessories\/lazer-sentinel-7-lens-covers\/","og_site_name":"RST-Steel","article_modified_time":"2026-04-17T05:56:42+00:00","og_image":[{"width":502,"height":565,"url":"https:\/\/rst-steel.com\/wp-content\/uploads\/2026\/03\/961e7a7e17ac139c3df2477af715a69e7a1376a1_00d3ff885ff39556267981737ec8abf1.jpg","type":"image\/jpeg"}],"twitter_card":"summary_large_image","twitter_misc":{"Ber\u00e4knad l\u00e4stid":"1 minut"},"schema":{"@context":"https:\/\/schema.org","@graph":[{"@type":"WebPage","@id":"https:\/\/rst-steel.com\/product-category\/lighting\/mounting-accessories\/lazer-accessories\/lazer-sentinel-7-lens-covers\/","url":"https:\/\/rst-steel.com\/product-category\/lighting\/mounting-accessories\/lazer-accessories\/lazer-sentinel-7-lens-covers\/","name":"Lazer Sentinel 7'' Lens Covers - RST-Steel","isPartOf":{"@id":"https:\/\/rst-steel.com\/#website"},"primaryImageOfPage":{"@id":"https:\/\/rst-steel.com\/product-category\/lighting\/mounting-accessories\/lazer-accessories\/lazer-sentinel-7-lens-covers\/#primaryimage"},"image":{"@id":"https:\/\/rst-steel.com\/product-category\/lighting\/mounting-accessories\/lazer-accessories\/lazer-sentinel-7-lens-covers\/#primaryimage"},"thumbnailUrl":"https:\/\/rst-steel.com\/wp-content\/uploads\/2026\/03\/961e7a7e17ac139c3df2477af715a69e7a1376a1_00d3ff885ff39556267981737ec8abf1.jpg","datePublished":"2026-03-31T08:35:26+00:00","dateModified":"2026-04-17T05:56:42+00:00","description":"Shield your Lazer Sentinel 7 lights with these durable lens covers. They protect against debris and impact while preserving light clarity and performance.","breadcrumb":{"@id":"https:\/\/rst-steel.com\/product-category\/lighting\/mounting-accessories\/lazer-accessories\/lazer-sentinel-7-lens-covers\/#breadcrumb"},"inLanguage":"sv-SE","potentialAction":[{"@type":"ReadAction","target":["https:\/\/rst-steel.com\/product-category\/lighting\/mounting-accessories\/lazer-accessories\/lazer-sentinel-7-lens-covers\/"]}]},{"@type":"ImageObject","inLanguage":"sv-SE","@id":"https:\/\/rst-steel.com\/product-category\/lighting\/mounting-accessories\/lazer-accessories\/lazer-sentinel-7-lens-covers\/#primaryimage","url":"https:\/\/rst-steel.com\/wp-content\/uploads\/2026\/03\/961e7a7e17ac139c3df2477af715a69e7a1376a1_00d3ff885ff39556267981737ec8abf1.jpg","contentUrl":"https:\/\/rst-steel.com\/wp-content\/uploads\/2026\/03\/961e7a7e17ac139c3df2477af715a69e7a1376a1_00d3ff885ff39556267981737ec8abf1.jpg","width":502,"height":565,"caption":"prm_68631"},{"@type":"BreadcrumbList","@id":"https:\/\/rst-steel.com\/product-category\/lighting\/mounting-accessories\/lazer-accessories\/lazer-sentinel-7-lens-covers\/#breadcrumb","itemListElement":[{"@type":"ListItem","position":1,"name":"Home","item":"https:\/\/rst-steel.com\/"},{"@type":"ListItem","position":2,"name":"RST-Steel Verkkokauppa","item":"https:\/\/rst-steel.com\/shop\/"},{"@type":"ListItem","position":3,"name":"Lazer Sentinel 7&#8221; Lens Covers"}]},{"@type":"WebSite","@id":"https:\/\/rst-steel.com\/#website","url":"https:\/\/rst-steel.com\/","name":"RST-Steel Oy - Turvallista, tyylik\u00e4st\u00e4, ter\u00e4st\u00e4","description":"Finsk kvalitet f\u00f6r kvalitetsmedvetna f\u00f6rare","publisher":{"@id":"https:\/\/rst-steel.com\/#organization"},"potentialAction":[{"@type":"SearchAction","target":{"@type":"EntryPoint","urlTemplate":"https:\/\/rst-steel.com\/?s={search_term_string}"},"query-input":{"@type":"PropertyValueSpecification","valueRequired":true,"valueName":"search_term_string"}}],"inLanguage":"sv-SE"},{"@type":"Organization","@id":"https:\/\/rst-steel.com\/#organization","name":"RST-Steel Oy","alternateName":"RST-Steel Oy - Turvallista, tyylik\u00e4st\u00e4, ter\u00e4st\u00e4","url":"https:\/\/rst-steel.com\/","logo":{"@type":"ImageObject","inLanguage":"sv-SE","@id":"https:\/\/rst-steel.com\/#\/schema\/logo\/image\/","url":"https:\/\/rst-steel.com\/wp-content\/uploads\/2025\/02\/cropped-rst-valkoinen-ilman-taustaa-02.png","contentUrl":"https:\/\/rst-steel.com\/wp-content\/uploads\/2025\/02\/cropped-rst-valkoinen-ilman-taustaa-02.png","width":2319,"height":690,"caption":"RST-Steel Oy"},"image":{"@id":"https:\/\/rst-steel.com\/#\/schema\/logo\/image\/"}}]}},"_links":{"self":[{"href":"https:\/\/rst-steel.com\/sv\/wp-json\/wp\/v2\/product\/196221","targetHints":{"allow":["GET"]}}],"collection":[{"href":"https:\/\/rst-steel.com\/sv\/wp-json\/wp\/v2\/product"}],"about":[{"href":"https:\/\/rst-steel.com\/sv\/wp-json\/wp\/v2\/types\/product"}],"version-history":[{"count":1,"href":"https:\/\/rst-steel.com\/sv\/wp-json\/wp\/v2\/product\/196221\/revisions"}],"predecessor-version":[{"id":198752,"href":"https:\/\/rst-steel.com\/sv\/wp-json\/wp\/v2\/product\/196221\/revisions\/198752"}],"wp:featuredmedia":[{"embeddable":true,"href":"https:\/\/rst-steel.com\/sv\/wp-json\/wp\/v2\/media\/196218"}],"wp:attachment":[{"href":"https:\/\/rst-steel.com\/sv\/wp-json\/wp\/v2\/media?parent=196221"}],"wp:term":[{"taxonomy":"make_year","embeddable":true,"href":"https:\/\/rst-steel.com\/sv\/wp-json\/wp\/v2\/make_year?post=196221"},{"taxonomy":"make_brand","embeddable":true,"href":"https:\/\/rst-steel.com\/sv\/wp-json\/wp\/v2\/make_brand?post=196221"},{"taxonomy":"make_model","embeddable":true,"href":"https:\/\/rst-steel.com\/sv\/wp-json\/wp\/v2\/make_model?post=196221"},{"taxonomy":"make_fuel_type","embeddable":true,"href":"https:\/\/rst-steel.com\/sv\/wp-json\/wp\/v2\/make_fuel_type?post=196221"},{"taxonomy":"product_brand","embeddable":true,"href":"https:\/\/rst-steel.com\/sv\/wp-json\/wp\/v2\/product_brand?post=196221"},{"taxonomy":"product_cat","embeddable":true,"href":"https:\/\/rst-steel.com\/sv\/wp-json\/wp\/v2\/product_cat?post=196221"},{"taxonomy":"product_tag","embeddable":true,"href":"https:\/\/rst-steel.com\/sv\/wp-json\/wp\/v2\/product_tag?post=196221"}],"curies":[{"name":"wp","href":"https:\/\/api.w.org\/{rel}","templated":true}]}}