{"id":196250,"date":"2026-03-31T11:35:55","date_gmt":"2026-03-31T08:35:55","guid":{"rendered":"https:\/\/rst-steel.com\/product-category\/uncategorized\/rear-bar-caterpillar-926m-926-938\/"},"modified":"2026-04-17T08:58:58","modified_gmt":"2026-04-17T05:58:58","slug":"rear-bar-caterpillar-926m-926-938","status":"publish","type":"product","link":"https:\/\/rst-steel.com\/sv\/produkt-kategori\/light-bars\/rear-bars-for-excavators\/caterpillar-rear-bars\/rear-bar-caterpillar-926m-926-938\/","title":{"rendered":"Rear Bar Caterpillar 926M, 926-938"},"content":{"rendered":"<p>Rear Bar Caterpillar 926M<\/p>\n<p>RST-Steel\u2019s rear bars are high-quality products made of stainless steel. The rear bars can be equipped with work lights and position lights, which improve your visibility in traffic, and at the same time increase safety for yourself and others in traffic.<\/p>\n<p><span style=\"font-weight: bold;\">Technical information:<\/span><\/p>\n<ul>\n<li>Color: Polished stainless steel or painting with RAL-basic colors<\/li>\n<li>Pipes diameter: 76 mm<\/li>\n<li>Easy to install<\/li>\n<\/ul>\n<p><span style=\"font-weight: bold;\">Delivery contents:<\/span><\/p>\n<ul>\n<li>Rear bar<\/li>\n<li>Fasteners required for installation<\/li>\n<li>Installation instructions<\/li>\n<\/ul>","protected":false},"excerpt":{"rendered":"<p>Rear Bar Caterpillar 926M RST-Steel\u2019s rear bars are high-quality products made of stainless steel. The rear bars can be equipped&#8230;<\/p>","protected":false},"featured_media":196248,"template":"","meta":[],"make_year":[10909],"make_brand":[10911],"make_model":[10966],"make_fuel_type":[],"product_brand":[9443],"product_cat":[10563,10562,10508],"product_tag":[],"class_list":{"0":"post-196250","1":"product","2":"type-product","3":"status-publish","4":"has-post-thumbnail","6":"make_year-workmachines","7":"make_brand-caterpillar","8":"make_model-caterpillar-excavators","9":"product_brand-brand_rststeel","10":"product_cat-caterpillar-rear-bars","11":"product_cat-rear-bars-for-excavators","12":"product_cat-light-bars","13":"product_shipping_class-lightbars","15":"first","16":"onbackorder","17":"taxable","18":"shipping-taxable","19":"purchasable","20":"product-type-variable"},"yoast_head":"<!-- This site is optimized with the Yoast SEO plugin v27.1.1 - https:\/\/yoast.com\/product\/yoast-seo-wordpress\/ -->\n<title>Rear Bar Caterpillar 926M, 926-938 - RST-Steel<\/title>\n<meta name=\"description\" content=\"Counterweight Bar Caterpillar 926M, 926-938 is a durable, stainless steel bar with work and position lights, enhancing visibility and safety.\" \/>\n<meta name=\"robots\" content=\"index, follow, max-snippet:-1, max-image-preview:large, max-video-preview:-1\" \/>\n<link rel=\"canonical\" href=\"https:\/\/rst-steel.com\/sv\/produkt-kategori\/light-bars\/rear-bars-for-excavators\/caterpillar-rear-bars\/rear-bar-caterpillar-926m-926-938\/\" \/>\n<meta property=\"og:locale\" content=\"sv_SE\" \/>\n<meta property=\"og:type\" content=\"article\" \/>\n<meta property=\"og:title\" content=\"Rear Bar Caterpillar 926M, 926-938 - RST-Steel\" \/>\n<meta property=\"og:description\" content=\"Counterweight Bar Caterpillar 926M, 926-938 is a durable, stainless steel bar with work and position lights, enhancing visibility and safety.\" \/>\n<meta property=\"og:url\" content=\"https:\/\/rst-steel.com\/sv\/produkt-kategori\/light-bars\/rear-bars-for-excavators\/caterpillar-rear-bars\/rear-bar-caterpillar-926m-926-938\/\" \/>\n<meta property=\"og:site_name\" content=\"RST-Steel\" \/>\n<meta property=\"article:modified_time\" content=\"2026-04-17T05:58:58+00:00\" \/>\n<meta property=\"og:image\" content=\"https:\/\/rst-steel.com\/wp-content\/uploads\/2026\/03\/2420d565b949ce019028aa171b1477b78bd6e956_aa5729d771e0cf4a92523cc536ab3435-1-1024x819.png\" \/>\n\t<meta property=\"og:image:width\" content=\"1024\" \/>\n\t<meta property=\"og:image:height\" content=\"819\" \/>\n\t<meta property=\"og:image:type\" content=\"image\/png\" \/>\n<meta name=\"twitter:card\" content=\"summary_large_image\" \/>\n<meta name=\"twitter:label1\" content=\"Ber\u00e4knad l\u00e4stid\" \/>\n\t<meta name=\"twitter:data1\" content=\"1 minut\" \/>\n<script type=\"application\/ld+json\" class=\"yoast-schema-graph\">{\"@context\":\"https:\/\/schema.org\",\"@graph\":[{\"@type\":\"WebPage\",\"@id\":\"https:\/\/rst-steel.com\/product-category\/light-bars\/rear-bars-for-excavators\/caterpillar-rear-bars\/rear-bar-caterpillar-926m-926-938\/\",\"url\":\"https:\/\/rst-steel.com\/product-category\/light-bars\/rear-bars-for-excavators\/caterpillar-rear-bars\/rear-bar-caterpillar-926m-926-938\/\",\"name\":\"Rear Bar Caterpillar 926M, 926-938 - RST-Steel\",\"isPartOf\":{\"@id\":\"https:\/\/rst-steel.com\/#website\"},\"primaryImageOfPage\":{\"@id\":\"https:\/\/rst-steel.com\/product-category\/light-bars\/rear-bars-for-excavators\/caterpillar-rear-bars\/rear-bar-caterpillar-926m-926-938\/#primaryimage\"},\"image\":{\"@id\":\"https:\/\/rst-steel.com\/product-category\/light-bars\/rear-bars-for-excavators\/caterpillar-rear-bars\/rear-bar-caterpillar-926m-926-938\/#primaryimage\"},\"thumbnailUrl\":\"https:\/\/rst-steel.com\/wp-content\/uploads\/2026\/03\/2420d565b949ce019028aa171b1477b78bd6e956_aa5729d771e0cf4a92523cc536ab3435-1.png\",\"datePublished\":\"2026-03-31T08:35:55+00:00\",\"dateModified\":\"2026-04-17T05:58:58+00:00\",\"description\":\"Counterweight Bar Caterpillar 926M, 926-938 is a durable, stainless steel bar with work and position lights, enhancing visibility and safety.\",\"breadcrumb\":{\"@id\":\"https:\/\/rst-steel.com\/product-category\/light-bars\/rear-bars-for-excavators\/caterpillar-rear-bars\/rear-bar-caterpillar-926m-926-938\/#breadcrumb\"},\"inLanguage\":\"sv-SE\",\"potentialAction\":[{\"@type\":\"ReadAction\",\"target\":[\"https:\/\/rst-steel.com\/product-category\/light-bars\/rear-bars-for-excavators\/caterpillar-rear-bars\/rear-bar-caterpillar-926m-926-938\/\"]}]},{\"@type\":\"ImageObject\",\"inLanguage\":\"sv-SE\",\"@id\":\"https:\/\/rst-steel.com\/product-category\/light-bars\/rear-bars-for-excavators\/caterpillar-rear-bars\/rear-bar-caterpillar-926m-926-938\/#primaryimage\",\"url\":\"https:\/\/rst-steel.com\/wp-content\/uploads\/2026\/03\/2420d565b949ce019028aa171b1477b78bd6e956_aa5729d771e0cf4a92523cc536ab3435-1.png\",\"contentUrl\":\"https:\/\/rst-steel.com\/wp-content\/uploads\/2026\/03\/2420d565b949ce019028aa171b1477b78bd6e956_aa5729d771e0cf4a92523cc536ab3435-1.png\",\"width\":2048,\"height\":1638,\"caption\":\"Rear Bar Caterpillar 926M, 926-938\"},{\"@type\":\"BreadcrumbList\",\"@id\":\"https:\/\/rst-steel.com\/product-category\/light-bars\/rear-bars-for-excavators\/caterpillar-rear-bars\/rear-bar-caterpillar-926m-926-938\/#breadcrumb\",\"itemListElement\":[{\"@type\":\"ListItem\",\"position\":1,\"name\":\"Home\",\"item\":\"https:\/\/rst-steel.com\/\"},{\"@type\":\"ListItem\",\"position\":2,\"name\":\"RST-Steel Verkkokauppa\",\"item\":\"https:\/\/rst-steel.com\/shop\/\"},{\"@type\":\"ListItem\",\"position\":3,\"name\":\"Rear Bar Caterpillar 926M, 926-938\"}]},{\"@type\":\"WebSite\",\"@id\":\"https:\/\/rst-steel.com\/#website\",\"url\":\"https:\/\/rst-steel.com\/\",\"name\":\"RST-Steel Oy - Turvallista, tyylik\u00e4st\u00e4, ter\u00e4st\u00e4\",\"description\":\"Finnish quality for discerning drivers\",\"publisher\":{\"@id\":\"https:\/\/rst-steel.com\/#organization\"},\"potentialAction\":[{\"@type\":\"SearchAction\",\"target\":{\"@type\":\"EntryPoint\",\"urlTemplate\":\"https:\/\/rst-steel.com\/?s={search_term_string}\"},\"query-input\":{\"@type\":\"PropertyValueSpecification\",\"valueRequired\":true,\"valueName\":\"search_term_string\"}}],\"inLanguage\":\"sv-SE\"},{\"@type\":\"Organization\",\"@id\":\"https:\/\/rst-steel.com\/#organization\",\"name\":\"RST-Steel Oy\",\"alternateName\":\"RST-Steel Oy - Turvallista, tyylik\u00e4st\u00e4, ter\u00e4st\u00e4\",\"url\":\"https:\/\/rst-steel.com\/\",\"logo\":{\"@type\":\"ImageObject\",\"inLanguage\":\"sv-SE\",\"@id\":\"https:\/\/rst-steel.com\/#\/schema\/logo\/image\/\",\"url\":\"https:\/\/rst-steel.com\/wp-content\/uploads\/2025\/02\/cropped-rst-valkoinen-ilman-taustaa-02.png\",\"contentUrl\":\"https:\/\/rst-steel.com\/wp-content\/uploads\/2025\/02\/cropped-rst-valkoinen-ilman-taustaa-02.png\",\"width\":2319,\"height\":690,\"caption\":\"RST-Steel Oy\"},\"image\":{\"@id\":\"https:\/\/rst-steel.com\/#\/schema\/logo\/image\/\"}}]}<\/script>\n<!-- \/ Yoast SEO plugin. -->","yoast_head_json":{"title":"Rear Bar Caterpillar 926M, 926-938 - RST-Steel","description":"Counterweight Bar Caterpillar 926M, 926-938 is a durable, stainless steel bar with work and position lights, enhancing visibility and safety.","robots":{"index":"index","follow":"follow","max-snippet":"max-snippet:-1","max-image-preview":"max-image-preview:large","max-video-preview":"max-video-preview:-1"},"canonical":"https:\/\/rst-steel.com\/sv\/produkt-kategori\/light-bars\/rear-bars-for-excavators\/caterpillar-rear-bars\/rear-bar-caterpillar-926m-926-938\/","og_locale":"sv_SE","og_type":"article","og_title":"Rear Bar Caterpillar 926M, 926-938 - RST-Steel","og_description":"Counterweight Bar Caterpillar 926M, 926-938 is a durable, stainless steel bar with work and position lights, enhancing visibility and safety.","og_url":"https:\/\/rst-steel.com\/sv\/produkt-kategori\/light-bars\/rear-bars-for-excavators\/caterpillar-rear-bars\/rear-bar-caterpillar-926m-926-938\/","og_site_name":"RST-Steel","article_modified_time":"2026-04-17T05:58:58+00:00","og_image":[{"width":1024,"height":819,"url":"https:\/\/rst-steel.com\/wp-content\/uploads\/2026\/03\/2420d565b949ce019028aa171b1477b78bd6e956_aa5729d771e0cf4a92523cc536ab3435-1-1024x819.png","type":"image\/png"}],"twitter_card":"summary_large_image","twitter_misc":{"Ber\u00e4knad l\u00e4stid":"1 minut"},"schema":{"@context":"https:\/\/schema.org","@graph":[{"@type":"WebPage","@id":"https:\/\/rst-steel.com\/product-category\/light-bars\/rear-bars-for-excavators\/caterpillar-rear-bars\/rear-bar-caterpillar-926m-926-938\/","url":"https:\/\/rst-steel.com\/product-category\/light-bars\/rear-bars-for-excavators\/caterpillar-rear-bars\/rear-bar-caterpillar-926m-926-938\/","name":"Rear Bar Caterpillar 926M, 926-938 - RST-Steel","isPartOf":{"@id":"https:\/\/rst-steel.com\/#website"},"primaryImageOfPage":{"@id":"https:\/\/rst-steel.com\/product-category\/light-bars\/rear-bars-for-excavators\/caterpillar-rear-bars\/rear-bar-caterpillar-926m-926-938\/#primaryimage"},"image":{"@id":"https:\/\/rst-steel.com\/product-category\/light-bars\/rear-bars-for-excavators\/caterpillar-rear-bars\/rear-bar-caterpillar-926m-926-938\/#primaryimage"},"thumbnailUrl":"https:\/\/rst-steel.com\/wp-content\/uploads\/2026\/03\/2420d565b949ce019028aa171b1477b78bd6e956_aa5729d771e0cf4a92523cc536ab3435-1.png","datePublished":"2026-03-31T08:35:55+00:00","dateModified":"2026-04-17T05:58:58+00:00","description":"Counterweight Bar Caterpillar 926M, 926-938 is a durable, stainless steel bar with work and position lights, enhancing visibility and safety.","breadcrumb":{"@id":"https:\/\/rst-steel.com\/product-category\/light-bars\/rear-bars-for-excavators\/caterpillar-rear-bars\/rear-bar-caterpillar-926m-926-938\/#breadcrumb"},"inLanguage":"sv-SE","potentialAction":[{"@type":"ReadAction","target":["https:\/\/rst-steel.com\/product-category\/light-bars\/rear-bars-for-excavators\/caterpillar-rear-bars\/rear-bar-caterpillar-926m-926-938\/"]}]},{"@type":"ImageObject","inLanguage":"sv-SE","@id":"https:\/\/rst-steel.com\/product-category\/light-bars\/rear-bars-for-excavators\/caterpillar-rear-bars\/rear-bar-caterpillar-926m-926-938\/#primaryimage","url":"https:\/\/rst-steel.com\/wp-content\/uploads\/2026\/03\/2420d565b949ce019028aa171b1477b78bd6e956_aa5729d771e0cf4a92523cc536ab3435-1.png","contentUrl":"https:\/\/rst-steel.com\/wp-content\/uploads\/2026\/03\/2420d565b949ce019028aa171b1477b78bd6e956_aa5729d771e0cf4a92523cc536ab3435-1.png","width":2048,"height":1638,"caption":"Rear Bar Caterpillar 926M, 926-938"},{"@type":"BreadcrumbList","@id":"https:\/\/rst-steel.com\/product-category\/light-bars\/rear-bars-for-excavators\/caterpillar-rear-bars\/rear-bar-caterpillar-926m-926-938\/#breadcrumb","itemListElement":[{"@type":"ListItem","position":1,"name":"Home","item":"https:\/\/rst-steel.com\/"},{"@type":"ListItem","position":2,"name":"RST-Steel Verkkokauppa","item":"https:\/\/rst-steel.com\/shop\/"},{"@type":"ListItem","position":3,"name":"Rear Bar Caterpillar 926M, 926-938"}]},{"@type":"WebSite","@id":"https:\/\/rst-steel.com\/#website","url":"https:\/\/rst-steel.com\/","name":"RST-Steel Oy - Turvallista, tyylik\u00e4st\u00e4, ter\u00e4st\u00e4","description":"Finsk kvalitet f\u00f6r kvalitetsmedvetna f\u00f6rare","publisher":{"@id":"https:\/\/rst-steel.com\/#organization"},"potentialAction":[{"@type":"SearchAction","target":{"@type":"EntryPoint","urlTemplate":"https:\/\/rst-steel.com\/?s={search_term_string}"},"query-input":{"@type":"PropertyValueSpecification","valueRequired":true,"valueName":"search_term_string"}}],"inLanguage":"sv-SE"},{"@type":"Organization","@id":"https:\/\/rst-steel.com\/#organization","name":"Hantera alternativ","alternateName":"RST-Steel Oy - Turvallista, tyylik\u00e4st\u00e4, ter\u00e4st\u00e4","url":"https:\/\/rst-steel.com\/","logo":{"@type":"ImageObject","inLanguage":"sv-SE","@id":"https:\/\/rst-steel.com\/#\/schema\/logo\/image\/","url":"https:\/\/rst-steel.com\/wp-content\/uploads\/2025\/02\/cropped-rst-valkoinen-ilman-taustaa-02.png","contentUrl":"https:\/\/rst-steel.com\/wp-content\/uploads\/2025\/02\/cropped-rst-valkoinen-ilman-taustaa-02.png","width":2319,"height":690,"caption":"RST-Steel Oy"},"image":{"@id":"https:\/\/rst-steel.com\/#\/schema\/logo\/image\/"}}]}},"_links":{"self":[{"href":"https:\/\/rst-steel.com\/sv\/wp-json\/wp\/v2\/product\/196250","targetHints":{"allow":["GET"]}}],"collection":[{"href":"https:\/\/rst-steel.com\/sv\/wp-json\/wp\/v2\/product"}],"about":[{"href":"https:\/\/rst-steel.com\/sv\/wp-json\/wp\/v2\/types\/product"}],"version-history":[{"count":2,"href":"https:\/\/rst-steel.com\/sv\/wp-json\/wp\/v2\/product\/196250\/revisions"}],"predecessor-version":[{"id":199421,"href":"https:\/\/rst-steel.com\/sv\/wp-json\/wp\/v2\/product\/196250\/revisions\/199421"}],"wp:featuredmedia":[{"embeddable":true,"href":"https:\/\/rst-steel.com\/sv\/wp-json\/wp\/v2\/media\/196248"}],"wp:attachment":[{"href":"https:\/\/rst-steel.com\/sv\/wp-json\/wp\/v2\/media?parent=196250"}],"wp:term":[{"taxonomy":"make_year","embeddable":true,"href":"https:\/\/rst-steel.com\/sv\/wp-json\/wp\/v2\/make_year?post=196250"},{"taxonomy":"make_brand","embeddable":true,"href":"https:\/\/rst-steel.com\/sv\/wp-json\/wp\/v2\/make_brand?post=196250"},{"taxonomy":"make_model","embeddable":true,"href":"https:\/\/rst-steel.com\/sv\/wp-json\/wp\/v2\/make_model?post=196250"},{"taxonomy":"make_fuel_type","embeddable":true,"href":"https:\/\/rst-steel.com\/sv\/wp-json\/wp\/v2\/make_fuel_type?post=196250"},{"taxonomy":"product_brand","embeddable":true,"href":"https:\/\/rst-steel.com\/sv\/wp-json\/wp\/v2\/product_brand?post=196250"},{"taxonomy":"product_cat","embeddable":true,"href":"https:\/\/rst-steel.com\/sv\/wp-json\/wp\/v2\/product_cat?post=196250"},{"taxonomy":"product_tag","embeddable":true,"href":"https:\/\/rst-steel.com\/sv\/wp-json\/wp\/v2\/product_tag?post=196250"}],"curies":[{"name":"wp","href":"https:\/\/api.w.org\/{rel}","templated":true}]}}