{"id":196271,"date":"2026-03-31T11:36:19","date_gmt":"2026-03-31T08:36:19","guid":{"rendered":"https:\/\/rst-steel.com\/product-category\/uncategorized\/rear-bar-jcb-js145w\/"},"modified":"2026-04-15T11:21:07","modified_gmt":"2026-04-15T08:21:07","slug":"rear-bar-jcb-js145w","status":"publish","type":"product","link":"https:\/\/rst-steel.com\/sv\/produkt-kategori\/light-bars\/rear-bars-for-excavators\/jcb-rear-bars\/rear-bar-jcb-js145w\/","title":{"rendered":"Counterweight Bar JCB JS145W+"},"content":{"rendered":"<p data-start=\"0\" data-end=\"66\"><strong>Counterweight Bar JCB JS145W+<\/strong><\/p>\n<p data-start=\"68\" data-end=\"131\">The bar includes 6 red LED marker lights and 2 strobe lights.<\/p>\n<p data-start=\"133\" data-end=\"240\">RST-Steel auxiliary light bars are high-quality Key Flag (Avainlippu) products made from stainless steel.<\/p>\n<p data-start=\"242\" data-end=\"374\">The light bar enhances the stylish lines of the cab, and you can also install Lazer work lights on the same bar to improve safety.<\/p>\n<p data-start=\"376\" data-end=\"521\"><strong data-start=\"376\" data-end=\"405\">Tekniska specifikationer<\/strong><\/p>\n<ul>\n<li>Color: Polished stainless steel or painted in standard RAL colors<\/li>\n<li>Tube diameter: 60 mm<\/li>\n<li>2-piece construction<\/li>\n<\/ul>\n<p data-start=\"523\" data-end=\"630\" data-is-last-node=\"\" data-is-only-node=\"\"><strong data-start=\"523\" data-end=\"544\">Package Includes:<\/strong><\/p>\n<ul>\n<li>Counterweight bar<\/li>\n<li>Mounting brackets required for installation<\/li>\n<li>Installation instructions<\/li>\n<\/ul>","protected":false},"excerpt":{"rendered":"<p>Counterweight Bar JCB JS145W+ The bar includes 6 red LED marker lights and 2 strobe lights. RST-Steel auxiliary light bars&#8230;<\/p>","protected":false},"featured_media":196268,"template":"","meta":{"_improvement_type_select":"improve_an_existing","_thumb_yes_seoaic":false,"_frame_yes_seoaic":false,"seoaic_generate_description":"","seoaic_improve_instructions_prompt":"","seoaic_rollback_content_improvement":"","seoaic_idea_thumbnail_generator":"","thumbnail_generated":false,"thumbnail_generate_prompt":"","seoaic_article_description":""},"make_year":[10909],"make_brand":[12755],"make_model":[12756],"make_fuel_type":[],"product_brand":[9443],"product_cat":[10562,10566,10508],"product_tag":[],"class_list":{"0":"post-196271","1":"product","2":"type-product","3":"status-publish","4":"has-post-thumbnail","6":"make_year-workmachines","7":"make_brand-jcb-excavator","8":"make_model-jcb-excavator","9":"product_brand-brand_rststeel","10":"product_cat-rear-bars-for-excavators","11":"product_cat-jcb-rear-bars","12":"product_cat-light-bars","13":"product_shipping_class-lightbars","15":"first","16":"onbackorder","17":"taxable","18":"shipping-taxable","19":"purchasable","20":"product-type-variable"},"yoast_head":"<!-- This site is optimized with the Yoast SEO plugin v27.1.1 - https:\/\/yoast.com\/product\/yoast-seo-wordpress\/ -->\n<title>Counterweight Bar JCB JS145W+ - RST-Steel<\/title>\n<meta name=\"description\" content=\"Counterweight Bar JCB JS145W+, stainless steel with 6 red LED marker lights and 2 strobes. Durable, stylish and built for demanding job sites.\" \/>\n<meta name=\"robots\" content=\"index, follow, max-snippet:-1, max-image-preview:large, max-video-preview:-1\" \/>\n<link rel=\"canonical\" href=\"https:\/\/rst-steel.com\/sv\/produkt-kategori\/light-bars\/rear-bars-for-excavators\/jcb-rear-bars\/rear-bar-jcb-js145w\/\" \/>\n<meta property=\"og:locale\" content=\"sv_SE\" \/>\n<meta property=\"og:type\" content=\"article\" \/>\n<meta property=\"og:title\" content=\"Counterweight Bar JCB JS145W+ - RST-Steel\" \/>\n<meta property=\"og:description\" content=\"Counterweight Bar JCB JS145W+, stainless steel with 6 red LED marker lights and 2 strobes. Durable, stylish and built for demanding job sites.\" \/>\n<meta property=\"og:url\" content=\"https:\/\/rst-steel.com\/sv\/produkt-kategori\/light-bars\/rear-bars-for-excavators\/jcb-rear-bars\/rear-bar-jcb-js145w\/\" \/>\n<meta property=\"og:site_name\" content=\"RST-Steel\" \/>\n<meta property=\"article:modified_time\" content=\"2026-04-15T08:21:07+00:00\" \/>\n<meta property=\"og:image\" content=\"https:\/\/rst-steel.com\/wp-content\/uploads\/2026\/03\/cc22a7e823c3d9fce94ae8654e88bc1f47f8897b_65a43cf61e2874cee626e41b8752721a-scaled.jpg\" \/>\n\t<meta property=\"og:image:width\" content=\"2560\" \/>\n\t<meta property=\"og:image:height\" content=\"1707\" \/>\n\t<meta property=\"og:image:type\" content=\"image\/jpeg\" \/>\n<meta name=\"twitter:card\" content=\"summary_large_image\" \/>\n<meta name=\"twitter:label1\" content=\"Ber\u00e4knad l\u00e4stid\" \/>\n\t<meta name=\"twitter:data1\" content=\"1 minut\" \/>\n<script type=\"application\/ld+json\" class=\"yoast-schema-graph\">{\"@context\":\"https:\/\/schema.org\",\"@graph\":[{\"@type\":\"WebPage\",\"@id\":\"https:\/\/rst-steel.com\/product-category\/light-bars\/rear-bars-for-excavators\/jcb-rear-bars\/rear-bar-jcb-js145w\/\",\"url\":\"https:\/\/rst-steel.com\/product-category\/light-bars\/rear-bars-for-excavators\/jcb-rear-bars\/rear-bar-jcb-js145w\/\",\"name\":\"Counterweight Bar JCB JS145W+ - RST-Steel\",\"isPartOf\":{\"@id\":\"https:\/\/rst-steel.com\/#website\"},\"primaryImageOfPage\":{\"@id\":\"https:\/\/rst-steel.com\/product-category\/light-bars\/rear-bars-for-excavators\/jcb-rear-bars\/rear-bar-jcb-js145w\/#primaryimage\"},\"image\":{\"@id\":\"https:\/\/rst-steel.com\/product-category\/light-bars\/rear-bars-for-excavators\/jcb-rear-bars\/rear-bar-jcb-js145w\/#primaryimage\"},\"thumbnailUrl\":\"https:\/\/rst-steel.com\/wp-content\/uploads\/2026\/03\/cc22a7e823c3d9fce94ae8654e88bc1f47f8897b_65a43cf61e2874cee626e41b8752721a-scaled.jpg\",\"datePublished\":\"2026-03-31T08:36:19+00:00\",\"dateModified\":\"2026-04-15T08:21:07+00:00\",\"description\":\"Counterweight Bar JCB JS145W+, stainless steel with 6 red LED marker lights and 2 strobes. Durable, stylish and built for demanding job sites.\",\"breadcrumb\":{\"@id\":\"https:\/\/rst-steel.com\/product-category\/light-bars\/rear-bars-for-excavators\/jcb-rear-bars\/rear-bar-jcb-js145w\/#breadcrumb\"},\"inLanguage\":\"sv-SE\",\"potentialAction\":[{\"@type\":\"ReadAction\",\"target\":[\"https:\/\/rst-steel.com\/product-category\/light-bars\/rear-bars-for-excavators\/jcb-rear-bars\/rear-bar-jcb-js145w\/\"]}]},{\"@type\":\"ImageObject\",\"inLanguage\":\"sv-SE\",\"@id\":\"https:\/\/rst-steel.com\/product-category\/light-bars\/rear-bars-for-excavators\/jcb-rear-bars\/rear-bar-jcb-js145w\/#primaryimage\",\"url\":\"https:\/\/rst-steel.com\/wp-content\/uploads\/2026\/03\/cc22a7e823c3d9fce94ae8654e88bc1f47f8897b_65a43cf61e2874cee626e41b8752721a-scaled.jpg\",\"contentUrl\":\"https:\/\/rst-steel.com\/wp-content\/uploads\/2026\/03\/cc22a7e823c3d9fce94ae8654e88bc1f47f8897b_65a43cf61e2874cee626e41b8752721a-scaled.jpg\",\"width\":2560,\"height\":1707,\"caption\":\"Counterweight bar for JCB JS145W+\"},{\"@type\":\"BreadcrumbList\",\"@id\":\"https:\/\/rst-steel.com\/product-category\/light-bars\/rear-bars-for-excavators\/jcb-rear-bars\/rear-bar-jcb-js145w\/#breadcrumb\",\"itemListElement\":[{\"@type\":\"ListItem\",\"position\":1,\"name\":\"Home\",\"item\":\"https:\/\/rst-steel.com\/\"},{\"@type\":\"ListItem\",\"position\":2,\"name\":\"RST-Steel Verkkokauppa\",\"item\":\"https:\/\/rst-steel.com\/shop\/\"},{\"@type\":\"ListItem\",\"position\":3,\"name\":\"Counterweight Bar JCB JS145W+\"}]},{\"@type\":\"WebSite\",\"@id\":\"https:\/\/rst-steel.com\/#website\",\"url\":\"https:\/\/rst-steel.com\/\",\"name\":\"RST-Steel Oy - Turvallista, tyylik\u00e4st\u00e4, ter\u00e4st\u00e4\",\"description\":\"Finnish quality for discerning drivers\",\"publisher\":{\"@id\":\"https:\/\/rst-steel.com\/#organization\"},\"potentialAction\":[{\"@type\":\"SearchAction\",\"target\":{\"@type\":\"EntryPoint\",\"urlTemplate\":\"https:\/\/rst-steel.com\/?s={search_term_string}\"},\"query-input\":{\"@type\":\"PropertyValueSpecification\",\"valueRequired\":true,\"valueName\":\"search_term_string\"}}],\"inLanguage\":\"sv-SE\"},{\"@type\":\"Organization\",\"@id\":\"https:\/\/rst-steel.com\/#organization\",\"name\":\"RST-Steel Oy\",\"alternateName\":\"RST-Steel Oy - Turvallista, tyylik\u00e4st\u00e4, ter\u00e4st\u00e4\",\"url\":\"https:\/\/rst-steel.com\/\",\"logo\":{\"@type\":\"ImageObject\",\"inLanguage\":\"sv-SE\",\"@id\":\"https:\/\/rst-steel.com\/#\/schema\/logo\/image\/\",\"url\":\"https:\/\/rst-steel.com\/wp-content\/uploads\/2025\/02\/cropped-rst-valkoinen-ilman-taustaa-02.png\",\"contentUrl\":\"https:\/\/rst-steel.com\/wp-content\/uploads\/2025\/02\/cropped-rst-valkoinen-ilman-taustaa-02.png\",\"width\":2319,\"height\":690,\"caption\":\"RST-Steel Oy\"},\"image\":{\"@id\":\"https:\/\/rst-steel.com\/#\/schema\/logo\/image\/\"}}]}<\/script>\n<!-- \/ Yoast SEO plugin. -->","yoast_head_json":{"title":"Counterweight Bar JCB JS145W+ - RST-Steel","description":"Counterweight Bar JCB JS145W+, stainless steel with 6 red LED marker lights and 2 strobes. Durable, stylish and built for demanding job sites.","robots":{"index":"index","follow":"follow","max-snippet":"max-snippet:-1","max-image-preview":"max-image-preview:large","max-video-preview":"max-video-preview:-1"},"canonical":"https:\/\/rst-steel.com\/sv\/produkt-kategori\/light-bars\/rear-bars-for-excavators\/jcb-rear-bars\/rear-bar-jcb-js145w\/","og_locale":"sv_SE","og_type":"article","og_title":"Counterweight Bar JCB JS145W+ - RST-Steel","og_description":"Counterweight Bar JCB JS145W+, stainless steel with 6 red LED marker lights and 2 strobes. Durable, stylish and built for demanding job sites.","og_url":"https:\/\/rst-steel.com\/sv\/produkt-kategori\/light-bars\/rear-bars-for-excavators\/jcb-rear-bars\/rear-bar-jcb-js145w\/","og_site_name":"RST-Steel","article_modified_time":"2026-04-15T08:21:07+00:00","og_image":[{"width":2560,"height":1707,"url":"https:\/\/rst-steel.com\/wp-content\/uploads\/2026\/03\/cc22a7e823c3d9fce94ae8654e88bc1f47f8897b_65a43cf61e2874cee626e41b8752721a-scaled.jpg","type":"image\/jpeg"}],"twitter_card":"summary_large_image","twitter_misc":{"Ber\u00e4knad l\u00e4stid":"1 minut"},"schema":{"@context":"https:\/\/schema.org","@graph":[{"@type":"WebPage","@id":"https:\/\/rst-steel.com\/product-category\/light-bars\/rear-bars-for-excavators\/jcb-rear-bars\/rear-bar-jcb-js145w\/","url":"https:\/\/rst-steel.com\/product-category\/light-bars\/rear-bars-for-excavators\/jcb-rear-bars\/rear-bar-jcb-js145w\/","name":"Counterweight Bar JCB JS145W+ - RST-Steel","isPartOf":{"@id":"https:\/\/rst-steel.com\/#website"},"primaryImageOfPage":{"@id":"https:\/\/rst-steel.com\/product-category\/light-bars\/rear-bars-for-excavators\/jcb-rear-bars\/rear-bar-jcb-js145w\/#primaryimage"},"image":{"@id":"https:\/\/rst-steel.com\/product-category\/light-bars\/rear-bars-for-excavators\/jcb-rear-bars\/rear-bar-jcb-js145w\/#primaryimage"},"thumbnailUrl":"https:\/\/rst-steel.com\/wp-content\/uploads\/2026\/03\/cc22a7e823c3d9fce94ae8654e88bc1f47f8897b_65a43cf61e2874cee626e41b8752721a-scaled.jpg","datePublished":"2026-03-31T08:36:19+00:00","dateModified":"2026-04-15T08:21:07+00:00","description":"Counterweight Bar JCB JS145W+, stainless steel with 6 red LED marker lights and 2 strobes. Durable, stylish and built for demanding job sites.","breadcrumb":{"@id":"https:\/\/rst-steel.com\/product-category\/light-bars\/rear-bars-for-excavators\/jcb-rear-bars\/rear-bar-jcb-js145w\/#breadcrumb"},"inLanguage":"sv-SE","potentialAction":[{"@type":"ReadAction","target":["https:\/\/rst-steel.com\/product-category\/light-bars\/rear-bars-for-excavators\/jcb-rear-bars\/rear-bar-jcb-js145w\/"]}]},{"@type":"ImageObject","inLanguage":"sv-SE","@id":"https:\/\/rst-steel.com\/product-category\/light-bars\/rear-bars-for-excavators\/jcb-rear-bars\/rear-bar-jcb-js145w\/#primaryimage","url":"https:\/\/rst-steel.com\/wp-content\/uploads\/2026\/03\/cc22a7e823c3d9fce94ae8654e88bc1f47f8897b_65a43cf61e2874cee626e41b8752721a-scaled.jpg","contentUrl":"https:\/\/rst-steel.com\/wp-content\/uploads\/2026\/03\/cc22a7e823c3d9fce94ae8654e88bc1f47f8897b_65a43cf61e2874cee626e41b8752721a-scaled.jpg","width":2560,"height":1707,"caption":"Counterweight bar for JCB JS145W+"},{"@type":"BreadcrumbList","@id":"https:\/\/rst-steel.com\/product-category\/light-bars\/rear-bars-for-excavators\/jcb-rear-bars\/rear-bar-jcb-js145w\/#breadcrumb","itemListElement":[{"@type":"ListItem","position":1,"name":"Home","item":"https:\/\/rst-steel.com\/"},{"@type":"ListItem","position":2,"name":"RST-Steel Verkkokauppa","item":"https:\/\/rst-steel.com\/shop\/"},{"@type":"ListItem","position":3,"name":"Counterweight Bar JCB JS145W+"}]},{"@type":"WebSite","@id":"https:\/\/rst-steel.com\/#website","url":"https:\/\/rst-steel.com\/","name":"RST-Steel Oy - Turvallista, tyylik\u00e4st\u00e4, ter\u00e4st\u00e4","description":"Finsk kvalitet f\u00f6r kvalitetsmedvetna f\u00f6rare","publisher":{"@id":"https:\/\/rst-steel.com\/#organization"},"potentialAction":[{"@type":"SearchAction","target":{"@type":"EntryPoint","urlTemplate":"https:\/\/rst-steel.com\/?s={search_term_string}"},"query-input":{"@type":"PropertyValueSpecification","valueRequired":true,"valueName":"search_term_string"}}],"inLanguage":"sv-SE"},{"@type":"Organization","@id":"https:\/\/rst-steel.com\/#organization","name":"Hantera alternativ","alternateName":"RST-Steel Oy - Turvallista, tyylik\u00e4st\u00e4, ter\u00e4st\u00e4","url":"https:\/\/rst-steel.com\/","logo":{"@type":"ImageObject","inLanguage":"sv-SE","@id":"https:\/\/rst-steel.com\/#\/schema\/logo\/image\/","url":"https:\/\/rst-steel.com\/wp-content\/uploads\/2025\/02\/cropped-rst-valkoinen-ilman-taustaa-02.png","contentUrl":"https:\/\/rst-steel.com\/wp-content\/uploads\/2025\/02\/cropped-rst-valkoinen-ilman-taustaa-02.png","width":2319,"height":690,"caption":"RST-Steel Oy"},"image":{"@id":"https:\/\/rst-steel.com\/#\/schema\/logo\/image\/"}}]}},"_links":{"self":[{"href":"https:\/\/rst-steel.com\/sv\/wp-json\/wp\/v2\/product\/196271","targetHints":{"allow":["GET"]}}],"collection":[{"href":"https:\/\/rst-steel.com\/sv\/wp-json\/wp\/v2\/product"}],"about":[{"href":"https:\/\/rst-steel.com\/sv\/wp-json\/wp\/v2\/types\/product"}],"version-history":[{"count":2,"href":"https:\/\/rst-steel.com\/sv\/wp-json\/wp\/v2\/product\/196271\/revisions"}],"predecessor-version":[{"id":199417,"href":"https:\/\/rst-steel.com\/sv\/wp-json\/wp\/v2\/product\/196271\/revisions\/199417"}],"wp:featuredmedia":[{"embeddable":true,"href":"https:\/\/rst-steel.com\/sv\/wp-json\/wp\/v2\/media\/196268"}],"wp:attachment":[{"href":"https:\/\/rst-steel.com\/sv\/wp-json\/wp\/v2\/media?parent=196271"}],"wp:term":[{"taxonomy":"make_year","embeddable":true,"href":"https:\/\/rst-steel.com\/sv\/wp-json\/wp\/v2\/make_year?post=196271"},{"taxonomy":"make_brand","embeddable":true,"href":"https:\/\/rst-steel.com\/sv\/wp-json\/wp\/v2\/make_brand?post=196271"},{"taxonomy":"make_model","embeddable":true,"href":"https:\/\/rst-steel.com\/sv\/wp-json\/wp\/v2\/make_model?post=196271"},{"taxonomy":"make_fuel_type","embeddable":true,"href":"https:\/\/rst-steel.com\/sv\/wp-json\/wp\/v2\/make_fuel_type?post=196271"},{"taxonomy":"product_brand","embeddable":true,"href":"https:\/\/rst-steel.com\/sv\/wp-json\/wp\/v2\/product_brand?post=196271"},{"taxonomy":"product_cat","embeddable":true,"href":"https:\/\/rst-steel.com\/sv\/wp-json\/wp\/v2\/product_cat?post=196271"},{"taxonomy":"product_tag","embeddable":true,"href":"https:\/\/rst-steel.com\/sv\/wp-json\/wp\/v2\/product_tag?post=196271"}],"curies":[{"name":"wp","href":"https:\/\/api.w.org\/{rel}","templated":true}]}}