{"id":196337,"date":"2026-03-31T11:37:36","date_gmt":"2026-03-31T08:37:36","guid":{"rendered":"https:\/\/rst-steel.com\/product-category\/uncategorized\/bull-bar-dakar-volvo-fm-2021\/"},"modified":"2026-04-24T11:20:39","modified_gmt":"2026-04-24T08:20:39","slug":"bull-bar-dakar-volvo-fm-2021","status":"publish","type":"product","link":"https:\/\/rst-steel.com\/sv\/produkt-kategori\/bull-bars\/volvo-bull-bars\/bull-bar-dakar-volvo-fm-2021\/","title":{"rendered":"Frontskydd Dakar Volvo FM 2021-"},"content":{"rendered":"<p><strong>Frontskydd Dakar Volvo FM 2021-<\/strong><\/p>\n<p>RST-Steel\u2019s bull bars are high-quality products made of stainless steel.<\/p>\n<p>The bull bar protects the front of the car in possible collision situations. Gives the car a neat and elegant appearance, it also turns eyes and can arouse iron fever, making you and your company stand out.<\/p>\n<p>The bull bars can be equipped with auxiliary lights and position lights, which improve your visibility in traffic, and at the same time increase safety for yourself and others in traffic.<\/p>\n<p>&nbsp;<\/p>\n<p><strong><a href=\"https:\/\/www.youtube.com\/watch?v=G2FVajPh-pM\">BULLBAR WIRING KIT INSTALLATION VIDEO IS HERE!<\/a><\/strong><\/p>\n<p>&nbsp;<\/p>\n<p><span style=\"font-weight: bold;\">Technical information:<\/span><\/p>\n<ul>\n<li>Color: Mirror polished stainless steel or painting with RAL basic colors<\/li>\n<li>Pipe diameters: 76 mm \/ 60 mm<\/li>\n<\/ul>\n<p><span style=\"font-weight: bold;\">Delivery contents:<\/span><\/p>\n<ul>\n<li>Bull bar<\/li>\n<li>Fasteners required for installation<\/li>\n<li>Installation instructions<\/li>\n<\/ul>","protected":false},"excerpt":{"rendered":"<p>Bull Bar Dakar Volvo FM 2021- RST-Steel\u2019s bull bars are high-quality products made of stainless steel. The bull bar protects&#8230;<\/p>","protected":false},"featured_media":201441,"template":"","meta":[],"make_year":[10907],"make_brand":[10939],"make_model":[10980],"make_fuel_type":[],"product_brand":[9443],"product_cat":[10670,10672],"product_tag":[],"class_list":{"0":"post-196337","1":"product","2":"type-product","3":"status-publish","4":"has-post-thumbnail","6":"make_year-trucks","7":"make_brand-volvo","8":"make_model-volvo-fm-2021","9":"product_brand-brand_rststeel","10":"product_cat-bull-bars","11":"product_cat-volvo-bull-bars","12":"product_shipping_class-bullbars","14":"first","15":"instock","16":"taxable","17":"shipping-taxable","18":"purchasable","19":"product-type-variable"},"yoast_head":"<!-- This site is optimized with the Yoast SEO plugin v27.1.1 - https:\/\/yoast.com\/product\/yoast-seo-wordpress\/ -->\n<title>Bull Bar Dakar Volvo FM 2021- RST-Steel<\/title>\n<meta name=\"description\" content=\"High-quality Bull Bar Dakar for Volvo FM 2021. Made from polished stainless steel, it enhances safety and appearance, with options for LED lights.\" \/>\n<meta name=\"robots\" content=\"index, follow, max-snippet:-1, max-image-preview:large, max-video-preview:-1\" \/>\n<link rel=\"canonical\" href=\"https:\/\/rst-steel.com\/sv\/produkt-kategori\/bull-bars\/volvo-bull-bars\/bull-bar-dakar-volvo-fm-2021\/\" \/>\n<meta property=\"og:locale\" content=\"sv_SE\" \/>\n<meta property=\"og:type\" content=\"article\" \/>\n<meta property=\"og:title\" content=\"Bull Bar Dakar Volvo FM 2021- RST-Steel\" \/>\n<meta property=\"og:description\" content=\"High-quality Bull Bar Dakar for Volvo FM 2021. Made from polished stainless steel, it enhances safety and appearance, with options for LED lights.\" \/>\n<meta property=\"og:url\" content=\"https:\/\/rst-steel.com\/sv\/produkt-kategori\/bull-bars\/volvo-bull-bars\/bull-bar-dakar-volvo-fm-2021\/\" \/>\n<meta property=\"og:site_name\" content=\"RST-Steel\" \/>\n<meta property=\"article:modified_time\" content=\"2026-04-24T08:20:39+00:00\" \/>\n<meta property=\"og:image\" content=\"https:\/\/rst-steel.com\/wp-content\/uploads\/2026\/03\/4241e02b5a002829d32b0f9d581d357e.jpg\" \/>\n\t<meta property=\"og:image:width\" content=\"2048\" \/>\n\t<meta property=\"og:image:height\" content=\"2048\" \/>\n\t<meta property=\"og:image:type\" content=\"image\/jpeg\" \/>\n<meta name=\"twitter:card\" content=\"summary_large_image\" \/>\n<meta name=\"twitter:label1\" content=\"Ber\u00e4knad l\u00e4stid\" \/>\n\t<meta name=\"twitter:data1\" content=\"1 minut\" \/>\n<script type=\"application\/ld+json\" class=\"yoast-schema-graph\">{\"@context\":\"https:\/\/schema.org\",\"@graph\":[{\"@type\":\"WebPage\",\"@id\":\"https:\/\/rst-steel.com\/product-category\/bull-bars\/volvo-bull-bars\/bull-bar-dakar-volvo-fm-2021\/\",\"url\":\"https:\/\/rst-steel.com\/product-category\/bull-bars\/volvo-bull-bars\/bull-bar-dakar-volvo-fm-2021\/\",\"name\":\"Bull Bar Dakar Volvo FM 2021- RST-Steel\",\"isPartOf\":{\"@id\":\"https:\/\/rst-steel.com\/#website\"},\"primaryImageOfPage\":{\"@id\":\"https:\/\/rst-steel.com\/product-category\/bull-bars\/volvo-bull-bars\/bull-bar-dakar-volvo-fm-2021\/#primaryimage\"},\"image\":{\"@id\":\"https:\/\/rst-steel.com\/product-category\/bull-bars\/volvo-bull-bars\/bull-bar-dakar-volvo-fm-2021\/#primaryimage\"},\"thumbnailUrl\":\"https:\/\/rst-steel.com\/wp-content\/uploads\/2026\/03\/4241e02b5a002829d32b0f9d581d357e.jpg\",\"datePublished\":\"2026-03-31T08:37:36+00:00\",\"dateModified\":\"2026-04-24T08:20:39+00:00\",\"description\":\"High-quality Bull Bar Dakar for Volvo FM 2021. Made from polished stainless steel, it enhances safety and appearance, with options for LED lights.\",\"breadcrumb\":{\"@id\":\"https:\/\/rst-steel.com\/product-category\/bull-bars\/volvo-bull-bars\/bull-bar-dakar-volvo-fm-2021\/#breadcrumb\"},\"inLanguage\":\"sv-SE\",\"potentialAction\":[{\"@type\":\"ReadAction\",\"target\":[\"https:\/\/rst-steel.com\/product-category\/bull-bars\/volvo-bull-bars\/bull-bar-dakar-volvo-fm-2021\/\"]}]},{\"@type\":\"ImageObject\",\"inLanguage\":\"sv-SE\",\"@id\":\"https:\/\/rst-steel.com\/product-category\/bull-bars\/volvo-bull-bars\/bull-bar-dakar-volvo-fm-2021\/#primaryimage\",\"url\":\"https:\/\/rst-steel.com\/wp-content\/uploads\/2026\/03\/4241e02b5a002829d32b0f9d581d357e.jpg\",\"contentUrl\":\"https:\/\/rst-steel.com\/wp-content\/uploads\/2026\/03\/4241e02b5a002829d32b0f9d581d357e.jpg\",\"width\":2048,\"height\":2048},{\"@type\":\"BreadcrumbList\",\"@id\":\"https:\/\/rst-steel.com\/product-category\/bull-bars\/volvo-bull-bars\/bull-bar-dakar-volvo-fm-2021\/#breadcrumb\",\"itemListElement\":[{\"@type\":\"ListItem\",\"position\":1,\"name\":\"Home\",\"item\":\"https:\/\/rst-steel.com\/\"},{\"@type\":\"ListItem\",\"position\":2,\"name\":\"RST-Steel Verkkokauppa\",\"item\":\"https:\/\/rst-steel.com\/shop\/\"},{\"@type\":\"ListItem\",\"position\":3,\"name\":\"Bull Bar Dakar Volvo FM 2021-\"}]},{\"@type\":\"WebSite\",\"@id\":\"https:\/\/rst-steel.com\/#website\",\"url\":\"https:\/\/rst-steel.com\/\",\"name\":\"RST-Steel Oy - Turvallista, tyylik\u00e4st\u00e4, ter\u00e4st\u00e4\",\"description\":\"Finnish quality for discerning drivers\",\"publisher\":{\"@id\":\"https:\/\/rst-steel.com\/#organization\"},\"potentialAction\":[{\"@type\":\"SearchAction\",\"target\":{\"@type\":\"EntryPoint\",\"urlTemplate\":\"https:\/\/rst-steel.com\/?s={search_term_string}\"},\"query-input\":{\"@type\":\"PropertyValueSpecification\",\"valueRequired\":true,\"valueName\":\"search_term_string\"}}],\"inLanguage\":\"sv-SE\"},{\"@type\":\"Organization\",\"@id\":\"https:\/\/rst-steel.com\/#organization\",\"name\":\"RST-Steel Oy\",\"alternateName\":\"RST-Steel Oy - Turvallista, tyylik\u00e4st\u00e4, ter\u00e4st\u00e4\",\"url\":\"https:\/\/rst-steel.com\/\",\"logo\":{\"@type\":\"ImageObject\",\"inLanguage\":\"sv-SE\",\"@id\":\"https:\/\/rst-steel.com\/#\/schema\/logo\/image\/\",\"url\":\"https:\/\/rst-steel.com\/wp-content\/uploads\/2025\/02\/cropped-rst-valkoinen-ilman-taustaa-02.png\",\"contentUrl\":\"https:\/\/rst-steel.com\/wp-content\/uploads\/2025\/02\/cropped-rst-valkoinen-ilman-taustaa-02.png\",\"width\":2319,\"height\":690,\"caption\":\"RST-Steel Oy\"},\"image\":{\"@id\":\"https:\/\/rst-steel.com\/#\/schema\/logo\/image\/\"}}]}<\/script>\n<!-- \/ Yoast SEO plugin. -->","yoast_head_json":{"title":"Bull Bar Dakar Volvo FM 2021- RST-Steel","description":"High-quality Bull Bar Dakar for Volvo FM 2021. Made from polished stainless steel, it enhances safety and appearance, with options for LED lights.","robots":{"index":"index","follow":"follow","max-snippet":"max-snippet:-1","max-image-preview":"max-image-preview:large","max-video-preview":"max-video-preview:-1"},"canonical":"https:\/\/rst-steel.com\/sv\/produkt-kategori\/bull-bars\/volvo-bull-bars\/bull-bar-dakar-volvo-fm-2021\/","og_locale":"sv_SE","og_type":"article","og_title":"Bull Bar Dakar Volvo FM 2021- RST-Steel","og_description":"High-quality Bull Bar Dakar for Volvo FM 2021. Made from polished stainless steel, it enhances safety and appearance, with options for LED lights.","og_url":"https:\/\/rst-steel.com\/sv\/produkt-kategori\/bull-bars\/volvo-bull-bars\/bull-bar-dakar-volvo-fm-2021\/","og_site_name":"RST-Steel","article_modified_time":"2026-04-24T08:20:39+00:00","og_image":[{"width":2048,"height":2048,"url":"https:\/\/rst-steel.com\/wp-content\/uploads\/2026\/03\/4241e02b5a002829d32b0f9d581d357e.jpg","type":"image\/jpeg"}],"twitter_card":"summary_large_image","twitter_misc":{"Ber\u00e4knad l\u00e4stid":"1 minut"},"schema":{"@context":"https:\/\/schema.org","@graph":[{"@type":"WebPage","@id":"https:\/\/rst-steel.com\/product-category\/bull-bars\/volvo-bull-bars\/bull-bar-dakar-volvo-fm-2021\/","url":"https:\/\/rst-steel.com\/product-category\/bull-bars\/volvo-bull-bars\/bull-bar-dakar-volvo-fm-2021\/","name":"Bull Bar Dakar Volvo FM 2021- RST-Steel","isPartOf":{"@id":"https:\/\/rst-steel.com\/#website"},"primaryImageOfPage":{"@id":"https:\/\/rst-steel.com\/product-category\/bull-bars\/volvo-bull-bars\/bull-bar-dakar-volvo-fm-2021\/#primaryimage"},"image":{"@id":"https:\/\/rst-steel.com\/product-category\/bull-bars\/volvo-bull-bars\/bull-bar-dakar-volvo-fm-2021\/#primaryimage"},"thumbnailUrl":"https:\/\/rst-steel.com\/wp-content\/uploads\/2026\/03\/4241e02b5a002829d32b0f9d581d357e.jpg","datePublished":"2026-03-31T08:37:36+00:00","dateModified":"2026-04-24T08:20:39+00:00","description":"High-quality Bull Bar Dakar for Volvo FM 2021. Made from polished stainless steel, it enhances safety and appearance, with options for LED lights.","breadcrumb":{"@id":"https:\/\/rst-steel.com\/product-category\/bull-bars\/volvo-bull-bars\/bull-bar-dakar-volvo-fm-2021\/#breadcrumb"},"inLanguage":"sv-SE","potentialAction":[{"@type":"ReadAction","target":["https:\/\/rst-steel.com\/product-category\/bull-bars\/volvo-bull-bars\/bull-bar-dakar-volvo-fm-2021\/"]}]},{"@type":"ImageObject","inLanguage":"sv-SE","@id":"https:\/\/rst-steel.com\/product-category\/bull-bars\/volvo-bull-bars\/bull-bar-dakar-volvo-fm-2021\/#primaryimage","url":"https:\/\/rst-steel.com\/wp-content\/uploads\/2026\/03\/4241e02b5a002829d32b0f9d581d357e.jpg","contentUrl":"https:\/\/rst-steel.com\/wp-content\/uploads\/2026\/03\/4241e02b5a002829d32b0f9d581d357e.jpg","width":2048,"height":2048},{"@type":"BreadcrumbList","@id":"https:\/\/rst-steel.com\/product-category\/bull-bars\/volvo-bull-bars\/bull-bar-dakar-volvo-fm-2021\/#breadcrumb","itemListElement":[{"@type":"ListItem","position":1,"name":"Home","item":"https:\/\/rst-steel.com\/"},{"@type":"ListItem","position":2,"name":"RST-Steel Verkkokauppa","item":"https:\/\/rst-steel.com\/shop\/"},{"@type":"ListItem","position":3,"name":"Bull Bar Dakar Volvo FM 2021-"}]},{"@type":"WebSite","@id":"https:\/\/rst-steel.com\/#website","url":"https:\/\/rst-steel.com\/","name":"RST-Steel Oy - Turvallista, tyylik\u00e4st\u00e4, ter\u00e4st\u00e4","description":"Finsk kvalitet f\u00f6r kvalitetsmedvetna f\u00f6rare","publisher":{"@id":"https:\/\/rst-steel.com\/#organization"},"potentialAction":[{"@type":"SearchAction","target":{"@type":"EntryPoint","urlTemplate":"https:\/\/rst-steel.com\/?s={search_term_string}"},"query-input":{"@type":"PropertyValueSpecification","valueRequired":true,"valueName":"search_term_string"}}],"inLanguage":"sv-SE"},{"@type":"Organization","@id":"https:\/\/rst-steel.com\/#organization","name":"RST-Steel Oy","alternateName":"RST-Steel Oy - Turvallista, tyylik\u00e4st\u00e4, ter\u00e4st\u00e4","url":"https:\/\/rst-steel.com\/","logo":{"@type":"ImageObject","inLanguage":"sv-SE","@id":"https:\/\/rst-steel.com\/#\/schema\/logo\/image\/","url":"https:\/\/rst-steel.com\/wp-content\/uploads\/2025\/02\/cropped-rst-valkoinen-ilman-taustaa-02.png","contentUrl":"https:\/\/rst-steel.com\/wp-content\/uploads\/2025\/02\/cropped-rst-valkoinen-ilman-taustaa-02.png","width":2319,"height":690,"caption":"RST-Steel Oy"},"image":{"@id":"https:\/\/rst-steel.com\/#\/schema\/logo\/image\/"}}]}},"_links":{"self":[{"href":"https:\/\/rst-steel.com\/sv\/wp-json\/wp\/v2\/product\/196337","targetHints":{"allow":["GET"]}}],"collection":[{"href":"https:\/\/rst-steel.com\/sv\/wp-json\/wp\/v2\/product"}],"about":[{"href":"https:\/\/rst-steel.com\/sv\/wp-json\/wp\/v2\/types\/product"}],"version-history":[{"count":4,"href":"https:\/\/rst-steel.com\/sv\/wp-json\/wp\/v2\/product\/196337\/revisions"}],"predecessor-version":[{"id":201442,"href":"https:\/\/rst-steel.com\/sv\/wp-json\/wp\/v2\/product\/196337\/revisions\/201442"}],"wp:featuredmedia":[{"embeddable":true,"href":"https:\/\/rst-steel.com\/sv\/wp-json\/wp\/v2\/media\/201441"}],"wp:attachment":[{"href":"https:\/\/rst-steel.com\/sv\/wp-json\/wp\/v2\/media?parent=196337"}],"wp:term":[{"taxonomy":"make_year","embeddable":true,"href":"https:\/\/rst-steel.com\/sv\/wp-json\/wp\/v2\/make_year?post=196337"},{"taxonomy":"make_brand","embeddable":true,"href":"https:\/\/rst-steel.com\/sv\/wp-json\/wp\/v2\/make_brand?post=196337"},{"taxonomy":"make_model","embeddable":true,"href":"https:\/\/rst-steel.com\/sv\/wp-json\/wp\/v2\/make_model?post=196337"},{"taxonomy":"make_fuel_type","embeddable":true,"href":"https:\/\/rst-steel.com\/sv\/wp-json\/wp\/v2\/make_fuel_type?post=196337"},{"taxonomy":"product_brand","embeddable":true,"href":"https:\/\/rst-steel.com\/sv\/wp-json\/wp\/v2\/product_brand?post=196337"},{"taxonomy":"product_cat","embeddable":true,"href":"https:\/\/rst-steel.com\/sv\/wp-json\/wp\/v2\/product_cat?post=196337"},{"taxonomy":"product_tag","embeddable":true,"href":"https:\/\/rst-steel.com\/sv\/wp-json\/wp\/v2\/product_tag?post=196337"}],"curies":[{"name":"wp","href":"https:\/\/api.w.org\/{rel}","templated":true}]}}