{"id":196387,"date":"2026-03-31T11:38:36","date_gmt":"2026-03-31T08:38:36","guid":{"rendered":"https:\/\/rst-steel.com\/product-category\/uncategorized\/takakulmaputket-ford-transit-custom-2024\/"},"modified":"2026-04-15T14:30:47","modified_gmt":"2026-04-15T11:30:47","slug":"rear-corner-bars-ford-transit-custom-2024","status":"publish","type":"product","link":"https:\/\/rst-steel.com\/sv\/produkt-kategori\/side-bars-and-side-steps\/rear-corner-bars-for-vans\/ford-rear-corner-bars\/rear-corner-bars-ford-transit-custom-2024\/","title":{"rendered":"Rear Corner Bars Ford Transit Custom 2024-"},"content":{"rendered":"<p><strong>Rear Corner Bars Ford Transit Custom 2024-<\/strong><\/p>\n<p>&nbsp;<\/p>\n<p>RST-Steel&#8217;s rear corner bars are high-quality products, made in\u00a0<span style=\"font-weight: bold;\">Finland\u00a0<\/span>from stainless steel.<\/p>\n<p>Rear corner bar is a stylish accessory with which you protect your car from extra bumps. The rear corner bars can also be equipped with position lights, which improves visibility in traffic even more. Quick and easy installation, installation in ready-made places.<\/p>\n<p>Crafted from stainless steel, these rear corner bars feature a 60 mm diameter, combined with a hand-finished design, ensuring durability for years rather than just a single season.<\/p>\n<p>Included with the product is a stainless steel mounting kit specifically for your car, along with straightforward installation instructions.<\/p>\n<p><span style=\"font-weight: bold;\">Quick and easy installation, installation in ready-made places.<\/span><\/p>\n<p>&nbsp;<\/p>\n<p><span style=\"font-weight: bold;\">NOTE<\/span>! Does not fit Sport and trail models!<\/p>\n<p>&nbsp;<\/p>\n<p><span style=\"font-weight: bold;\">Why Choose RST-Steel?<\/span><\/p>\n<ul>\n<li><span style=\"font-weight: bold;\">Made in Finland:\u00a0<\/span>All our products are made in our own factory in Nivala<\/li>\n<li><span style=\"font-weight: bold;\">Reliability<\/span>: Years of experience and expertise ensure the high quality and durability of our products.<\/li>\n<li><span style=\"font-weight: bold;\">Customer Satisfaction<\/span>: Thousands of satisfied customers worldwide trust RST-Steel products.<\/li>\n<\/ul>\n<p><span style=\"font-weight: bold;\">Technical information:<\/span><\/p>\n<ul>\n<li>Color: Mirror polished stainless steel or Powdercoated with RAL-colors<\/li>\n<li>Bar diameter: 60 mm<\/li>\n<\/ul>\n<p><span style=\"font-weight: bold;\">Delivery contents:<\/span><\/p>\n<ul>\n<li>Rear corner bars<\/li>\n<li>Fasteners required for installation<\/li>\n<li>Installation instructions<\/li>\n<\/ul>","protected":false},"excerpt":{"rendered":"<p>Rear Corner Bars Ford Transit Custom 2024- &nbsp; RST-Steel&#8217;s rear corner bars are high-quality products, made in\u00a0Finland\u00a0from stainless steel. Rear&#8230;<\/p>","protected":false},"featured_media":196384,"template":"","meta":[],"make_year":[10908],"make_brand":[10918],"make_model":[11023],"make_fuel_type":[],"product_brand":[9443],"product_cat":[10848,10844,10843],"product_tag":[],"class_list":{"0":"post-196387","1":"product","2":"type-product","3":"status-publish","4":"has-post-thumbnail","6":"make_year-van","7":"make_brand-ford-van","8":"make_model-transit-custom-23","9":"make_engine-transit-custom-l1-h1","10":"make_engine-transit-custom-l1-h2","11":"make_engine-transit-custom-l2-h1","12":"make_engine-transit-custom-l2-h2","13":"make_engine-transporter-l1-h1-akselivali-3000mm","14":"make_engine-transporter-l2h1-akselivali-3400mm","15":"make_engine-transporter-l2-h2-akselivali-3400mm","16":"product_brand-brand_rststeel","17":"product_cat-ford-rear-corner-bars","18":"product_cat-rear-corner-bars-for-vans","19":"product_cat-side-bars-and-side-steps","21":"first","22":"instock","23":"taxable","24":"shipping-taxable","25":"purchasable","26":"product-type-variable"},"yoast_head":"<!-- This site is optimized with the Yoast SEO plugin v27.1.1 - https:\/\/yoast.com\/product\/yoast-seo-wordpress\/ -->\n<title>Rear Corner Bars Ford Transit Custom 2024- RST-Steel<\/title>\n<meta name=\"description\" content=\"Rear Corner Bars Ford Transit Custom 2024-. Durable stainless steel design that enhances rear protection and adds a stylish, rugged appearance.\" \/>\n<meta name=\"robots\" content=\"index, follow, max-snippet:-1, max-image-preview:large, max-video-preview:-1\" \/>\n<link rel=\"canonical\" href=\"https:\/\/rst-steel.com\/sv\/produkt-kategori\/side-bars-and-side-steps\/rear-corner-bars-for-vans\/ford-rear-corner-bars\/rear-corner-bars-ford-transit-custom-2024\/\" \/>\n<meta property=\"og:locale\" content=\"sv_SE\" \/>\n<meta property=\"og:type\" content=\"article\" \/>\n<meta property=\"og:title\" content=\"Rear Corner Bars Ford Transit Custom 2024- RST-Steel\" \/>\n<meta property=\"og:description\" content=\"Rear Corner Bars Ford Transit Custom 2024-. Durable stainless steel design that enhances rear protection and adds a stylish, rugged appearance.\" \/>\n<meta property=\"og:url\" content=\"https:\/\/rst-steel.com\/sv\/produkt-kategori\/side-bars-and-side-steps\/rear-corner-bars-for-vans\/ford-rear-corner-bars\/rear-corner-bars-ford-transit-custom-2024\/\" \/>\n<meta property=\"og:site_name\" content=\"RST-Steel\" \/>\n<meta property=\"article:modified_time\" content=\"2026-04-15T11:30:47+00:00\" \/>\n<meta property=\"og:image\" content=\"https:\/\/rst-steel.com\/wp-content\/uploads\/2026\/03\/076a7610f0aacc8a0d1a9ebbb6d4e2942cad7de6_c7e749c335498edbe62c24f190944e28-1.jpg\" \/>\n\t<meta property=\"og:image:width\" content=\"1600\" \/>\n\t<meta property=\"og:image:height\" content=\"1200\" \/>\n\t<meta property=\"og:image:type\" content=\"image\/jpeg\" \/>\n<meta name=\"twitter:card\" content=\"summary_large_image\" \/>\n<meta name=\"twitter:label1\" content=\"Ber\u00e4knad l\u00e4stid\" \/>\n\t<meta name=\"twitter:data1\" content=\"2 minuter\" \/>\n<script type=\"application\/ld+json\" class=\"yoast-schema-graph\">{\"@context\":\"https:\/\/schema.org\",\"@graph\":[{\"@type\":\"WebPage\",\"@id\":\"https:\/\/rst-steel.com\/product-category\/side-bars-and-side-steps\/rear-corner-bars-for-vans\/ford-rear-corner-bars\/rear-corner-bars-ford-transit-custom-2024\/\",\"url\":\"https:\/\/rst-steel.com\/product-category\/side-bars-and-side-steps\/rear-corner-bars-for-vans\/ford-rear-corner-bars\/rear-corner-bars-ford-transit-custom-2024\/\",\"name\":\"Rear Corner Bars Ford Transit Custom 2024- RST-Steel\",\"isPartOf\":{\"@id\":\"https:\/\/rst-steel.com\/#website\"},\"primaryImageOfPage\":{\"@id\":\"https:\/\/rst-steel.com\/product-category\/side-bars-and-side-steps\/rear-corner-bars-for-vans\/ford-rear-corner-bars\/rear-corner-bars-ford-transit-custom-2024\/#primaryimage\"},\"image\":{\"@id\":\"https:\/\/rst-steel.com\/product-category\/side-bars-and-side-steps\/rear-corner-bars-for-vans\/ford-rear-corner-bars\/rear-corner-bars-ford-transit-custom-2024\/#primaryimage\"},\"thumbnailUrl\":\"https:\/\/rst-steel.com\/wp-content\/uploads\/2026\/03\/076a7610f0aacc8a0d1a9ebbb6d4e2942cad7de6_c7e749c335498edbe62c24f190944e28-1.jpg\",\"datePublished\":\"2026-03-31T08:38:36+00:00\",\"dateModified\":\"2026-04-15T11:30:47+00:00\",\"description\":\"Rear Corner Bars Ford Transit Custom 2024-. Durable stainless steel design that enhances rear protection and adds a stylish, rugged appearance.\",\"breadcrumb\":{\"@id\":\"https:\/\/rst-steel.com\/product-category\/side-bars-and-side-steps\/rear-corner-bars-for-vans\/ford-rear-corner-bars\/rear-corner-bars-ford-transit-custom-2024\/#breadcrumb\"},\"inLanguage\":\"sv-SE\",\"potentialAction\":[{\"@type\":\"ReadAction\",\"target\":[\"https:\/\/rst-steel.com\/product-category\/side-bars-and-side-steps\/rear-corner-bars-for-vans\/ford-rear-corner-bars\/rear-corner-bars-ford-transit-custom-2024\/\"]}]},{\"@type\":\"ImageObject\",\"inLanguage\":\"sv-SE\",\"@id\":\"https:\/\/rst-steel.com\/product-category\/side-bars-and-side-steps\/rear-corner-bars-for-vans\/ford-rear-corner-bars\/rear-corner-bars-ford-transit-custom-2024\/#primaryimage\",\"url\":\"https:\/\/rst-steel.com\/wp-content\/uploads\/2026\/03\/076a7610f0aacc8a0d1a9ebbb6d4e2942cad7de6_c7e749c335498edbe62c24f190944e28-1.jpg\",\"contentUrl\":\"https:\/\/rst-steel.com\/wp-content\/uploads\/2026\/03\/076a7610f0aacc8a0d1a9ebbb6d4e2942cad7de6_c7e749c335498edbe62c24f190944e28-1.jpg\",\"width\":1600,\"height\":1200,\"caption\":\"Rear Corner Bars Ford Transit Custom 2024-\"},{\"@type\":\"BreadcrumbList\",\"@id\":\"https:\/\/rst-steel.com\/product-category\/side-bars-and-side-steps\/rear-corner-bars-for-vans\/ford-rear-corner-bars\/rear-corner-bars-ford-transit-custom-2024\/#breadcrumb\",\"itemListElement\":[{\"@type\":\"ListItem\",\"position\":1,\"name\":\"Home\",\"item\":\"https:\/\/rst-steel.com\/\"},{\"@type\":\"ListItem\",\"position\":2,\"name\":\"RST-Steel Verkkokauppa\",\"item\":\"https:\/\/rst-steel.com\/shop\/\"},{\"@type\":\"ListItem\",\"position\":3,\"name\":\"Rear Corner Bars Ford Transit Custom 2024-\"}]},{\"@type\":\"WebSite\",\"@id\":\"https:\/\/rst-steel.com\/#website\",\"url\":\"https:\/\/rst-steel.com\/\",\"name\":\"RST-Steel Oy - Turvallista, tyylik\u00e4st\u00e4, ter\u00e4st\u00e4\",\"description\":\"Finnish quality for discerning drivers\",\"publisher\":{\"@id\":\"https:\/\/rst-steel.com\/#organization\"},\"potentialAction\":[{\"@type\":\"SearchAction\",\"target\":{\"@type\":\"EntryPoint\",\"urlTemplate\":\"https:\/\/rst-steel.com\/?s={search_term_string}\"},\"query-input\":{\"@type\":\"PropertyValueSpecification\",\"valueRequired\":true,\"valueName\":\"search_term_string\"}}],\"inLanguage\":\"sv-SE\"},{\"@type\":\"Organization\",\"@id\":\"https:\/\/rst-steel.com\/#organization\",\"name\":\"RST-Steel Oy\",\"alternateName\":\"RST-Steel Oy - Turvallista, tyylik\u00e4st\u00e4, ter\u00e4st\u00e4\",\"url\":\"https:\/\/rst-steel.com\/\",\"logo\":{\"@type\":\"ImageObject\",\"inLanguage\":\"sv-SE\",\"@id\":\"https:\/\/rst-steel.com\/#\/schema\/logo\/image\/\",\"url\":\"https:\/\/rst-steel.com\/wp-content\/uploads\/2025\/02\/cropped-rst-valkoinen-ilman-taustaa-02.png\",\"contentUrl\":\"https:\/\/rst-steel.com\/wp-content\/uploads\/2025\/02\/cropped-rst-valkoinen-ilman-taustaa-02.png\",\"width\":2319,\"height\":690,\"caption\":\"RST-Steel Oy\"},\"image\":{\"@id\":\"https:\/\/rst-steel.com\/#\/schema\/logo\/image\/\"}}]}<\/script>\n<!-- \/ Yoast SEO plugin. -->","yoast_head_json":{"title":"Rear Corner Bars Ford Transit Custom 2024- RST-Steel","description":"Rear Corner Bars Ford Transit Custom 2024-. Durable stainless steel design that enhances rear protection and adds a stylish, rugged appearance.","robots":{"index":"index","follow":"follow","max-snippet":"max-snippet:-1","max-image-preview":"max-image-preview:large","max-video-preview":"max-video-preview:-1"},"canonical":"https:\/\/rst-steel.com\/sv\/produkt-kategori\/side-bars-and-side-steps\/rear-corner-bars-for-vans\/ford-rear-corner-bars\/rear-corner-bars-ford-transit-custom-2024\/","og_locale":"sv_SE","og_type":"article","og_title":"Rear Corner Bars Ford Transit Custom 2024- RST-Steel","og_description":"Rear Corner Bars Ford Transit Custom 2024-. Durable stainless steel design that enhances rear protection and adds a stylish, rugged appearance.","og_url":"https:\/\/rst-steel.com\/sv\/produkt-kategori\/side-bars-and-side-steps\/rear-corner-bars-for-vans\/ford-rear-corner-bars\/rear-corner-bars-ford-transit-custom-2024\/","og_site_name":"RST-Steel","article_modified_time":"2026-04-15T11:30:47+00:00","og_image":[{"width":1600,"height":1200,"url":"https:\/\/rst-steel.com\/wp-content\/uploads\/2026\/03\/076a7610f0aacc8a0d1a9ebbb6d4e2942cad7de6_c7e749c335498edbe62c24f190944e28-1.jpg","type":"image\/jpeg"}],"twitter_card":"summary_large_image","twitter_misc":{"Ber\u00e4knad l\u00e4stid":"2 minuter"},"schema":{"@context":"https:\/\/schema.org","@graph":[{"@type":"WebPage","@id":"https:\/\/rst-steel.com\/product-category\/side-bars-and-side-steps\/rear-corner-bars-for-vans\/ford-rear-corner-bars\/rear-corner-bars-ford-transit-custom-2024\/","url":"https:\/\/rst-steel.com\/product-category\/side-bars-and-side-steps\/rear-corner-bars-for-vans\/ford-rear-corner-bars\/rear-corner-bars-ford-transit-custom-2024\/","name":"Rear Corner Bars Ford Transit Custom 2024- RST-Steel","isPartOf":{"@id":"https:\/\/rst-steel.com\/#website"},"primaryImageOfPage":{"@id":"https:\/\/rst-steel.com\/product-category\/side-bars-and-side-steps\/rear-corner-bars-for-vans\/ford-rear-corner-bars\/rear-corner-bars-ford-transit-custom-2024\/#primaryimage"},"image":{"@id":"https:\/\/rst-steel.com\/product-category\/side-bars-and-side-steps\/rear-corner-bars-for-vans\/ford-rear-corner-bars\/rear-corner-bars-ford-transit-custom-2024\/#primaryimage"},"thumbnailUrl":"https:\/\/rst-steel.com\/wp-content\/uploads\/2026\/03\/076a7610f0aacc8a0d1a9ebbb6d4e2942cad7de6_c7e749c335498edbe62c24f190944e28-1.jpg","datePublished":"2026-03-31T08:38:36+00:00","dateModified":"2026-04-15T11:30:47+00:00","description":"Rear Corner Bars Ford Transit Custom 2024-. Durable stainless steel design that enhances rear protection and adds a stylish, rugged appearance.","breadcrumb":{"@id":"https:\/\/rst-steel.com\/product-category\/side-bars-and-side-steps\/rear-corner-bars-for-vans\/ford-rear-corner-bars\/rear-corner-bars-ford-transit-custom-2024\/#breadcrumb"},"inLanguage":"sv-SE","potentialAction":[{"@type":"ReadAction","target":["https:\/\/rst-steel.com\/product-category\/side-bars-and-side-steps\/rear-corner-bars-for-vans\/ford-rear-corner-bars\/rear-corner-bars-ford-transit-custom-2024\/"]}]},{"@type":"ImageObject","inLanguage":"sv-SE","@id":"https:\/\/rst-steel.com\/product-category\/side-bars-and-side-steps\/rear-corner-bars-for-vans\/ford-rear-corner-bars\/rear-corner-bars-ford-transit-custom-2024\/#primaryimage","url":"https:\/\/rst-steel.com\/wp-content\/uploads\/2026\/03\/076a7610f0aacc8a0d1a9ebbb6d4e2942cad7de6_c7e749c335498edbe62c24f190944e28-1.jpg","contentUrl":"https:\/\/rst-steel.com\/wp-content\/uploads\/2026\/03\/076a7610f0aacc8a0d1a9ebbb6d4e2942cad7de6_c7e749c335498edbe62c24f190944e28-1.jpg","width":1600,"height":1200,"caption":"Rear Corner Bars Ford Transit Custom 2024-"},{"@type":"BreadcrumbList","@id":"https:\/\/rst-steel.com\/product-category\/side-bars-and-side-steps\/rear-corner-bars-for-vans\/ford-rear-corner-bars\/rear-corner-bars-ford-transit-custom-2024\/#breadcrumb","itemListElement":[{"@type":"ListItem","position":1,"name":"Home","item":"https:\/\/rst-steel.com\/"},{"@type":"ListItem","position":2,"name":"RST-Steel Verkkokauppa","item":"https:\/\/rst-steel.com\/shop\/"},{"@type":"ListItem","position":3,"name":"Rear Corner Bars Ford Transit Custom 2024-"}]},{"@type":"WebSite","@id":"https:\/\/rst-steel.com\/#website","url":"https:\/\/rst-steel.com\/","name":"RST-Steel Oy - Turvallista, tyylik\u00e4st\u00e4, ter\u00e4st\u00e4","description":"Finsk kvalitet f\u00f6r kvalitetsmedvetna f\u00f6rare","publisher":{"@id":"https:\/\/rst-steel.com\/#organization"},"potentialAction":[{"@type":"SearchAction","target":{"@type":"EntryPoint","urlTemplate":"https:\/\/rst-steel.com\/?s={search_term_string}"},"query-input":{"@type":"PropertyValueSpecification","valueRequired":true,"valueName":"search_term_string"}}],"inLanguage":"sv-SE"},{"@type":"Organization","@id":"https:\/\/rst-steel.com\/#organization","name":"RST-Steel Oy","alternateName":"RST-Steel Oy - Turvallista, tyylik\u00e4st\u00e4, ter\u00e4st\u00e4","url":"https:\/\/rst-steel.com\/","logo":{"@type":"ImageObject","inLanguage":"sv-SE","@id":"https:\/\/rst-steel.com\/#\/schema\/logo\/image\/","url":"https:\/\/rst-steel.com\/wp-content\/uploads\/2025\/02\/cropped-rst-valkoinen-ilman-taustaa-02.png","contentUrl":"https:\/\/rst-steel.com\/wp-content\/uploads\/2025\/02\/cropped-rst-valkoinen-ilman-taustaa-02.png","width":2319,"height":690,"caption":"RST-Steel Oy"},"image":{"@id":"https:\/\/rst-steel.com\/#\/schema\/logo\/image\/"}}]}},"_links":{"self":[{"href":"https:\/\/rst-steel.com\/sv\/wp-json\/wp\/v2\/product\/196387","targetHints":{"allow":["GET"]}}],"collection":[{"href":"https:\/\/rst-steel.com\/sv\/wp-json\/wp\/v2\/product"}],"about":[{"href":"https:\/\/rst-steel.com\/sv\/wp-json\/wp\/v2\/types\/product"}],"version-history":[{"count":3,"href":"https:\/\/rst-steel.com\/sv\/wp-json\/wp\/v2\/product\/196387\/revisions"}],"predecessor-version":[{"id":199877,"href":"https:\/\/rst-steel.com\/sv\/wp-json\/wp\/v2\/product\/196387\/revisions\/199877"}],"wp:featuredmedia":[{"embeddable":true,"href":"https:\/\/rst-steel.com\/sv\/wp-json\/wp\/v2\/media\/196384"}],"wp:attachment":[{"href":"https:\/\/rst-steel.com\/sv\/wp-json\/wp\/v2\/media?parent=196387"}],"wp:term":[{"taxonomy":"make_year","embeddable":true,"href":"https:\/\/rst-steel.com\/sv\/wp-json\/wp\/v2\/make_year?post=196387"},{"taxonomy":"make_brand","embeddable":true,"href":"https:\/\/rst-steel.com\/sv\/wp-json\/wp\/v2\/make_brand?post=196387"},{"taxonomy":"make_model","embeddable":true,"href":"https:\/\/rst-steel.com\/sv\/wp-json\/wp\/v2\/make_model?post=196387"},{"taxonomy":"make_fuel_type","embeddable":true,"href":"https:\/\/rst-steel.com\/sv\/wp-json\/wp\/v2\/make_fuel_type?post=196387"},{"taxonomy":"product_brand","embeddable":true,"href":"https:\/\/rst-steel.com\/sv\/wp-json\/wp\/v2\/product_brand?post=196387"},{"taxonomy":"product_cat","embeddable":true,"href":"https:\/\/rst-steel.com\/sv\/wp-json\/wp\/v2\/product_cat?post=196387"},{"taxonomy":"product_tag","embeddable":true,"href":"https:\/\/rst-steel.com\/sv\/wp-json\/wp\/v2\/product_tag?post=196387"}],"curies":[{"name":"wp","href":"https:\/\/api.w.org\/{rel}","templated":true}]}}