{"id":196624,"date":"2026-03-31T11:42:04","date_gmt":"2026-03-31T08:42:04","guid":{"rendered":"https:\/\/rst-steel.com\/product-category\/uncategorized\/bullbar-dakar-v55-volvo-fh-aero-legalpro\/"},"modified":"2026-04-10T10:17:05","modified_gmt":"2026-04-10T07:17:05","slug":"bullbar-dakar-v55-volvo-fh-aero-legalpro","status":"publish","type":"product","link":"https:\/\/rst-steel.com\/sv\/produkt-kategori\/bull-bars\/volvo-bull-bars\/bullbar-dakar-v55-volvo-fh-aero-legalpro\/","title":{"rendered":"Bullbar Dakar V55 Volvo FH AERO (LegalPro)"},"content":{"rendered":"<p data-start=\"0\" data-end=\"13\"><strong data-start=\"0\" data-end=\"13\">Features:<\/strong><\/p>\n<ul>\n<li><strong data-start=\"15\" data-end=\"33\">Compatibility:<\/strong> Perfect fit for Volvo FH AERO 2024\u2013 models.<\/li>\n<li><strong data-start=\"80\" data-end=\"95\">Durability:<\/strong> Manufactured from high-quality stainless steel designed to withstand even the toughest conditions.<\/li>\n<li><strong data-start=\"197\" data-end=\"219\">Easy installation:<\/strong> Supplied with installation instructions and mounting hardware, allowing you to install the bumper yourself if desired.<\/li>\n<li><strong data-start=\"341\" data-end=\"364\">Stylish appearance:<\/strong> This bumper gives your vehicle a modern and dynamic look. Its sleek design and polished or painted steel finish make your truck stand out with an impressive appearance.<\/li>\n<li>\n<strong data-start=\"536\" data-end=\"559\">Maximum protection:<\/strong> The bull bar provides effective protection for the front of your vehicle, helping to protect it from collisions and damage. This reduces the risk of damage and helps keep your truck in good condition for longer.<\/li>\n<li><\/li>\n<\/ul>\n<p data-start=\"778\" data-end=\"865\"><strong data-start=\"778\" data-end=\"865\">OBS! <\/strong><span data-start=\"778\" data-end=\"865\">I- and J-model bull bars comply with the following international regulations:<\/span><\/p>\n<ul>\n<li>Swedish Transport Agency TSFS 2017:10<\/li>\n<li>\nEU Directive 92\/114\/EEC<\/li>\n<li>\nECE Regulation No. 61<\/li>\n<li><\/li>\n<\/ul>\n<p data-start=\"961\" data-end=\"1100\">Based on these approvals, the bull bars have received <span style=\"font-weight: bold\">official road approval <\/span>and <span style=\"font-weight: bold\">may be used legally in all EU countries as well as Norway.<\/span><\/p>\n<ul>\n<li><strong data-start=\"1107\" data-end=\"1151\"><br \/><\/strong><\/li>\n<\/ul>\n<p data-start=\"1107\" data-end=\"1151\"><strong data-start=\"1107\" data-end=\"1151\">What does a road-approved bull bar mean?<\/strong><\/p>\n<p data-start=\"1153\" data-end=\"1325\">A road-approved bull bar means that the product is fully approved for road use in Europe and Norway, and it may remain installed on the vehicle during periodic inspections.<\/p>\n<ul>\n<li><\/li>\n<\/ul>\n<p data-start=\"1368\" data-end=\"1495\">RST-Steel bull bars are premium-quality products<span style=\"font-weight: bold\"> manufactured in Finland<\/span> from stainless steel and carrying the Key Flag Symbol.<\/p>\n<p data-start=\"1497\" data-end=\"1740\">The bull bar protects the front of the vehicle in potential collision situations. It gives the truck a bold and stylish appearance, attracts attention, and may even spark \u201csteel fever,\u201d helping you and your company stand out in a positive way.<\/p>\n<p data-start=\"1742\" data-end=\"1802\">The vehicle grille can be opened with the bull bar in place.<\/p>\n<p data-start=\"1804\" data-end=\"1965\">The bull bar can be equipped with auxiliary lights and marker lights to improve visibility in traffic, while increasing safety for both you and other road users.<\/p>\n<ul>\n<li><\/li>\n<\/ul>\n<p data-start=\"1972\" data-end=\"2061\"><span style=\"font-weight: bold\">The bumper has been designed to be easily removable, for example during maintenance work.<\/span><\/p>\n<ul>\n<li><strong data-start=\"2068\" data-end=\"2093\"><br \/><\/strong><\/li>\n<\/ul>\n<p data-start=\"2068\" data-end=\"2093\"><strong data-start=\"2068\" data-end=\"2093\">Why choose RST-Steel?<\/strong><\/p>\n<ul>\n<li><strong data-start=\"2095\" data-end=\"2111\">Reliability:<\/strong> Years of experience and expertise ensure the high quality and durability of our products.<\/li>\n<li>\n<strong data-start=\"2204\" data-end=\"2230\">Customer satisfaction:<\/strong> Thousands of satisfied customers around the world trust RST-Steel products.<\/li>\n<li><strong data-start=\"2313\" data-end=\"2342\"><br \/><\/strong><\/li>\n<\/ul>\n<p data-start=\"2313\" data-end=\"2342\"><strong data-start=\"2313\" data-end=\"2342\">Technical specifications:<\/strong><\/p>\n<ul>\n<li><strong data-start=\"2344\" data-end=\"2355\">Finish:<\/strong> Mirror-polished stainless steel or painted in standard RAL colours<\/li>\n<li>\n<strong data-start=\"2425\" data-end=\"2443\">Tube diameter:<\/strong> 60 mm<\/li>\n<li><strong data-start=\"2456\" data-end=\"2477\"><br \/><\/strong><\/li>\n<\/ul>\n<p data-start=\"2456\" data-end=\"2477\"><strong data-start=\"2456\" data-end=\"2477\">Package contents:<\/strong><\/p>\n<ul>\n<li><span data-start=\"2456\" data-end=\"2477\">Dakar bull bar for Volvo FH AERO<\/span><\/li>\n<li><span data-start=\"2456\" data-end=\"2477\"><br \/>\nRequired mounting brackets and hardware<\/span><\/li>\n<li><span data-start=\"2456\" data-end=\"2477\">Installation instructions<\/span><\/li>\n<\/ul>","protected":false},"excerpt":{"rendered":"<p>Features: Compatibility: Perfect fit for Volvo FH AERO 2024\u2013 models. Durability: Manufactured from high-quality stainless steel designed to withstand even&#8230;<\/p>","protected":false},"featured_media":196621,"template":"","meta":{"_improvement_type_select":"improve_an_existing","_thumb_yes_seoaic":false,"_frame_yes_seoaic":false,"seoaic_generate_description":"","seoaic_improve_instructions_prompt":"","seoaic_rollback_content_improvement":"","seoaic_idea_thumbnail_generator":"","thumbnail_generated":false,"thumbnail_generate_prompt":"","seoaic_article_description":""},"make_year":[10907],"make_brand":[10939],"make_model":[10976],"make_fuel_type":[],"product_brand":[9443],"product_cat":[10670,10672],"product_tag":[],"class_list":{"0":"post-196624","1":"product","2":"type-product","3":"status-publish","4":"has-post-thumbnail","6":"make_year-trucks","7":"make_brand-volvo","8":"make_model-fh-aero","9":"make_engine-vo-normaali-ohjaamo","10":"make_engine-globetrotter","11":"make_engine-globetrotter-xl-ohjaamo","12":"product_brand-brand_rststeel","13":"product_cat-bull-bars","14":"product_cat-volvo-bull-bars","15":"product_shipping_class-bullbars","17":"first","18":"instock","19":"taxable","20":"shipping-taxable","21":"purchasable","22":"product-type-variable"},"yoast_head":"<!-- This site is optimized with the Yoast SEO plugin v27.1.1 - https:\/\/yoast.com\/product\/yoast-seo-wordpress\/ -->\n<title>Bullbar Dakar V55 Volvo FH AERO (LegalPro) RST-Steel<\/title>\n<meta name=\"description\" content=\"Bull Bar Dakar for Volvo FH AERO 2024 \u2013 durable, heavy-duty front protection for trucks, designed for safety and rugged off-road conditions.\" \/>\n<meta name=\"robots\" content=\"index, follow, max-snippet:-1, max-image-preview:large, max-video-preview:-1\" \/>\n<link rel=\"canonical\" href=\"https:\/\/rst-steel.com\/sv\/produkt-kategori\/bull-bars\/volvo-bull-bars\/bullbar-dakar-v55-volvo-fh-aero-legalpro\/\" \/>\n<meta property=\"og:locale\" content=\"sv_SE\" \/>\n<meta property=\"og:type\" content=\"article\" \/>\n<meta property=\"og:title\" content=\"Bullbar Dakar V55 Volvo FH AERO (LegalPro) RST-Steel\" \/>\n<meta property=\"og:description\" content=\"Bull Bar Dakar for Volvo FH AERO 2024 \u2013 durable, heavy-duty front protection for trucks, designed for safety and rugged off-road conditions.\" \/>\n<meta property=\"og:url\" content=\"https:\/\/rst-steel.com\/sv\/produkt-kategori\/bull-bars\/volvo-bull-bars\/bullbar-dakar-v55-volvo-fh-aero-legalpro\/\" \/>\n<meta property=\"og:site_name\" content=\"RST-Steel\" \/>\n<meta property=\"article:modified_time\" content=\"2026-04-10T07:17:05+00:00\" \/>\n<meta property=\"og:image\" content=\"https:\/\/rst-steel.com\/wp-content\/uploads\/2026\/03\/1b62b1243ef490dbdb4ff25858d52f9a1daaf165_c4f7e04c62b7ddb7867bc96e8e5debe9-1.jpg\" \/>\n\t<meta property=\"og:image:width\" content=\"1000\" \/>\n\t<meta property=\"og:image:height\" content=\"1333\" \/>\n\t<meta property=\"og:image:type\" content=\"image\/jpeg\" \/>\n<meta name=\"twitter:card\" content=\"summary_large_image\" \/>\n<meta name=\"twitter:label1\" content=\"Ber\u00e4knad l\u00e4stid\" \/>\n\t<meta name=\"twitter:data1\" content=\"3 minuter\" \/>\n<script type=\"application\/ld+json\" class=\"yoast-schema-graph\">{\"@context\":\"https:\/\/schema.org\",\"@graph\":[{\"@type\":\"WebPage\",\"@id\":\"https:\/\/rst-steel.com\/product-category\/bull-bars\/volvo-bull-bars\/bullbar-dakar-v55-volvo-fh-aero-legalpro\/\",\"url\":\"https:\/\/rst-steel.com\/product-category\/bull-bars\/volvo-bull-bars\/bullbar-dakar-v55-volvo-fh-aero-legalpro\/\",\"name\":\"Bullbar Dakar V55 Volvo FH AERO (LegalPro) RST-Steel\",\"isPartOf\":{\"@id\":\"https:\/\/rst-steel.com\/#website\"},\"primaryImageOfPage\":{\"@id\":\"https:\/\/rst-steel.com\/product-category\/bull-bars\/volvo-bull-bars\/bullbar-dakar-v55-volvo-fh-aero-legalpro\/#primaryimage\"},\"image\":{\"@id\":\"https:\/\/rst-steel.com\/product-category\/bull-bars\/volvo-bull-bars\/bullbar-dakar-v55-volvo-fh-aero-legalpro\/#primaryimage\"},\"thumbnailUrl\":\"https:\/\/rst-steel.com\/wp-content\/uploads\/2026\/03\/1b62b1243ef490dbdb4ff25858d52f9a1daaf165_c4f7e04c62b7ddb7867bc96e8e5debe9-1.jpg\",\"datePublished\":\"2026-03-31T08:42:04+00:00\",\"dateModified\":\"2026-04-10T07:17:05+00:00\",\"description\":\"Bull Bar Dakar for Volvo FH AERO 2024 \u2013 durable, heavy-duty front protection for trucks, designed for safety and rugged off-road conditions.\",\"breadcrumb\":{\"@id\":\"https:\/\/rst-steel.com\/product-category\/bull-bars\/volvo-bull-bars\/bullbar-dakar-v55-volvo-fh-aero-legalpro\/#breadcrumb\"},\"inLanguage\":\"sv-SE\",\"potentialAction\":[{\"@type\":\"ReadAction\",\"target\":[\"https:\/\/rst-steel.com\/product-category\/bull-bars\/volvo-bull-bars\/bullbar-dakar-v55-volvo-fh-aero-legalpro\/\"]}]},{\"@type\":\"ImageObject\",\"inLanguage\":\"sv-SE\",\"@id\":\"https:\/\/rst-steel.com\/product-category\/bull-bars\/volvo-bull-bars\/bullbar-dakar-v55-volvo-fh-aero-legalpro\/#primaryimage\",\"url\":\"https:\/\/rst-steel.com\/wp-content\/uploads\/2026\/03\/1b62b1243ef490dbdb4ff25858d52f9a1daaf165_c4f7e04c62b7ddb7867bc96e8e5debe9-1.jpg\",\"contentUrl\":\"https:\/\/rst-steel.com\/wp-content\/uploads\/2026\/03\/1b62b1243ef490dbdb4ff25858d52f9a1daaf165_c4f7e04c62b7ddb7867bc96e8e5debe9-1.jpg\",\"width\":1000,\"height\":1333,\"caption\":\"prm_76216\"},{\"@type\":\"BreadcrumbList\",\"@id\":\"https:\/\/rst-steel.com\/product-category\/bull-bars\/volvo-bull-bars\/bullbar-dakar-v55-volvo-fh-aero-legalpro\/#breadcrumb\",\"itemListElement\":[{\"@type\":\"ListItem\",\"position\":1,\"name\":\"Home\",\"item\":\"https:\/\/rst-steel.com\/\"},{\"@type\":\"ListItem\",\"position\":2,\"name\":\"RST-Steel Verkkokauppa\",\"item\":\"https:\/\/rst-steel.com\/shop\/\"},{\"@type\":\"ListItem\",\"position\":3,\"name\":\"Bullbar Dakar V55 Volvo FH AERO (LegalPro)\"}]},{\"@type\":\"WebSite\",\"@id\":\"https:\/\/rst-steel.com\/#website\",\"url\":\"https:\/\/rst-steel.com\/\",\"name\":\"RST-Steel Oy - Turvallista, tyylik\u00e4st\u00e4, ter\u00e4st\u00e4\",\"description\":\"Finnish quality for discerning drivers\",\"publisher\":{\"@id\":\"https:\/\/rst-steel.com\/#organization\"},\"potentialAction\":[{\"@type\":\"SearchAction\",\"target\":{\"@type\":\"EntryPoint\",\"urlTemplate\":\"https:\/\/rst-steel.com\/?s={search_term_string}\"},\"query-input\":{\"@type\":\"PropertyValueSpecification\",\"valueRequired\":true,\"valueName\":\"search_term_string\"}}],\"inLanguage\":\"sv-SE\"},{\"@type\":\"Organization\",\"@id\":\"https:\/\/rst-steel.com\/#organization\",\"name\":\"RST-Steel Oy\",\"alternateName\":\"RST-Steel Oy - Turvallista, tyylik\u00e4st\u00e4, ter\u00e4st\u00e4\",\"url\":\"https:\/\/rst-steel.com\/\",\"logo\":{\"@type\":\"ImageObject\",\"inLanguage\":\"sv-SE\",\"@id\":\"https:\/\/rst-steel.com\/#\/schema\/logo\/image\/\",\"url\":\"https:\/\/rst-steel.com\/wp-content\/uploads\/2025\/02\/cropped-rst-valkoinen-ilman-taustaa-02.png\",\"contentUrl\":\"https:\/\/rst-steel.com\/wp-content\/uploads\/2025\/02\/cropped-rst-valkoinen-ilman-taustaa-02.png\",\"width\":2319,\"height\":690,\"caption\":\"RST-Steel Oy\"},\"image\":{\"@id\":\"https:\/\/rst-steel.com\/#\/schema\/logo\/image\/\"}}]}<\/script>\n<!-- \/ Yoast SEO plugin. -->","yoast_head_json":{"title":"Bullbar Dakar V55 Volvo FH AERO (LegalPro) RST-Steel","description":"Bull Bar Dakar for Volvo FH AERO 2024 \u2013 durable, heavy-duty front protection for trucks, designed for safety and rugged off-road conditions.","robots":{"index":"index","follow":"follow","max-snippet":"max-snippet:-1","max-image-preview":"max-image-preview:large","max-video-preview":"max-video-preview:-1"},"canonical":"https:\/\/rst-steel.com\/sv\/produkt-kategori\/bull-bars\/volvo-bull-bars\/bullbar-dakar-v55-volvo-fh-aero-legalpro\/","og_locale":"sv_SE","og_type":"article","og_title":"Bullbar Dakar V55 Volvo FH AERO (LegalPro) RST-Steel","og_description":"Bull Bar Dakar for Volvo FH AERO 2024 \u2013 durable, heavy-duty front protection for trucks, designed for safety and rugged off-road conditions.","og_url":"https:\/\/rst-steel.com\/sv\/produkt-kategori\/bull-bars\/volvo-bull-bars\/bullbar-dakar-v55-volvo-fh-aero-legalpro\/","og_site_name":"RST-Steel","article_modified_time":"2026-04-10T07:17:05+00:00","og_image":[{"width":1000,"height":1333,"url":"https:\/\/rst-steel.com\/wp-content\/uploads\/2026\/03\/1b62b1243ef490dbdb4ff25858d52f9a1daaf165_c4f7e04c62b7ddb7867bc96e8e5debe9-1.jpg","type":"image\/jpeg"}],"twitter_card":"summary_large_image","twitter_misc":{"Ber\u00e4knad l\u00e4stid":"3 minuter"},"schema":{"@context":"https:\/\/schema.org","@graph":[{"@type":"WebPage","@id":"https:\/\/rst-steel.com\/product-category\/bull-bars\/volvo-bull-bars\/bullbar-dakar-v55-volvo-fh-aero-legalpro\/","url":"https:\/\/rst-steel.com\/product-category\/bull-bars\/volvo-bull-bars\/bullbar-dakar-v55-volvo-fh-aero-legalpro\/","name":"Bullbar Dakar V55 Volvo FH AERO (LegalPro) RST-Steel","isPartOf":{"@id":"https:\/\/rst-steel.com\/#website"},"primaryImageOfPage":{"@id":"https:\/\/rst-steel.com\/product-category\/bull-bars\/volvo-bull-bars\/bullbar-dakar-v55-volvo-fh-aero-legalpro\/#primaryimage"},"image":{"@id":"https:\/\/rst-steel.com\/product-category\/bull-bars\/volvo-bull-bars\/bullbar-dakar-v55-volvo-fh-aero-legalpro\/#primaryimage"},"thumbnailUrl":"https:\/\/rst-steel.com\/wp-content\/uploads\/2026\/03\/1b62b1243ef490dbdb4ff25858d52f9a1daaf165_c4f7e04c62b7ddb7867bc96e8e5debe9-1.jpg","datePublished":"2026-03-31T08:42:04+00:00","dateModified":"2026-04-10T07:17:05+00:00","description":"Bull Bar Dakar for Volvo FH AERO 2024 \u2013 durable, heavy-duty front protection for trucks, designed for safety and rugged off-road conditions.","breadcrumb":{"@id":"https:\/\/rst-steel.com\/product-category\/bull-bars\/volvo-bull-bars\/bullbar-dakar-v55-volvo-fh-aero-legalpro\/#breadcrumb"},"inLanguage":"sv-SE","potentialAction":[{"@type":"ReadAction","target":["https:\/\/rst-steel.com\/product-category\/bull-bars\/volvo-bull-bars\/bullbar-dakar-v55-volvo-fh-aero-legalpro\/"]}]},{"@type":"ImageObject","inLanguage":"sv-SE","@id":"https:\/\/rst-steel.com\/product-category\/bull-bars\/volvo-bull-bars\/bullbar-dakar-v55-volvo-fh-aero-legalpro\/#primaryimage","url":"https:\/\/rst-steel.com\/wp-content\/uploads\/2026\/03\/1b62b1243ef490dbdb4ff25858d52f9a1daaf165_c4f7e04c62b7ddb7867bc96e8e5debe9-1.jpg","contentUrl":"https:\/\/rst-steel.com\/wp-content\/uploads\/2026\/03\/1b62b1243ef490dbdb4ff25858d52f9a1daaf165_c4f7e04c62b7ddb7867bc96e8e5debe9-1.jpg","width":1000,"height":1333,"caption":"prm_76216"},{"@type":"BreadcrumbList","@id":"https:\/\/rst-steel.com\/product-category\/bull-bars\/volvo-bull-bars\/bullbar-dakar-v55-volvo-fh-aero-legalpro\/#breadcrumb","itemListElement":[{"@type":"ListItem","position":1,"name":"Home","item":"https:\/\/rst-steel.com\/"},{"@type":"ListItem","position":2,"name":"RST-Steel Verkkokauppa","item":"https:\/\/rst-steel.com\/shop\/"},{"@type":"ListItem","position":3,"name":"Bullbar Dakar V55 Volvo FH AERO (LegalPro)"}]},{"@type":"WebSite","@id":"https:\/\/rst-steel.com\/#website","url":"https:\/\/rst-steel.com\/","name":"RST-Steel Oy - Turvallista, tyylik\u00e4st\u00e4, ter\u00e4st\u00e4","description":"Finsk kvalitet f\u00f6r kvalitetsmedvetna f\u00f6rare","publisher":{"@id":"https:\/\/rst-steel.com\/#organization"},"potentialAction":[{"@type":"SearchAction","target":{"@type":"EntryPoint","urlTemplate":"https:\/\/rst-steel.com\/?s={search_term_string}"},"query-input":{"@type":"PropertyValueSpecification","valueRequired":true,"valueName":"search_term_string"}}],"inLanguage":"sv-SE"},{"@type":"Organization","@id":"https:\/\/rst-steel.com\/#organization","name":"Hantera alternativ","alternateName":"RST-Steel Oy - Turvallista, tyylik\u00e4st\u00e4, ter\u00e4st\u00e4","url":"https:\/\/rst-steel.com\/","logo":{"@type":"ImageObject","inLanguage":"sv-SE","@id":"https:\/\/rst-steel.com\/#\/schema\/logo\/image\/","url":"https:\/\/rst-steel.com\/wp-content\/uploads\/2025\/02\/cropped-rst-valkoinen-ilman-taustaa-02.png","contentUrl":"https:\/\/rst-steel.com\/wp-content\/uploads\/2025\/02\/cropped-rst-valkoinen-ilman-taustaa-02.png","width":2319,"height":690,"caption":"RST-Steel Oy"},"image":{"@id":"https:\/\/rst-steel.com\/#\/schema\/logo\/image\/"}}]}},"_links":{"self":[{"href":"https:\/\/rst-steel.com\/sv\/wp-json\/wp\/v2\/product\/196624","targetHints":{"allow":["GET"]}}],"collection":[{"href":"https:\/\/rst-steel.com\/sv\/wp-json\/wp\/v2\/product"}],"about":[{"href":"https:\/\/rst-steel.com\/sv\/wp-json\/wp\/v2\/types\/product"}],"version-history":[{"count":0,"href":"https:\/\/rst-steel.com\/sv\/wp-json\/wp\/v2\/product\/196624\/revisions"}],"wp:featuredmedia":[{"embeddable":true,"href":"https:\/\/rst-steel.com\/sv\/wp-json\/wp\/v2\/media\/196621"}],"wp:attachment":[{"href":"https:\/\/rst-steel.com\/sv\/wp-json\/wp\/v2\/media?parent=196624"}],"wp:term":[{"taxonomy":"make_year","embeddable":true,"href":"https:\/\/rst-steel.com\/sv\/wp-json\/wp\/v2\/make_year?post=196624"},{"taxonomy":"make_brand","embeddable":true,"href":"https:\/\/rst-steel.com\/sv\/wp-json\/wp\/v2\/make_brand?post=196624"},{"taxonomy":"make_model","embeddable":true,"href":"https:\/\/rst-steel.com\/sv\/wp-json\/wp\/v2\/make_model?post=196624"},{"taxonomy":"make_fuel_type","embeddable":true,"href":"https:\/\/rst-steel.com\/sv\/wp-json\/wp\/v2\/make_fuel_type?post=196624"},{"taxonomy":"product_brand","embeddable":true,"href":"https:\/\/rst-steel.com\/sv\/wp-json\/wp\/v2\/product_brand?post=196624"},{"taxonomy":"product_cat","embeddable":true,"href":"https:\/\/rst-steel.com\/sv\/wp-json\/wp\/v2\/product_cat?post=196624"},{"taxonomy":"product_tag","embeddable":true,"href":"https:\/\/rst-steel.com\/sv\/wp-json\/wp\/v2\/product_tag?post=196624"}],"curies":[{"name":"wp","href":"https:\/\/api.w.org\/{rel}","templated":true}]}}