{"id":197678,"date":"2024-02-22T15:37:54","date_gmt":"2024-02-22T13:37:54","guid":{"rendered":"https:\/\/rst-steel.com\/product-category\/uncategorized\/roof-bar-mercedes-benz-actros-23m-classicspace-short-model\/"},"modified":"2026-04-27T08:10:43","modified_gmt":"2026-04-27T05:10:43","slug":"roof-bar-mercedes-benz-actros-23m-classicspace-short-model","status":"publish","type":"product","link":"https:\/\/rst-steel.com\/sv\/produkt-kategori\/light-bars\/roof-bars-for-trucks\/mercedes-benz-roof-bars\/roof-bar-mercedes-benz-actros-23m-classicspace-short-model\/","title":{"rendered":"Roof Bar Mercedes-Benz Actros 2,3m (ClassicSpace \/ Short model)"},"content":{"rendered":"<p>Roof Bar Mercedes-Benz Actros 2,3m (ClassicSpace \/ Short model)<\/p>\n<p>RST-Steel&#8217;s roof bars are high-quality products made of stainless steel.<\/p>\n<p>Gives the car a neat and elegant appearance, it also turns eyes and can arouse iron fever, making you and your company stand out.<\/p>\n<p>The roof bars can be equipped with auxiliary lights and position lights, which improve your visibility in traffic, and at the same time increase safety for yourself and others in traffic.<\/p>\n<p>For vehicles that have a cooling unit and big wind reflector on the roof.<\/p>\n<p>Bar can be equipped with: 2pcs Lazer Triple-R 1000 or 4pcs 9\u2019\u2019 Lazer Sentinel<\/p>\n<p><span style=\"font-weight: bold;\">Technical information:<\/span><\/p>\n<ul>\n<li>Color: Polished stainless steel or powdercoated with RAL-color code<\/li>\n<li>Pipe diameter: 76 mm<\/li>\n<li>Welded lamp brackets rail<\/li>\n<\/ul>\n<p><span style=\"font-weight: bold;\">Delivery contents:<\/span><\/p>\n<ul>\n<li>Roof bar<\/li>\n<li>Fasteners required for installation<\/li>\n<li>Installation instructions<\/li>\n<\/ul>","protected":false},"excerpt":{"rendered":"<p>For vehicles that have a cooling unit and big wind reflector on the roof.<\/p>","protected":false},"featured_media":200004,"template":"","meta":[],"make_year":[],"make_brand":[],"make_model":[],"make_fuel_type":[],"product_brand":[9443],"product_cat":[10508,10512,10509],"product_tag":[11378,11379,11380],"class_list":{"0":"post-197678","1":"product","2":"type-product","3":"status-publish","4":"has-post-thumbnail","6":"product_brand-brand_rststeel","7":"product_cat-light-bars","8":"product_cat-mercedes-benz-roof-bars","9":"product_cat-roof-bars-for-trucks","10":"product_tag-mercedes","11":"product_tag-mercedes-benz","12":"product_tag-takbage","13":"product_shipping_class-lightbars","15":"first","16":"instock","17":"taxable","18":"shipping-taxable","19":"purchasable","20":"product-type-variable"},"yoast_head":"<!-- This site is optimized with the Yoast SEO plugin v27.1.1 - https:\/\/yoast.com\/product\/yoast-seo-wordpress\/ -->\n<title>Roof Bar Mercedes-Benz Actros - RST-Steel<\/title>\n<meta name=\"description\" content=\"Roof Bar Mercedes-Benz Actros 2,3m ClassicSpace \/ Short model cab. Several model options available! Check out the products in our online store!\" \/>\n<meta name=\"robots\" content=\"index, follow, max-snippet:-1, max-image-preview:large, max-video-preview:-1\" \/>\n<link rel=\"canonical\" href=\"https:\/\/rst-steel.com\/sv\/produkt-kategori\/light-bars\/roof-bars-for-trucks\/mercedes-benz-roof-bars\/roof-bar-mercedes-benz-actros-23m-classicspace-short-model\/\" \/>\n<meta property=\"og:locale\" content=\"sv_SE\" \/>\n<meta property=\"og:type\" content=\"article\" \/>\n<meta property=\"og:title\" content=\"Roof Bar Mercedes-Benz Actros - RST-Steel\" \/>\n<meta property=\"og:description\" content=\"Roof Bar Mercedes-Benz Actros 2,3m ClassicSpace \/ Short model cab. Several model options available! Check out the products in our online store!\" \/>\n<meta property=\"og:url\" content=\"https:\/\/rst-steel.com\/sv\/produkt-kategori\/light-bars\/roof-bars-for-trucks\/mercedes-benz-roof-bars\/roof-bar-mercedes-benz-actros-23m-classicspace-short-model\/\" \/>\n<meta property=\"og:site_name\" content=\"RST-Steel\" \/>\n<meta property=\"article:modified_time\" content=\"2026-04-27T05:10:43+00:00\" \/>\n<meta property=\"og:image\" content=\"https:\/\/rst-steel.com\/wp-content\/uploads\/2024\/02\/4b5e0df29ac849fae80167c6fdddbe6a.jpg\" \/>\n\t<meta property=\"og:image:width\" content=\"1500\" \/>\n\t<meta property=\"og:image:height\" content=\"1000\" \/>\n\t<meta property=\"og:image:type\" content=\"image\/jpeg\" \/>\n<meta name=\"twitter:card\" content=\"summary_large_image\" \/>\n<meta name=\"twitter:label1\" content=\"Ber\u00e4knad l\u00e4stid\" \/>\n\t<meta name=\"twitter:data1\" content=\"1 minut\" \/>\n<script type=\"application\/ld+json\" class=\"yoast-schema-graph\">{\"@context\":\"https:\/\/schema.org\",\"@graph\":[{\"@type\":\"WebPage\",\"@id\":\"https:\/\/rst-steel.com\/product-category\/light-bars\/roof-bars-for-trucks\/mercedes-benz-roof-bars\/roof-bar-mercedes-benz-actros-23m-classicspace-short-model\/\",\"url\":\"https:\/\/rst-steel.com\/product-category\/light-bars\/roof-bars-for-trucks\/mercedes-benz-roof-bars\/roof-bar-mercedes-benz-actros-23m-classicspace-short-model\/\",\"name\":\"Roof Bar Mercedes-Benz Actros - RST-Steel\",\"isPartOf\":{\"@id\":\"https:\/\/rst-steel.com\/#website\"},\"primaryImageOfPage\":{\"@id\":\"https:\/\/rst-steel.com\/product-category\/light-bars\/roof-bars-for-trucks\/mercedes-benz-roof-bars\/roof-bar-mercedes-benz-actros-23m-classicspace-short-model\/#primaryimage\"},\"image\":{\"@id\":\"https:\/\/rst-steel.com\/product-category\/light-bars\/roof-bars-for-trucks\/mercedes-benz-roof-bars\/roof-bar-mercedes-benz-actros-23m-classicspace-short-model\/#primaryimage\"},\"thumbnailUrl\":\"https:\/\/rst-steel.com\/wp-content\/uploads\/2024\/02\/4b5e0df29ac849fae80167c6fdddbe6a.jpg\",\"datePublished\":\"2024-02-22T13:37:54+00:00\",\"dateModified\":\"2026-04-27T05:10:43+00:00\",\"description\":\"Roof Bar Mercedes-Benz Actros 2,3m ClassicSpace \/ Short model cab. Several model options available! Check out the products in our online store!\",\"breadcrumb\":{\"@id\":\"https:\/\/rst-steel.com\/product-category\/light-bars\/roof-bars-for-trucks\/mercedes-benz-roof-bars\/roof-bar-mercedes-benz-actros-23m-classicspace-short-model\/#breadcrumb\"},\"inLanguage\":\"sv-SE\",\"potentialAction\":[{\"@type\":\"ReadAction\",\"target\":[\"https:\/\/rst-steel.com\/product-category\/light-bars\/roof-bars-for-trucks\/mercedes-benz-roof-bars\/roof-bar-mercedes-benz-actros-23m-classicspace-short-model\/\"]}]},{\"@type\":\"ImageObject\",\"inLanguage\":\"sv-SE\",\"@id\":\"https:\/\/rst-steel.com\/product-category\/light-bars\/roof-bars-for-trucks\/mercedes-benz-roof-bars\/roof-bar-mercedes-benz-actros-23m-classicspace-short-model\/#primaryimage\",\"url\":\"https:\/\/rst-steel.com\/wp-content\/uploads\/2024\/02\/4b5e0df29ac849fae80167c6fdddbe6a.jpg\",\"contentUrl\":\"https:\/\/rst-steel.com\/wp-content\/uploads\/2024\/02\/4b5e0df29ac849fae80167c6fdddbe6a.jpg\",\"width\":1500,\"height\":1000,\"caption\":\"Roof Bar Mercedes-Benz Actros 2,3m (ClassicSpace \/ Short model)\"},{\"@type\":\"BreadcrumbList\",\"@id\":\"https:\/\/rst-steel.com\/product-category\/light-bars\/roof-bars-for-trucks\/mercedes-benz-roof-bars\/roof-bar-mercedes-benz-actros-23m-classicspace-short-model\/#breadcrumb\",\"itemListElement\":[{\"@type\":\"ListItem\",\"position\":1,\"name\":\"Home\",\"item\":\"https:\/\/rst-steel.com\/\"},{\"@type\":\"ListItem\",\"position\":2,\"name\":\"RST-Steel Verkkokauppa\",\"item\":\"https:\/\/rst-steel.com\/shop\/\"},{\"@type\":\"ListItem\",\"position\":3,\"name\":\"Roof Bar Mercedes-Benz Actros 2,3m (ClassicSpace \/ Short model)\"}]},{\"@type\":\"WebSite\",\"@id\":\"https:\/\/rst-steel.com\/#website\",\"url\":\"https:\/\/rst-steel.com\/\",\"name\":\"RST-Steel Oy - Turvallista, tyylik\u00e4st\u00e4, ter\u00e4st\u00e4\",\"description\":\"Finnish quality for discerning drivers\",\"publisher\":{\"@id\":\"https:\/\/rst-steel.com\/#organization\"},\"potentialAction\":[{\"@type\":\"SearchAction\",\"target\":{\"@type\":\"EntryPoint\",\"urlTemplate\":\"https:\/\/rst-steel.com\/?s={search_term_string}\"},\"query-input\":{\"@type\":\"PropertyValueSpecification\",\"valueRequired\":true,\"valueName\":\"search_term_string\"}}],\"inLanguage\":\"sv-SE\"},{\"@type\":\"Organization\",\"@id\":\"https:\/\/rst-steel.com\/#organization\",\"name\":\"RST-Steel Oy\",\"alternateName\":\"RST-Steel Oy - Turvallista, tyylik\u00e4st\u00e4, ter\u00e4st\u00e4\",\"url\":\"https:\/\/rst-steel.com\/\",\"logo\":{\"@type\":\"ImageObject\",\"inLanguage\":\"sv-SE\",\"@id\":\"https:\/\/rst-steel.com\/#\/schema\/logo\/image\/\",\"url\":\"https:\/\/rst-steel.com\/wp-content\/uploads\/2025\/02\/cropped-rst-valkoinen-ilman-taustaa-02.png\",\"contentUrl\":\"https:\/\/rst-steel.com\/wp-content\/uploads\/2025\/02\/cropped-rst-valkoinen-ilman-taustaa-02.png\",\"width\":2319,\"height\":690,\"caption\":\"RST-Steel Oy\"},\"image\":{\"@id\":\"https:\/\/rst-steel.com\/#\/schema\/logo\/image\/\"}}]}<\/script>\n<!-- \/ Yoast SEO plugin. -->","yoast_head_json":{"title":"Roof Bar Mercedes-Benz Actros - RST-Steel","description":"Roof Bar Mercedes-Benz Actros 2,3m ClassicSpace \/ Short model cab. Several model options available! Check out the products in our online store!","robots":{"index":"index","follow":"follow","max-snippet":"max-snippet:-1","max-image-preview":"max-image-preview:large","max-video-preview":"max-video-preview:-1"},"canonical":"https:\/\/rst-steel.com\/sv\/produkt-kategori\/light-bars\/roof-bars-for-trucks\/mercedes-benz-roof-bars\/roof-bar-mercedes-benz-actros-23m-classicspace-short-model\/","og_locale":"sv_SE","og_type":"article","og_title":"Roof Bar Mercedes-Benz Actros - RST-Steel","og_description":"Roof Bar Mercedes-Benz Actros 2,3m ClassicSpace \/ Short model cab. Several model options available! Check out the products in our online store!","og_url":"https:\/\/rst-steel.com\/sv\/produkt-kategori\/light-bars\/roof-bars-for-trucks\/mercedes-benz-roof-bars\/roof-bar-mercedes-benz-actros-23m-classicspace-short-model\/","og_site_name":"RST-Steel","article_modified_time":"2026-04-27T05:10:43+00:00","og_image":[{"width":1500,"height":1000,"url":"https:\/\/rst-steel.com\/wp-content\/uploads\/2024\/02\/4b5e0df29ac849fae80167c6fdddbe6a.jpg","type":"image\/jpeg"}],"twitter_card":"summary_large_image","twitter_misc":{"Ber\u00e4knad l\u00e4stid":"1 minut"},"schema":{"@context":"https:\/\/schema.org","@graph":[{"@type":"WebPage","@id":"https:\/\/rst-steel.com\/product-category\/light-bars\/roof-bars-for-trucks\/mercedes-benz-roof-bars\/roof-bar-mercedes-benz-actros-23m-classicspace-short-model\/","url":"https:\/\/rst-steel.com\/product-category\/light-bars\/roof-bars-for-trucks\/mercedes-benz-roof-bars\/roof-bar-mercedes-benz-actros-23m-classicspace-short-model\/","name":"Roof Bar Mercedes-Benz Actros - RST-Steel","isPartOf":{"@id":"https:\/\/rst-steel.com\/#website"},"primaryImageOfPage":{"@id":"https:\/\/rst-steel.com\/product-category\/light-bars\/roof-bars-for-trucks\/mercedes-benz-roof-bars\/roof-bar-mercedes-benz-actros-23m-classicspace-short-model\/#primaryimage"},"image":{"@id":"https:\/\/rst-steel.com\/product-category\/light-bars\/roof-bars-for-trucks\/mercedes-benz-roof-bars\/roof-bar-mercedes-benz-actros-23m-classicspace-short-model\/#primaryimage"},"thumbnailUrl":"https:\/\/rst-steel.com\/wp-content\/uploads\/2024\/02\/4b5e0df29ac849fae80167c6fdddbe6a.jpg","datePublished":"2024-02-22T13:37:54+00:00","dateModified":"2026-04-27T05:10:43+00:00","description":"Roof Bar Mercedes-Benz Actros 2,3m ClassicSpace \/ Short model cab. Several model options available! Check out the products in our online store!","breadcrumb":{"@id":"https:\/\/rst-steel.com\/product-category\/light-bars\/roof-bars-for-trucks\/mercedes-benz-roof-bars\/roof-bar-mercedes-benz-actros-23m-classicspace-short-model\/#breadcrumb"},"inLanguage":"sv-SE","potentialAction":[{"@type":"ReadAction","target":["https:\/\/rst-steel.com\/product-category\/light-bars\/roof-bars-for-trucks\/mercedes-benz-roof-bars\/roof-bar-mercedes-benz-actros-23m-classicspace-short-model\/"]}]},{"@type":"ImageObject","inLanguage":"sv-SE","@id":"https:\/\/rst-steel.com\/product-category\/light-bars\/roof-bars-for-trucks\/mercedes-benz-roof-bars\/roof-bar-mercedes-benz-actros-23m-classicspace-short-model\/#primaryimage","url":"https:\/\/rst-steel.com\/wp-content\/uploads\/2024\/02\/4b5e0df29ac849fae80167c6fdddbe6a.jpg","contentUrl":"https:\/\/rst-steel.com\/wp-content\/uploads\/2024\/02\/4b5e0df29ac849fae80167c6fdddbe6a.jpg","width":1500,"height":1000,"caption":"Roof Bar Mercedes-Benz Actros 2,3m (ClassicSpace \/ Short model)"},{"@type":"BreadcrumbList","@id":"https:\/\/rst-steel.com\/product-category\/light-bars\/roof-bars-for-trucks\/mercedes-benz-roof-bars\/roof-bar-mercedes-benz-actros-23m-classicspace-short-model\/#breadcrumb","itemListElement":[{"@type":"ListItem","position":1,"name":"Home","item":"https:\/\/rst-steel.com\/"},{"@type":"ListItem","position":2,"name":"RST-Steel Verkkokauppa","item":"https:\/\/rst-steel.com\/shop\/"},{"@type":"ListItem","position":3,"name":"Roof Bar Mercedes-Benz Actros 2,3m (ClassicSpace \/ Short model)"}]},{"@type":"WebSite","@id":"https:\/\/rst-steel.com\/#website","url":"https:\/\/rst-steel.com\/","name":"RST-Steel Oy - Turvallista, tyylik\u00e4st\u00e4, ter\u00e4st\u00e4","description":"Finsk kvalitet f\u00f6r kvalitetsmedvetna f\u00f6rare","publisher":{"@id":"https:\/\/rst-steel.com\/#organization"},"potentialAction":[{"@type":"SearchAction","target":{"@type":"EntryPoint","urlTemplate":"https:\/\/rst-steel.com\/?s={search_term_string}"},"query-input":{"@type":"PropertyValueSpecification","valueRequired":true,"valueName":"search_term_string"}}],"inLanguage":"sv-SE"},{"@type":"Organization","@id":"https:\/\/rst-steel.com\/#organization","name":"RST-Steel Oy","alternateName":"RST-Steel Oy - Turvallista, tyylik\u00e4st\u00e4, ter\u00e4st\u00e4","url":"https:\/\/rst-steel.com\/","logo":{"@type":"ImageObject","inLanguage":"sv-SE","@id":"https:\/\/rst-steel.com\/#\/schema\/logo\/image\/","url":"https:\/\/rst-steel.com\/wp-content\/uploads\/2025\/02\/cropped-rst-valkoinen-ilman-taustaa-02.png","contentUrl":"https:\/\/rst-steel.com\/wp-content\/uploads\/2025\/02\/cropped-rst-valkoinen-ilman-taustaa-02.png","width":2319,"height":690,"caption":"RST-Steel Oy"},"image":{"@id":"https:\/\/rst-steel.com\/#\/schema\/logo\/image\/"}}]}},"_links":{"self":[{"href":"https:\/\/rst-steel.com\/sv\/wp-json\/wp\/v2\/product\/197678","targetHints":{"allow":["GET"]}}],"collection":[{"href":"https:\/\/rst-steel.com\/sv\/wp-json\/wp\/v2\/product"}],"about":[{"href":"https:\/\/rst-steel.com\/sv\/wp-json\/wp\/v2\/types\/product"}],"version-history":[{"count":2,"href":"https:\/\/rst-steel.com\/sv\/wp-json\/wp\/v2\/product\/197678\/revisions"}],"predecessor-version":[{"id":200006,"href":"https:\/\/rst-steel.com\/sv\/wp-json\/wp\/v2\/product\/197678\/revisions\/200006"}],"wp:featuredmedia":[{"embeddable":true,"href":"https:\/\/rst-steel.com\/sv\/wp-json\/wp\/v2\/media\/200004"}],"wp:attachment":[{"href":"https:\/\/rst-steel.com\/sv\/wp-json\/wp\/v2\/media?parent=197678"}],"wp:term":[{"taxonomy":"make_year","embeddable":true,"href":"https:\/\/rst-steel.com\/sv\/wp-json\/wp\/v2\/make_year?post=197678"},{"taxonomy":"make_brand","embeddable":true,"href":"https:\/\/rst-steel.com\/sv\/wp-json\/wp\/v2\/make_brand?post=197678"},{"taxonomy":"make_model","embeddable":true,"href":"https:\/\/rst-steel.com\/sv\/wp-json\/wp\/v2\/make_model?post=197678"},{"taxonomy":"make_fuel_type","embeddable":true,"href":"https:\/\/rst-steel.com\/sv\/wp-json\/wp\/v2\/make_fuel_type?post=197678"},{"taxonomy":"product_brand","embeddable":true,"href":"https:\/\/rst-steel.com\/sv\/wp-json\/wp\/v2\/product_brand?post=197678"},{"taxonomy":"product_cat","embeddable":true,"href":"https:\/\/rst-steel.com\/sv\/wp-json\/wp\/v2\/product_cat?post=197678"},{"taxonomy":"product_tag","embeddable":true,"href":"https:\/\/rst-steel.com\/sv\/wp-json\/wp\/v2\/product_tag?post=197678"}],"curies":[{"name":"wp","href":"https:\/\/api.w.org\/{rel}","templated":true}]}}