{"id":200081,"date":"2026-04-17T10:03:55","date_gmt":"2026-04-17T07:03:55","guid":{"rendered":"https:\/\/rst-steel.com\/product-category\/uncategorized\/roof-bar-for-high-roof-vans-narrow-o76mm\/"},"modified":"2026-04-27T08:44:49","modified_gmt":"2026-04-27T05:44:49","slug":"roof-bar-for-high-roof-vans-narrow-o76mm","status":"publish","type":"product","link":"https:\/\/rst-steel.com\/sv\/produkt-kategori\/light-bars\/roof-bars-for-vans\/volkswagen-roof-bars\/roof-bar-for-high-roof-vans-narrow-o76mm\/","title":{"rendered":"Takb\u00e5ge f\u00f6r h\u00f6gtakss\u00e5pbilar (smal) \u00d876 mm"},"content":{"rendered":"<p><span style=\"font-weight: bold;\">Takb\u00e5ge f\u00f6r h\u00f6gtakss\u00e5pbilar (smal) \u00d876 mm<\/span><\/p>\n<p>&nbsp;<\/p>\n<p>RST-Steel\u2019s roof bars are high-quality products made of stainless steel.<\/p>\n<p>The roof bars can be equipped with auxiliary lights and position lights, which improve your visibility in traffic, and at the same time increase safety for yourself and others in traffic.<\/p>\n<p>&nbsp;<\/p>\n<p><span style=\"font-weight: bold;\">Technical information:<\/span><\/p>\n<ul>\n<li>Color: Mirror polished stainless steel or Powdercoated with RAL-colors<\/li>\n<li>Pipes diameter: 76 mm<\/li>\n<li>Light brackets\u00a0 4 pcs.<\/li>\n<\/ul>\n<p>&nbsp;<\/p>\n<p><span style=\"font-weight: bold;\">Delivery contents:<\/span><\/p>\n<ul>\n<li>Roof bar<\/li>\n<li>Fasteners required for installation<\/li>\n<li>Installation instructions<\/li>\n<\/ul>","protected":false},"excerpt":{"rendered":"<p>Roof Bar For High-Roof Vans (Narrow) \u00d876mm &nbsp; RST-Steel\u2019s roof bars are high-quality products made of stainless steel. The roof&#8230;<\/p>","protected":false},"featured_media":200079,"template":"","meta":[],"make_year":[10908],"make_brand":[],"make_model":[],"make_fuel_type":[],"product_brand":[9443],"product_cat":[10546,10508,10542,10543],"product_tag":[],"class_list":{"0":"post-200081","1":"product","2":"type-product","3":"status-publish","4":"has-post-thumbnail","6":"make_year-van","7":"product_brand-brand_rststeel","8":"product_cat-ford-roof-bars","9":"product_cat-light-bars","10":"product_cat-roof-bars-for-vans","11":"product_cat-volkswagen-roof-bars","12":"product_shipping_class-lightbars","14":"first","15":"instock","16":"taxable","17":"shipping-taxable","18":"purchasable","19":"product-type-variable"},"yoast_head":"<!-- This site is optimized with the Yoast SEO plugin v27.1.1 - https:\/\/yoast.com\/product\/yoast-seo-wordpress\/ -->\n<title>Roof Bar For High-Roof Vans (Narrow) \u00d876mm - RST-Steel<\/title>\n<meta name=\"robots\" content=\"index, follow, max-snippet:-1, max-image-preview:large, max-video-preview:-1\" \/>\n<link rel=\"canonical\" href=\"https:\/\/rst-steel.com\/sv\/produkt-kategori\/light-bars\/roof-bars-for-vans\/volkswagen-roof-bars\/roof-bar-for-high-roof-vans-narrow-o76mm\/\" \/>\n<meta property=\"og:locale\" content=\"sv_SE\" \/>\n<meta property=\"og:type\" content=\"article\" \/>\n<meta property=\"og:title\" content=\"Roof Bar For High-Roof Vans (Narrow) \u00d876mm - RST-Steel\" \/>\n<meta property=\"og:description\" content=\"Roof Bar For High-Roof Vans (Narrow) \u00d876mm &nbsp; RST-Steel\u2019s roof bars are high-quality products made of stainless steel. The roof...\" \/>\n<meta property=\"og:url\" content=\"https:\/\/rst-steel.com\/sv\/produkt-kategori\/light-bars\/roof-bars-for-vans\/volkswagen-roof-bars\/roof-bar-for-high-roof-vans-narrow-o76mm\/\" \/>\n<meta property=\"og:site_name\" content=\"RST-Steel\" \/>\n<meta property=\"article:modified_time\" content=\"2026-04-27T05:44:49+00:00\" \/>\n<meta property=\"og:image\" content=\"https:\/\/rst-steel.com\/wp-content\/uploads\/2026\/04\/03d97318757e1ed94768bbd1b67ef0c7bb73af28_fe5d9a56201831a67618e4319f3fac02-scaled.jpg\" \/>\n\t<meta property=\"og:image:width\" content=\"2560\" \/>\n\t<meta property=\"og:image:height\" content=\"1707\" \/>\n\t<meta property=\"og:image:type\" content=\"image\/jpeg\" \/>\n<meta name=\"twitter:card\" content=\"summary_large_image\" \/>\n<meta name=\"twitter:label1\" content=\"Ber\u00e4knad l\u00e4stid\" \/>\n\t<meta name=\"twitter:data1\" content=\"1 minut\" \/>\n<script type=\"application\/ld+json\" class=\"yoast-schema-graph\">{\"@context\":\"https:\/\/schema.org\",\"@graph\":[{\"@type\":\"WebPage\",\"@id\":\"https:\/\/rst-steel.com\/product-category\/light-bars\/roof-bars-for-vans\/volkswagen-roof-bars\/roof-bar-for-high-roof-vans-narrow-o76mm\/\",\"url\":\"https:\/\/rst-steel.com\/product-category\/light-bars\/roof-bars-for-vans\/volkswagen-roof-bars\/roof-bar-for-high-roof-vans-narrow-o76mm\/\",\"name\":\"Roof Bar For High-Roof Vans (Narrow) \u00d876mm - RST-Steel\",\"isPartOf\":{\"@id\":\"https:\/\/rst-steel.com\/#website\"},\"primaryImageOfPage\":{\"@id\":\"https:\/\/rst-steel.com\/product-category\/light-bars\/roof-bars-for-vans\/volkswagen-roof-bars\/roof-bar-for-high-roof-vans-narrow-o76mm\/#primaryimage\"},\"image\":{\"@id\":\"https:\/\/rst-steel.com\/product-category\/light-bars\/roof-bars-for-vans\/volkswagen-roof-bars\/roof-bar-for-high-roof-vans-narrow-o76mm\/#primaryimage\"},\"thumbnailUrl\":\"https:\/\/rst-steel.com\/wp-content\/uploads\/2026\/04\/03d97318757e1ed94768bbd1b67ef0c7bb73af28_fe5d9a56201831a67618e4319f3fac02-scaled.jpg\",\"datePublished\":\"2026-04-17T07:03:55+00:00\",\"dateModified\":\"2026-04-27T05:44:49+00:00\",\"breadcrumb\":{\"@id\":\"https:\/\/rst-steel.com\/product-category\/light-bars\/roof-bars-for-vans\/volkswagen-roof-bars\/roof-bar-for-high-roof-vans-narrow-o76mm\/#breadcrumb\"},\"inLanguage\":\"sv-SE\",\"potentialAction\":[{\"@type\":\"ReadAction\",\"target\":[\"https:\/\/rst-steel.com\/product-category\/light-bars\/roof-bars-for-vans\/volkswagen-roof-bars\/roof-bar-for-high-roof-vans-narrow-o76mm\/\"]}]},{\"@type\":\"ImageObject\",\"inLanguage\":\"sv-SE\",\"@id\":\"https:\/\/rst-steel.com\/product-category\/light-bars\/roof-bars-for-vans\/volkswagen-roof-bars\/roof-bar-for-high-roof-vans-narrow-o76mm\/#primaryimage\",\"url\":\"https:\/\/rst-steel.com\/wp-content\/uploads\/2026\/04\/03d97318757e1ed94768bbd1b67ef0c7bb73af28_fe5d9a56201831a67618e4319f3fac02-scaled.jpg\",\"contentUrl\":\"https:\/\/rst-steel.com\/wp-content\/uploads\/2026\/04\/03d97318757e1ed94768bbd1b67ef0c7bb73af28_fe5d9a56201831a67618e4319f3fac02-scaled.jpg\",\"width\":2560,\"height\":1707,\"caption\":\"Roof Bar For High-Roof Vans (Narrow) \u00d876mm\"},{\"@type\":\"BreadcrumbList\",\"@id\":\"https:\/\/rst-steel.com\/product-category\/light-bars\/roof-bars-for-vans\/volkswagen-roof-bars\/roof-bar-for-high-roof-vans-narrow-o76mm\/#breadcrumb\",\"itemListElement\":[{\"@type\":\"ListItem\",\"position\":1,\"name\":\"Home\",\"item\":\"https:\/\/rst-steel.com\/\"},{\"@type\":\"ListItem\",\"position\":2,\"name\":\"RST-Steel Verkkokauppa\",\"item\":\"https:\/\/rst-steel.com\/shop\/\"},{\"@type\":\"ListItem\",\"position\":3,\"name\":\"Roof Bar For High-Roof Vans (Narrow) \u00d876mm\"}]},{\"@type\":\"WebSite\",\"@id\":\"https:\/\/rst-steel.com\/#website\",\"url\":\"https:\/\/rst-steel.com\/\",\"name\":\"RST-Steel Oy - Turvallista, tyylik\u00e4st\u00e4, ter\u00e4st\u00e4\",\"description\":\"Finnish quality for discerning drivers\",\"publisher\":{\"@id\":\"https:\/\/rst-steel.com\/#organization\"},\"potentialAction\":[{\"@type\":\"SearchAction\",\"target\":{\"@type\":\"EntryPoint\",\"urlTemplate\":\"https:\/\/rst-steel.com\/?s={search_term_string}\"},\"query-input\":{\"@type\":\"PropertyValueSpecification\",\"valueRequired\":true,\"valueName\":\"search_term_string\"}}],\"inLanguage\":\"sv-SE\"},{\"@type\":\"Organization\",\"@id\":\"https:\/\/rst-steel.com\/#organization\",\"name\":\"RST-Steel Oy\",\"alternateName\":\"RST-Steel Oy - Turvallista, tyylik\u00e4st\u00e4, ter\u00e4st\u00e4\",\"url\":\"https:\/\/rst-steel.com\/\",\"logo\":{\"@type\":\"ImageObject\",\"inLanguage\":\"sv-SE\",\"@id\":\"https:\/\/rst-steel.com\/#\/schema\/logo\/image\/\",\"url\":\"https:\/\/rst-steel.com\/wp-content\/uploads\/2025\/02\/cropped-rst-valkoinen-ilman-taustaa-02.png\",\"contentUrl\":\"https:\/\/rst-steel.com\/wp-content\/uploads\/2025\/02\/cropped-rst-valkoinen-ilman-taustaa-02.png\",\"width\":2319,\"height\":690,\"caption\":\"RST-Steel Oy\"},\"image\":{\"@id\":\"https:\/\/rst-steel.com\/#\/schema\/logo\/image\/\"}}]}<\/script>\n<!-- \/ Yoast SEO plugin. -->","yoast_head_json":{"title":"Roof Bar For High-Roof Vans (Narrow) \u00d876mm - RST-Steel","robots":{"index":"index","follow":"follow","max-snippet":"max-snippet:-1","max-image-preview":"max-image-preview:large","max-video-preview":"max-video-preview:-1"},"canonical":"https:\/\/rst-steel.com\/sv\/produkt-kategori\/light-bars\/roof-bars-for-vans\/volkswagen-roof-bars\/roof-bar-for-high-roof-vans-narrow-o76mm\/","og_locale":"sv_SE","og_type":"article","og_title":"Roof Bar For High-Roof Vans (Narrow) \u00d876mm - RST-Steel","og_description":"Roof Bar For High-Roof Vans (Narrow) \u00d876mm &nbsp; RST-Steel\u2019s roof bars are high-quality products made of stainless steel. The roof...","og_url":"https:\/\/rst-steel.com\/sv\/produkt-kategori\/light-bars\/roof-bars-for-vans\/volkswagen-roof-bars\/roof-bar-for-high-roof-vans-narrow-o76mm\/","og_site_name":"RST-Steel","article_modified_time":"2026-04-27T05:44:49+00:00","og_image":[{"width":2560,"height":1707,"url":"https:\/\/rst-steel.com\/wp-content\/uploads\/2026\/04\/03d97318757e1ed94768bbd1b67ef0c7bb73af28_fe5d9a56201831a67618e4319f3fac02-scaled.jpg","type":"image\/jpeg"}],"twitter_card":"summary_large_image","twitter_misc":{"Ber\u00e4knad l\u00e4stid":"1 minut"},"schema":{"@context":"https:\/\/schema.org","@graph":[{"@type":"WebPage","@id":"https:\/\/rst-steel.com\/product-category\/light-bars\/roof-bars-for-vans\/volkswagen-roof-bars\/roof-bar-for-high-roof-vans-narrow-o76mm\/","url":"https:\/\/rst-steel.com\/product-category\/light-bars\/roof-bars-for-vans\/volkswagen-roof-bars\/roof-bar-for-high-roof-vans-narrow-o76mm\/","name":"Roof Bar For High-Roof Vans (Narrow) \u00d876mm - RST-Steel","isPartOf":{"@id":"https:\/\/rst-steel.com\/#website"},"primaryImageOfPage":{"@id":"https:\/\/rst-steel.com\/product-category\/light-bars\/roof-bars-for-vans\/volkswagen-roof-bars\/roof-bar-for-high-roof-vans-narrow-o76mm\/#primaryimage"},"image":{"@id":"https:\/\/rst-steel.com\/product-category\/light-bars\/roof-bars-for-vans\/volkswagen-roof-bars\/roof-bar-for-high-roof-vans-narrow-o76mm\/#primaryimage"},"thumbnailUrl":"https:\/\/rst-steel.com\/wp-content\/uploads\/2026\/04\/03d97318757e1ed94768bbd1b67ef0c7bb73af28_fe5d9a56201831a67618e4319f3fac02-scaled.jpg","datePublished":"2026-04-17T07:03:55+00:00","dateModified":"2026-04-27T05:44:49+00:00","breadcrumb":{"@id":"https:\/\/rst-steel.com\/product-category\/light-bars\/roof-bars-for-vans\/volkswagen-roof-bars\/roof-bar-for-high-roof-vans-narrow-o76mm\/#breadcrumb"},"inLanguage":"sv-SE","potentialAction":[{"@type":"ReadAction","target":["https:\/\/rst-steel.com\/product-category\/light-bars\/roof-bars-for-vans\/volkswagen-roof-bars\/roof-bar-for-high-roof-vans-narrow-o76mm\/"]}]},{"@type":"ImageObject","inLanguage":"sv-SE","@id":"https:\/\/rst-steel.com\/product-category\/light-bars\/roof-bars-for-vans\/volkswagen-roof-bars\/roof-bar-for-high-roof-vans-narrow-o76mm\/#primaryimage","url":"https:\/\/rst-steel.com\/wp-content\/uploads\/2026\/04\/03d97318757e1ed94768bbd1b67ef0c7bb73af28_fe5d9a56201831a67618e4319f3fac02-scaled.jpg","contentUrl":"https:\/\/rst-steel.com\/wp-content\/uploads\/2026\/04\/03d97318757e1ed94768bbd1b67ef0c7bb73af28_fe5d9a56201831a67618e4319f3fac02-scaled.jpg","width":2560,"height":1707,"caption":"Roof Bar For High-Roof Vans (Narrow) \u00d876mm"},{"@type":"BreadcrumbList","@id":"https:\/\/rst-steel.com\/product-category\/light-bars\/roof-bars-for-vans\/volkswagen-roof-bars\/roof-bar-for-high-roof-vans-narrow-o76mm\/#breadcrumb","itemListElement":[{"@type":"ListItem","position":1,"name":"Home","item":"https:\/\/rst-steel.com\/"},{"@type":"ListItem","position":2,"name":"RST-Steel Verkkokauppa","item":"https:\/\/rst-steel.com\/shop\/"},{"@type":"ListItem","position":3,"name":"Roof Bar For High-Roof Vans (Narrow) \u00d876mm"}]},{"@type":"WebSite","@id":"https:\/\/rst-steel.com\/#website","url":"https:\/\/rst-steel.com\/","name":"RST-Steel Oy - Turvallista, tyylik\u00e4st\u00e4, ter\u00e4st\u00e4","description":"Finsk kvalitet f\u00f6r kvalitetsmedvetna f\u00f6rare","publisher":{"@id":"https:\/\/rst-steel.com\/#organization"},"potentialAction":[{"@type":"SearchAction","target":{"@type":"EntryPoint","urlTemplate":"https:\/\/rst-steel.com\/?s={search_term_string}"},"query-input":{"@type":"PropertyValueSpecification","valueRequired":true,"valueName":"search_term_string"}}],"inLanguage":"sv-SE"},{"@type":"Organization","@id":"https:\/\/rst-steel.com\/#organization","name":"RST-Steel Oy","alternateName":"RST-Steel Oy - Turvallista, tyylik\u00e4st\u00e4, ter\u00e4st\u00e4","url":"https:\/\/rst-steel.com\/","logo":{"@type":"ImageObject","inLanguage":"sv-SE","@id":"https:\/\/rst-steel.com\/#\/schema\/logo\/image\/","url":"https:\/\/rst-steel.com\/wp-content\/uploads\/2025\/02\/cropped-rst-valkoinen-ilman-taustaa-02.png","contentUrl":"https:\/\/rst-steel.com\/wp-content\/uploads\/2025\/02\/cropped-rst-valkoinen-ilman-taustaa-02.png","width":2319,"height":690,"caption":"RST-Steel Oy"},"image":{"@id":"https:\/\/rst-steel.com\/#\/schema\/logo\/image\/"}}]}},"_links":{"self":[{"href":"https:\/\/rst-steel.com\/sv\/wp-json\/wp\/v2\/product\/200081","targetHints":{"allow":["GET"]}}],"collection":[{"href":"https:\/\/rst-steel.com\/sv\/wp-json\/wp\/v2\/product"}],"about":[{"href":"https:\/\/rst-steel.com\/sv\/wp-json\/wp\/v2\/types\/product"}],"version-history":[{"count":2,"href":"https:\/\/rst-steel.com\/sv\/wp-json\/wp\/v2\/product\/200081\/revisions"}],"predecessor-version":[{"id":200551,"href":"https:\/\/rst-steel.com\/sv\/wp-json\/wp\/v2\/product\/200081\/revisions\/200551"}],"wp:featuredmedia":[{"embeddable":true,"href":"https:\/\/rst-steel.com\/sv\/wp-json\/wp\/v2\/media\/200079"}],"wp:attachment":[{"href":"https:\/\/rst-steel.com\/sv\/wp-json\/wp\/v2\/media?parent=200081"}],"wp:term":[{"taxonomy":"make_year","embeddable":true,"href":"https:\/\/rst-steel.com\/sv\/wp-json\/wp\/v2\/make_year?post=200081"},{"taxonomy":"make_brand","embeddable":true,"href":"https:\/\/rst-steel.com\/sv\/wp-json\/wp\/v2\/make_brand?post=200081"},{"taxonomy":"make_model","embeddable":true,"href":"https:\/\/rst-steel.com\/sv\/wp-json\/wp\/v2\/make_model?post=200081"},{"taxonomy":"make_fuel_type","embeddable":true,"href":"https:\/\/rst-steel.com\/sv\/wp-json\/wp\/v2\/make_fuel_type?post=200081"},{"taxonomy":"product_brand","embeddable":true,"href":"https:\/\/rst-steel.com\/sv\/wp-json\/wp\/v2\/product_brand?post=200081"},{"taxonomy":"product_cat","embeddable":true,"href":"https:\/\/rst-steel.com\/sv\/wp-json\/wp\/v2\/product_cat?post=200081"},{"taxonomy":"product_tag","embeddable":true,"href":"https:\/\/rst-steel.com\/sv\/wp-json\/wp\/v2\/product_tag?post=200081"}],"curies":[{"name":"wp","href":"https:\/\/api.w.org\/{rel}","templated":true}]}}