{"id":201347,"date":"2026-04-22T08:57:36","date_gmt":"2026-04-22T05:57:36","guid":{"rendered":"https:\/\/rst-steel.com\/product-category\/uncategorized\/karjapuskuri-dakar-v09-volvo-fh4\/"},"modified":"2026-04-24T10:48:15","modified_gmt":"2026-04-24T07:48:15","slug":"bullbar-dakar-v09-volvo-fh4","status":"publish","type":"product","link":"https:\/\/rst-steel.com\/sv\/produkt-kategori\/bull-bars\/volvo-bull-bars\/bullbar-dakar-v09-volvo-fh4\/","title":{"rendered":"Bull Bar Dakar V09 Volvo FH4-"},"content":{"rendered":"<div><strong>Bull Bar Dakar V09 Volvo FH4-<\/strong><\/div>\n<div><\/div>\n<div>Enhance the safety and appearance of your Volvo FH truck. This high-quality bull bar is designed to provide maximum protection and durability, while also adding a touch of elegance and prestige to your vehicle.<\/div>\n<div><\/div>\n<div>The bull bar protects the front of the vehicle in potential collision situations. It gives the truck a robust and stylish look, drawing attention and making you and your company stand out.<\/div>\n<div><\/div>\n<div><\/div>\n<div><\/div>\n<div><span style=\"font-weight: bold;\">Features:<\/span><\/div>\n<ul>\n<li>Compatibility: Perfectly fits Volvo FH4 and FH 2021- models.<\/li>\n<li>Durability: Made from high-quality stainless steel, capable of withstanding the toughest conditions.<\/li>\n<li>Easy Installation: Includes installation instructions and necessary hardware, ensuring you can install the bumper yourself.<\/li>\n<li>Stylish Appearance: This bull bar gives your truck a modern and dynamic look. Its sleek design and polished or powdercoated steel finish make your truck stand out and look impressive.<\/li>\n<li>Maximum Protection: The bull bar provides effective protection for the front of your vehicle, safeguarding it from collisions and damage. This reduces the risk of damage and helps keep your truck in good condition for longer.<\/li>\n<\/ul>\n<div><span style=\"font-weight: bold;\">Why Choose RST-Steel?<\/span><\/div>\n<ul>\n<li>Reliability: Years of experience and expertise ensure the high quality and durability of our products.<\/li>\n<li>Customer Satisfaction: Thousands of satisfied customers worldwide trust RST-Steel products.<\/li>\n<\/ul>\n<div>\n<p><strong><a href=\"https:\/\/www.youtube.com\/watch?v=G2FVajPh-pM\" target=\"_blank\" rel=\"noopener\">INSTALLATION VIDEO OF THE BULL BAR WIRING HARNESS!<\/a><\/strong><\/p>\n<\/div>\n<div><\/div>\n<div><span style=\"font-weight: bold;\">Tekniska specifikationer<\/span><\/div>\n<ul>\n<li>Color: Mirror-polished stainless steel or Powdercoated with RAL colors<\/li>\n<li>Pipe Diameters: 76 mm \/ 60 mm<\/li>\n<\/ul>\n<div><\/div>\n<div><span style=\"font-weight: bold;\">Package Includes:<\/span><\/div>\n<ul>\n<li>Bull Bar Dakar Volvo FH<\/li>\n<li>Mounting brackets required for installation<\/li>\n<li>Installation instructions<\/li>\n<\/ul>\n<div><\/div>\n<div><span style=\"font-weight: bold;\">Buy now and protect your truck in the best possible way!<\/span><\/div>\n<div><\/div>\n<div>Order the Dakar model Bull bar for Volvo FH models directly from our online store. We offer fast delivery and excellent customer service. Our high-quality products meet even the most demanding needs. Enjoy worry-free driving, knowing that your vehicle is protected in the best possible way. The bullbar is an investment that pays off in durability, safety, and stylish appearance.<\/div>\n<div><\/div>\n<div><span style=\"font-weight: bold;\">RST-Steel \u2013 Your reliable partner on the road<\/span><\/div>","protected":false},"excerpt":{"rendered":"<p>Bull Bar Dakar V09 Volvo FH4- Enhance the safety and appearance of your Volvo FH truck. This high-quality bull bar&#8230;<\/p>","protected":false},"featured_media":201345,"template":"","meta":[],"make_year":[10907],"make_brand":[10939],"make_model":[12838],"make_fuel_type":[],"product_brand":[9443],"product_cat":[10670,10672],"product_tag":[],"class_list":{"0":"post-201347","1":"product","2":"type-product","3":"status-publish","4":"has-post-thumbnail","6":"make_year-trucks","7":"make_brand-volvo","8":"make_model-volvo-trucks","9":"product_brand-brand_rststeel","10":"product_cat-bull-bars","11":"product_cat-volvo-bull-bars","12":"product_shipping_class-bullbars","14":"first","15":"onbackorder","16":"taxable","17":"shipping-taxable","18":"purchasable","19":"product-type-variable"},"yoast_head":"<!-- This site is optimized with the Yoast SEO plugin v27.1.1 - https:\/\/yoast.com\/product\/yoast-seo-wordpress\/ -->\n<title>Bull Bar Dakar V09 Volvo FH4- RST-Steel<\/title>\n<meta name=\"description\" content=\"Bull Bar Dakar V09 Volvo FH4-: durable stainless steel front protection that enhances safety and gives the truck a strong, rugged and premium appearance.\" \/>\n<meta name=\"robots\" content=\"index, follow, max-snippet:-1, max-image-preview:large, max-video-preview:-1\" \/>\n<link rel=\"canonical\" href=\"https:\/\/rst-steel.com\/sv\/produkt-kategori\/bull-bars\/volvo-bull-bars\/bullbar-dakar-v09-volvo-fh4\/\" \/>\n<meta property=\"og:locale\" content=\"sv_SE\" \/>\n<meta property=\"og:type\" content=\"article\" \/>\n<meta property=\"og:title\" content=\"Bull Bar Dakar V09 Volvo FH4- RST-Steel\" \/>\n<meta property=\"og:description\" content=\"Bull Bar Dakar V09 Volvo FH4-: durable stainless steel front protection that enhances safety and gives the truck a strong, rugged and premium appearance.\" \/>\n<meta property=\"og:url\" content=\"https:\/\/rst-steel.com\/sv\/produkt-kategori\/bull-bars\/volvo-bull-bars\/bullbar-dakar-v09-volvo-fh4\/\" \/>\n<meta property=\"og:site_name\" content=\"RST-Steel\" \/>\n<meta property=\"article:modified_time\" content=\"2026-04-24T07:48:15+00:00\" \/>\n<meta property=\"og:image\" content=\"https:\/\/rst-steel.com\/wp-content\/uploads\/2026\/04\/cfbfe0b1fefdec32d7aa176c4c619ba7742bc7b5_e4522d94d0b7f877ff071526cb80d435.jpg\" \/>\n\t<meta property=\"og:image:width\" content=\"2048\" \/>\n\t<meta property=\"og:image:height\" content=\"2048\" \/>\n\t<meta property=\"og:image:type\" content=\"image\/jpeg\" \/>\n<meta name=\"twitter:card\" content=\"summary_large_image\" \/>\n<meta name=\"twitter:label1\" content=\"Ber\u00e4knad l\u00e4stid\" \/>\n\t<meta name=\"twitter:data1\" content=\"2 minuter\" \/>\n<script type=\"application\/ld+json\" class=\"yoast-schema-graph\">{\"@context\":\"https:\/\/schema.org\",\"@graph\":[{\"@type\":\"WebPage\",\"@id\":\"https:\/\/rst-steel.com\/product-category\/bull-bars\/volvo-bull-bars\/bullbar-dakar-v09-volvo-fh4\/\",\"url\":\"https:\/\/rst-steel.com\/product-category\/bull-bars\/volvo-bull-bars\/bullbar-dakar-v09-volvo-fh4\/\",\"name\":\"Bull Bar Dakar V09 Volvo FH4- RST-Steel\",\"isPartOf\":{\"@id\":\"https:\/\/rst-steel.com\/#website\"},\"primaryImageOfPage\":{\"@id\":\"https:\/\/rst-steel.com\/product-category\/bull-bars\/volvo-bull-bars\/bullbar-dakar-v09-volvo-fh4\/#primaryimage\"},\"image\":{\"@id\":\"https:\/\/rst-steel.com\/product-category\/bull-bars\/volvo-bull-bars\/bullbar-dakar-v09-volvo-fh4\/#primaryimage\"},\"thumbnailUrl\":\"https:\/\/rst-steel.com\/wp-content\/uploads\/2026\/04\/cfbfe0b1fefdec32d7aa176c4c619ba7742bc7b5_e4522d94d0b7f877ff071526cb80d435.jpg\",\"datePublished\":\"2026-04-22T05:57:36+00:00\",\"dateModified\":\"2026-04-24T07:48:15+00:00\",\"description\":\"Bull Bar Dakar V09 Volvo FH4-: durable stainless steel front protection that enhances safety and gives the truck a strong, rugged and premium appearance.\",\"breadcrumb\":{\"@id\":\"https:\/\/rst-steel.com\/product-category\/bull-bars\/volvo-bull-bars\/bullbar-dakar-v09-volvo-fh4\/#breadcrumb\"},\"inLanguage\":\"sv-SE\",\"potentialAction\":[{\"@type\":\"ReadAction\",\"target\":[\"https:\/\/rst-steel.com\/product-category\/bull-bars\/volvo-bull-bars\/bullbar-dakar-v09-volvo-fh4\/\"]}]},{\"@type\":\"ImageObject\",\"inLanguage\":\"sv-SE\",\"@id\":\"https:\/\/rst-steel.com\/product-category\/bull-bars\/volvo-bull-bars\/bullbar-dakar-v09-volvo-fh4\/#primaryimage\",\"url\":\"https:\/\/rst-steel.com\/wp-content\/uploads\/2026\/04\/cfbfe0b1fefdec32d7aa176c4c619ba7742bc7b5_e4522d94d0b7f877ff071526cb80d435.jpg\",\"contentUrl\":\"https:\/\/rst-steel.com\/wp-content\/uploads\/2026\/04\/cfbfe0b1fefdec32d7aa176c4c619ba7742bc7b5_e4522d94d0b7f877ff071526cb80d435.jpg\",\"width\":2048,\"height\":2048,\"caption\":\"Bull Bar Dakar V09 Volvo FH4-\"},{\"@type\":\"BreadcrumbList\",\"@id\":\"https:\/\/rst-steel.com\/product-category\/bull-bars\/volvo-bull-bars\/bullbar-dakar-v09-volvo-fh4\/#breadcrumb\",\"itemListElement\":[{\"@type\":\"ListItem\",\"position\":1,\"name\":\"Home\",\"item\":\"https:\/\/rst-steel.com\/\"},{\"@type\":\"ListItem\",\"position\":2,\"name\":\"RST-Steel Verkkokauppa\",\"item\":\"https:\/\/rst-steel.com\/shop\/\"},{\"@type\":\"ListItem\",\"position\":3,\"name\":\"Bull Bar Dakar V09 Volvo FH4-\"}]},{\"@type\":\"WebSite\",\"@id\":\"https:\/\/rst-steel.com\/#website\",\"url\":\"https:\/\/rst-steel.com\/\",\"name\":\"RST-Steel Oy - Turvallista, tyylik\u00e4st\u00e4, ter\u00e4st\u00e4\",\"description\":\"Finnish quality for discerning drivers\",\"publisher\":{\"@id\":\"https:\/\/rst-steel.com\/#organization\"},\"potentialAction\":[{\"@type\":\"SearchAction\",\"target\":{\"@type\":\"EntryPoint\",\"urlTemplate\":\"https:\/\/rst-steel.com\/?s={search_term_string}\"},\"query-input\":{\"@type\":\"PropertyValueSpecification\",\"valueRequired\":true,\"valueName\":\"search_term_string\"}}],\"inLanguage\":\"sv-SE\"},{\"@type\":\"Organization\",\"@id\":\"https:\/\/rst-steel.com\/#organization\",\"name\":\"RST-Steel Oy\",\"alternateName\":\"RST-Steel Oy - Turvallista, tyylik\u00e4st\u00e4, ter\u00e4st\u00e4\",\"url\":\"https:\/\/rst-steel.com\/\",\"logo\":{\"@type\":\"ImageObject\",\"inLanguage\":\"sv-SE\",\"@id\":\"https:\/\/rst-steel.com\/#\/schema\/logo\/image\/\",\"url\":\"https:\/\/rst-steel.com\/wp-content\/uploads\/2025\/02\/cropped-rst-valkoinen-ilman-taustaa-02.png\",\"contentUrl\":\"https:\/\/rst-steel.com\/wp-content\/uploads\/2025\/02\/cropped-rst-valkoinen-ilman-taustaa-02.png\",\"width\":2319,\"height\":690,\"caption\":\"RST-Steel Oy\"},\"image\":{\"@id\":\"https:\/\/rst-steel.com\/#\/schema\/logo\/image\/\"}}]}<\/script>\n<!-- \/ Yoast SEO plugin. -->","yoast_head_json":{"title":"Bull Bar Dakar V09 Volvo FH4- RST-Steel","description":"Bull Bar Dakar V09 Volvo FH4-: durable stainless steel front protection that enhances safety and gives the truck a strong, rugged and premium appearance.","robots":{"index":"index","follow":"follow","max-snippet":"max-snippet:-1","max-image-preview":"max-image-preview:large","max-video-preview":"max-video-preview:-1"},"canonical":"https:\/\/rst-steel.com\/sv\/produkt-kategori\/bull-bars\/volvo-bull-bars\/bullbar-dakar-v09-volvo-fh4\/","og_locale":"sv_SE","og_type":"article","og_title":"Bull Bar Dakar V09 Volvo FH4- RST-Steel","og_description":"Bull Bar Dakar V09 Volvo FH4-: durable stainless steel front protection that enhances safety and gives the truck a strong, rugged and premium appearance.","og_url":"https:\/\/rst-steel.com\/sv\/produkt-kategori\/bull-bars\/volvo-bull-bars\/bullbar-dakar-v09-volvo-fh4\/","og_site_name":"RST-Steel","article_modified_time":"2026-04-24T07:48:15+00:00","og_image":[{"width":2048,"height":2048,"url":"https:\/\/rst-steel.com\/wp-content\/uploads\/2026\/04\/cfbfe0b1fefdec32d7aa176c4c619ba7742bc7b5_e4522d94d0b7f877ff071526cb80d435.jpg","type":"image\/jpeg"}],"twitter_card":"summary_large_image","twitter_misc":{"Ber\u00e4knad l\u00e4stid":"2 minuter"},"schema":{"@context":"https:\/\/schema.org","@graph":[{"@type":"WebPage","@id":"https:\/\/rst-steel.com\/product-category\/bull-bars\/volvo-bull-bars\/bullbar-dakar-v09-volvo-fh4\/","url":"https:\/\/rst-steel.com\/product-category\/bull-bars\/volvo-bull-bars\/bullbar-dakar-v09-volvo-fh4\/","name":"Bull Bar Dakar V09 Volvo FH4- RST-Steel","isPartOf":{"@id":"https:\/\/rst-steel.com\/#website"},"primaryImageOfPage":{"@id":"https:\/\/rst-steel.com\/product-category\/bull-bars\/volvo-bull-bars\/bullbar-dakar-v09-volvo-fh4\/#primaryimage"},"image":{"@id":"https:\/\/rst-steel.com\/product-category\/bull-bars\/volvo-bull-bars\/bullbar-dakar-v09-volvo-fh4\/#primaryimage"},"thumbnailUrl":"https:\/\/rst-steel.com\/wp-content\/uploads\/2026\/04\/cfbfe0b1fefdec32d7aa176c4c619ba7742bc7b5_e4522d94d0b7f877ff071526cb80d435.jpg","datePublished":"2026-04-22T05:57:36+00:00","dateModified":"2026-04-24T07:48:15+00:00","description":"Bull Bar Dakar V09 Volvo FH4-: durable stainless steel front protection that enhances safety and gives the truck a strong, rugged and premium appearance.","breadcrumb":{"@id":"https:\/\/rst-steel.com\/product-category\/bull-bars\/volvo-bull-bars\/bullbar-dakar-v09-volvo-fh4\/#breadcrumb"},"inLanguage":"sv-SE","potentialAction":[{"@type":"ReadAction","target":["https:\/\/rst-steel.com\/product-category\/bull-bars\/volvo-bull-bars\/bullbar-dakar-v09-volvo-fh4\/"]}]},{"@type":"ImageObject","inLanguage":"sv-SE","@id":"https:\/\/rst-steel.com\/product-category\/bull-bars\/volvo-bull-bars\/bullbar-dakar-v09-volvo-fh4\/#primaryimage","url":"https:\/\/rst-steel.com\/wp-content\/uploads\/2026\/04\/cfbfe0b1fefdec32d7aa176c4c619ba7742bc7b5_e4522d94d0b7f877ff071526cb80d435.jpg","contentUrl":"https:\/\/rst-steel.com\/wp-content\/uploads\/2026\/04\/cfbfe0b1fefdec32d7aa176c4c619ba7742bc7b5_e4522d94d0b7f877ff071526cb80d435.jpg","width":2048,"height":2048,"caption":"Bull Bar Dakar V09 Volvo FH4-"},{"@type":"BreadcrumbList","@id":"https:\/\/rst-steel.com\/product-category\/bull-bars\/volvo-bull-bars\/bullbar-dakar-v09-volvo-fh4\/#breadcrumb","itemListElement":[{"@type":"ListItem","position":1,"name":"Home","item":"https:\/\/rst-steel.com\/"},{"@type":"ListItem","position":2,"name":"RST-Steel Verkkokauppa","item":"https:\/\/rst-steel.com\/shop\/"},{"@type":"ListItem","position":3,"name":"Bull Bar Dakar V09 Volvo FH4-"}]},{"@type":"WebSite","@id":"https:\/\/rst-steel.com\/#website","url":"https:\/\/rst-steel.com\/","name":"RST-Steel Oy - Turvallista, tyylik\u00e4st\u00e4, ter\u00e4st\u00e4","description":"Finsk kvalitet f\u00f6r kvalitetsmedvetna f\u00f6rare","publisher":{"@id":"https:\/\/rst-steel.com\/#organization"},"potentialAction":[{"@type":"SearchAction","target":{"@type":"EntryPoint","urlTemplate":"https:\/\/rst-steel.com\/?s={search_term_string}"},"query-input":{"@type":"PropertyValueSpecification","valueRequired":true,"valueName":"search_term_string"}}],"inLanguage":"sv-SE"},{"@type":"Organization","@id":"https:\/\/rst-steel.com\/#organization","name":"RST-Steel Oy","alternateName":"RST-Steel Oy - Turvallista, tyylik\u00e4st\u00e4, ter\u00e4st\u00e4","url":"https:\/\/rst-steel.com\/","logo":{"@type":"ImageObject","inLanguage":"sv-SE","@id":"https:\/\/rst-steel.com\/#\/schema\/logo\/image\/","url":"https:\/\/rst-steel.com\/wp-content\/uploads\/2025\/02\/cropped-rst-valkoinen-ilman-taustaa-02.png","contentUrl":"https:\/\/rst-steel.com\/wp-content\/uploads\/2025\/02\/cropped-rst-valkoinen-ilman-taustaa-02.png","width":2319,"height":690,"caption":"RST-Steel Oy"},"image":{"@id":"https:\/\/rst-steel.com\/#\/schema\/logo\/image\/"}}]}},"_links":{"self":[{"href":"https:\/\/rst-steel.com\/sv\/wp-json\/wp\/v2\/product\/201347","targetHints":{"allow":["GET"]}}],"collection":[{"href":"https:\/\/rst-steel.com\/sv\/wp-json\/wp\/v2\/product"}],"about":[{"href":"https:\/\/rst-steel.com\/sv\/wp-json\/wp\/v2\/types\/product"}],"version-history":[{"count":4,"href":"https:\/\/rst-steel.com\/sv\/wp-json\/wp\/v2\/product\/201347\/revisions"}],"predecessor-version":[{"id":201420,"href":"https:\/\/rst-steel.com\/sv\/wp-json\/wp\/v2\/product\/201347\/revisions\/201420"}],"wp:featuredmedia":[{"embeddable":true,"href":"https:\/\/rst-steel.com\/sv\/wp-json\/wp\/v2\/media\/201345"}],"wp:attachment":[{"href":"https:\/\/rst-steel.com\/sv\/wp-json\/wp\/v2\/media?parent=201347"}],"wp:term":[{"taxonomy":"make_year","embeddable":true,"href":"https:\/\/rst-steel.com\/sv\/wp-json\/wp\/v2\/make_year?post=201347"},{"taxonomy":"make_brand","embeddable":true,"href":"https:\/\/rst-steel.com\/sv\/wp-json\/wp\/v2\/make_brand?post=201347"},{"taxonomy":"make_model","embeddable":true,"href":"https:\/\/rst-steel.com\/sv\/wp-json\/wp\/v2\/make_model?post=201347"},{"taxonomy":"make_fuel_type","embeddable":true,"href":"https:\/\/rst-steel.com\/sv\/wp-json\/wp\/v2\/make_fuel_type?post=201347"},{"taxonomy":"product_brand","embeddable":true,"href":"https:\/\/rst-steel.com\/sv\/wp-json\/wp\/v2\/product_brand?post=201347"},{"taxonomy":"product_cat","embeddable":true,"href":"https:\/\/rst-steel.com\/sv\/wp-json\/wp\/v2\/product_cat?post=201347"},{"taxonomy":"product_tag","embeddable":true,"href":"https:\/\/rst-steel.com\/sv\/wp-json\/wp\/v2\/product_tag?post=201347"}],"curies":[{"name":"wp","href":"https:\/\/api.w.org\/{rel}","templated":true}]}}