{"id":36459,"date":"2023-02-09T14:59:32","date_gmt":"2023-02-09T11:59:32","guid":{"rendered":"https:\/\/rst-steel.fi-c.seravo.com\/product\/lazer-linear-6-elite-_pr_18671\/"},"modified":"2026-03-16T09:21:19","modified_gmt":"2026-03-16T06:21:19","slug":"lazer-linear-6-elite-_pr_18671","status":"publish","type":"product","link":"https:\/\/rst-steel.com\/sv\/produkt\/lazer-linear-6-elite-_pr_18671\/","title":{"rendered":"Lazer Linear 6 Elite Extraljus"},"content":{"rendered":"<p>Linear-serien representerar det allra b\u00e4sta inom slimmade extra helljus och anv\u00e4nder en kombination av h\u00f6geffektiva 3W LED-lampor och vakuummetalliserad bred optik f\u00f6r att leverera ett perfekt avpassat ljusm\u00f6nster f\u00f6r vardaglig anv\u00e4ndning p\u00e5 v\u00e4garna. Linear-serien m\u00e4ter bara 40 mm p\u00e5 h\u00f6jden och \u00e4r en utm\u00e4rkt l\u00f6sning n\u00e4r antingen utrymmet \u00e4r begr\u00e4nsat eller n\u00e4r man letar efter en diskret installation som sannolikt kommer att uppm\u00e4rksammas p\u00e5 natten.<\/p>\n<p><\/p>\n<p>Alla Linear-produkter \u00e4r fullt UNECE-certifierade enligt f\u00f6reskrifter nr 112 som klass B-k\u00f6rljus (f\u00f6r anv\u00e4ndning p\u00e5 v\u00e4g). Produkterna p\u00e5 elitniv\u00e5 har dubbelt s\u00e5 h\u00f6g ljuseffekt j\u00e4mf\u00f6rt med motsvarande standardversion.&nbsp;<\/p>\n<p><\/p>\n<p>Produktens egenskaper:<\/p>\n<p><\/p>\n<ul>\n<li>Flexibla monteringsalternativ - st\u00f6ldskyddade sidomonteringsf\u00e4sten ing\u00e5r<\/li>\n<li>Elektroniskt v\u00e4rmehanteringssystem optimerar ljusfl\u00f6det f\u00f6r att bevara LED-lampornas livsl\u00e4ngd<\/li>\n<li>Anodiserad f\u00f6rbehandling och pulverlackering av fordonskvalitet f\u00f6r ultimat korrosions- och kemikalieskydd<\/li>\n<li>CAE-optimerad kylfl\u00e4ns ger f\u00f6rb\u00e4ttrad termisk dynamik<\/li>\n<li>Skyddad mot \u00f6versp\u00e4nning<\/li>\n<li>Skyddad mot omv\u00e4nd polaritet<\/li>\n<li>\"Okrossbar\" lins av polykarbonat med h\u00e5rdlackerad yta<\/li>\n<li>UNECE-godk\u00e4nd Reg 112 (klass B-k\u00f6rljus) f\u00f6r helljusfunktion p\u00e5 v\u00e4g<\/li>\n<li>UNECE godk\u00e4nd Reg 10<\/li>\n<li>IP67 vattent\u00e4t<\/li>\n<li><span style=\"font-weight: bold\">5 \u00e5rs garanti<\/span><\/li>\n<li>Designad och tillverkad i Storbritannien<\/li>\n<\/ul>\n<p><\/p>\n<p><\/p>\n<p><\/p>\n<p><\/p>\n<p><\/p>\n<p>Tekniska specifikationer<\/p>\n<p>Sp\u00e4nningsintervall: 10-32V<\/p>\n<p>Vikt: 495 gram<\/p>\n<p>Totalt ljusfl\u00f6de: 4050 lm<\/p>\n<p>Str\u00f6mf\u00f6rbrukning: 42 watt<\/p>\n<p>Antal lysdioder med h\u00f6g effekt:  12<\/p>\n<p><\/p>\n<p>M\u00c5TT:<\/p>\n<p>&nbsp; &nbsp; Bredd: 232 mm<\/p>\n<p>&nbsp; &nbsp; Djup: 62 mm<\/p>\n<p>&nbsp; &nbsp; H\u00f6jd: 40 mm<\/p>\n<p><\/p>\n<p>FOTOMETRISKA DATA:<\/p>\n<p>&nbsp; &nbsp; Horisontell str\u00e5lningsvinkel: 64 grader<\/p>\n<p>&nbsp; &nbsp; 0,25 lx Linje: 563 meter<\/p>\n<p>&nbsp; &nbsp; 0,5 lx Linje: 398 meter<\/p>\n<p>&nbsp;&nbsp;&nbsp;&nbsp;1 lx Linje: 282 meter<\/p>\n<p>&nbsp;&nbsp;&nbsp;&nbsp;3 lx Linje: 163 meter<\/p>\n<p><\/p>\n<p>CERTIFIERING<\/p>\n<p>&nbsp; &nbsp; H\u00f6g str\u00e5lkastare<span>\t<\/span>ECE R112<\/p>\n<p>&nbsp;&nbsp;&nbsp;&nbsp;ECE Referens:<span>\t<\/span>17.5<\/p>\n<p><\/p>\n<p><\/p>\n<p>What\u2019s included:<\/p>\n<p>Linear-6 Elite LED-lampa<\/p>\n<p>St\u00f6ldskyddande sidof\u00e4ste<\/p>\n<p>Levereras med f\u00f6rkontakterade 2-poliga Superseal-kontakter, hane\/hona<\/p>\n<p><\/p>\n<p>Instruktioner f\u00f6r installation<\/p>","protected":false},"excerpt":{"rendered":"<p>5 \u00e5rs garanti!<\/p>","protected":false},"featured_media":43681,"comment_status":"open","ping_status":"closed","template":"","meta":{"_improvement_type_select":"improve_an_existing","_thumb_yes_seoaic":false,"_frame_yes_seoaic":false,"seoaic_generate_description":"","seoaic_improve_instructions_prompt":"","seoaic_rollback_content_improvement":"","seoaic_idea_thumbnail_generator":"","thumbnail_generated":false,"thumbnail_generate_prompt":"","seoaic_article_description":""},"make_fuel_type":[],"make_model":[],"make_brand":[],"make_year":[3748,6373],"pwb-brand":[8332],"product_brand":[],"product_cat":[6195,6209,6211,7206],"product_tag":[7551,6298,6364],"class_list":{"0":"post-36459","1":"product","2":"type-product","3":"status-publish","4":"has-post-thumbnail","6":"make_year-trucks","7":"make_year-van","8":"pwb-brand-brand_lazerlamps","9":"product_cat-lamps","10":"product_cat-auxiliary-lights","11":"product_cat-lazer-lamps-auxiliary-lights","12":"product_cat-rst-linearr","13":"product_tag-extraljus","14":"product_tag-lazer-lamps","15":"product_tag-linear","17":"first","18":"instock","19":"taxable","20":"shipping-taxable","21":"purchasable","22":"product-type-simple"},"yoast_head":"<!-- This site is optimized with the Yoast SEO plugin v25.7 - https:\/\/yoast.com\/wordpress\/plugins\/seo\/ -->\n<title>Lazer Linear 6 Elite - RST-Steel<\/title>\n<meta name=\"description\" content=\"Lazer Linear 6 Elite offers powerful LED lighting with a sleek design, delivering high brightness and durability for improved visibility in all conditions.\" \/>\n<meta name=\"robots\" content=\"index, follow, max-snippet:-1, max-image-preview:large, max-video-preview:-1\" \/>\n<link rel=\"canonical\" href=\"https:\/\/rst-steel.com\/sv\/produkt\/lazer-linear-6-elite-_pr_18671\/\" \/>\n<meta property=\"og:locale\" content=\"sv_SE\" \/>\n<meta property=\"og:type\" content=\"article\" \/>\n<meta property=\"og:title\" content=\"Lazer Linear 6 Elite - RST-Steel\" \/>\n<meta property=\"og:description\" content=\"Lazer Linear 6 Elite offers powerful LED lighting with a sleek design, delivering high brightness and durability for improved visibility in all conditions.\" \/>\n<meta property=\"og:url\" content=\"https:\/\/rst-steel.com\/sv\/produkt\/lazer-linear-6-elite-_pr_18671\/\" \/>\n<meta property=\"og:site_name\" content=\"RST-Steel\" \/>\n<meta property=\"article:publisher\" content=\"https:\/\/www.facebook.com\/rststeel\" \/>\n<meta property=\"article:modified_time\" content=\"2026-03-16T06:21:19+00:00\" \/>\n<meta property=\"og:image\" content=\"https:\/\/rst-steel.com\/wp-content\/uploads\/2024\/06\/db763eef934033534fcee580e30ffbbef1ff794e_lazer_linear_6_elite_2_normal.jpg\" \/>\n\t<meta property=\"og:image:width\" content=\"600\" \/>\n\t<meta property=\"og:image:height\" content=\"600\" \/>\n\t<meta property=\"og:image:type\" content=\"image\/jpeg\" \/>\n<meta name=\"twitter:card\" content=\"summary_large_image\" \/>\n<meta name=\"twitter:label1\" content=\"Ber\u00e4knad l\u00e4stid\" \/>\n\t<meta name=\"twitter:data1\" content=\"2 minuter\" \/>\n<script type=\"application\/ld+json\" class=\"yoast-schema-graph\">{\"@context\":\"https:\/\/schema.org\",\"@graph\":[{\"@type\":\"WebPage\",\"@id\":\"https:\/\/rst-steel.com\/product\/lazer-linear-6-elite-_pr_18671\/\",\"url\":\"https:\/\/rst-steel.com\/product\/lazer-linear-6-elite-_pr_18671\/\",\"name\":\"Lazer Linear 6 Elite - RST-Steel\",\"isPartOf\":{\"@id\":\"https:\/\/rst-steel.com\/#website\"},\"primaryImageOfPage\":{\"@id\":\"https:\/\/rst-steel.com\/product\/lazer-linear-6-elite-_pr_18671\/#primaryimage\"},\"image\":{\"@id\":\"https:\/\/rst-steel.com\/product\/lazer-linear-6-elite-_pr_18671\/#primaryimage\"},\"thumbnailUrl\":\"https:\/\/rst-steel.com\/wp-content\/uploads\/2024\/06\/db763eef934033534fcee580e30ffbbef1ff794e_lazer_linear_6_elite_2_normal.jpg\",\"datePublished\":\"2023-02-09T11:59:32+00:00\",\"dateModified\":\"2026-03-16T06:21:19+00:00\",\"description\":\"Lazer Linear 6 Elite offers powerful LED lighting with a sleek design, delivering high brightness and durability for improved visibility in all conditions.\",\"breadcrumb\":{\"@id\":\"https:\/\/rst-steel.com\/product\/lazer-linear-6-elite-_pr_18671\/#breadcrumb\"},\"inLanguage\":\"sv-SE\",\"potentialAction\":[{\"@type\":\"ReadAction\",\"target\":[\"https:\/\/rst-steel.com\/product\/lazer-linear-6-elite-_pr_18671\/\"]}]},{\"@type\":\"ImageObject\",\"inLanguage\":\"sv-SE\",\"@id\":\"https:\/\/rst-steel.com\/product\/lazer-linear-6-elite-_pr_18671\/#primaryimage\",\"url\":\"https:\/\/rst-steel.com\/wp-content\/uploads\/2024\/06\/db763eef934033534fcee580e30ffbbef1ff794e_lazer_linear_6_elite_2_normal.jpg\",\"contentUrl\":\"https:\/\/rst-steel.com\/wp-content\/uploads\/2024\/06\/db763eef934033534fcee580e30ffbbef1ff794e_lazer_linear_6_elite_2_normal.jpg\",\"width\":600,\"height\":600,\"caption\":\"Lazer Linear 6 Elite\"},{\"@type\":\"BreadcrumbList\",\"@id\":\"https:\/\/rst-steel.com\/product\/lazer-linear-6-elite-_pr_18671\/#breadcrumb\",\"itemListElement\":[{\"@type\":\"ListItem\",\"position\":1,\"name\":\"Home\",\"item\":\"https:\/\/rst-steel.com\/\"},{\"@type\":\"ListItem\",\"position\":2,\"name\":\"RST-Steel Shop\",\"item\":\"https:\/\/rst-steel.com\/shop\/\"},{\"@type\":\"ListItem\",\"position\":3,\"name\":\"Lazer Linear 6 Elite\"}]},{\"@type\":\"WebSite\",\"@id\":\"https:\/\/rst-steel.com\/#website\",\"url\":\"https:\/\/rst-steel.com\/\",\"name\":\"RST-Steel.com\",\"description\":\"Finnish quality steel, for quality-conscious drivers\",\"publisher\":{\"@id\":\"https:\/\/rst-steel.com\/#organization\"},\"alternateName\":\"Safe and stylish RST-Steel quality\",\"potentialAction\":[{\"@type\":\"SearchAction\",\"target\":{\"@type\":\"EntryPoint\",\"urlTemplate\":\"https:\/\/rst-steel.com\/?s={search_term_string}\"},\"query-input\":{\"@type\":\"PropertyValueSpecification\",\"valueRequired\":true,\"valueName\":\"search_term_string\"}}],\"inLanguage\":\"sv-SE\"},{\"@type\":\"Organization\",\"@id\":\"https:\/\/rst-steel.com\/#organization\",\"name\":\"RST-Steel Oy\",\"url\":\"https:\/\/rst-steel.com\/\",\"logo\":{\"@type\":\"ImageObject\",\"inLanguage\":\"sv-SE\",\"@id\":\"https:\/\/rst-steel.com\/#\/schema\/logo\/image\/\",\"url\":\"https:\/\/rst-steel.com\/wp-content\/uploads\/2023\/04\/cropped-Rst-logo-valkoinen-teksti-3.png\",\"contentUrl\":\"https:\/\/rst-steel.com\/wp-content\/uploads\/2023\/04\/cropped-Rst-logo-valkoinen-teksti-3.png\",\"width\":512,\"height\":115,\"caption\":\"RST-Steel Oy\"},\"image\":{\"@id\":\"https:\/\/rst-steel.com\/#\/schema\/logo\/image\/\"},\"sameAs\":[\"https:\/\/www.facebook.com\/rststeel\",\"https:\/\/www.instagram.com\/rststeeloy\/\"]}]}<\/script>\n<!-- \/ Yoast SEO plugin. -->","yoast_head_json":{"title":"Lazer Linear 6 Elite - RST-Steel","description":"Lazer Linear 6 Elite erbjuder kraftfull LED-belysning med en elegant design som ger h\u00f6g ljusstyrka och h\u00e5llbarhet f\u00f6r f\u00f6rb\u00e4ttrad synlighet under alla f\u00f6rh\u00e5llanden.","robots":{"index":"index","follow":"follow","max-snippet":"max-snippet:-1","max-image-preview":"max-image-preview:large","max-video-preview":"max-video-preview:-1"},"canonical":"https:\/\/rst-steel.com\/sv\/produkt\/lazer-linear-6-elite-_pr_18671\/","og_locale":"sv_SE","og_type":"article","og_title":"Lazer Linear 6 Elite - RST-Steel","og_description":"Lazer Linear 6 Elite offers powerful LED lighting with a sleek design, delivering high brightness and durability for improved visibility in all conditions.","og_url":"https:\/\/rst-steel.com\/sv\/produkt\/lazer-linear-6-elite-_pr_18671\/","og_site_name":"RST-Steel","article_publisher":"https:\/\/www.facebook.com\/rststeel","article_modified_time":"2026-03-16T06:21:19+00:00","og_image":[{"width":600,"height":600,"url":"https:\/\/rst-steel.com\/wp-content\/uploads\/2024\/06\/db763eef934033534fcee580e30ffbbef1ff794e_lazer_linear_6_elite_2_normal.jpg","type":"image\/jpeg"}],"twitter_card":"summary_large_image","twitter_misc":{"Ber\u00e4knad l\u00e4stid":"2 minuter"},"schema":{"@context":"https:\/\/schema.org","@graph":[{"@type":"WebPage","@id":"https:\/\/rst-steel.com\/product\/lazer-linear-6-elite-_pr_18671\/","url":"https:\/\/rst-steel.com\/product\/lazer-linear-6-elite-_pr_18671\/","name":"Lazer Linear 6 Elite - RST-Steel","isPartOf":{"@id":"https:\/\/rst-steel.com\/#website"},"primaryImageOfPage":{"@id":"https:\/\/rst-steel.com\/product\/lazer-linear-6-elite-_pr_18671\/#primaryimage"},"image":{"@id":"https:\/\/rst-steel.com\/product\/lazer-linear-6-elite-_pr_18671\/#primaryimage"},"thumbnailUrl":"https:\/\/rst-steel.com\/wp-content\/uploads\/2024\/06\/db763eef934033534fcee580e30ffbbef1ff794e_lazer_linear_6_elite_2_normal.jpg","datePublished":"2023-02-09T11:59:32+00:00","dateModified":"2026-03-16T06:21:19+00:00","description":"Lazer Linear 6 Elite erbjuder kraftfull LED-belysning med en elegant design som ger h\u00f6g ljusstyrka och h\u00e5llbarhet f\u00f6r f\u00f6rb\u00e4ttrad synlighet under alla f\u00f6rh\u00e5llanden.","breadcrumb":{"@id":"https:\/\/rst-steel.com\/product\/lazer-linear-6-elite-_pr_18671\/#breadcrumb"},"inLanguage":"sv-SE","potentialAction":[{"@type":"ReadAction","target":["https:\/\/rst-steel.com\/product\/lazer-linear-6-elite-_pr_18671\/"]}]},{"@type":"ImageObject","inLanguage":"sv-SE","@id":"https:\/\/rst-steel.com\/product\/lazer-linear-6-elite-_pr_18671\/#primaryimage","url":"https:\/\/rst-steel.com\/wp-content\/uploads\/2024\/06\/db763eef934033534fcee580e30ffbbef1ff794e_lazer_linear_6_elite_2_normal.jpg","contentUrl":"https:\/\/rst-steel.com\/wp-content\/uploads\/2024\/06\/db763eef934033534fcee580e30ffbbef1ff794e_lazer_linear_6_elite_2_normal.jpg","width":600,"height":600,"caption":"Lazer Linear 6 Elite"},{"@type":"BreadcrumbList","@id":"https:\/\/rst-steel.com\/product\/lazer-linear-6-elite-_pr_18671\/#breadcrumb","itemListElement":[{"@type":"ListItem","position":1,"name":"Home","item":"https:\/\/rst-steel.com\/"},{"@type":"ListItem","position":2,"name":"RST-Steel Shop","item":"https:\/\/rst-steel.com\/shop\/"},{"@type":"ListItem","position":3,"name":"Lazer Linear 6 Elite"}]},{"@type":"WebSite","@id":"https:\/\/rst-steel.com\/#website","url":"https:\/\/rst-steel.com\/","name":"RST-Stahl.com","description":"Finskt kvalitetsst\u00e5l, f\u00f6r kvalitetsmedvetna f\u00f6rare","publisher":{"@id":"https:\/\/rst-steel.com\/#organization"},"alternateName":"Safe and stylish RST-Steel quality","potentialAction":[{"@type":"SearchAction","target":{"@type":"EntryPoint","urlTemplate":"https:\/\/rst-steel.com\/?s={search_term_string}"},"query-input":{"@type":"PropertyValueSpecification","valueRequired":true,"valueName":"search_term_string"}}],"inLanguage":"sv-SE"},{"@type":"Organization","@id":"https:\/\/rst-steel.com\/#organization","name":"RST-Steel Oy","url":"https:\/\/rst-steel.com\/","logo":{"@type":"ImageObject","inLanguage":"sv-SE","@id":"https:\/\/rst-steel.com\/#\/schema\/logo\/image\/","url":"https:\/\/rst-steel.com\/wp-content\/uploads\/2023\/04\/cropped-Rst-logo-valkoinen-teksti-3.png","contentUrl":"https:\/\/rst-steel.com\/wp-content\/uploads\/2023\/04\/cropped-Rst-logo-valkoinen-teksti-3.png","width":512,"height":115,"caption":"RST-Steel Oy"},"image":{"@id":"https:\/\/rst-steel.com\/#\/schema\/logo\/image\/"},"sameAs":["https:\/\/www.facebook.com\/rststeel","https:\/\/www.instagram.com\/rststeeloy\/"]}]}},"brands":[{"id":8332,"name":"Lazer Lamps","slug":"brand_lazerlamps"}],"_links":{"self":[{"href":"https:\/\/rst-steel.com\/sv\/wp-json\/wp\/v2\/product\/36459","targetHints":{"allow":["GET"]}}],"collection":[{"href":"https:\/\/rst-steel.com\/sv\/wp-json\/wp\/v2\/product"}],"about":[{"href":"https:\/\/rst-steel.com\/sv\/wp-json\/wp\/v2\/types\/product"}],"replies":[{"embeddable":true,"href":"https:\/\/rst-steel.com\/sv\/wp-json\/wp\/v2\/comments?post=36459"}],"version-history":[{"count":0,"href":"https:\/\/rst-steel.com\/sv\/wp-json\/wp\/v2\/product\/36459\/revisions"}],"wp:featuredmedia":[{"embeddable":true,"href":"https:\/\/rst-steel.com\/sv\/wp-json\/wp\/v2\/media\/43681"}],"wp:attachment":[{"href":"https:\/\/rst-steel.com\/sv\/wp-json\/wp\/v2\/media?parent=36459"}],"wp:term":[{"taxonomy":"make_fuel_type","embeddable":true,"href":"https:\/\/rst-steel.com\/sv\/wp-json\/wp\/v2\/make_fuel_type?post=36459"},{"taxonomy":"make_model","embeddable":true,"href":"https:\/\/rst-steel.com\/sv\/wp-json\/wp\/v2\/make_model?post=36459"},{"taxonomy":"make_brand","embeddable":true,"href":"https:\/\/rst-steel.com\/sv\/wp-json\/wp\/v2\/make_brand?post=36459"},{"taxonomy":"make_year","embeddable":true,"href":"https:\/\/rst-steel.com\/sv\/wp-json\/wp\/v2\/make_year?post=36459"},{"taxonomy":"pwb-brand","embeddable":true,"href":"https:\/\/rst-steel.com\/sv\/wp-json\/wp\/v2\/pwb-brand?post=36459"},{"taxonomy":"product_brand","embeddable":true,"href":"https:\/\/rst-steel.com\/sv\/wp-json\/wp\/v2\/product_brand?post=36459"},{"taxonomy":"product_cat","embeddable":true,"href":"https:\/\/rst-steel.com\/sv\/wp-json\/wp\/v2\/product_cat?post=36459"},{"taxonomy":"product_tag","embeddable":true,"href":"https:\/\/rst-steel.com\/sv\/wp-json\/wp\/v2\/product_tag?post=36459"}],"curies":[{"name":"wp","href":"https:\/\/api.w.org\/{rel}","templated":true}]}}