{"id":36657,"date":"2023-02-10T16:18:05","date_gmt":"2023-02-10T13:18:05","guid":{"rendered":"https:\/\/rst-steel.fi-c.seravo.com\/product\/lazer-triple-r-1250-_pr_18694\/"},"modified":"2026-03-16T09:21:20","modified_gmt":"2026-03-16T06:21:20","slug":"lazer-triple-r-1250-gen2_pr_18694","status":"publish","type":"product","link":"https:\/\/rst-steel.com\/sv\/produkt\/lazer-triple-r-1250-gen2_pr_18694\/","title":{"rendered":"Lazer Triple-R 1250 GEN2 Extraljus"},"content":{"rendered":"<p>The iconic Triple-R range, upgraded in 2020\/21, delivers exceptional, long-range auxiliary LED automotive lighting. Initially developed for the uncompromising requirements of professional track and rally motorsport, the range has evolved to become a firm favourite across the passenger car, 4\u00d74, light commercial, and heavy truck market, both on and off-road. Recent additions to the Triple-R range boast innovative features and functionality, including patent-pending technology never seen before in an auxiliary LED light bar.<\/p>\n<p><\/p>\n<p>nneh\u00e5llande ett arrangemang av h\u00f6geffektiva, premium \"bin\"-lysdioder med en noggrant utvald f\u00e4rgtemperatur p\u00e5 5000K, med 80CRI f\u00f6r h\u00f6ga niv\u00e5er av sk\u00e4rpa och klarhet, representerar Triple-R Elite-produkterna v\u00e5ra mest kraftfulla k\u00f6rljus. Elektroniken och optiken samverkar f\u00f6r att ge en otrolig avst\u00e5ndsbelysning, men \u00e4nd\u00e5 med en avundsv\u00e4rd spridning \u00e5t v\u00e4nster\/h\u00f6ger. Den j\u00e4mf\u00f6relsevis l\u00e5ga spridningen upp\u00e5t\/ned\u00e5t av ljuset fr\u00e5n Elite-lamporna g\u00f6r att de l\u00e4mpar sig f\u00f6r takmontering, s\u00e5 att man undviker reflexer fr\u00e5n motorhuven.<\/p>\n<p><\/p>\n<p>Produkter p\u00e5 standardniv\u00e5 har integrerad (valfri) vit och\/eller gul positionsljusfunktion f\u00f6r extra styling- och s\u00e4kerhetsf\u00f6rdelar. Tillsammans med den f\u00f6rstklassiga designen p\u00e5 sj\u00e4lva lamporna kan du vara s\u00e4ker p\u00e5 att din Triple-R-produkt kommer att imponera redan innan solen g\u00e5r ner! H\u00f6geffektiva 11W LED-lampor ger imponerande belysning p\u00e5 avst\u00e5nd, men inte riktigt samma sikt \u00e5t v\u00e4nster\/h\u00f6ger som du annars hittar hos motsvarande produkter p\u00e5 Elite-niv\u00e5. En n\u00e5got h\u00f6gre spridning upp\u00e5t\/ned\u00e5t s\u00e4kerst\u00e4ller dock l\u00e4mpligheten vid montering h\u00f6gt upp p\u00e5 ett fordon, t.ex. i en lastbilshytt eller p\u00e5 taket till en sk\u00e5pbil eller annat l\u00e4tt kommersiellt fordon.<\/p>\n<p><\/p>\n<p>Produktfunktioner:<\/p>\n<p><\/p>\n<p>H\u00f6geffektiv 11W LED-teknik (uppgraderad f\u00f6r 2020\/21)<\/p>\n<p>5000K LED-f\u00e4rgtemperatur och 80CRI ger maximal sk\u00e4rpa och definition<\/p>\n<p>Integrerad funktion f\u00f6r vitt och gult positionsljus<\/p>\n<p>Ultra-reflekterande vakuum-metalliserad optik ger punktstr\u00e5lningsm\u00f6nster<\/p>\n<p>UNECE Reg 112 Class B Driving Light, godk\u00e4nd f\u00f6r helljus p\u00e5 v\u00e4g (E-Boost-teknik) och Reg 7 positions- och sidoljusfunktion (endast vit)<\/p>\n<p>Modern lampdesign&nbsp;<\/p>\n<p>Inneh\u00e5ller ett m\u00e5ngsidigt monteringssystem f\u00f6r \"Centre Mount\" samt integrerade funktioner f\u00f6r sidomontering (konsoler s\u00e4ljs separat)<\/p>\n<p>Elektroniskt v\u00e4rmehanteringssystem optimerar ljusfl\u00f6det f\u00f6r att bevara LED-lampornas livsl\u00e4ngd<\/p>\n<p>Anodiserad f\u00f6rbehandling och pulverlackering av fordonskvalitet f\u00f6r ultimat korrosions- och kemikalieskydd<\/p>\n<p>CAE-optimerad kylfl\u00e4ns ger f\u00f6rb\u00e4ttrad termisk dynamik<\/p>\n<p>Skyddad mot \u00f6versp\u00e4nning<\/p>\n<p>Skyddad mot omv\u00e4nd polaritet<\/p>\n<p>\"Okrossbar\" lins av polykarbonat med h\u00e5rdlackerad yta<\/p>\n<p>UNECE godk\u00e4nd Reg 10<\/p>\n<p>IP67 vattent\u00e4t<\/p>\n<p>5 \u00e5rs garanti<\/p>\n<p>Levereras med f\u00f6rkontakterade 3-poliga Superseal-kontakter, hane\/hona<\/p>\n<p>Designad och tillverkad i Storbritannien<\/p>\n<p><\/p>\n<p><\/p>\n<p>Tekniska specifikationer<\/p>\n<p><\/p>\n<p>Sp\u00e4nningsintervall: 10-32V<\/p>\n<p>Vikt: 2,4 kg<\/p>\n<p>Totalt ljusfl\u00f6de: 13860 lm \/ 2772 lm (E-Boost \/ E-Mark-l\u00e4ge)<\/p>\n<p>Effektf\u00f6rbrukning: 125 watt \/ 25 watt (E-Boost \/ E-Mark-l\u00e4ge)<\/p>\n<p>Antal lysdioder med h\u00f6g effekt:  12<\/p>\n<p><\/p>\n<p>M\u00c5TT:<\/p>\n<p>&nbsp; &nbsp; Bredd: 590 mm<\/p>\n<p>&nbsp; &nbsp; Djup: 105 mm<\/p>\n<p>&nbsp; &nbsp; H\u00f6jd: 73 mm<\/p>\n<p><\/p>\n<p>FOTOMETRISKA DATA:<\/p>\n<p>&nbsp; &nbsp; Horisontell str\u00e5lningsvinkel: 19 grader<\/p>\n<p>&nbsp; &nbsp; 0,25 lx Linje: 1500 meter \/ 671 meter (E-Boost \/ E-Mark-l\u00e4ge)<\/p>\n<p>&nbsp; &nbsp; 0,5 lx Linje: 1061 meter \/ 474 meter (E-Boost \/ E-Mark-l\u00e4ge)<\/p>\n<p>&nbsp;&nbsp;&nbsp;&nbsp;1 lx Linje: 750 meter \/ 335 meter (E-Boost \/ E-Mark-l\u00e4ge)<\/p>\n<p>&nbsp;&nbsp;&nbsp;&nbsp;3 lx Linje: 433 meter \/ 194 meter (E-Boost \/ E-Mark-l\u00e4ge)<\/p>\n<p><\/p>\n<p>CERTIFIERING<\/p>\n<p>&nbsp; &nbsp; H\u00f6g str\u00e5lkastare<span>\t<\/span>ECE:  R112 (E-Mark Mode)<\/p>\n<p>&nbsp;&nbsp;&nbsp;&nbsp;E-Mark Referens: 20<\/p>\n<p>&nbsp; &nbsp; Positionsljus (vitt): ECE R7<\/p>\n<p><\/p>\n<p><\/p>\n<p>What\u2019s included:<\/p>\n<p>&nbsp;&nbsp;&nbsp;&nbsp;Triple-R 1250 LED-lampa<\/p>\n<p>&nbsp;&nbsp;&nbsp;&nbsp;2x Centrumf\u00e4ste<\/p>\n<p>&nbsp;&nbsp;&nbsp;&nbsp;Instruktioner f\u00f6r installation<\/p>","protected":false},"excerpt":{"rendered":"<p>Integrerad funktion f\u00f6r vitt och gult positionsljus<\/p>\n<div><\/div>","protected":false},"featured_media":43700,"comment_status":"open","ping_status":"closed","template":"","meta":{"_improvement_type_select":"improve_an_existing","_thumb_yes_seoaic":false,"_frame_yes_seoaic":false,"seoaic_generate_description":"","seoaic_improve_instructions_prompt":"","seoaic_rollback_content_improvement":"","seoaic_idea_thumbnail_generator":"","thumbnail_generated":false,"thumbnail_generate_prompt":"","seoaic_article_description":""},"make_fuel_type":[],"make_model":[],"make_brand":[],"make_year":[3748,6373],"pwb-brand":[8332],"product_brand":[],"product_cat":[6195,6209,6211,7205],"product_tag":[7551,6298,6362],"class_list":{"0":"post-36657","1":"product","2":"type-product","3":"status-publish","4":"has-post-thumbnail","6":"make_year-trucks","7":"make_year-van","8":"pwb-brand-brand_lazerlamps","9":"product_cat-lamps","10":"product_cat-auxiliary-lights","11":"product_cat-lazer-lamps-auxiliary-lights","12":"product_cat-rst-triplerr","13":"product_tag-extraljus","14":"product_tag-lazer-lamps","15":"product_tag-triple-r","17":"first","18":"instock","19":"taxable","20":"shipping-taxable","21":"purchasable","22":"product-type-simple"},"yoast_head":"<!-- This site is optimized with the Yoast SEO plugin v25.7 - https:\/\/yoast.com\/wordpress\/plugins\/seo\/ -->\n<title>Lazer Triple-R 1250 GEN2 - RST-Steel<\/title>\n<meta name=\"robots\" content=\"index, follow, max-snippet:-1, max-image-preview:large, max-video-preview:-1\" \/>\n<link rel=\"canonical\" href=\"https:\/\/rst-steel.com\/sv\/produkt\/lazer-triple-r-1250-gen2_pr_18694\/\" \/>\n<meta property=\"og:locale\" content=\"sv_SE\" \/>\n<meta property=\"og:type\" content=\"article\" \/>\n<meta property=\"og:title\" content=\"Lazer Triple-R 1250 GEN2 - RST-Steel\" \/>\n<meta property=\"og:description\" content=\"Integrated white and amber position light function\" \/>\n<meta property=\"og:url\" content=\"https:\/\/rst-steel.com\/sv\/produkt\/lazer-triple-r-1250-gen2_pr_18694\/\" \/>\n<meta property=\"og:site_name\" content=\"RST-Steel\" \/>\n<meta property=\"article:publisher\" content=\"https:\/\/www.facebook.com\/rststeel\" \/>\n<meta property=\"article:modified_time\" content=\"2026-03-16T06:21:20+00:00\" \/>\n<meta property=\"og:image\" content=\"https:\/\/rst-steel.com\/wp-content\/uploads\/2024\/06\/65c343c56829fa7462d053b024709dc315ecbaf6_lazer_triple_r_1250_gen2_1_normal.jpg\" \/>\n\t<meta property=\"og:image:width\" content=\"600\" \/>\n\t<meta property=\"og:image:height\" content=\"600\" \/>\n\t<meta property=\"og:image:type\" content=\"image\/jpeg\" \/>\n<meta name=\"twitter:card\" content=\"summary_large_image\" \/>\n<meta name=\"twitter:label1\" content=\"Ber\u00e4knad l\u00e4stid\" \/>\n\t<meta name=\"twitter:data1\" content=\"3 minuter\" \/>\n<script type=\"application\/ld+json\" class=\"yoast-schema-graph\">{\"@context\":\"https:\/\/schema.org\",\"@graph\":[{\"@type\":\"WebPage\",\"@id\":\"https:\/\/rst-steel.com\/product\/lazer-triple-r-1250-gen2_pr_18694\/\",\"url\":\"https:\/\/rst-steel.com\/product\/lazer-triple-r-1250-gen2_pr_18694\/\",\"name\":\"Lazer Triple-R 1250 GEN2 - RST-Steel\",\"isPartOf\":{\"@id\":\"https:\/\/rst-steel.com\/#website\"},\"primaryImageOfPage\":{\"@id\":\"https:\/\/rst-steel.com\/product\/lazer-triple-r-1250-gen2_pr_18694\/#primaryimage\"},\"image\":{\"@id\":\"https:\/\/rst-steel.com\/product\/lazer-triple-r-1250-gen2_pr_18694\/#primaryimage\"},\"thumbnailUrl\":\"https:\/\/rst-steel.com\/wp-content\/uploads\/2024\/06\/65c343c56829fa7462d053b024709dc315ecbaf6_lazer_triple_r_1250_gen2_1_normal.jpg\",\"datePublished\":\"2023-02-10T13:18:05+00:00\",\"dateModified\":\"2026-03-16T06:21:20+00:00\",\"breadcrumb\":{\"@id\":\"https:\/\/rst-steel.com\/product\/lazer-triple-r-1250-gen2_pr_18694\/#breadcrumb\"},\"inLanguage\":\"sv-SE\",\"potentialAction\":[{\"@type\":\"ReadAction\",\"target\":[\"https:\/\/rst-steel.com\/product\/lazer-triple-r-1250-gen2_pr_18694\/\"]}]},{\"@type\":\"ImageObject\",\"inLanguage\":\"sv-SE\",\"@id\":\"https:\/\/rst-steel.com\/product\/lazer-triple-r-1250-gen2_pr_18694\/#primaryimage\",\"url\":\"https:\/\/rst-steel.com\/wp-content\/uploads\/2024\/06\/65c343c56829fa7462d053b024709dc315ecbaf6_lazer_triple_r_1250_gen2_1_normal.jpg\",\"contentUrl\":\"https:\/\/rst-steel.com\/wp-content\/uploads\/2024\/06\/65c343c56829fa7462d053b024709dc315ecbaf6_lazer_triple_r_1250_gen2_1_normal.jpg\",\"width\":600,\"height\":600,\"caption\":\"Lazer Triple-R 1250 GEN2\"},{\"@type\":\"BreadcrumbList\",\"@id\":\"https:\/\/rst-steel.com\/product\/lazer-triple-r-1250-gen2_pr_18694\/#breadcrumb\",\"itemListElement\":[{\"@type\":\"ListItem\",\"position\":1,\"name\":\"Home\",\"item\":\"https:\/\/rst-steel.com\/\"},{\"@type\":\"ListItem\",\"position\":2,\"name\":\"RST-Steel Shop\",\"item\":\"https:\/\/rst-steel.com\/shop\/\"},{\"@type\":\"ListItem\",\"position\":3,\"name\":\"Lazer Triple-R 1250 GEN2\"}]},{\"@type\":\"WebSite\",\"@id\":\"https:\/\/rst-steel.com\/#website\",\"url\":\"https:\/\/rst-steel.com\/\",\"name\":\"RST-Steel.com\",\"description\":\"Finnish quality steel, for quality-conscious drivers\",\"publisher\":{\"@id\":\"https:\/\/rst-steel.com\/#organization\"},\"alternateName\":\"Safe and stylish RST-Steel quality\",\"potentialAction\":[{\"@type\":\"SearchAction\",\"target\":{\"@type\":\"EntryPoint\",\"urlTemplate\":\"https:\/\/rst-steel.com\/?s={search_term_string}\"},\"query-input\":{\"@type\":\"PropertyValueSpecification\",\"valueRequired\":true,\"valueName\":\"search_term_string\"}}],\"inLanguage\":\"sv-SE\"},{\"@type\":\"Organization\",\"@id\":\"https:\/\/rst-steel.com\/#organization\",\"name\":\"RST-Steel Oy\",\"url\":\"https:\/\/rst-steel.com\/\",\"logo\":{\"@type\":\"ImageObject\",\"inLanguage\":\"sv-SE\",\"@id\":\"https:\/\/rst-steel.com\/#\/schema\/logo\/image\/\",\"url\":\"https:\/\/rst-steel.com\/wp-content\/uploads\/2023\/04\/cropped-Rst-logo-valkoinen-teksti-3.png\",\"contentUrl\":\"https:\/\/rst-steel.com\/wp-content\/uploads\/2023\/04\/cropped-Rst-logo-valkoinen-teksti-3.png\",\"width\":512,\"height\":115,\"caption\":\"RST-Steel Oy\"},\"image\":{\"@id\":\"https:\/\/rst-steel.com\/#\/schema\/logo\/image\/\"},\"sameAs\":[\"https:\/\/www.facebook.com\/rststeel\",\"https:\/\/www.instagram.com\/rststeeloy\/\"]}]}<\/script>\n<!-- \/ Yoast SEO plugin. -->","yoast_head_json":{"title":"Lazer Triple-R 1250 GEN2 - RST-Steel","robots":{"index":"index","follow":"follow","max-snippet":"max-snippet:-1","max-image-preview":"max-image-preview:large","max-video-preview":"max-video-preview:-1"},"canonical":"https:\/\/rst-steel.com\/sv\/produkt\/lazer-triple-r-1250-gen2_pr_18694\/","og_locale":"sv_SE","og_type":"article","og_title":"Lazer Triple-R 1250 GEN2 - RST-Steel","og_description":"Integrated white and amber position light function","og_url":"https:\/\/rst-steel.com\/sv\/produkt\/lazer-triple-r-1250-gen2_pr_18694\/","og_site_name":"RST-Steel","article_publisher":"https:\/\/www.facebook.com\/rststeel","article_modified_time":"2026-03-16T06:21:20+00:00","og_image":[{"width":600,"height":600,"url":"https:\/\/rst-steel.com\/wp-content\/uploads\/2024\/06\/65c343c56829fa7462d053b024709dc315ecbaf6_lazer_triple_r_1250_gen2_1_normal.jpg","type":"image\/jpeg"}],"twitter_card":"summary_large_image","twitter_misc":{"Ber\u00e4knad l\u00e4stid":"3 minuter"},"schema":{"@context":"https:\/\/schema.org","@graph":[{"@type":"WebPage","@id":"https:\/\/rst-steel.com\/product\/lazer-triple-r-1250-gen2_pr_18694\/","url":"https:\/\/rst-steel.com\/product\/lazer-triple-r-1250-gen2_pr_18694\/","name":"Lazer Triple-R 1250 GEN2 - RST-Steel","isPartOf":{"@id":"https:\/\/rst-steel.com\/#website"},"primaryImageOfPage":{"@id":"https:\/\/rst-steel.com\/product\/lazer-triple-r-1250-gen2_pr_18694\/#primaryimage"},"image":{"@id":"https:\/\/rst-steel.com\/product\/lazer-triple-r-1250-gen2_pr_18694\/#primaryimage"},"thumbnailUrl":"https:\/\/rst-steel.com\/wp-content\/uploads\/2024\/06\/65c343c56829fa7462d053b024709dc315ecbaf6_lazer_triple_r_1250_gen2_1_normal.jpg","datePublished":"2023-02-10T13:18:05+00:00","dateModified":"2026-03-16T06:21:20+00:00","breadcrumb":{"@id":"https:\/\/rst-steel.com\/product\/lazer-triple-r-1250-gen2_pr_18694\/#breadcrumb"},"inLanguage":"sv-SE","potentialAction":[{"@type":"ReadAction","target":["https:\/\/rst-steel.com\/product\/lazer-triple-r-1250-gen2_pr_18694\/"]}]},{"@type":"ImageObject","inLanguage":"sv-SE","@id":"https:\/\/rst-steel.com\/product\/lazer-triple-r-1250-gen2_pr_18694\/#primaryimage","url":"https:\/\/rst-steel.com\/wp-content\/uploads\/2024\/06\/65c343c56829fa7462d053b024709dc315ecbaf6_lazer_triple_r_1250_gen2_1_normal.jpg","contentUrl":"https:\/\/rst-steel.com\/wp-content\/uploads\/2024\/06\/65c343c56829fa7462d053b024709dc315ecbaf6_lazer_triple_r_1250_gen2_1_normal.jpg","width":600,"height":600,"caption":"Lazer Triple-R 1250 GEN2"},{"@type":"BreadcrumbList","@id":"https:\/\/rst-steel.com\/product\/lazer-triple-r-1250-gen2_pr_18694\/#breadcrumb","itemListElement":[{"@type":"ListItem","position":1,"name":"Home","item":"https:\/\/rst-steel.com\/"},{"@type":"ListItem","position":2,"name":"RST-Steel Shop","item":"https:\/\/rst-steel.com\/shop\/"},{"@type":"ListItem","position":3,"name":"Lazer Triple-R 1250 GEN2"}]},{"@type":"WebSite","@id":"https:\/\/rst-steel.com\/#website","url":"https:\/\/rst-steel.com\/","name":"RST-Stahl.com","description":"Finskt kvalitetsst\u00e5l, f\u00f6r kvalitetsmedvetna f\u00f6rare","publisher":{"@id":"https:\/\/rst-steel.com\/#organization"},"alternateName":"Safe and stylish RST-Steel quality","potentialAction":[{"@type":"SearchAction","target":{"@type":"EntryPoint","urlTemplate":"https:\/\/rst-steel.com\/?s={search_term_string}"},"query-input":{"@type":"PropertyValueSpecification","valueRequired":true,"valueName":"search_term_string"}}],"inLanguage":"sv-SE"},{"@type":"Organization","@id":"https:\/\/rst-steel.com\/#organization","name":"RST-Steel Oy","url":"https:\/\/rst-steel.com\/","logo":{"@type":"ImageObject","inLanguage":"sv-SE","@id":"https:\/\/rst-steel.com\/#\/schema\/logo\/image\/","url":"https:\/\/rst-steel.com\/wp-content\/uploads\/2023\/04\/cropped-Rst-logo-valkoinen-teksti-3.png","contentUrl":"https:\/\/rst-steel.com\/wp-content\/uploads\/2023\/04\/cropped-Rst-logo-valkoinen-teksti-3.png","width":512,"height":115,"caption":"RST-Steel Oy"},"image":{"@id":"https:\/\/rst-steel.com\/#\/schema\/logo\/image\/"},"sameAs":["https:\/\/www.facebook.com\/rststeel","https:\/\/www.instagram.com\/rststeeloy\/"]}]}},"brands":[{"id":8332,"name":"Lazer Lamps","slug":"brand_lazerlamps"}],"_links":{"self":[{"href":"https:\/\/rst-steel.com\/sv\/wp-json\/wp\/v2\/product\/36657","targetHints":{"allow":["GET"]}}],"collection":[{"href":"https:\/\/rst-steel.com\/sv\/wp-json\/wp\/v2\/product"}],"about":[{"href":"https:\/\/rst-steel.com\/sv\/wp-json\/wp\/v2\/types\/product"}],"replies":[{"embeddable":true,"href":"https:\/\/rst-steel.com\/sv\/wp-json\/wp\/v2\/comments?post=36657"}],"version-history":[{"count":0,"href":"https:\/\/rst-steel.com\/sv\/wp-json\/wp\/v2\/product\/36657\/revisions"}],"wp:featuredmedia":[{"embeddable":true,"href":"https:\/\/rst-steel.com\/sv\/wp-json\/wp\/v2\/media\/43700"}],"wp:attachment":[{"href":"https:\/\/rst-steel.com\/sv\/wp-json\/wp\/v2\/media?parent=36657"}],"wp:term":[{"taxonomy":"make_fuel_type","embeddable":true,"href":"https:\/\/rst-steel.com\/sv\/wp-json\/wp\/v2\/make_fuel_type?post=36657"},{"taxonomy":"make_model","embeddable":true,"href":"https:\/\/rst-steel.com\/sv\/wp-json\/wp\/v2\/make_model?post=36657"},{"taxonomy":"make_brand","embeddable":true,"href":"https:\/\/rst-steel.com\/sv\/wp-json\/wp\/v2\/make_brand?post=36657"},{"taxonomy":"make_year","embeddable":true,"href":"https:\/\/rst-steel.com\/sv\/wp-json\/wp\/v2\/make_year?post=36657"},{"taxonomy":"pwb-brand","embeddable":true,"href":"https:\/\/rst-steel.com\/sv\/wp-json\/wp\/v2\/pwb-brand?post=36657"},{"taxonomy":"product_brand","embeddable":true,"href":"https:\/\/rst-steel.com\/sv\/wp-json\/wp\/v2\/product_brand?post=36657"},{"taxonomy":"product_cat","embeddable":true,"href":"https:\/\/rst-steel.com\/sv\/wp-json\/wp\/v2\/product_cat?post=36657"},{"taxonomy":"product_tag","embeddable":true,"href":"https:\/\/rst-steel.com\/sv\/wp-json\/wp\/v2\/product_tag?post=36657"}],"curies":[{"name":"wp","href":"https:\/\/api.w.org\/{rel}","templated":true}]}}