{"id":37770,"date":"2023-03-28T14:05:23","date_gmt":"2023-03-28T11:05:23","guid":{"rendered":"https:\/\/rst-steel.fi-c.seravo.com\/product\/work-light-bar-scania-nextgen-2017-normal-cab_prm_66076\/"},"modified":"2026-03-16T09:20:21","modified_gmt":"2026-03-16T06:20:21","slug":"work-light-bar-worker-v01-scania-nextgen_prm_66076","status":"publish","type":"product","link":"https:\/\/rst-steel.com\/sv\/produkt\/work-light-bar-worker-v01-scania-nextgen_prm_66076\/","title":{"rendered":"Work Light Bar Worker V01 Scania NextGen"},"content":{"rendered":"<div>Work light bar Worker V01 Scania NextGen<\/div>\n<div>&nbsp;<\/div>\n<div>RST-Steels arbetsljusb\u00e5gar \u00e4r h\u00f6gkvalitativa produkter tillverkade<\/div>\n<div>av rostfritt st\u00e5l.&nbsp;<\/div>\n<div>Arbetsljusb\u00e5garna kan utrustas med positionsljus, som f\u00f6rb\u00e4ttrar din synlighet i trafiken och samtidigt \u00f6kar s\u00e4kerheten f\u00f6r dig sj\u00e4lv och andra i trafiken.<\/div>\n<div><\/div>\n<div>\n<div><span style=\"font-weight: bold\">Passar f\u00f6r Scania som:&nbsp;<\/span><\/div>\n<ul>\n<li>har Scanias originala takr\u00e4cke<\/li>\n<li>inte har takspoiler<\/li>\n<li>inte har sidospoilers<\/li>\n<\/ul>\n<\/div>\n<div><\/div>\n<div><\/div>\n<div>&nbsp;<\/div>\n<div><span style=\"font-weight: bold\">Teknisk information:<\/span><\/div>\n<ul>\n<li>F\u00e4rg: Polerat rostfritt st\u00e5l eller pulverlackerat med RAL-f\u00e4rgkod<\/li>\n<\/ul>\n<ul>\n<li>R\u00f6rdiameter: 76 mm<\/li>\n<li>L\u00e4ngd: 2200 mm<\/li>\n<\/ul>\n<div><\/div>\n<div><\/div>\n<div><span style=\"font-weight: bold\">Leveransinneh\u00e5ll:<\/span><\/div>\n<ul>\n<li>Arbetsbelysning<\/li>\n<li>Monteringsf\u00e4sten som beh\u00f6vs f\u00f6r installation<\/li>\n<\/ul>\n<ul>\n<li>Instruktioner f\u00f6r installation<\/li>\n<\/ul>","protected":false},"excerpt":{"rendered":"<p>Flera modellalternativ tillg\u00e4ngliga!<\/p>","protected":false},"featured_media":49973,"comment_status":"open","ping_status":"closed","template":"","meta":{"_improvement_type_select":"improve_an_existing","_thumb_yes_seoaic":false,"_frame_yes_seoaic":false,"seoaic_generate_description":"","seoaic_improve_instructions_prompt":"","seoaic_rollback_content_improvement":"","seoaic_idea_thumbnail_generator":"","thumbnail_generated":false,"thumbnail_generate_prompt":"","seoaic_article_description":""},"make_fuel_type":[],"make_model":[5614,2529,5608,5620,5623,5624],"make_brand":[3744],"make_year":[3748],"pwb-brand":[8334],"product_brand":[],"product_cat":[6057,6061,7189],"product_tag":[8488,8494],"class_list":{"0":"post-37770","1":"product","2":"type-product","3":"status-publish","4":"has-post-thumbnail","6":"make_engine-daycab-normal-cg","7":"make_engine-daycab-normal-cp","8":"make_engine-daycab-normal-cr","9":"make_engine-sleepercab-normal-cg","10":"make_engine-sleepercab-normal-cl","11":"make_engine-sleepercab-normal-cp","12":"make_engine-sleepercab-normal-cr","13":"make_engine-sleepercab-normal-cs","14":"make_model-nextgen-g-2017","15":"make_model-nextgen-2017","16":"make_model-nextgen-p-2017","17":"make_model-nextgen-r-2017","18":"make_model-nextgen-s-2017","19":"make_model-nextgen-xt-2017","20":"make_brand-scania","21":"make_year-trucks","22":"pwb-brand-brand_rststeel","23":"product_cat-lightbars","24":"product_cat-work-light-bars-for-trucks","25":"product_cat-scania-ka-tk","26":"product_tag-scania","27":"product_tag-scania-nextgen","28":"product_shipping_class-lightbars","30":"first","31":"instock","32":"taxable","33":"shipping-taxable","34":"purchasable","35":"product-type-variable"},"yoast_head":"<!-- This site is optimized with the Yoast SEO plugin v25.7 - https:\/\/yoast.com\/wordpress\/plugins\/seo\/ -->\n<title>Work Light Bar Worker V01 Scania NextGen - RST-Steel<\/title>\n<meta name=\"description\" content=\"Work light bar Worker V01 Scania NextGen, suitable for normal cab models. Several model options available! Check out the poructs in our online store!\" \/>\n<meta name=\"robots\" content=\"index, follow, max-snippet:-1, max-image-preview:large, max-video-preview:-1\" \/>\n<link rel=\"canonical\" href=\"https:\/\/rst-steel.com\/sv\/produkt\/work-light-bar-worker-v01-scania-nextgen_prm_66076\/\" \/>\n<meta property=\"og:locale\" content=\"sv_SE\" \/>\n<meta property=\"og:type\" content=\"article\" \/>\n<meta property=\"og:title\" content=\"Work Light Bar Worker V01 Scania NextGen - RST-Steel\" \/>\n<meta property=\"og:description\" content=\"Work light bar Worker V01 Scania NextGen, suitable for normal cab models. Several model options available! Check out the poructs in our online store!\" \/>\n<meta property=\"og:url\" content=\"https:\/\/rst-steel.com\/sv\/produkt\/work-light-bar-worker-v01-scania-nextgen_prm_66076\/\" \/>\n<meta property=\"og:site_name\" content=\"RST-Steel\" \/>\n<meta property=\"article:publisher\" content=\"https:\/\/www.facebook.com\/rststeel\" \/>\n<meta property=\"article:modified_time\" content=\"2026-03-16T06:20:21+00:00\" \/>\n<meta property=\"og:image\" content=\"https:\/\/rst-steel.com\/wp-content\/uploads\/2025\/01\/209eadcdd329328badbc129d183cd046e8e7078c_SC2301A_Tuotekuva.jpeg\" \/>\n\t<meta property=\"og:image:width\" content=\"1536\" \/>\n\t<meta property=\"og:image:height\" content=\"2048\" \/>\n\t<meta property=\"og:image:type\" content=\"image\/jpeg\" \/>\n<meta name=\"twitter:card\" content=\"summary_large_image\" \/>\n<meta name=\"twitter:label1\" content=\"Ber\u00e4knad l\u00e4stid\" \/>\n\t<meta name=\"twitter:data1\" content=\"1 minut\" \/>\n<script type=\"application\/ld+json\" class=\"yoast-schema-graph\">{\"@context\":\"https:\/\/schema.org\",\"@graph\":[{\"@type\":\"WebPage\",\"@id\":\"https:\/\/rst-steel.com\/product\/work-light-bar-worker-v01-scania-nextgen_prm_66076\/\",\"url\":\"https:\/\/rst-steel.com\/product\/work-light-bar-worker-v01-scania-nextgen_prm_66076\/\",\"name\":\"Work Light Bar Worker V01 Scania NextGen - RST-Steel\",\"isPartOf\":{\"@id\":\"https:\/\/rst-steel.com\/#website\"},\"primaryImageOfPage\":{\"@id\":\"https:\/\/rst-steel.com\/product\/work-light-bar-worker-v01-scania-nextgen_prm_66076\/#primaryimage\"},\"image\":{\"@id\":\"https:\/\/rst-steel.com\/product\/work-light-bar-worker-v01-scania-nextgen_prm_66076\/#primaryimage\"},\"thumbnailUrl\":\"https:\/\/rst-steel.com\/wp-content\/uploads\/2025\/01\/209eadcdd329328badbc129d183cd046e8e7078c_SC2301A_Tuotekuva.jpeg\",\"datePublished\":\"2023-03-28T11:05:23+00:00\",\"dateModified\":\"2026-03-16T06:20:21+00:00\",\"description\":\"Work light bar Worker V01 Scania NextGen, suitable for normal cab models. Several model options available! Check out the poructs in our online store!\",\"breadcrumb\":{\"@id\":\"https:\/\/rst-steel.com\/product\/work-light-bar-worker-v01-scania-nextgen_prm_66076\/#breadcrumb\"},\"inLanguage\":\"sv-SE\",\"potentialAction\":[{\"@type\":\"ReadAction\",\"target\":[\"https:\/\/rst-steel.com\/product\/work-light-bar-worker-v01-scania-nextgen_prm_66076\/\"]}]},{\"@type\":\"ImageObject\",\"inLanguage\":\"sv-SE\",\"@id\":\"https:\/\/rst-steel.com\/product\/work-light-bar-worker-v01-scania-nextgen_prm_66076\/#primaryimage\",\"url\":\"https:\/\/rst-steel.com\/wp-content\/uploads\/2025\/01\/209eadcdd329328badbc129d183cd046e8e7078c_SC2301A_Tuotekuva.jpeg\",\"contentUrl\":\"https:\/\/rst-steel.com\/wp-content\/uploads\/2025\/01\/209eadcdd329328badbc129d183cd046e8e7078c_SC2301A_Tuotekuva.jpeg\",\"width\":1536,\"height\":2048,\"caption\":\"Work light bar Worker V01 Scania NextGen\"},{\"@type\":\"BreadcrumbList\",\"@id\":\"https:\/\/rst-steel.com\/product\/work-light-bar-worker-v01-scania-nextgen_prm_66076\/#breadcrumb\",\"itemListElement\":[{\"@type\":\"ListItem\",\"position\":1,\"name\":\"Home\",\"item\":\"https:\/\/rst-steel.com\/\"},{\"@type\":\"ListItem\",\"position\":2,\"name\":\"RST-Steel Shop\",\"item\":\"https:\/\/rst-steel.com\/shop\/\"},{\"@type\":\"ListItem\",\"position\":3,\"name\":\"Work Light Bar Worker V01 Scania NextGen\"}]},{\"@type\":\"WebSite\",\"@id\":\"https:\/\/rst-steel.com\/#website\",\"url\":\"https:\/\/rst-steel.com\/\",\"name\":\"RST-Steel.com\",\"description\":\"Finnish quality steel, for quality-conscious drivers\",\"publisher\":{\"@id\":\"https:\/\/rst-steel.com\/#organization\"},\"alternateName\":\"Safe and stylish RST-Steel quality\",\"potentialAction\":[{\"@type\":\"SearchAction\",\"target\":{\"@type\":\"EntryPoint\",\"urlTemplate\":\"https:\/\/rst-steel.com\/?s={search_term_string}\"},\"query-input\":{\"@type\":\"PropertyValueSpecification\",\"valueRequired\":true,\"valueName\":\"search_term_string\"}}],\"inLanguage\":\"sv-SE\"},{\"@type\":\"Organization\",\"@id\":\"https:\/\/rst-steel.com\/#organization\",\"name\":\"RST-Steel Oy\",\"url\":\"https:\/\/rst-steel.com\/\",\"logo\":{\"@type\":\"ImageObject\",\"inLanguage\":\"sv-SE\",\"@id\":\"https:\/\/rst-steel.com\/#\/schema\/logo\/image\/\",\"url\":\"https:\/\/rst-steel.com\/wp-content\/uploads\/2023\/04\/cropped-Rst-logo-valkoinen-teksti-3.png\",\"contentUrl\":\"https:\/\/rst-steel.com\/wp-content\/uploads\/2023\/04\/cropped-Rst-logo-valkoinen-teksti-3.png\",\"width\":512,\"height\":115,\"caption\":\"RST-Steel Oy\"},\"image\":{\"@id\":\"https:\/\/rst-steel.com\/#\/schema\/logo\/image\/\"},\"sameAs\":[\"https:\/\/www.facebook.com\/rststeel\",\"https:\/\/www.instagram.com\/rststeeloy\/\"]}]}<\/script>\n<!-- \/ Yoast SEO plugin. -->","yoast_head_json":{"title":"Work Light Bar Worker V01 Scania NextGen - RST-Steel","description":"Work light bar Worker V01 Scania NextGen, suitable for normal cab models. Several model options available! Check out the poructs in our online store!","robots":{"index":"index","follow":"follow","max-snippet":"max-snippet:-1","max-image-preview":"max-image-preview:large","max-video-preview":"max-video-preview:-1"},"canonical":"https:\/\/rst-steel.com\/sv\/produkt\/work-light-bar-worker-v01-scania-nextgen_prm_66076\/","og_locale":"sv_SE","og_type":"article","og_title":"Work Light Bar Worker V01 Scania NextGen - RST-Steel","og_description":"Work light bar Worker V01 Scania NextGen, suitable for normal cab models. Several model options available! Check out the poructs in our online store!","og_url":"https:\/\/rst-steel.com\/sv\/produkt\/work-light-bar-worker-v01-scania-nextgen_prm_66076\/","og_site_name":"RST-Steel","article_publisher":"https:\/\/www.facebook.com\/rststeel","article_modified_time":"2026-03-16T06:20:21+00:00","og_image":[{"width":1536,"height":2048,"url":"https:\/\/rst-steel.com\/wp-content\/uploads\/2025\/01\/209eadcdd329328badbc129d183cd046e8e7078c_SC2301A_Tuotekuva.jpeg","type":"image\/jpeg"}],"twitter_card":"summary_large_image","twitter_misc":{"Ber\u00e4knad l\u00e4stid":"1 minut"},"schema":{"@context":"https:\/\/schema.org","@graph":[{"@type":"WebPage","@id":"https:\/\/rst-steel.com\/product\/work-light-bar-worker-v01-scania-nextgen_prm_66076\/","url":"https:\/\/rst-steel.com\/product\/work-light-bar-worker-v01-scania-nextgen_prm_66076\/","name":"Work Light Bar Worker V01 Scania NextGen - RST-Steel","isPartOf":{"@id":"https:\/\/rst-steel.com\/#website"},"primaryImageOfPage":{"@id":"https:\/\/rst-steel.com\/product\/work-light-bar-worker-v01-scania-nextgen_prm_66076\/#primaryimage"},"image":{"@id":"https:\/\/rst-steel.com\/product\/work-light-bar-worker-v01-scania-nextgen_prm_66076\/#primaryimage"},"thumbnailUrl":"https:\/\/rst-steel.com\/wp-content\/uploads\/2025\/01\/209eadcdd329328badbc129d183cd046e8e7078c_SC2301A_Tuotekuva.jpeg","datePublished":"2023-03-28T11:05:23+00:00","dateModified":"2026-03-16T06:20:21+00:00","description":"Work light bar Worker V01 Scania NextGen, suitable for normal cab models. Several model options available! Check out the poructs in our online store!","breadcrumb":{"@id":"https:\/\/rst-steel.com\/product\/work-light-bar-worker-v01-scania-nextgen_prm_66076\/#breadcrumb"},"inLanguage":"sv-SE","potentialAction":[{"@type":"ReadAction","target":["https:\/\/rst-steel.com\/product\/work-light-bar-worker-v01-scania-nextgen_prm_66076\/"]}]},{"@type":"ImageObject","inLanguage":"sv-SE","@id":"https:\/\/rst-steel.com\/product\/work-light-bar-worker-v01-scania-nextgen_prm_66076\/#primaryimage","url":"https:\/\/rst-steel.com\/wp-content\/uploads\/2025\/01\/209eadcdd329328badbc129d183cd046e8e7078c_SC2301A_Tuotekuva.jpeg","contentUrl":"https:\/\/rst-steel.com\/wp-content\/uploads\/2025\/01\/209eadcdd329328badbc129d183cd046e8e7078c_SC2301A_Tuotekuva.jpeg","width":1536,"height":2048,"caption":"Work light bar Worker V01 Scania NextGen"},{"@type":"BreadcrumbList","@id":"https:\/\/rst-steel.com\/product\/work-light-bar-worker-v01-scania-nextgen_prm_66076\/#breadcrumb","itemListElement":[{"@type":"ListItem","position":1,"name":"Home","item":"https:\/\/rst-steel.com\/"},{"@type":"ListItem","position":2,"name":"RST-Steel Shop","item":"https:\/\/rst-steel.com\/shop\/"},{"@type":"ListItem","position":3,"name":"Work Light Bar Worker V01 Scania NextGen"}]},{"@type":"WebSite","@id":"https:\/\/rst-steel.com\/#website","url":"https:\/\/rst-steel.com\/","name":"RST-Stahl.com","description":"Finskt kvalitetsst\u00e5l, f\u00f6r kvalitetsmedvetna f\u00f6rare","publisher":{"@id":"https:\/\/rst-steel.com\/#organization"},"alternateName":"Safe and stylish RST-Steel quality","potentialAction":[{"@type":"SearchAction","target":{"@type":"EntryPoint","urlTemplate":"https:\/\/rst-steel.com\/?s={search_term_string}"},"query-input":{"@type":"PropertyValueSpecification","valueRequired":true,"valueName":"search_term_string"}}],"inLanguage":"sv-SE"},{"@type":"Organization","@id":"https:\/\/rst-steel.com\/#organization","name":"RST-Steel Oy","url":"https:\/\/rst-steel.com\/","logo":{"@type":"ImageObject","inLanguage":"sv-SE","@id":"https:\/\/rst-steel.com\/#\/schema\/logo\/image\/","url":"https:\/\/rst-steel.com\/wp-content\/uploads\/2023\/04\/cropped-Rst-logo-valkoinen-teksti-3.png","contentUrl":"https:\/\/rst-steel.com\/wp-content\/uploads\/2023\/04\/cropped-Rst-logo-valkoinen-teksti-3.png","width":512,"height":115,"caption":"RST-Steel Oy"},"image":{"@id":"https:\/\/rst-steel.com\/#\/schema\/logo\/image\/"},"sameAs":["https:\/\/www.facebook.com\/rststeel","https:\/\/www.instagram.com\/rststeeloy\/"]}]}},"brands":[{"id":8334,"name":"RST-Steel","slug":"brand_rststeel"}],"_links":{"self":[{"href":"https:\/\/rst-steel.com\/sv\/wp-json\/wp\/v2\/product\/37770","targetHints":{"allow":["GET"]}}],"collection":[{"href":"https:\/\/rst-steel.com\/sv\/wp-json\/wp\/v2\/product"}],"about":[{"href":"https:\/\/rst-steel.com\/sv\/wp-json\/wp\/v2\/types\/product"}],"replies":[{"embeddable":true,"href":"https:\/\/rst-steel.com\/sv\/wp-json\/wp\/v2\/comments?post=37770"}],"version-history":[{"count":0,"href":"https:\/\/rst-steel.com\/sv\/wp-json\/wp\/v2\/product\/37770\/revisions"}],"wp:featuredmedia":[{"embeddable":true,"href":"https:\/\/rst-steel.com\/sv\/wp-json\/wp\/v2\/media\/49973"}],"wp:attachment":[{"href":"https:\/\/rst-steel.com\/sv\/wp-json\/wp\/v2\/media?parent=37770"}],"wp:term":[{"taxonomy":"make_fuel_type","embeddable":true,"href":"https:\/\/rst-steel.com\/sv\/wp-json\/wp\/v2\/make_fuel_type?post=37770"},{"taxonomy":"make_model","embeddable":true,"href":"https:\/\/rst-steel.com\/sv\/wp-json\/wp\/v2\/make_model?post=37770"},{"taxonomy":"make_brand","embeddable":true,"href":"https:\/\/rst-steel.com\/sv\/wp-json\/wp\/v2\/make_brand?post=37770"},{"taxonomy":"make_year","embeddable":true,"href":"https:\/\/rst-steel.com\/sv\/wp-json\/wp\/v2\/make_year?post=37770"},{"taxonomy":"pwb-brand","embeddable":true,"href":"https:\/\/rst-steel.com\/sv\/wp-json\/wp\/v2\/pwb-brand?post=37770"},{"taxonomy":"product_brand","embeddable":true,"href":"https:\/\/rst-steel.com\/sv\/wp-json\/wp\/v2\/product_brand?post=37770"},{"taxonomy":"product_cat","embeddable":true,"href":"https:\/\/rst-steel.com\/sv\/wp-json\/wp\/v2\/product_cat?post=37770"},{"taxonomy":"product_tag","embeddable":true,"href":"https:\/\/rst-steel.com\/sv\/wp-json\/wp\/v2\/product_tag?post=37770"}],"curies":[{"name":"wp","href":"https:\/\/api.w.org\/{rel}","templated":true}]}}