{"id":39391,"date":"2023-06-02T11:59:42","date_gmt":"2023-06-02T08:59:42","guid":{"rendered":"https:\/\/rst-steel.com\/product\/lazer-neoprene-impact-cover-triple-r_prm_65442\/"},"modified":"2026-03-16T09:21:10","modified_gmt":"2026-03-16T06:21:10","slug":"lazer-neoprene-impact-cover-triple-r_prm_65442","status":"publish","type":"product","link":"https:\/\/rst-steel.com\/sv\/produkt\/lazer-neoprene-impact-cover-triple-r_prm_65442\/","title":{"rendered":"Lazer st\u00f6tskydd av neopren (TRIPLE-R)"},"content":{"rendered":"<p>Lazer St\u00f6tskydd i neopren (Triple-R)<\/p>\n<p>&nbsp;<\/p>\n<p>Lazer Lamps neopren\u00f6verdrag f\u00f6r LED-ljusramper \u00e4r tillverkade av h\u00f6gteknologisk slagt\u00e5lig och tv\u00e4ttbar neopren och finns tillg\u00e4ngliga f\u00f6r v\u00e5ra Triple-R- och Linear-sortiment. Skydden f\u00e4sts med h\u00f6gh\u00e5llfast kardborreband och \u00e4r l\u00e4tta att montera och ta bort, vilket s\u00e4kerst\u00e4ller att din belysningsinvestering f\u00f6rblir i perfekt skick n\u00e4r den inte anv\u00e4nds. De smart utformade skydden har ocks\u00e5 f\u00f6rdelen att de avsev\u00e4rt minskar vindbruset som kan komma fr\u00e5n vissa st\u00f6rre ljusramper n\u00e4r de monteras ovanf\u00f6r vindrutan.<\/p>\n<p>&nbsp;<\/p>\n<p>Finns i 5 olika storlekar f\u00f6r Triple-R:<\/p>\n<p>&nbsp;<\/p>\n<p>4 LED - 240 mm bred<\/p>\n<p>8 LED - 420 mm bred<\/p>\n<p>16 LED - 765 mm bred<\/p>\n<p>24 LED - 1125 mm bred<\/p>\n<p>28 LED - 1305 mm bred<\/p>","protected":false},"excerpt":{"rendered":"<p>Finns i 5 olika storlekar!<\/p>","protected":false},"featured_media":39390,"comment_status":"open","ping_status":"closed","template":"","meta":{"_improvement_type_select":"improve_an_existing","_thumb_yes_seoaic":false,"_frame_yes_seoaic":false,"seoaic_generate_description":"","seoaic_improve_instructions_prompt":"","seoaic_rollback_content_improvement":"","seoaic_idea_thumbnail_generator":"","thumbnail_generated":false,"thumbnail_generate_prompt":"","seoaic_article_description":""},"make_fuel_type":[],"make_model":[],"make_brand":[],"make_year":[6360,3748,6373,6465],"pwb-brand":[8332],"product_brand":[],"product_cat":[6195,6242,6243],"product_tag":[],"class_list":{"0":"post-39391","1":"product","2":"type-product","3":"status-publish","4":"has-post-thumbnail","6":"make_year-tractor-com","7":"make_year-trucks","8":"make_year-van","9":"make_year-workmachines","10":"pwb-brand-brand_lazerlamps","11":"product_cat-lamps","12":"product_cat-mounting-accessories","13":"product_cat-lazer-lamps-accessories","15":"first","16":"instock","17":"taxable","18":"shipping-taxable","19":"purchasable","20":"product-type-variable"},"yoast_head":"<!-- This site is optimized with the Yoast SEO plugin v25.7 - https:\/\/yoast.com\/wordpress\/plugins\/seo\/ -->\n<title>Lazer Neoprene Impact Cover (TRIPLE-R) - RST-Steel<\/title>\n<meta name=\"description\" content=\"Lazer Neoprene Impact Cover ( For Triple-R lights). Available in 5 different sizes! Check out the product selection and order now!\" \/>\n<meta name=\"robots\" content=\"index, follow, max-snippet:-1, max-image-preview:large, max-video-preview:-1\" \/>\n<link rel=\"canonical\" href=\"https:\/\/rst-steel.com\/sv\/produkt\/lazer-neoprene-impact-cover-triple-r_prm_65442\/\" \/>\n<meta property=\"og:locale\" content=\"sv_SE\" \/>\n<meta property=\"og:type\" content=\"article\" \/>\n<meta property=\"og:title\" content=\"Lazer Neoprene Impact Cover (TRIPLE-R) - RST-Steel\" \/>\n<meta property=\"og:description\" content=\"Lazer Neoprene Impact Cover ( For Triple-R lights). Available in 5 different sizes! Check out the product selection and order now!\" \/>\n<meta property=\"og:url\" content=\"https:\/\/rst-steel.com\/sv\/produkt\/lazer-neoprene-impact-cover-triple-r_prm_65442\/\" \/>\n<meta property=\"og:site_name\" content=\"RST-Steel\" \/>\n<meta property=\"article:publisher\" content=\"https:\/\/www.facebook.com\/rststeel\" \/>\n<meta property=\"article:modified_time\" content=\"2026-03-16T06:21:10+00:00\" \/>\n<meta property=\"og:image\" content=\"https:\/\/rst-steel.com\/wp-content\/uploads\/2023\/06\/406f176e0e5a5b84dda0382300be4f1b7e081f0d_LRD_Neoprene_Impact_Covers_4_LED_Web__2_.jpg\" \/>\n\t<meta property=\"og:image:width\" content=\"1500\" \/>\n\t<meta property=\"og:image:height\" content=\"1000\" \/>\n\t<meta property=\"og:image:type\" content=\"image\/jpeg\" \/>\n<meta name=\"twitter:card\" content=\"summary_large_image\" \/>\n<meta name=\"twitter:label1\" content=\"Ber\u00e4knad l\u00e4stid\" \/>\n\t<meta name=\"twitter:data1\" content=\"1 minut\" \/>\n<script type=\"application\/ld+json\" class=\"yoast-schema-graph\">{\"@context\":\"https:\/\/schema.org\",\"@graph\":[{\"@type\":\"WebPage\",\"@id\":\"https:\/\/rst-steel.com\/product\/lazer-neoprene-impact-cover-triple-r_prm_65442\/\",\"url\":\"https:\/\/rst-steel.com\/product\/lazer-neoprene-impact-cover-triple-r_prm_65442\/\",\"name\":\"Lazer Neoprene Impact Cover (TRIPLE-R) - RST-Steel\",\"isPartOf\":{\"@id\":\"https:\/\/rst-steel.com\/#website\"},\"primaryImageOfPage\":{\"@id\":\"https:\/\/rst-steel.com\/product\/lazer-neoprene-impact-cover-triple-r_prm_65442\/#primaryimage\"},\"image\":{\"@id\":\"https:\/\/rst-steel.com\/product\/lazer-neoprene-impact-cover-triple-r_prm_65442\/#primaryimage\"},\"thumbnailUrl\":\"https:\/\/rst-steel.com\/wp-content\/uploads\/2023\/06\/406f176e0e5a5b84dda0382300be4f1b7e081f0d_LRD_Neoprene_Impact_Covers_4_LED_Web__2_.jpg\",\"datePublished\":\"2023-06-02T08:59:42+00:00\",\"dateModified\":\"2026-03-16T06:21:10+00:00\",\"description\":\"Lazer Neoprene Impact Cover ( For Triple-R lights). Available in 5 different sizes! Check out the product selection and order now!\",\"breadcrumb\":{\"@id\":\"https:\/\/rst-steel.com\/product\/lazer-neoprene-impact-cover-triple-r_prm_65442\/#breadcrumb\"},\"inLanguage\":\"sv-SE\",\"potentialAction\":[{\"@type\":\"ReadAction\",\"target\":[\"https:\/\/rst-steel.com\/product\/lazer-neoprene-impact-cover-triple-r_prm_65442\/\"]}]},{\"@type\":\"ImageObject\",\"inLanguage\":\"sv-SE\",\"@id\":\"https:\/\/rst-steel.com\/product\/lazer-neoprene-impact-cover-triple-r_prm_65442\/#primaryimage\",\"url\":\"https:\/\/rst-steel.com\/wp-content\/uploads\/2023\/06\/406f176e0e5a5b84dda0382300be4f1b7e081f0d_LRD_Neoprene_Impact_Covers_4_LED_Web__2_.jpg\",\"contentUrl\":\"https:\/\/rst-steel.com\/wp-content\/uploads\/2023\/06\/406f176e0e5a5b84dda0382300be4f1b7e081f0d_LRD_Neoprene_Impact_Covers_4_LED_Web__2_.jpg\",\"width\":1500,\"height\":1000,\"caption\":\"Lazer Neoprene Impact Cover (TRIPLE-R)\"},{\"@type\":\"BreadcrumbList\",\"@id\":\"https:\/\/rst-steel.com\/product\/lazer-neoprene-impact-cover-triple-r_prm_65442\/#breadcrumb\",\"itemListElement\":[{\"@type\":\"ListItem\",\"position\":1,\"name\":\"Home\",\"item\":\"https:\/\/rst-steel.com\/\"},{\"@type\":\"ListItem\",\"position\":2,\"name\":\"RST-Steel Shop\",\"item\":\"https:\/\/rst-steel.com\/shop\/\"},{\"@type\":\"ListItem\",\"position\":3,\"name\":\"Lazer Neoprene Impact Cover (TRIPLE-R)\"}]},{\"@type\":\"WebSite\",\"@id\":\"https:\/\/rst-steel.com\/#website\",\"url\":\"https:\/\/rst-steel.com\/\",\"name\":\"RST-Steel.com\",\"description\":\"Finnish quality steel, for quality-conscious drivers\",\"publisher\":{\"@id\":\"https:\/\/rst-steel.com\/#organization\"},\"alternateName\":\"Safe and stylish RST-Steel quality\",\"potentialAction\":[{\"@type\":\"SearchAction\",\"target\":{\"@type\":\"EntryPoint\",\"urlTemplate\":\"https:\/\/rst-steel.com\/?s={search_term_string}\"},\"query-input\":{\"@type\":\"PropertyValueSpecification\",\"valueRequired\":true,\"valueName\":\"search_term_string\"}}],\"inLanguage\":\"sv-SE\"},{\"@type\":\"Organization\",\"@id\":\"https:\/\/rst-steel.com\/#organization\",\"name\":\"RST-Steel Oy\",\"url\":\"https:\/\/rst-steel.com\/\",\"logo\":{\"@type\":\"ImageObject\",\"inLanguage\":\"sv-SE\",\"@id\":\"https:\/\/rst-steel.com\/#\/schema\/logo\/image\/\",\"url\":\"https:\/\/rst-steel.com\/wp-content\/uploads\/2023\/04\/cropped-Rst-logo-valkoinen-teksti-3.png\",\"contentUrl\":\"https:\/\/rst-steel.com\/wp-content\/uploads\/2023\/04\/cropped-Rst-logo-valkoinen-teksti-3.png\",\"width\":512,\"height\":115,\"caption\":\"RST-Steel Oy\"},\"image\":{\"@id\":\"https:\/\/rst-steel.com\/#\/schema\/logo\/image\/\"},\"sameAs\":[\"https:\/\/www.facebook.com\/rststeel\",\"https:\/\/www.instagram.com\/rststeeloy\/\"]}]}<\/script>\n<!-- \/ Yoast SEO plugin. -->","yoast_head_json":{"title":"Lazer St\u00f6tskydd av neopren (TRIPLE-R) - RST-Steel","description":"Lazer st\u00f6tskydd av neopren (f\u00f6r Triple-R-lampor). Finns i 5 olika storlekar! Kolla in v\u00e5rt produktutbud och best\u00e4ll nu!","robots":{"index":"index","follow":"follow","max-snippet":"max-snippet:-1","max-image-preview":"max-image-preview:large","max-video-preview":"max-video-preview:-1"},"canonical":"https:\/\/rst-steel.com\/sv\/produkt\/lazer-neoprene-impact-cover-triple-r_prm_65442\/","og_locale":"sv_SE","og_type":"article","og_title":"Lazer Neoprene Impact Cover (TRIPLE-R) - RST-Steel","og_description":"Lazer Neoprene Impact Cover ( For Triple-R lights). Available in 5 different sizes! Check out the product selection and order now!","og_url":"https:\/\/rst-steel.com\/sv\/produkt\/lazer-neoprene-impact-cover-triple-r_prm_65442\/","og_site_name":"RST-Steel","article_publisher":"https:\/\/www.facebook.com\/rststeel","article_modified_time":"2026-03-16T06:21:10+00:00","og_image":[{"width":1500,"height":1000,"url":"https:\/\/rst-steel.com\/wp-content\/uploads\/2023\/06\/406f176e0e5a5b84dda0382300be4f1b7e081f0d_LRD_Neoprene_Impact_Covers_4_LED_Web__2_.jpg","type":"image\/jpeg"}],"twitter_card":"summary_large_image","twitter_misc":{"Ber\u00e4knad l\u00e4stid":"1 minut"},"schema":{"@context":"https:\/\/schema.org","@graph":[{"@type":"WebPage","@id":"https:\/\/rst-steel.com\/product\/lazer-neoprene-impact-cover-triple-r_prm_65442\/","url":"https:\/\/rst-steel.com\/product\/lazer-neoprene-impact-cover-triple-r_prm_65442\/","name":"Lazer St\u00f6tskydd av neopren (TRIPLE-R) - RST-Steel","isPartOf":{"@id":"https:\/\/rst-steel.com\/#website"},"primaryImageOfPage":{"@id":"https:\/\/rst-steel.com\/product\/lazer-neoprene-impact-cover-triple-r_prm_65442\/#primaryimage"},"image":{"@id":"https:\/\/rst-steel.com\/product\/lazer-neoprene-impact-cover-triple-r_prm_65442\/#primaryimage"},"thumbnailUrl":"https:\/\/rst-steel.com\/wp-content\/uploads\/2023\/06\/406f176e0e5a5b84dda0382300be4f1b7e081f0d_LRD_Neoprene_Impact_Covers_4_LED_Web__2_.jpg","datePublished":"2023-06-02T08:59:42+00:00","dateModified":"2026-03-16T06:21:10+00:00","description":"Lazer st\u00f6tskydd av neopren (f\u00f6r Triple-R-lampor). Finns i 5 olika storlekar! Kolla in v\u00e5rt produktutbud och best\u00e4ll nu!","breadcrumb":{"@id":"https:\/\/rst-steel.com\/product\/lazer-neoprene-impact-cover-triple-r_prm_65442\/#breadcrumb"},"inLanguage":"sv-SE","potentialAction":[{"@type":"ReadAction","target":["https:\/\/rst-steel.com\/product\/lazer-neoprene-impact-cover-triple-r_prm_65442\/"]}]},{"@type":"ImageObject","inLanguage":"sv-SE","@id":"https:\/\/rst-steel.com\/product\/lazer-neoprene-impact-cover-triple-r_prm_65442\/#primaryimage","url":"https:\/\/rst-steel.com\/wp-content\/uploads\/2023\/06\/406f176e0e5a5b84dda0382300be4f1b7e081f0d_LRD_Neoprene_Impact_Covers_4_LED_Web__2_.jpg","contentUrl":"https:\/\/rst-steel.com\/wp-content\/uploads\/2023\/06\/406f176e0e5a5b84dda0382300be4f1b7e081f0d_LRD_Neoprene_Impact_Covers_4_LED_Web__2_.jpg","width":1500,"height":1000,"caption":"Lazer Neoprene Impact Cover (TRIPLE-R)"},{"@type":"BreadcrumbList","@id":"https:\/\/rst-steel.com\/product\/lazer-neoprene-impact-cover-triple-r_prm_65442\/#breadcrumb","itemListElement":[{"@type":"ListItem","position":1,"name":"Home","item":"https:\/\/rst-steel.com\/"},{"@type":"ListItem","position":2,"name":"RST-Steel Shop","item":"https:\/\/rst-steel.com\/shop\/"},{"@type":"ListItem","position":3,"name":"Lazer Neoprene Impact Cover (TRIPLE-R)"}]},{"@type":"WebSite","@id":"https:\/\/rst-steel.com\/#website","url":"https:\/\/rst-steel.com\/","name":"RST-Stahl.com","description":"Finskt kvalitetsst\u00e5l, f\u00f6r kvalitetsmedvetna f\u00f6rare","publisher":{"@id":"https:\/\/rst-steel.com\/#organization"},"alternateName":"Safe and stylish RST-Steel quality","potentialAction":[{"@type":"SearchAction","target":{"@type":"EntryPoint","urlTemplate":"https:\/\/rst-steel.com\/?s={search_term_string}"},"query-input":{"@type":"PropertyValueSpecification","valueRequired":true,"valueName":"search_term_string"}}],"inLanguage":"sv-SE"},{"@type":"Organization","@id":"https:\/\/rst-steel.com\/#organization","name":"RST-Steel Oy","url":"https:\/\/rst-steel.com\/","logo":{"@type":"ImageObject","inLanguage":"sv-SE","@id":"https:\/\/rst-steel.com\/#\/schema\/logo\/image\/","url":"https:\/\/rst-steel.com\/wp-content\/uploads\/2023\/04\/cropped-Rst-logo-valkoinen-teksti-3.png","contentUrl":"https:\/\/rst-steel.com\/wp-content\/uploads\/2023\/04\/cropped-Rst-logo-valkoinen-teksti-3.png","width":512,"height":115,"caption":"RST-Steel Oy"},"image":{"@id":"https:\/\/rst-steel.com\/#\/schema\/logo\/image\/"},"sameAs":["https:\/\/www.facebook.com\/rststeel","https:\/\/www.instagram.com\/rststeeloy\/"]}]}},"brands":[{"id":8332,"name":"Lazer Lamps","slug":"brand_lazerlamps"}],"_links":{"self":[{"href":"https:\/\/rst-steel.com\/sv\/wp-json\/wp\/v2\/product\/39391","targetHints":{"allow":["GET"]}}],"collection":[{"href":"https:\/\/rst-steel.com\/sv\/wp-json\/wp\/v2\/product"}],"about":[{"href":"https:\/\/rst-steel.com\/sv\/wp-json\/wp\/v2\/types\/product"}],"replies":[{"embeddable":true,"href":"https:\/\/rst-steel.com\/sv\/wp-json\/wp\/v2\/comments?post=39391"}],"version-history":[{"count":0,"href":"https:\/\/rst-steel.com\/sv\/wp-json\/wp\/v2\/product\/39391\/revisions"}],"wp:featuredmedia":[{"embeddable":true,"href":"https:\/\/rst-steel.com\/sv\/wp-json\/wp\/v2\/media\/39390"}],"wp:attachment":[{"href":"https:\/\/rst-steel.com\/sv\/wp-json\/wp\/v2\/media?parent=39391"}],"wp:term":[{"taxonomy":"make_fuel_type","embeddable":true,"href":"https:\/\/rst-steel.com\/sv\/wp-json\/wp\/v2\/make_fuel_type?post=39391"},{"taxonomy":"make_model","embeddable":true,"href":"https:\/\/rst-steel.com\/sv\/wp-json\/wp\/v2\/make_model?post=39391"},{"taxonomy":"make_brand","embeddable":true,"href":"https:\/\/rst-steel.com\/sv\/wp-json\/wp\/v2\/make_brand?post=39391"},{"taxonomy":"make_year","embeddable":true,"href":"https:\/\/rst-steel.com\/sv\/wp-json\/wp\/v2\/make_year?post=39391"},{"taxonomy":"pwb-brand","embeddable":true,"href":"https:\/\/rst-steel.com\/sv\/wp-json\/wp\/v2\/pwb-brand?post=39391"},{"taxonomy":"product_brand","embeddable":true,"href":"https:\/\/rst-steel.com\/sv\/wp-json\/wp\/v2\/product_brand?post=39391"},{"taxonomy":"product_cat","embeddable":true,"href":"https:\/\/rst-steel.com\/sv\/wp-json\/wp\/v2\/product_cat?post=39391"},{"taxonomy":"product_tag","embeddable":true,"href":"https:\/\/rst-steel.com\/sv\/wp-json\/wp\/v2\/product_tag?post=39391"}],"curies":[{"name":"wp","href":"https:\/\/api.w.org\/{rel}","templated":true}]}}