{"id":42161,"date":"2024-02-22T16:53:14","date_gmt":"2024-02-22T13:53:14","guid":{"rendered":"https:\/\/rst-steel.com\/product\/roof-bar-with-side-extensions-mercedes-benz-actros-25m-gigaspace_prm_10020\/"},"modified":"2026-03-16T09:17:03","modified_gmt":"2026-03-16T06:17:03","slug":"roof-bar-with-side-extensions-mercedes-benz-actros-25m-gigaspace_prm_10020","status":"publish","type":"product","link":"https:\/\/rst-steel.com\/sv\/produkt\/roof-bar-with-side-extensions-mercedes-benz-actros-25m-gigaspace_prm_10020\/","title":{"rendered":"Takb\u00e5ge med sidof\u00f6rl\u00e4ngningar Mercedes-Benz Actros 2,5m (GigaSpace)"},"content":{"rendered":"<p>Takb\u00e5ge med sidof\u00f6rl\u00e4ngningar Mercedes-Benz Actros 2,5m (GigaSpace)<\/p>\n<p><\/p>\n<p>RST-Steels takr\u00e4cken \u00e4r h\u00f6gkvalitativa produkter tillverkade av rostfritt st\u00e5l.<\/p>\n<p>Ger bilen ett snyggt och elegant utseende som drar blickarna till sig och kan v\u00e4cka \"j\u00e4rnfeber\", vilket g\u00f6r att du och ditt f\u00f6retag sticker ut.<\/p>\n<p>Takb\u00e5garna kan utrustas med extraljus och positionsljus, vilket f\u00f6rb\u00e4ttrar din sikt i trafiken och samtidigt \u00f6kar s\u00e4kerheten f\u00f6r dig sj\u00e4lv och andra trafikanter.<\/p>\n<p><\/p>\n<p>St\u00e5ngen kan utrustas med: 3st Lazer Triple-R 1000 eller 6st 9'' Lazer Sentinel<\/p>\n<p><\/p>\n<p><span style=\"font-weight: bold\">Teknisk information:<\/span><\/p>\n<ul>\n<li>F\u00e4rg: Polerat rostfritt st\u00e5l eller pulverlackerat med RAL-f\u00e4rgkod<\/li>\n<li>R\u00f6rdiameter: 76 mm<\/li>\n<li>Skena f\u00f6r arbetsljus<\/li>\n<\/ul>\n<p>&nbsp;<\/p>\n<p><span style=\"font-weight: bold\">Leveransinneh\u00e5ll:<\/span><\/p>\n<ul>\n<li>Takb\u00e5ge<\/li>\n<li>Monteringsf\u00e4sten som beh\u00f6vs f\u00f6r installation<\/li>\n<li>Instruktioner f\u00f6r installation<\/li>\n<\/ul>","protected":false},"excerpt":{"rendered":"<p>Flera modellalternativ tillg\u00e4ngliga!<\/p>","protected":false},"featured_media":46205,"comment_status":"open","ping_status":"closed","template":"","meta":{"_improvement_type_select":"improve_an_existing","_thumb_yes_seoaic":false,"_frame_yes_seoaic":false,"seoaic_generate_description":"","seoaic_improve_instructions_prompt":"","seoaic_rollback_content_improvement":"","seoaic_idea_thumbnail_generator":"","thumbnail_generated":false,"thumbnail_generate_prompt":"","seoaic_article_description":""},"make_fuel_type":[],"make_model":[5649],"make_brand":[6469],"make_year":[3748],"pwb-brand":[8334],"product_brand":[],"product_cat":[6057,6058,7167],"product_tag":[6611,6610,7549],"class_list":{"0":"post-42161","1":"product","2":"type-product","3":"status-publish","4":"has-post-thumbnail","6":"make_engine-gigaspace-2-5m","7":"make_model-actros-mp4-mp5","8":"make_brand-mercedes-benz","9":"make_year-trucks","10":"pwb-brand-brand_rststeel","11":"product_cat-lightbars","12":"product_cat-roofbars-for-trucks","13":"product_cat-mb-ka-lt","14":"product_tag-mercedes","15":"product_tag-mercedes-benz","16":"product_tag-takbage","17":"product_shipping_class-lightbars","19":"first","20":"onbackorder","21":"taxable","22":"shipping-taxable","23":"purchasable","24":"product-type-variable"},"yoast_head":"<!-- This site is optimized with the Yoast SEO plugin v25.7 - https:\/\/yoast.com\/wordpress\/plugins\/seo\/ -->\n<title>Roof Bar With Side Extensions Mercedes-Benz Actros - RST-Steel<\/title>\n<meta name=\"description\" content=\"Roof Bar With Side Extensions Mercedes-Benz Actros 2,5m, suitable for GigaSpace cab. Chech out the products in our online store!\" \/>\n<meta name=\"robots\" content=\"index, follow, max-snippet:-1, max-image-preview:large, max-video-preview:-1\" \/>\n<link rel=\"canonical\" href=\"https:\/\/rst-steel.com\/sv\/produkt\/roof-bar-with-side-extensions-mercedes-benz-actros-25m-gigaspace_prm_10020\/\" \/>\n<meta property=\"og:locale\" content=\"sv_SE\" \/>\n<meta property=\"og:type\" content=\"article\" \/>\n<meta property=\"og:title\" content=\"Roof Bar With Side Extensions Mercedes-Benz Actros - RST-Steel\" \/>\n<meta property=\"og:description\" content=\"Roof Bar With Side Extensions Mercedes-Benz Actros 2,5m, suitable for GigaSpace cab. Chech out the products in our online store!\" \/>\n<meta property=\"og:url\" content=\"https:\/\/rst-steel.com\/sv\/produkt\/roof-bar-with-side-extensions-mercedes-benz-actros-25m-gigaspace_prm_10020\/\" \/>\n<meta property=\"og:site_name\" content=\"RST-Steel\" \/>\n<meta property=\"article:publisher\" content=\"https:\/\/www.facebook.com\/rststeel\" \/>\n<meta property=\"article:modified_time\" content=\"2026-03-16T06:17:03+00:00\" \/>\n<meta property=\"og:image\" content=\"https:\/\/rst-steel.com\/wp-content\/uploads\/2024\/09\/86bc41f8ebfdaf793b4733b64a99ed4963a460bb_2010MB_0002_1__3_.jpg\" \/>\n\t<meta property=\"og:image:width\" content=\"604\" \/>\n\t<meta property=\"og:image:height\" content=\"577\" \/>\n\t<meta property=\"og:image:type\" content=\"image\/jpeg\" \/>\n<meta name=\"twitter:card\" content=\"summary_large_image\" \/>\n<meta name=\"twitter:label1\" content=\"Ber\u00e4knad l\u00e4stid\" \/>\n\t<meta name=\"twitter:data1\" content=\"1 minut\" \/>\n<script type=\"application\/ld+json\" class=\"yoast-schema-graph\">{\"@context\":\"https:\/\/schema.org\",\"@graph\":[{\"@type\":\"WebPage\",\"@id\":\"https:\/\/rst-steel.com\/product\/roof-bar-with-side-extensions-mercedes-benz-actros-25m-gigaspace_prm_10020\/\",\"url\":\"https:\/\/rst-steel.com\/product\/roof-bar-with-side-extensions-mercedes-benz-actros-25m-gigaspace_prm_10020\/\",\"name\":\"Roof Bar With Side Extensions Mercedes-Benz Actros - RST-Steel\",\"isPartOf\":{\"@id\":\"https:\/\/rst-steel.com\/#website\"},\"primaryImageOfPage\":{\"@id\":\"https:\/\/rst-steel.com\/product\/roof-bar-with-side-extensions-mercedes-benz-actros-25m-gigaspace_prm_10020\/#primaryimage\"},\"image\":{\"@id\":\"https:\/\/rst-steel.com\/product\/roof-bar-with-side-extensions-mercedes-benz-actros-25m-gigaspace_prm_10020\/#primaryimage\"},\"thumbnailUrl\":\"https:\/\/rst-steel.com\/wp-content\/uploads\/2024\/09\/86bc41f8ebfdaf793b4733b64a99ed4963a460bb_2010MB_0002_1__3_.jpg\",\"datePublished\":\"2024-02-22T13:53:14+00:00\",\"dateModified\":\"2026-03-16T06:17:03+00:00\",\"description\":\"Roof Bar With Side Extensions Mercedes-Benz Actros 2,5m, suitable for GigaSpace cab. Chech out the products in our online store!\",\"breadcrumb\":{\"@id\":\"https:\/\/rst-steel.com\/product\/roof-bar-with-side-extensions-mercedes-benz-actros-25m-gigaspace_prm_10020\/#breadcrumb\"},\"inLanguage\":\"sv-SE\",\"potentialAction\":[{\"@type\":\"ReadAction\",\"target\":[\"https:\/\/rst-steel.com\/product\/roof-bar-with-side-extensions-mercedes-benz-actros-25m-gigaspace_prm_10020\/\"]}]},{\"@type\":\"ImageObject\",\"inLanguage\":\"sv-SE\",\"@id\":\"https:\/\/rst-steel.com\/product\/roof-bar-with-side-extensions-mercedes-benz-actros-25m-gigaspace_prm_10020\/#primaryimage\",\"url\":\"https:\/\/rst-steel.com\/wp-content\/uploads\/2024\/09\/86bc41f8ebfdaf793b4733b64a99ed4963a460bb_2010MB_0002_1__3_.jpg\",\"contentUrl\":\"https:\/\/rst-steel.com\/wp-content\/uploads\/2024\/09\/86bc41f8ebfdaf793b4733b64a99ed4963a460bb_2010MB_0002_1__3_.jpg\",\"width\":604,\"height\":577,\"caption\":\"Roof Bar With Side Extensions Mercedes-Benz Actros 2,5m (GigaSpace)\"},{\"@type\":\"BreadcrumbList\",\"@id\":\"https:\/\/rst-steel.com\/product\/roof-bar-with-side-extensions-mercedes-benz-actros-25m-gigaspace_prm_10020\/#breadcrumb\",\"itemListElement\":[{\"@type\":\"ListItem\",\"position\":1,\"name\":\"Home\",\"item\":\"https:\/\/rst-steel.com\/\"},{\"@type\":\"ListItem\",\"position\":2,\"name\":\"RST-Steel Shop\",\"item\":\"https:\/\/rst-steel.com\/shop\/\"},{\"@type\":\"ListItem\",\"position\":3,\"name\":\"Roof Bar With Side Extensions Mercedes-Benz Actros 2,5m (GigaSpace)\"}]},{\"@type\":\"WebSite\",\"@id\":\"https:\/\/rst-steel.com\/#website\",\"url\":\"https:\/\/rst-steel.com\/\",\"name\":\"RST-Steel.com\",\"description\":\"Finnish quality steel, for quality-conscious drivers\",\"publisher\":{\"@id\":\"https:\/\/rst-steel.com\/#organization\"},\"alternateName\":\"Safe and stylish RST-Steel quality\",\"potentialAction\":[{\"@type\":\"SearchAction\",\"target\":{\"@type\":\"EntryPoint\",\"urlTemplate\":\"https:\/\/rst-steel.com\/?s={search_term_string}\"},\"query-input\":{\"@type\":\"PropertyValueSpecification\",\"valueRequired\":true,\"valueName\":\"search_term_string\"}}],\"inLanguage\":\"sv-SE\"},{\"@type\":\"Organization\",\"@id\":\"https:\/\/rst-steel.com\/#organization\",\"name\":\"RST-Steel Oy\",\"url\":\"https:\/\/rst-steel.com\/\",\"logo\":{\"@type\":\"ImageObject\",\"inLanguage\":\"sv-SE\",\"@id\":\"https:\/\/rst-steel.com\/#\/schema\/logo\/image\/\",\"url\":\"https:\/\/rst-steel.com\/wp-content\/uploads\/2023\/04\/cropped-Rst-logo-valkoinen-teksti-3.png\",\"contentUrl\":\"https:\/\/rst-steel.com\/wp-content\/uploads\/2023\/04\/cropped-Rst-logo-valkoinen-teksti-3.png\",\"width\":512,\"height\":115,\"caption\":\"RST-Steel Oy\"},\"image\":{\"@id\":\"https:\/\/rst-steel.com\/#\/schema\/logo\/image\/\"},\"sameAs\":[\"https:\/\/www.facebook.com\/rststeel\",\"https:\/\/www.instagram.com\/rststeeloy\/\"]}]}<\/script>\n<!-- \/ Yoast SEO plugin. -->","yoast_head_json":{"title":"Takr\u00e4cke med sidof\u00f6rl\u00e4ngningar Mercedes-Benz Actros - RST-Steel","description":"Takr\u00e4cke med sidof\u00f6rl\u00e4ngningar Mercedes-Benz Actros 2,5m, l\u00e4mplig f\u00f6r GigaSpace-hytt. Kolla in produkterna i v\u00e5r onlinebutik!","robots":{"index":"index","follow":"follow","max-snippet":"max-snippet:-1","max-image-preview":"max-image-preview:large","max-video-preview":"max-video-preview:-1"},"canonical":"https:\/\/rst-steel.com\/sv\/produkt\/roof-bar-with-side-extensions-mercedes-benz-actros-25m-gigaspace_prm_10020\/","og_locale":"sv_SE","og_type":"article","og_title":"Roof Bar With Side Extensions Mercedes-Benz Actros - RST-Steel","og_description":"Roof Bar With Side Extensions Mercedes-Benz Actros 2,5m, suitable for GigaSpace cab. Chech out the products in our online store!","og_url":"https:\/\/rst-steel.com\/sv\/produkt\/roof-bar-with-side-extensions-mercedes-benz-actros-25m-gigaspace_prm_10020\/","og_site_name":"RST-Steel","article_publisher":"https:\/\/www.facebook.com\/rststeel","article_modified_time":"2026-03-16T06:17:03+00:00","og_image":[{"width":604,"height":577,"url":"https:\/\/rst-steel.com\/wp-content\/uploads\/2024\/09\/86bc41f8ebfdaf793b4733b64a99ed4963a460bb_2010MB_0002_1__3_.jpg","type":"image\/jpeg"}],"twitter_card":"summary_large_image","twitter_misc":{"Ber\u00e4knad l\u00e4stid":"1 minut"},"schema":{"@context":"https:\/\/schema.org","@graph":[{"@type":"WebPage","@id":"https:\/\/rst-steel.com\/product\/roof-bar-with-side-extensions-mercedes-benz-actros-25m-gigaspace_prm_10020\/","url":"https:\/\/rst-steel.com\/product\/roof-bar-with-side-extensions-mercedes-benz-actros-25m-gigaspace_prm_10020\/","name":"Takr\u00e4cke med sidof\u00f6rl\u00e4ngningar Mercedes-Benz Actros - RST-Steel","isPartOf":{"@id":"https:\/\/rst-steel.com\/#website"},"primaryImageOfPage":{"@id":"https:\/\/rst-steel.com\/product\/roof-bar-with-side-extensions-mercedes-benz-actros-25m-gigaspace_prm_10020\/#primaryimage"},"image":{"@id":"https:\/\/rst-steel.com\/product\/roof-bar-with-side-extensions-mercedes-benz-actros-25m-gigaspace_prm_10020\/#primaryimage"},"thumbnailUrl":"https:\/\/rst-steel.com\/wp-content\/uploads\/2024\/09\/86bc41f8ebfdaf793b4733b64a99ed4963a460bb_2010MB_0002_1__3_.jpg","datePublished":"2024-02-22T13:53:14+00:00","dateModified":"2026-03-16T06:17:03+00:00","description":"Takr\u00e4cke med sidof\u00f6rl\u00e4ngningar Mercedes-Benz Actros 2,5m, l\u00e4mplig f\u00f6r GigaSpace-hytt. Kolla in produkterna i v\u00e5r onlinebutik!","breadcrumb":{"@id":"https:\/\/rst-steel.com\/product\/roof-bar-with-side-extensions-mercedes-benz-actros-25m-gigaspace_prm_10020\/#breadcrumb"},"inLanguage":"sv-SE","potentialAction":[{"@type":"ReadAction","target":["https:\/\/rst-steel.com\/product\/roof-bar-with-side-extensions-mercedes-benz-actros-25m-gigaspace_prm_10020\/"]}]},{"@type":"ImageObject","inLanguage":"sv-SE","@id":"https:\/\/rst-steel.com\/product\/roof-bar-with-side-extensions-mercedes-benz-actros-25m-gigaspace_prm_10020\/#primaryimage","url":"https:\/\/rst-steel.com\/wp-content\/uploads\/2024\/09\/86bc41f8ebfdaf793b4733b64a99ed4963a460bb_2010MB_0002_1__3_.jpg","contentUrl":"https:\/\/rst-steel.com\/wp-content\/uploads\/2024\/09\/86bc41f8ebfdaf793b4733b64a99ed4963a460bb_2010MB_0002_1__3_.jpg","width":604,"height":577,"caption":"Roof Bar With Side Extensions Mercedes-Benz Actros 2,5m (GigaSpace)"},{"@type":"BreadcrumbList","@id":"https:\/\/rst-steel.com\/product\/roof-bar-with-side-extensions-mercedes-benz-actros-25m-gigaspace_prm_10020\/#breadcrumb","itemListElement":[{"@type":"ListItem","position":1,"name":"Home","item":"https:\/\/rst-steel.com\/"},{"@type":"ListItem","position":2,"name":"RST-Steel Shop","item":"https:\/\/rst-steel.com\/shop\/"},{"@type":"ListItem","position":3,"name":"Roof Bar With Side Extensions Mercedes-Benz Actros 2,5m (GigaSpace)"}]},{"@type":"WebSite","@id":"https:\/\/rst-steel.com\/#website","url":"https:\/\/rst-steel.com\/","name":"RST-Stahl.com","description":"Finskt kvalitetsst\u00e5l, f\u00f6r kvalitetsmedvetna f\u00f6rare","publisher":{"@id":"https:\/\/rst-steel.com\/#organization"},"alternateName":"Safe and stylish RST-Steel quality","potentialAction":[{"@type":"SearchAction","target":{"@type":"EntryPoint","urlTemplate":"https:\/\/rst-steel.com\/?s={search_term_string}"},"query-input":{"@type":"PropertyValueSpecification","valueRequired":true,"valueName":"search_term_string"}}],"inLanguage":"sv-SE"},{"@type":"Organization","@id":"https:\/\/rst-steel.com\/#organization","name":"RST-Steel Oy","url":"https:\/\/rst-steel.com\/","logo":{"@type":"ImageObject","inLanguage":"sv-SE","@id":"https:\/\/rst-steel.com\/#\/schema\/logo\/image\/","url":"https:\/\/rst-steel.com\/wp-content\/uploads\/2023\/04\/cropped-Rst-logo-valkoinen-teksti-3.png","contentUrl":"https:\/\/rst-steel.com\/wp-content\/uploads\/2023\/04\/cropped-Rst-logo-valkoinen-teksti-3.png","width":512,"height":115,"caption":"RST-Steel Oy"},"image":{"@id":"https:\/\/rst-steel.com\/#\/schema\/logo\/image\/"},"sameAs":["https:\/\/www.facebook.com\/rststeel","https:\/\/www.instagram.com\/rststeeloy\/"]}]}},"brands":[{"id":8334,"name":"RST-Steel","slug":"brand_rststeel"}],"_links":{"self":[{"href":"https:\/\/rst-steel.com\/sv\/wp-json\/wp\/v2\/product\/42161","targetHints":{"allow":["GET"]}}],"collection":[{"href":"https:\/\/rst-steel.com\/sv\/wp-json\/wp\/v2\/product"}],"about":[{"href":"https:\/\/rst-steel.com\/sv\/wp-json\/wp\/v2\/types\/product"}],"replies":[{"embeddable":true,"href":"https:\/\/rst-steel.com\/sv\/wp-json\/wp\/v2\/comments?post=42161"}],"version-history":[{"count":0,"href":"https:\/\/rst-steel.com\/sv\/wp-json\/wp\/v2\/product\/42161\/revisions"}],"wp:featuredmedia":[{"embeddable":true,"href":"https:\/\/rst-steel.com\/sv\/wp-json\/wp\/v2\/media\/46205"}],"wp:attachment":[{"href":"https:\/\/rst-steel.com\/sv\/wp-json\/wp\/v2\/media?parent=42161"}],"wp:term":[{"taxonomy":"make_fuel_type","embeddable":true,"href":"https:\/\/rst-steel.com\/sv\/wp-json\/wp\/v2\/make_fuel_type?post=42161"},{"taxonomy":"make_model","embeddable":true,"href":"https:\/\/rst-steel.com\/sv\/wp-json\/wp\/v2\/make_model?post=42161"},{"taxonomy":"make_brand","embeddable":true,"href":"https:\/\/rst-steel.com\/sv\/wp-json\/wp\/v2\/make_brand?post=42161"},{"taxonomy":"make_year","embeddable":true,"href":"https:\/\/rst-steel.com\/sv\/wp-json\/wp\/v2\/make_year?post=42161"},{"taxonomy":"pwb-brand","embeddable":true,"href":"https:\/\/rst-steel.com\/sv\/wp-json\/wp\/v2\/pwb-brand?post=42161"},{"taxonomy":"product_brand","embeddable":true,"href":"https:\/\/rst-steel.com\/sv\/wp-json\/wp\/v2\/product_brand?post=42161"},{"taxonomy":"product_cat","embeddable":true,"href":"https:\/\/rst-steel.com\/sv\/wp-json\/wp\/v2\/product_cat?post=42161"},{"taxonomy":"product_tag","embeddable":true,"href":"https:\/\/rst-steel.com\/sv\/wp-json\/wp\/v2\/product_tag?post=42161"}],"curies":[{"name":"wp","href":"https:\/\/api.w.org\/{rel}","templated":true}]}}