{"id":43129,"date":"2024-04-26T11:18:41","date_gmt":"2024-04-26T08:18:41","guid":{"rendered":"https:\/\/rst-steel.com\/product\/roof-bar-volvo-l30-35g-wheel-loaders_prm_71513\/"},"modified":"2026-03-16T09:16:50","modified_gmt":"2026-03-16T06:16:50","slug":"roof-bar-volvo-l30-35g_prm_71513","status":"publish","type":"product","link":"https:\/\/rst-steel.com\/sv\/produkt\/roof-bar-volvo-l30-35g_prm_71513\/","title":{"rendered":"Roof Bar Volvo L30-35G"},"content":{"rendered":"<p><span style=\"font-weight: bold;\">Takb\u00e5ge Volvo L30-35G Hjullastare<\/span><\/p>\n<ul>\n<li><\/li>\n<\/ul>\n<p>RST-Steels takb\u00e5gar \u00e4r h\u00f6gkvalitativa produkter tillverkade av rostfritt st\u00e5l.<\/p>\n<p>Takr\u00e4ckena kan utrustas med arbetsbelysning och positionsljus, vilket f\u00f6rb\u00e4ttrar din synlighet i trafiken och samtidigt \u00f6kar s\u00e4kerheten f\u00f6r dig sj\u00e4lv och andra i trafiken.<\/p>\n<ul>\n<li><\/li>\n<\/ul>\n<p><span style=\"font-weight: bold;\">Teknisk information:<\/span><\/p>\n<ul>\n<li>F\u00e4rg: Polerat rostfritt st\u00e5l eller pulverlackerat med RAL-f\u00e4rgkod<\/li>\n<li>R\u00f6rens diameter: 42 mm<\/li>\n<li>2 st. Svetsade lampf\u00e4sten p\u00e5 framsidan<\/li>\n<li>F\u00e4stena passar f\u00f6r en extralampa som \u00e4r ca 450 mm l\u00e5ng<\/li>\n<li><\/li>\n<\/ul>\n<p><span style=\"font-weight: bold;\">Leveransinneh\u00e5ll:<\/span><\/p>\n<p>&nbsp;<\/p>\n<ul>\n<li>Takb\u00e5ge<\/li>\n<li>Monteringsf\u00e4sten som beh\u00f6vs f\u00f6r installation<\/li>\n<li>Instruktioner f\u00f6r installation<\/li>\n<\/ul>","protected":false},"excerpt":{"rendered":"<p>Flera modellalternativ tillg\u00e4ngliga!<\/p>","protected":false},"featured_media":43126,"comment_status":"open","ping_status":"closed","template":"","meta":{"_improvement_type_select":"improve_an_existing","_thumb_yes_seoaic":false,"_frame_yes_seoaic":false,"seoaic_generate_description":"","seoaic_improve_instructions_prompt":"","seoaic_rollback_content_improvement":"","seoaic_idea_thumbnail_generator":"","thumbnail_generated":false,"thumbnail_generate_prompt":"","seoaic_article_description":""},"make_fuel_type":[],"make_model":[6628],"make_brand":[6533],"make_year":[6465],"pwb-brand":[8334],"product_brand":[],"product_cat":[8082,6057,6073],"product_tag":[7549],"class_list":{"0":"post-43129","1":"product","2":"type-product","3":"status-publish","4":"has-post-thumbnail","6":"make_model-volvo-wheelloaders","7":"make_brand-volvo-workmachines","8":"make_year-workmachines","9":"pwb-brand-brand_rststeel","10":"product_cat-volvo-rb-wl","11":"product_cat-lightbars","12":"product_cat-roofbars-for-whee-loaders","13":"product_tag-takbage","14":"product_shipping_class-lightbars","16":"first","17":"onbackorder","18":"taxable","19":"shipping-taxable","20":"purchasable","21":"product-type-variable"},"yoast_head":"<!-- This site is optimized with the Yoast SEO plugin v25.7 - https:\/\/yoast.com\/wordpress\/plugins\/seo\/ -->\n<title>Roof Bar Volvo L30-35G - RST-Steel<\/title>\n<meta name=\"description\" content=\"Roof Bar Volvo L30-35G Wheel Loader models. Roof bars are high-quality products made of stainless steel.\u00a0Check out the product variants in our online store!\" \/>\n<meta name=\"robots\" content=\"index, follow, max-snippet:-1, max-image-preview:large, max-video-preview:-1\" \/>\n<link rel=\"canonical\" href=\"https:\/\/rst-steel.com\/sv\/produkt\/roof-bar-volvo-l30-35g_prm_71513\/\" \/>\n<meta property=\"og:locale\" content=\"sv_SE\" \/>\n<meta property=\"og:type\" content=\"article\" \/>\n<meta property=\"og:title\" content=\"Roof Bar Volvo L30-35G - RST-Steel\" \/>\n<meta property=\"og:description\" content=\"Roof Bar Volvo L30-35G Wheel Loader models. Roof bars are high-quality products made of stainless steel.\u00a0Check out the product variants in our online store!\" \/>\n<meta property=\"og:url\" content=\"https:\/\/rst-steel.com\/sv\/produkt\/roof-bar-volvo-l30-35g_prm_71513\/\" \/>\n<meta property=\"og:site_name\" content=\"RST-Steel\" \/>\n<meta property=\"article:publisher\" content=\"https:\/\/www.facebook.com\/rststeel\" \/>\n<meta property=\"article:modified_time\" content=\"2026-03-16T06:16:50+00:00\" \/>\n<meta property=\"og:image\" content=\"https:\/\/rst-steel.com\/wp-content\/uploads\/2024\/04\/854f137d52257e666fa01d4c91ddd6c3852bca3b_TVO104.jpeg\" \/>\n\t<meta property=\"og:image:width\" content=\"1600\" \/>\n\t<meta property=\"og:image:height\" content=\"1200\" \/>\n\t<meta property=\"og:image:type\" content=\"image\/jpeg\" \/>\n<meta name=\"twitter:card\" content=\"summary_large_image\" \/>\n<meta name=\"twitter:label1\" content=\"Ber\u00e4knad l\u00e4stid\" \/>\n\t<meta name=\"twitter:data1\" content=\"1 minut\" \/>\n<script type=\"application\/ld+json\" class=\"yoast-schema-graph\">{\"@context\":\"https:\/\/schema.org\",\"@graph\":[{\"@type\":\"WebPage\",\"@id\":\"https:\/\/rst-steel.com\/product\/roof-bar-volvo-l30-35g_prm_71513\/\",\"url\":\"https:\/\/rst-steel.com\/product\/roof-bar-volvo-l30-35g_prm_71513\/\",\"name\":\"Roof Bar Volvo L30-35G - RST-Steel\",\"isPartOf\":{\"@id\":\"https:\/\/rst-steel.com\/#website\"},\"primaryImageOfPage\":{\"@id\":\"https:\/\/rst-steel.com\/product\/roof-bar-volvo-l30-35g_prm_71513\/#primaryimage\"},\"image\":{\"@id\":\"https:\/\/rst-steel.com\/product\/roof-bar-volvo-l30-35g_prm_71513\/#primaryimage\"},\"thumbnailUrl\":\"https:\/\/rst-steel.com\/wp-content\/uploads\/2024\/04\/854f137d52257e666fa01d4c91ddd6c3852bca3b_TVO104.jpeg\",\"datePublished\":\"2024-04-26T08:18:41+00:00\",\"dateModified\":\"2026-03-16T06:16:50+00:00\",\"description\":\"Roof Bar Volvo L30-35G Wheel Loader models. Roof bars are high-quality products made of stainless steel.\u00a0Check out the product variants in our online store!\",\"breadcrumb\":{\"@id\":\"https:\/\/rst-steel.com\/product\/roof-bar-volvo-l30-35g_prm_71513\/#breadcrumb\"},\"inLanguage\":\"sv-SE\",\"potentialAction\":[{\"@type\":\"ReadAction\",\"target\":[\"https:\/\/rst-steel.com\/product\/roof-bar-volvo-l30-35g_prm_71513\/\"]}]},{\"@type\":\"ImageObject\",\"inLanguage\":\"sv-SE\",\"@id\":\"https:\/\/rst-steel.com\/product\/roof-bar-volvo-l30-35g_prm_71513\/#primaryimage\",\"url\":\"https:\/\/rst-steel.com\/wp-content\/uploads\/2024\/04\/854f137d52257e666fa01d4c91ddd6c3852bca3b_TVO104.jpeg\",\"contentUrl\":\"https:\/\/rst-steel.com\/wp-content\/uploads\/2024\/04\/854f137d52257e666fa01d4c91ddd6c3852bca3b_TVO104.jpeg\",\"width\":1600,\"height\":1200,\"caption\":\"Roof Bar Volvo L30-35G Wheel Loaders\"},{\"@type\":\"BreadcrumbList\",\"@id\":\"https:\/\/rst-steel.com\/product\/roof-bar-volvo-l30-35g_prm_71513\/#breadcrumb\",\"itemListElement\":[{\"@type\":\"ListItem\",\"position\":1,\"name\":\"Home\",\"item\":\"https:\/\/rst-steel.com\/\"},{\"@type\":\"ListItem\",\"position\":2,\"name\":\"RST-Steel Shop\",\"item\":\"https:\/\/rst-steel.com\/shop\/\"},{\"@type\":\"ListItem\",\"position\":3,\"name\":\"Roof Bar Volvo L30-35G\"}]},{\"@type\":\"WebSite\",\"@id\":\"https:\/\/rst-steel.com\/#website\",\"url\":\"https:\/\/rst-steel.com\/\",\"name\":\"RST-Steel.com\",\"description\":\"Finnish quality steel, for quality-conscious drivers\",\"publisher\":{\"@id\":\"https:\/\/rst-steel.com\/#organization\"},\"alternateName\":\"Safe and stylish RST-Steel quality\",\"potentialAction\":[{\"@type\":\"SearchAction\",\"target\":{\"@type\":\"EntryPoint\",\"urlTemplate\":\"https:\/\/rst-steel.com\/?s={search_term_string}\"},\"query-input\":{\"@type\":\"PropertyValueSpecification\",\"valueRequired\":true,\"valueName\":\"search_term_string\"}}],\"inLanguage\":\"sv-SE\"},{\"@type\":\"Organization\",\"@id\":\"https:\/\/rst-steel.com\/#organization\",\"name\":\"RST-Steel Oy\",\"url\":\"https:\/\/rst-steel.com\/\",\"logo\":{\"@type\":\"ImageObject\",\"inLanguage\":\"sv-SE\",\"@id\":\"https:\/\/rst-steel.com\/#\/schema\/logo\/image\/\",\"url\":\"https:\/\/rst-steel.com\/wp-content\/uploads\/2023\/04\/cropped-Rst-logo-valkoinen-teksti-3.png\",\"contentUrl\":\"https:\/\/rst-steel.com\/wp-content\/uploads\/2023\/04\/cropped-Rst-logo-valkoinen-teksti-3.png\",\"width\":512,\"height\":115,\"caption\":\"RST-Steel Oy\"},\"image\":{\"@id\":\"https:\/\/rst-steel.com\/#\/schema\/logo\/image\/\"},\"sameAs\":[\"https:\/\/www.facebook.com\/rststeel\",\"https:\/\/www.instagram.com\/rststeeloy\/\"]}]}<\/script>\n<!-- \/ Yoast SEO plugin. -->","yoast_head_json":{"title":"Roof Bar Volvo L30-35G - RST-Steel","description":"Takb\u00e5ge Volvo L30-35G hjullastarmodeller. Takb\u00e5gar \u00e4r h\u00f6gkvalitativa produkter tillverkade av rostfritt st\u00e5l. Kolla in produktvarianterna i v\u00e5r onlinebutik!","robots":{"index":"index","follow":"follow","max-snippet":"max-snippet:-1","max-image-preview":"max-image-preview:large","max-video-preview":"max-video-preview:-1"},"canonical":"https:\/\/rst-steel.com\/sv\/produkt\/roof-bar-volvo-l30-35g_prm_71513\/","og_locale":"sv_SE","og_type":"article","og_title":"Roof Bar Volvo L30-35G - RST-Steel","og_description":"Roof Bar Volvo L30-35G Wheel Loader models. Roof bars are high-quality products made of stainless steel.\u00a0Check out the product variants in our online store!","og_url":"https:\/\/rst-steel.com\/sv\/produkt\/roof-bar-volvo-l30-35g_prm_71513\/","og_site_name":"RST-Steel","article_publisher":"https:\/\/www.facebook.com\/rststeel","article_modified_time":"2026-03-16T06:16:50+00:00","og_image":[{"width":1600,"height":1200,"url":"https:\/\/rst-steel.com\/wp-content\/uploads\/2024\/04\/854f137d52257e666fa01d4c91ddd6c3852bca3b_TVO104.jpeg","type":"image\/jpeg"}],"twitter_card":"summary_large_image","twitter_misc":{"Ber\u00e4knad l\u00e4stid":"1 minut"},"schema":{"@context":"https:\/\/schema.org","@graph":[{"@type":"WebPage","@id":"https:\/\/rst-steel.com\/product\/roof-bar-volvo-l30-35g_prm_71513\/","url":"https:\/\/rst-steel.com\/product\/roof-bar-volvo-l30-35g_prm_71513\/","name":"Roof Bar Volvo L30-35G - RST-Steel","isPartOf":{"@id":"https:\/\/rst-steel.com\/#website"},"primaryImageOfPage":{"@id":"https:\/\/rst-steel.com\/product\/roof-bar-volvo-l30-35g_prm_71513\/#primaryimage"},"image":{"@id":"https:\/\/rst-steel.com\/product\/roof-bar-volvo-l30-35g_prm_71513\/#primaryimage"},"thumbnailUrl":"https:\/\/rst-steel.com\/wp-content\/uploads\/2024\/04\/854f137d52257e666fa01d4c91ddd6c3852bca3b_TVO104.jpeg","datePublished":"2024-04-26T08:18:41+00:00","dateModified":"2026-03-16T06:16:50+00:00","description":"Takb\u00e5ge Volvo L30-35G hjullastarmodeller. Takb\u00e5gar \u00e4r h\u00f6gkvalitativa produkter tillverkade av rostfritt st\u00e5l. Kolla in produktvarianterna i v\u00e5r onlinebutik!","breadcrumb":{"@id":"https:\/\/rst-steel.com\/product\/roof-bar-volvo-l30-35g_prm_71513\/#breadcrumb"},"inLanguage":"sv-SE","potentialAction":[{"@type":"ReadAction","target":["https:\/\/rst-steel.com\/product\/roof-bar-volvo-l30-35g_prm_71513\/"]}]},{"@type":"ImageObject","inLanguage":"sv-SE","@id":"https:\/\/rst-steel.com\/product\/roof-bar-volvo-l30-35g_prm_71513\/#primaryimage","url":"https:\/\/rst-steel.com\/wp-content\/uploads\/2024\/04\/854f137d52257e666fa01d4c91ddd6c3852bca3b_TVO104.jpeg","contentUrl":"https:\/\/rst-steel.com\/wp-content\/uploads\/2024\/04\/854f137d52257e666fa01d4c91ddd6c3852bca3b_TVO104.jpeg","width":1600,"height":1200,"caption":"Roof Bar Volvo L30-35G Wheel Loaders"},{"@type":"BreadcrumbList","@id":"https:\/\/rst-steel.com\/product\/roof-bar-volvo-l30-35g_prm_71513\/#breadcrumb","itemListElement":[{"@type":"ListItem","position":1,"name":"Home","item":"https:\/\/rst-steel.com\/"},{"@type":"ListItem","position":2,"name":"RST-Steel Shop","item":"https:\/\/rst-steel.com\/shop\/"},{"@type":"ListItem","position":3,"name":"Roof Bar Volvo L30-35G"}]},{"@type":"WebSite","@id":"https:\/\/rst-steel.com\/#website","url":"https:\/\/rst-steel.com\/","name":"RST-Stahl.com","description":"Finskt kvalitetsst\u00e5l, f\u00f6r kvalitetsmedvetna f\u00f6rare","publisher":{"@id":"https:\/\/rst-steel.com\/#organization"},"alternateName":"Safe and stylish RST-Steel quality","potentialAction":[{"@type":"SearchAction","target":{"@type":"EntryPoint","urlTemplate":"https:\/\/rst-steel.com\/?s={search_term_string}"},"query-input":{"@type":"PropertyValueSpecification","valueRequired":true,"valueName":"search_term_string"}}],"inLanguage":"sv-SE"},{"@type":"Organization","@id":"https:\/\/rst-steel.com\/#organization","name":"RST-Steel Oy","url":"https:\/\/rst-steel.com\/","logo":{"@type":"ImageObject","inLanguage":"sv-SE","@id":"https:\/\/rst-steel.com\/#\/schema\/logo\/image\/","url":"https:\/\/rst-steel.com\/wp-content\/uploads\/2023\/04\/cropped-Rst-logo-valkoinen-teksti-3.png","contentUrl":"https:\/\/rst-steel.com\/wp-content\/uploads\/2023\/04\/cropped-Rst-logo-valkoinen-teksti-3.png","width":512,"height":115,"caption":"RST-Steel Oy"},"image":{"@id":"https:\/\/rst-steel.com\/#\/schema\/logo\/image\/"},"sameAs":["https:\/\/www.facebook.com\/rststeel","https:\/\/www.instagram.com\/rststeeloy\/"]}]}},"brands":[{"id":8334,"name":"RST-Steel","slug":"brand_rststeel"}],"_links":{"self":[{"href":"https:\/\/rst-steel.com\/sv\/wp-json\/wp\/v2\/product\/43129","targetHints":{"allow":["GET"]}}],"collection":[{"href":"https:\/\/rst-steel.com\/sv\/wp-json\/wp\/v2\/product"}],"about":[{"href":"https:\/\/rst-steel.com\/sv\/wp-json\/wp\/v2\/types\/product"}],"replies":[{"embeddable":true,"href":"https:\/\/rst-steel.com\/sv\/wp-json\/wp\/v2\/comments?post=43129"}],"version-history":[{"count":0,"href":"https:\/\/rst-steel.com\/sv\/wp-json\/wp\/v2\/product\/43129\/revisions"}],"wp:featuredmedia":[{"embeddable":true,"href":"https:\/\/rst-steel.com\/sv\/wp-json\/wp\/v2\/media\/43126"}],"wp:attachment":[{"href":"https:\/\/rst-steel.com\/sv\/wp-json\/wp\/v2\/media?parent=43129"}],"wp:term":[{"taxonomy":"make_fuel_type","embeddable":true,"href":"https:\/\/rst-steel.com\/sv\/wp-json\/wp\/v2\/make_fuel_type?post=43129"},{"taxonomy":"make_model","embeddable":true,"href":"https:\/\/rst-steel.com\/sv\/wp-json\/wp\/v2\/make_model?post=43129"},{"taxonomy":"make_brand","embeddable":true,"href":"https:\/\/rst-steel.com\/sv\/wp-json\/wp\/v2\/make_brand?post=43129"},{"taxonomy":"make_year","embeddable":true,"href":"https:\/\/rst-steel.com\/sv\/wp-json\/wp\/v2\/make_year?post=43129"},{"taxonomy":"pwb-brand","embeddable":true,"href":"https:\/\/rst-steel.com\/sv\/wp-json\/wp\/v2\/pwb-brand?post=43129"},{"taxonomy":"product_brand","embeddable":true,"href":"https:\/\/rst-steel.com\/sv\/wp-json\/wp\/v2\/product_brand?post=43129"},{"taxonomy":"product_cat","embeddable":true,"href":"https:\/\/rst-steel.com\/sv\/wp-json\/wp\/v2\/product_cat?post=43129"},{"taxonomy":"product_tag","embeddable":true,"href":"https:\/\/rst-steel.com\/sv\/wp-json\/wp\/v2\/product_tag?post=43129"}],"curies":[{"name":"wp","href":"https:\/\/api.w.org\/{rel}","templated":true}]}}