{"id":45807,"date":"2024-08-15T14:46:44","date_gmt":"2024-08-15T11:46:44","guid":{"rendered":"https:\/\/rst-steel.com\/product\/bull-bar-freeway-volvo-fh-2021-_prm_72324\/"},"modified":"2026-03-16T09:17:45","modified_gmt":"2026-03-16T06:17:45","slug":"bull-bar-freeway-v49-volvo-fh4-legalpro_prm_72324","status":"publish","type":"product","link":"https:\/\/rst-steel.com\/sv\/produkt\/bull-bar-freeway-v49-volvo-fh4-legalpro_prm_72324\/","title":{"rendered":"Bull Bar Freeway V49 Volvo FH4- (LegalPro)"},"content":{"rendered":"<h2 data-start=\"124\" data-end=\"136\">Egenskaper:<\/h2>\n<ul>\n<li><strong data-start=\"138\" data-end=\"156\">Kompatibilitet:<\/strong> Perfectly compatible with Freeway V49 Volvo FH4 models. In this model, the lowest tube of the bull bar is positioned at the same height as the vehicle\u2019s original bumper, making it an excellent choice for applications such as timber transport vehicles due to increased ground clearance.<\/li>\n<li>\n<strong data-start=\"445\" data-end=\"460\">H\u00e5llbarhet:<\/strong> Manufactured from high-quality stainless steel that withstands even the toughest conditions.<\/li>\n<li>\n<strong data-start=\"556\" data-end=\"578\">Enkel installation:<\/strong> Levereras med installationsanvisningar och monteringsbeslag, vilket g\u00f6r att du sj\u00e4lv kan montera st\u00f6tf\u00e5ngaren om s\u00e5 \u00f6nskas.<\/li>\n<li>\n<strong data-start=\"700\" data-end=\"723\">Stylish appearance:<\/strong> This bumper gives your vehicle a modern and dynamic look. Its sleek design and polished or painted steel surface make your truck stand out with an impressive and professional appearance.<\/li>\n<li>\n<strong data-start=\"913\" data-end=\"936\">Maximum protection:<\/strong> The bull bar provides effective protection for the front of your vehicle, shielding it from collisions and damage. This reduces the risk of damage and helps keep your truck in good condition for longer.<\/li>\n<li><\/li>\n<\/ul>\n<h3 data-start=\"1146\" data-end=\"1233\">Obs! <span style=\"font-weight: normal\">I- and J-model bull bars comply with the following international regulations:<\/span><\/h3>\n<ul>\n<li><span style=\"font-weight: bold\">Swedish Transport Agency TSFS 2017:10<\/span><\/li>\n<li><span style=\"font-weight: bold\"><br \/>\nEU Directive 92\/114\/EEC<\/span><\/li>\n<li><span style=\"font-weight: bold\"><br \/>\nECE Regulation No. 61<\/span><\/li>\n<li><span style=\"font-weight: bold\"><br \/><\/span><\/li>\n<\/ul>\n<p data-start=\"1326\" data-end=\"1462\">Based on this, the bull bars have received <span style=\"font-weight: bold\">official road-traffic approval<\/span> and may be <span style=\"font-weight: bold\">legally used in all EU countries as well as Norway.<\/span><\/p>\n<ul>\n<li><\/li>\n<\/ul>\n<h3 data-start=\"1469\" data-end=\"1513\">Vad betyder ett v\u00e4g-godk\u00e4nt bullbar?<\/h3>\n<p data-start=\"1515\" data-end=\"1686\">A road-approved bull bar means that the product is fully approved for road use in Europe and Norway, and it may remain installed on the vehicle during vehicle inspections.<\/p>\n<ul>\n<li><\/li>\n<\/ul>\n<p data-start=\"1688\" data-end=\"1722\">\n<p data-start=\"1729\" data-end=\"1849\">RST-Steel bull bars are high-quality, stainless steel products <span style=\"font-weight: bold\">tillverkade i Finland<\/span> and carrying the Key Flag symbol.<\/p>\n<p data-start=\"1851\" data-end=\"2090\">The bull bar protects the front of the vehicle in the event of a collision. It gives the vehicle a firm and stylish appearance, attracts attention, and may spark a passion for steel\u2014helping you and your company stand out in a positive way.<\/p>\n<p data-start=\"2092\" data-end=\"2250\">The bull bar can be equipped with additional lights and position lights to improve visibility in traffic while increasing safety for you and other road users.<\/p>\n<ul>\n<li><\/li>\n<\/ul>\n<p data-start=\"2252\" data-end=\"2335\"><span style=\"font-weight: bold\">The bumper has been designed for easy removal, for example during maintenance work.<\/span><\/p>\n<ul>\n<li><\/li>\n<\/ul>\n<h2 data-start=\"2342\" data-end=\"2366\">Varf\u00f6r v\u00e4lja RST-Steel?<\/h2>\n<ul>\n<li><strong data-start=\"2368\" data-end=\"2384\">Tillf\u00f6rlitlighet:<\/strong> M\u00e5nga \u00e5rs erfarenhet och expertis s\u00e4kerst\u00e4ller v\u00e5ra produkters h\u00f6ga kvalitet och h\u00e5llbarhet.<\/li>\n<li>\n<strong data-start=\"2477\" data-end=\"2503\">Kundn\u00f6jdhet:<\/strong> Tusentals n\u00f6jda kunder \u00f6ver hela v\u00e4rlden litar p\u00e5 RST-Steel-produkter.<\/li>\n<li><\/li>\n<\/ul>\n<h2 data-start=\"2586\" data-end=\"2614\">Tekniska specifikationer:<\/h2>\n<ul>\n<li><strong data-start=\"2616\" data-end=\"2627\">Finish:<\/strong> Polished stainless steel or painted in standard RAL colours<\/li>\n<li>\n<strong data-start=\"2690\" data-end=\"2708\">R\u00f6rdiameter:<\/strong> 60 mm<\/li>\n<li><\/li>\n<\/ul>\n<p><strong><a href=\"https:\/\/www.youtube.com\/watch?v=G2FVajPh-pM\">VIDEO F\u00d6R INSTALLATION AV BULLBAR-KABELSATS FINNS H\u00c4R!<\/a><\/strong><\/p>\n<h2 data-start=\"2723\" data-end=\"2743\">Package contents:<\/h2>\n<ul>\n<li>Bull bar Freeway V49 Volvo FH4\u2013 (LegalPro)<\/li>\n<li>\nN\u00f6dv\u00e4ndigt monteringsmaterial<\/li>\n<li>\nInstruktioner f\u00f6r installation<\/li>\n<\/ul>\n<p data-start=\"2848\" data-end=\"2910\"><strong data-start=\"2848\" data-end=\"2910\">Order now and protect your truck in the best possible way!<\/strong><\/p>","protected":false},"excerpt":{"rendered":"<p><span style=\"font-weight: 700\">Skydda din lastbil p\u00e5 b\u00e4sta m\u00f6jliga s\u00e4tt!<\/span><\/p>","protected":false},"featured_media":120674,"comment_status":"open","ping_status":"closed","template":"","meta":{"_improvement_type_select":"improve_an_existing","_thumb_yes_seoaic":false,"_frame_yes_seoaic":false,"seoaic_generate_description":"","seoaic_improve_instructions_prompt":"","seoaic_rollback_content_improvement":"","seoaic_idea_thumbnail_generator":"","thumbnail_generated":false,"thumbnail_generate_prompt":"","seoaic_article_description":""},"make_fuel_type":[],"make_model":[5637],"make_brand":[3745],"make_year":[3748],"pwb-brand":[8334],"product_brand":[],"product_cat":[6280,7158],"product_tag":[8487,6683],"class_list":{"0":"post-45807","1":"product","2":"type-product","3":"status-publish","4":"has-post-thumbnail","6":"make_engine-normal-cab","7":"make_engine-globetrotter","8":"make_engine-globetrotter-xl-cab","9":"make_model-fh-2021","10":"make_brand-volvo","11":"make_year-trucks","12":"pwb-brand-brand_rststeel","13":"product_cat-bullbars","14":"product_cat-volvo-ka-kk","15":"product_tag-bullbar-freeway","16":"product_tag-frontskydd","17":"product_shipping_class-bullbars","19":"first","20":"instock","21":"taxable","22":"shipping-taxable","23":"purchasable","24":"product-type-variable"},"yoast_head":"<!-- This site is optimized with the Yoast SEO plugin v25.7 - https:\/\/yoast.com\/wordpress\/plugins\/seo\/ -->\n<title>Bull Bar Freeway V49 Volvo FH4- (LegalPro) RST-Steel<\/title>\n<meta name=\"description\" content=\"Bull Bar Freeway Volvo FH 2021- models. Protect your truck in the best possible way with this high-quality bull bar! Check the product and place an order.\" \/>\n<meta name=\"robots\" content=\"index, follow, max-snippet:-1, max-image-preview:large, max-video-preview:-1\" \/>\n<link rel=\"canonical\" href=\"https:\/\/rst-steel.com\/sv\/produkt\/bull-bar-freeway-v49-volvo-fh4-legalpro_prm_72324\/\" \/>\n<meta property=\"og:locale\" content=\"sv_SE\" \/>\n<meta property=\"og:type\" content=\"article\" \/>\n<meta property=\"og:title\" content=\"Bull Bar Freeway V49 Volvo FH4- (LegalPro) RST-Steel\" \/>\n<meta property=\"og:description\" content=\"Bull Bar Freeway Volvo FH 2021- models. Protect your truck in the best possible way with this high-quality bull bar! Check the product and place an order.\" \/>\n<meta property=\"og:url\" content=\"https:\/\/rst-steel.com\/sv\/produkt\/bull-bar-freeway-v49-volvo-fh4-legalpro_prm_72324\/\" \/>\n<meta property=\"og:site_name\" content=\"RST-Steel\" \/>\n<meta property=\"article:publisher\" content=\"https:\/\/www.facebook.com\/rststeel\" \/>\n<meta property=\"article:modified_time\" content=\"2026-03-16T06:17:45+00:00\" \/>\n<meta property=\"og:image\" content=\"https:\/\/rst-steel.com\/wp-content\/uploads\/2026\/01\/b8d9db7b40075f9f32b78e1e327f1e1e2303fb48_VO0149__2_.jpg\" \/>\n\t<meta property=\"og:image:width\" content=\"2048\" \/>\n\t<meta property=\"og:image:height\" content=\"2048\" \/>\n\t<meta property=\"og:image:type\" content=\"image\/jpeg\" \/>\n<meta name=\"twitter:card\" content=\"summary_large_image\" \/>\n<meta name=\"twitter:label1\" content=\"Ber\u00e4knad l\u00e4stid\" \/>\n\t<meta name=\"twitter:data1\" content=\"2 minuter\" \/>\n<script type=\"application\/ld+json\" class=\"yoast-schema-graph\">{\"@context\":\"https:\/\/schema.org\",\"@graph\":[{\"@type\":\"WebPage\",\"@id\":\"https:\/\/rst-steel.com\/product\/bull-bar-freeway-v49-volvo-fh4-legalpro_prm_72324\/\",\"url\":\"https:\/\/rst-steel.com\/product\/bull-bar-freeway-v49-volvo-fh4-legalpro_prm_72324\/\",\"name\":\"Bull Bar Freeway V49 Volvo FH4- (LegalPro) RST-Steel\",\"isPartOf\":{\"@id\":\"https:\/\/rst-steel.com\/#website\"},\"primaryImageOfPage\":{\"@id\":\"https:\/\/rst-steel.com\/product\/bull-bar-freeway-v49-volvo-fh4-legalpro_prm_72324\/#primaryimage\"},\"image\":{\"@id\":\"https:\/\/rst-steel.com\/product\/bull-bar-freeway-v49-volvo-fh4-legalpro_prm_72324\/#primaryimage\"},\"thumbnailUrl\":\"https:\/\/rst-steel.com\/wp-content\/uploads\/2026\/01\/b8d9db7b40075f9f32b78e1e327f1e1e2303fb48_VO0149__2_.jpg\",\"datePublished\":\"2024-08-15T11:46:44+00:00\",\"dateModified\":\"2026-03-16T06:17:45+00:00\",\"description\":\"Bull Bar Freeway Volvo FH 2021- models. Protect your truck in the best possible way with this high-quality bull bar! Check the product and place an order.\",\"breadcrumb\":{\"@id\":\"https:\/\/rst-steel.com\/product\/bull-bar-freeway-v49-volvo-fh4-legalpro_prm_72324\/#breadcrumb\"},\"inLanguage\":\"sv-SE\",\"potentialAction\":[{\"@type\":\"ReadAction\",\"target\":[\"https:\/\/rst-steel.com\/product\/bull-bar-freeway-v49-volvo-fh4-legalpro_prm_72324\/\"]}]},{\"@type\":\"ImageObject\",\"inLanguage\":\"sv-SE\",\"@id\":\"https:\/\/rst-steel.com\/product\/bull-bar-freeway-v49-volvo-fh4-legalpro_prm_72324\/#primaryimage\",\"url\":\"https:\/\/rst-steel.com\/wp-content\/uploads\/2026\/01\/b8d9db7b40075f9f32b78e1e327f1e1e2303fb48_VO0149__2_.jpg\",\"contentUrl\":\"https:\/\/rst-steel.com\/wp-content\/uploads\/2026\/01\/b8d9db7b40075f9f32b78e1e327f1e1e2303fb48_VO0149__2_.jpg\",\"width\":2048,\"height\":2048},{\"@type\":\"BreadcrumbList\",\"@id\":\"https:\/\/rst-steel.com\/product\/bull-bar-freeway-v49-volvo-fh4-legalpro_prm_72324\/#breadcrumb\",\"itemListElement\":[{\"@type\":\"ListItem\",\"position\":1,\"name\":\"Home\",\"item\":\"https:\/\/rst-steel.com\/\"},{\"@type\":\"ListItem\",\"position\":2,\"name\":\"RST-Steel Shop\",\"item\":\"https:\/\/rst-steel.com\/shop\/\"},{\"@type\":\"ListItem\",\"position\":3,\"name\":\"Bull Bar Freeway V49 Volvo FH4- (LegalPro)\"}]},{\"@type\":\"WebSite\",\"@id\":\"https:\/\/rst-steel.com\/#website\",\"url\":\"https:\/\/rst-steel.com\/\",\"name\":\"RST-Steel.com\",\"description\":\"Finnish quality steel, for quality-conscious drivers\",\"publisher\":{\"@id\":\"https:\/\/rst-steel.com\/#organization\"},\"alternateName\":\"Safe and stylish RST-Steel quality\",\"potentialAction\":[{\"@type\":\"SearchAction\",\"target\":{\"@type\":\"EntryPoint\",\"urlTemplate\":\"https:\/\/rst-steel.com\/?s={search_term_string}\"},\"query-input\":{\"@type\":\"PropertyValueSpecification\",\"valueRequired\":true,\"valueName\":\"search_term_string\"}}],\"inLanguage\":\"sv-SE\"},{\"@type\":\"Organization\",\"@id\":\"https:\/\/rst-steel.com\/#organization\",\"name\":\"RST-Steel Oy\",\"url\":\"https:\/\/rst-steel.com\/\",\"logo\":{\"@type\":\"ImageObject\",\"inLanguage\":\"sv-SE\",\"@id\":\"https:\/\/rst-steel.com\/#\/schema\/logo\/image\/\",\"url\":\"https:\/\/rst-steel.com\/wp-content\/uploads\/2023\/04\/cropped-Rst-logo-valkoinen-teksti-3.png\",\"contentUrl\":\"https:\/\/rst-steel.com\/wp-content\/uploads\/2023\/04\/cropped-Rst-logo-valkoinen-teksti-3.png\",\"width\":512,\"height\":115,\"caption\":\"RST-Steel Oy\"},\"image\":{\"@id\":\"https:\/\/rst-steel.com\/#\/schema\/logo\/image\/\"},\"sameAs\":[\"https:\/\/www.facebook.com\/rststeel\",\"https:\/\/www.instagram.com\/rststeeloy\/\"]}]}<\/script>\n<!-- \/ Yoast SEO plugin. -->","yoast_head_json":{"title":"Bull Bar Freeway V49 Volvo FH4- (LegalPro) RST-Steel","description":"Bull Bar Freeway Volvo FH 2021- modeller. Skydda din lastbil p\u00e5 b\u00e4sta m\u00f6jliga s\u00e4tt med denna h\u00f6gkvalitativa bull bar! Kontrollera produkten och g\u00f6r en best\u00e4llning.","robots":{"index":"index","follow":"follow","max-snippet":"max-snippet:-1","max-image-preview":"max-image-preview:large","max-video-preview":"max-video-preview:-1"},"canonical":"https:\/\/rst-steel.com\/sv\/produkt\/bull-bar-freeway-v49-volvo-fh4-legalpro_prm_72324\/","og_locale":"sv_SE","og_type":"article","og_title":"Bull Bar Freeway V49 Volvo FH4- (LegalPro) RST-Steel","og_description":"Bull Bar Freeway Volvo FH 2021- models. Protect your truck in the best possible way with this high-quality bull bar! Check the product and place an order.","og_url":"https:\/\/rst-steel.com\/sv\/produkt\/bull-bar-freeway-v49-volvo-fh4-legalpro_prm_72324\/","og_site_name":"RST-Steel","article_publisher":"https:\/\/www.facebook.com\/rststeel","article_modified_time":"2026-03-16T06:17:45+00:00","og_image":[{"width":2048,"height":2048,"url":"https:\/\/rst-steel.com\/wp-content\/uploads\/2026\/01\/b8d9db7b40075f9f32b78e1e327f1e1e2303fb48_VO0149__2_.jpg","type":"image\/jpeg"}],"twitter_card":"summary_large_image","twitter_misc":{"Ber\u00e4knad l\u00e4stid":"2 minuter"},"schema":{"@context":"https:\/\/schema.org","@graph":[{"@type":"WebPage","@id":"https:\/\/rst-steel.com\/product\/bull-bar-freeway-v49-volvo-fh4-legalpro_prm_72324\/","url":"https:\/\/rst-steel.com\/product\/bull-bar-freeway-v49-volvo-fh4-legalpro_prm_72324\/","name":"Bull Bar Freeway V49 Volvo FH4- (LegalPro) RST-Steel","isPartOf":{"@id":"https:\/\/rst-steel.com\/#website"},"primaryImageOfPage":{"@id":"https:\/\/rst-steel.com\/product\/bull-bar-freeway-v49-volvo-fh4-legalpro_prm_72324\/#primaryimage"},"image":{"@id":"https:\/\/rst-steel.com\/product\/bull-bar-freeway-v49-volvo-fh4-legalpro_prm_72324\/#primaryimage"},"thumbnailUrl":"https:\/\/rst-steel.com\/wp-content\/uploads\/2026\/01\/b8d9db7b40075f9f32b78e1e327f1e1e2303fb48_VO0149__2_.jpg","datePublished":"2024-08-15T11:46:44+00:00","dateModified":"2026-03-16T06:17:45+00:00","description":"Bull Bar Freeway Volvo FH 2021- modeller. Skydda din lastbil p\u00e5 b\u00e4sta m\u00f6jliga s\u00e4tt med denna h\u00f6gkvalitativa bull bar! Kontrollera produkten och g\u00f6r en best\u00e4llning.","breadcrumb":{"@id":"https:\/\/rst-steel.com\/product\/bull-bar-freeway-v49-volvo-fh4-legalpro_prm_72324\/#breadcrumb"},"inLanguage":"sv-SE","potentialAction":[{"@type":"ReadAction","target":["https:\/\/rst-steel.com\/product\/bull-bar-freeway-v49-volvo-fh4-legalpro_prm_72324\/"]}]},{"@type":"ImageObject","inLanguage":"sv-SE","@id":"https:\/\/rst-steel.com\/product\/bull-bar-freeway-v49-volvo-fh4-legalpro_prm_72324\/#primaryimage","url":"https:\/\/rst-steel.com\/wp-content\/uploads\/2026\/01\/b8d9db7b40075f9f32b78e1e327f1e1e2303fb48_VO0149__2_.jpg","contentUrl":"https:\/\/rst-steel.com\/wp-content\/uploads\/2026\/01\/b8d9db7b40075f9f32b78e1e327f1e1e2303fb48_VO0149__2_.jpg","width":2048,"height":2048},{"@type":"BreadcrumbList","@id":"https:\/\/rst-steel.com\/product\/bull-bar-freeway-v49-volvo-fh4-legalpro_prm_72324\/#breadcrumb","itemListElement":[{"@type":"ListItem","position":1,"name":"Home","item":"https:\/\/rst-steel.com\/"},{"@type":"ListItem","position":2,"name":"RST-Steel Shop","item":"https:\/\/rst-steel.com\/shop\/"},{"@type":"ListItem","position":3,"name":"Bull Bar Freeway V49 Volvo FH4- (LegalPro)"}]},{"@type":"WebSite","@id":"https:\/\/rst-steel.com\/#website","url":"https:\/\/rst-steel.com\/","name":"RST-Stahl.com","description":"Finskt kvalitetsst\u00e5l, f\u00f6r kvalitetsmedvetna f\u00f6rare","publisher":{"@id":"https:\/\/rst-steel.com\/#organization"},"alternateName":"Safe and stylish RST-Steel quality","potentialAction":[{"@type":"SearchAction","target":{"@type":"EntryPoint","urlTemplate":"https:\/\/rst-steel.com\/?s={search_term_string}"},"query-input":{"@type":"PropertyValueSpecification","valueRequired":true,"valueName":"search_term_string"}}],"inLanguage":"sv-SE"},{"@type":"Organization","@id":"https:\/\/rst-steel.com\/#organization","name":"RST-Steel Oy","url":"https:\/\/rst-steel.com\/","logo":{"@type":"ImageObject","inLanguage":"sv-SE","@id":"https:\/\/rst-steel.com\/#\/schema\/logo\/image\/","url":"https:\/\/rst-steel.com\/wp-content\/uploads\/2023\/04\/cropped-Rst-logo-valkoinen-teksti-3.png","contentUrl":"https:\/\/rst-steel.com\/wp-content\/uploads\/2023\/04\/cropped-Rst-logo-valkoinen-teksti-3.png","width":512,"height":115,"caption":"RST-Steel Oy"},"image":{"@id":"https:\/\/rst-steel.com\/#\/schema\/logo\/image\/"},"sameAs":["https:\/\/www.facebook.com\/rststeel","https:\/\/www.instagram.com\/rststeeloy\/"]}]}},"brands":[{"id":8334,"name":"RST-Steel","slug":"brand_rststeel"}],"_links":{"self":[{"href":"https:\/\/rst-steel.com\/sv\/wp-json\/wp\/v2\/product\/45807","targetHints":{"allow":["GET"]}}],"collection":[{"href":"https:\/\/rst-steel.com\/sv\/wp-json\/wp\/v2\/product"}],"about":[{"href":"https:\/\/rst-steel.com\/sv\/wp-json\/wp\/v2\/types\/product"}],"replies":[{"embeddable":true,"href":"https:\/\/rst-steel.com\/sv\/wp-json\/wp\/v2\/comments?post=45807"}],"version-history":[{"count":0,"href":"https:\/\/rst-steel.com\/sv\/wp-json\/wp\/v2\/product\/45807\/revisions"}],"wp:featuredmedia":[{"embeddable":true,"href":"https:\/\/rst-steel.com\/sv\/wp-json\/wp\/v2\/media\/120674"}],"wp:attachment":[{"href":"https:\/\/rst-steel.com\/sv\/wp-json\/wp\/v2\/media?parent=45807"}],"wp:term":[{"taxonomy":"make_fuel_type","embeddable":true,"href":"https:\/\/rst-steel.com\/sv\/wp-json\/wp\/v2\/make_fuel_type?post=45807"},{"taxonomy":"make_model","embeddable":true,"href":"https:\/\/rst-steel.com\/sv\/wp-json\/wp\/v2\/make_model?post=45807"},{"taxonomy":"make_brand","embeddable":true,"href":"https:\/\/rst-steel.com\/sv\/wp-json\/wp\/v2\/make_brand?post=45807"},{"taxonomy":"make_year","embeddable":true,"href":"https:\/\/rst-steel.com\/sv\/wp-json\/wp\/v2\/make_year?post=45807"},{"taxonomy":"pwb-brand","embeddable":true,"href":"https:\/\/rst-steel.com\/sv\/wp-json\/wp\/v2\/pwb-brand?post=45807"},{"taxonomy":"product_brand","embeddable":true,"href":"https:\/\/rst-steel.com\/sv\/wp-json\/wp\/v2\/product_brand?post=45807"},{"taxonomy":"product_cat","embeddable":true,"href":"https:\/\/rst-steel.com\/sv\/wp-json\/wp\/v2\/product_cat?post=45807"},{"taxonomy":"product_tag","embeddable":true,"href":"https:\/\/rst-steel.com\/sv\/wp-json\/wp\/v2\/product_tag?post=45807"}],"curies":[{"name":"wp","href":"https:\/\/api.w.org\/{rel}","templated":true}]}}