{"id":46101,"date":"2024-09-10T09:31:13","date_gmt":"2024-09-10T06:31:13","guid":{"rendered":"https:\/\/rst-steel.com\/product\/karjapuskuri-freeway-volvo-fh-aero-2024-_prm_72580\/"},"modified":"2026-03-16T09:17:53","modified_gmt":"2026-03-16T06:17:53","slug":"bullbar-freeway-v51-volvo-fh-aero-legalpro_prm_72580","status":"publish","type":"product","link":"https:\/\/rst-steel.com\/sv\/produkt\/bullbar-freeway-v51-volvo-fh-aero-legalpro_prm_72580\/","title":{"rendered":"Bullbar Freeway V51 Volvo FH Aero (LegalPro)"},"content":{"rendered":"<p>Bullbar Freeway V51 Volvo FH Aero (LegalPro)<\/p>\n<p>This bullbar have received official road approval and may be used legally in all EU countries as well as Norway.<\/p>\n<p><strong>Egenskaper:<\/strong><\/p>\n<ul>\n<li><strong>Kompatibilitet:<\/strong> Perfect fit for Volvo FH Aero.<\/li>\n<li><strong>Towability:<\/strong> Truck can be easily towed using our specially developed towing loops, which are revealed when the bull bar is placed in service position(towing loops needs to be purchased separately. Product code <strong><em><a href=\"https:\/\/rst-steel.com\/sv\/produkt\/towing-loops-for-volvo-aero-bull-bar_prm_76166\/\">31221<\/a><\/em><\/strong>)<\/li>\n<li><strong>H\u00e5llbarhet:<\/strong> Tillverkad av h\u00f6gkvalitativt rostfritt st\u00e5l som \u00e4r utformat f\u00f6r att t\u00e5la \u00e4ven de tuffaste f\u00f6rh\u00e5llandena.<\/li>\n<li><strong>Enkel installation:<\/strong> Levereras med installationsanvisningar och monteringsbeslag, vilket g\u00f6r att du sj\u00e4lv kan montera st\u00f6tf\u00e5ngaren om s\u00e5 \u00f6nskas.<\/li>\n<li><strong>Stilren design:<\/strong> Ger din lastbil ett modernt och dynamiskt utseende. Den slanka designen i polerad eller m\u00e5lad st\u00e5lyta f\u00e5r din lastbil att sticka ut och se imponerande ut.<\/li>\n<li><strong>Maximalt skydd:<\/strong> The bull bar provides effective protection for the front of your vehicle, safeguarding it from collisions and damage. This reduces the risk of repairs and keeps your truck performing at its best for years to come.<\/li>\n<li>Kompatibel med ACC, AEB, Lane Keeping Assist osv.<\/li>\n<\/ul>\n<p><strong>Vad betyder ett v\u00e4g-godk\u00e4nt bullbar?<\/strong><\/p>\n<ul>\n<li>Ett v\u00e4g-godk\u00e4nt bullbar betyder att produkten \u00e4r fullt godk\u00e4nd f\u00f6r v\u00e4gbruk i Europa och Norge, och att den kan sitta kvar p\u00e5 fordonet vid periodiska besiktningar.<\/li>\n<li>RST-Steel bull bars are premium-quality products manufactured in Finland from stainless steel and carrying the Key Flag Symbol.<\/li>\n<li>The bull bar protects the front of the vehicle in potential collision situations. It gives the truck a bold and stylish appearance, attracts attention, and may even spark \u201csteel fever,\u201d helping you and your company stand out in a positive way.<\/li>\n<li>Vehicle front grille can be opened and cabin tilted with the bull bar in place.<\/li>\n<li>The bull bar can be equipped with auxiliary lights and marker lights to improve visibility in traffic, while increasing safety for both you and other road users.<\/li>\n<li>The bull bar is designed for quick and easy removal, making maintenance fast and efficient.<\/li>\n<\/ul>\n<p><strong>Varf\u00f6r v\u00e4lja RST-Steel?<\/strong><\/p>\n<ul>\n<li><strong>Tillverkad i Finland<\/strong>&nbsp;Alla v\u00e5ra produkter tillverkas i v\u00e5r egen produktionsanl\u00e4ggning i Nivala, Finland.<\/li>\n<li><strong>Tillf\u00f6rlitlighet:<\/strong> M\u00e5nga \u00e5rs erfarenhet och expertis s\u00e4kerst\u00e4ller v\u00e5ra produkters h\u00f6ga kvalitet och h\u00e5llbarhet.<\/li>\n<li><strong>Kundn\u00f6jdhet:<\/strong>&nbsp;Tusentals n\u00f6jda kunder v\u00e4rlden \u00f6ver litar p\u00e5 RST-Steels produkter.<\/li>\n<li>&nbsp;<\/li>\n<\/ul>\n<p><strong>Teknisk information:<\/strong><\/p>\n<ul>\n<li>F\u00e4rg: Polerat rostfritt st\u00e5l eller pulverlackerad med RAL-f\u00e4rger<\/li>\n<li>Net: On the front side of bullbar<\/li>\n<li>R\u00f6rens diameter: 76 mm \/ 60 mm<\/li>\n<li>R\u00f6rmaterial: AISI 304<\/li>\n<li>Lamp holders: 6pcs welded lamp holders for 9&#8221; round lamps, or for example 2x 40cm Lightbars or 1x 80cm Lightbar<\/li>\n<li>Wiring kit holder: Behind the vertical beam is holder for the RST-Steel&#8217;s wiring kit<\/li>\n<li>Kablagesatsens kontaktf\u00e4ste: Svetsat f\u00e4ste i h\u00e5llaren f\u00f6r kablagesatsens kontakt.<\/li>\n<li>Weight: 50kg<\/li>\n<li>Garanti: 1 \u00e5r<\/li>\n<li>&nbsp;<\/li>\n<\/ul>\n<p><strong><a href=\"https:\/\/www.youtube.com\/watch?v=G2FVajPh-pM\">VIDEO F\u00d6R INSTALLATION AV BULLBAR-KABELSATS FINNS H\u00c4R!<\/a><\/strong><\/p>\n<p><strong>Leveransinneh\u00e5ll:<\/strong><\/p>\n<ul>\n<li>Frontskydd<\/li>\n<li>Monteringsf\u00e4sten som beh\u00f6vs f\u00f6r installation<\/li>\n<li>Instruktioner f\u00f6r installation<\/li>\n<li>&nbsp;<\/li>\n<\/ul>\n<p><strong>Installationstid:<\/strong><\/p>\n<ul>\n<li>45 minuter utan de elektriska anslutningarna<\/li>\n<\/ul>","protected":false},"excerpt":{"rendered":"<p><span style=\"font-weight: 700\">Skydda din lastbil p\u00e5 b\u00e4sta m\u00f6jliga s\u00e4tt!<\/span><\/p>","protected":false},"featured_media":120677,"comment_status":"open","ping_status":"closed","template":"","meta":{"_improvement_type_select":"improve_an_existing","_thumb_yes_seoaic":false,"_frame_yes_seoaic":false,"seoaic_generate_description":"","seoaic_improve_instructions_prompt":"","seoaic_rollback_content_improvement":"","seoaic_idea_thumbnail_generator":"","thumbnail_generated":false,"thumbnail_generate_prompt":"","seoaic_article_description":""},"make_fuel_type":[],"make_model":[6966],"make_brand":[3745],"make_year":[3748],"pwb-brand":[8334],"product_brand":[],"product_cat":[6280,7158],"product_tag":[8487,6683],"class_list":{"0":"post-46101","1":"product","2":"type-product","3":"status-publish","4":"has-post-thumbnail","6":"make_engine-normal-cab","7":"make_engine-globetrotter","8":"make_engine-globetrotter-xl-cab","9":"make_model-fh-aero","10":"make_brand-volvo","11":"make_year-trucks","12":"pwb-brand-brand_rststeel","13":"product_cat-bullbars","14":"product_cat-volvo-ka-kk","15":"product_tag-bullbar-freeway","16":"product_tag-frontskydd","17":"product_shipping_class-bullbars","19":"first","20":"onbackorder","21":"taxable","22":"shipping-taxable","23":"purchasable","24":"product-type-variable"},"yoast_head":"<!-- This site is optimized with the Yoast SEO plugin v25.7 - https:\/\/yoast.com\/wordpress\/plugins\/seo\/ -->\n<title>Bullbar Freeway V51 Volvo FH Aero (LegalPro) RST-Steel<\/title>\n<meta name=\"description\" content=\"Bull Bar Freeway Volvo FH AERO 2024- models. Buy now and protect your truck in the best possible way. Several model options available!\" \/>\n<meta name=\"robots\" content=\"index, follow, max-snippet:-1, max-image-preview:large, max-video-preview:-1\" \/>\n<link rel=\"canonical\" href=\"https:\/\/rst-steel.com\/sv\/produkt\/bullbar-freeway-v51-volvo-fh-aero-legalpro_prm_72580\/\" \/>\n<meta property=\"og:locale\" content=\"sv_SE\" \/>\n<meta property=\"og:type\" content=\"article\" \/>\n<meta property=\"og:title\" content=\"Bullbar Freeway V51 Volvo FH Aero (LegalPro) RST-Steel\" \/>\n<meta property=\"og:description\" content=\"Bull Bar Freeway Volvo FH AERO 2024- models. Buy now and protect your truck in the best possible way. Several model options available!\" \/>\n<meta property=\"og:url\" content=\"https:\/\/rst-steel.com\/sv\/produkt\/bullbar-freeway-v51-volvo-fh-aero-legalpro_prm_72580\/\" \/>\n<meta property=\"og:site_name\" content=\"RST-Steel\" \/>\n<meta property=\"article:publisher\" content=\"https:\/\/www.facebook.com\/rststeel\" \/>\n<meta property=\"article:modified_time\" content=\"2026-03-16T06:17:53+00:00\" \/>\n<meta property=\"og:image\" content=\"https:\/\/rst-steel.com\/wp-content\/uploads\/2026\/01\/f5d8e33467a8fb27758a6e6826a8198d6c3305e0_karjapuskuri3.jpg\" \/>\n\t<meta property=\"og:image:width\" content=\"2048\" \/>\n\t<meta property=\"og:image:height\" content=\"2048\" \/>\n\t<meta property=\"og:image:type\" content=\"image\/jpeg\" \/>\n<meta name=\"twitter:card\" content=\"summary_large_image\" \/>\n<meta name=\"twitter:label1\" content=\"Ber\u00e4knad l\u00e4stid\" \/>\n\t<meta name=\"twitter:data1\" content=\"3 minuter\" \/>\n<script type=\"application\/ld+json\" class=\"yoast-schema-graph\">{\"@context\":\"https:\/\/schema.org\",\"@graph\":[{\"@type\":\"WebPage\",\"@id\":\"https:\/\/rst-steel.com\/product\/bullbar-freeway-v51-volvo-fh-aero-legalpro_prm_72580\/\",\"url\":\"https:\/\/rst-steel.com\/product\/bullbar-freeway-v51-volvo-fh-aero-legalpro_prm_72580\/\",\"name\":\"Bullbar Freeway V51 Volvo FH Aero (LegalPro) RST-Steel\",\"isPartOf\":{\"@id\":\"https:\/\/rst-steel.com\/#website\"},\"primaryImageOfPage\":{\"@id\":\"https:\/\/rst-steel.com\/product\/bullbar-freeway-v51-volvo-fh-aero-legalpro_prm_72580\/#primaryimage\"},\"image\":{\"@id\":\"https:\/\/rst-steel.com\/product\/bullbar-freeway-v51-volvo-fh-aero-legalpro_prm_72580\/#primaryimage\"},\"thumbnailUrl\":\"https:\/\/rst-steel.com\/wp-content\/uploads\/2026\/01\/f5d8e33467a8fb27758a6e6826a8198d6c3305e0_karjapuskuri3.jpg\",\"datePublished\":\"2024-09-10T06:31:13+00:00\",\"dateModified\":\"2026-03-16T06:17:53+00:00\",\"description\":\"Bull Bar Freeway Volvo FH AERO 2024- models. Buy now and protect your truck in the best possible way. Several model options available!\",\"breadcrumb\":{\"@id\":\"https:\/\/rst-steel.com\/product\/bullbar-freeway-v51-volvo-fh-aero-legalpro_prm_72580\/#breadcrumb\"},\"inLanguage\":\"sv-SE\",\"potentialAction\":[{\"@type\":\"ReadAction\",\"target\":[\"https:\/\/rst-steel.com\/product\/bullbar-freeway-v51-volvo-fh-aero-legalpro_prm_72580\/\"]}]},{\"@type\":\"ImageObject\",\"inLanguage\":\"sv-SE\",\"@id\":\"https:\/\/rst-steel.com\/product\/bullbar-freeway-v51-volvo-fh-aero-legalpro_prm_72580\/#primaryimage\",\"url\":\"https:\/\/rst-steel.com\/wp-content\/uploads\/2026\/01\/f5d8e33467a8fb27758a6e6826a8198d6c3305e0_karjapuskuri3.jpg\",\"contentUrl\":\"https:\/\/rst-steel.com\/wp-content\/uploads\/2026\/01\/f5d8e33467a8fb27758a6e6826a8198d6c3305e0_karjapuskuri3.jpg\",\"width\":2048,\"height\":2048,\"caption\":\"Bullbar Freeway V51 Volvo FH Aero (LegalPro)\"},{\"@type\":\"BreadcrumbList\",\"@id\":\"https:\/\/rst-steel.com\/product\/bullbar-freeway-v51-volvo-fh-aero-legalpro_prm_72580\/#breadcrumb\",\"itemListElement\":[{\"@type\":\"ListItem\",\"position\":1,\"name\":\"Home\",\"item\":\"https:\/\/rst-steel.com\/\"},{\"@type\":\"ListItem\",\"position\":2,\"name\":\"RST-Steel Shop\",\"item\":\"https:\/\/rst-steel.com\/shop\/\"},{\"@type\":\"ListItem\",\"position\":3,\"name\":\"Bullbar Freeway V51 Volvo FH Aero (LegalPro)\"}]},{\"@type\":\"WebSite\",\"@id\":\"https:\/\/rst-steel.com\/#website\",\"url\":\"https:\/\/rst-steel.com\/\",\"name\":\"RST-Steel.com\",\"description\":\"Finnish quality steel, for quality-conscious drivers\",\"publisher\":{\"@id\":\"https:\/\/rst-steel.com\/#organization\"},\"alternateName\":\"Safe and stylish RST-Steel quality\",\"potentialAction\":[{\"@type\":\"SearchAction\",\"target\":{\"@type\":\"EntryPoint\",\"urlTemplate\":\"https:\/\/rst-steel.com\/?s={search_term_string}\"},\"query-input\":{\"@type\":\"PropertyValueSpecification\",\"valueRequired\":true,\"valueName\":\"search_term_string\"}}],\"inLanguage\":\"sv-SE\"},{\"@type\":\"Organization\",\"@id\":\"https:\/\/rst-steel.com\/#organization\",\"name\":\"RST-Steel Oy\",\"url\":\"https:\/\/rst-steel.com\/\",\"logo\":{\"@type\":\"ImageObject\",\"inLanguage\":\"sv-SE\",\"@id\":\"https:\/\/rst-steel.com\/#\/schema\/logo\/image\/\",\"url\":\"https:\/\/rst-steel.com\/wp-content\/uploads\/2023\/04\/cropped-Rst-logo-valkoinen-teksti-3.png\",\"contentUrl\":\"https:\/\/rst-steel.com\/wp-content\/uploads\/2023\/04\/cropped-Rst-logo-valkoinen-teksti-3.png\",\"width\":512,\"height\":115,\"caption\":\"RST-Steel Oy\"},\"image\":{\"@id\":\"https:\/\/rst-steel.com\/#\/schema\/logo\/image\/\"},\"sameAs\":[\"https:\/\/www.facebook.com\/rststeel\",\"https:\/\/www.instagram.com\/rststeeloy\/\"]}]}<\/script>\n<!-- \/ Yoast SEO plugin. -->","yoast_head_json":{"title":"Bullbar Freeway V51 Volvo FH Aero (LegalPro) RST-Steel","description":"Bull Bar Freeway Volvo FH AERO 2024- modeller. K\u00f6p nu och skydda din lastbil p\u00e5 b\u00e4sta m\u00f6jliga s\u00e4tt. Flera modellalternativ tillg\u00e4ngliga!","robots":{"index":"index","follow":"follow","max-snippet":"max-snippet:-1","max-image-preview":"max-image-preview:large","max-video-preview":"max-video-preview:-1"},"canonical":"https:\/\/rst-steel.com\/sv\/produkt\/bullbar-freeway-v51-volvo-fh-aero-legalpro_prm_72580\/","og_locale":"sv_SE","og_type":"article","og_title":"Bullbar Freeway V51 Volvo FH Aero (LegalPro) RST-Steel","og_description":"Bull Bar Freeway Volvo FH AERO 2024- models. Buy now and protect your truck in the best possible way. Several model options available!","og_url":"https:\/\/rst-steel.com\/sv\/produkt\/bullbar-freeway-v51-volvo-fh-aero-legalpro_prm_72580\/","og_site_name":"RST-Steel","article_publisher":"https:\/\/www.facebook.com\/rststeel","article_modified_time":"2026-03-16T06:17:53+00:00","og_image":[{"width":2048,"height":2048,"url":"https:\/\/rst-steel.com\/wp-content\/uploads\/2026\/01\/f5d8e33467a8fb27758a6e6826a8198d6c3305e0_karjapuskuri3.jpg","type":"image\/jpeg"}],"twitter_card":"summary_large_image","twitter_misc":{"Ber\u00e4knad l\u00e4stid":"3 minuter"},"schema":{"@context":"https:\/\/schema.org","@graph":[{"@type":"WebPage","@id":"https:\/\/rst-steel.com\/product\/bullbar-freeway-v51-volvo-fh-aero-legalpro_prm_72580\/","url":"https:\/\/rst-steel.com\/product\/bullbar-freeway-v51-volvo-fh-aero-legalpro_prm_72580\/","name":"Bullbar Freeway V51 Volvo FH Aero (LegalPro) RST-Steel","isPartOf":{"@id":"https:\/\/rst-steel.com\/#website"},"primaryImageOfPage":{"@id":"https:\/\/rst-steel.com\/product\/bullbar-freeway-v51-volvo-fh-aero-legalpro_prm_72580\/#primaryimage"},"image":{"@id":"https:\/\/rst-steel.com\/product\/bullbar-freeway-v51-volvo-fh-aero-legalpro_prm_72580\/#primaryimage"},"thumbnailUrl":"https:\/\/rst-steel.com\/wp-content\/uploads\/2026\/01\/f5d8e33467a8fb27758a6e6826a8198d6c3305e0_karjapuskuri3.jpg","datePublished":"2024-09-10T06:31:13+00:00","dateModified":"2026-03-16T06:17:53+00:00","description":"Bull Bar Freeway Volvo FH AERO 2024- modeller. K\u00f6p nu och skydda din lastbil p\u00e5 b\u00e4sta m\u00f6jliga s\u00e4tt. Flera modellalternativ tillg\u00e4ngliga!","breadcrumb":{"@id":"https:\/\/rst-steel.com\/product\/bullbar-freeway-v51-volvo-fh-aero-legalpro_prm_72580\/#breadcrumb"},"inLanguage":"sv-SE","potentialAction":[{"@type":"ReadAction","target":["https:\/\/rst-steel.com\/product\/bullbar-freeway-v51-volvo-fh-aero-legalpro_prm_72580\/"]}]},{"@type":"ImageObject","inLanguage":"sv-SE","@id":"https:\/\/rst-steel.com\/product\/bullbar-freeway-v51-volvo-fh-aero-legalpro_prm_72580\/#primaryimage","url":"https:\/\/rst-steel.com\/wp-content\/uploads\/2026\/01\/f5d8e33467a8fb27758a6e6826a8198d6c3305e0_karjapuskuri3.jpg","contentUrl":"https:\/\/rst-steel.com\/wp-content\/uploads\/2026\/01\/f5d8e33467a8fb27758a6e6826a8198d6c3305e0_karjapuskuri3.jpg","width":2048,"height":2048,"caption":"Bullbar Freeway V51 Volvo FH Aero (LegalPro)"},{"@type":"BreadcrumbList","@id":"https:\/\/rst-steel.com\/product\/bullbar-freeway-v51-volvo-fh-aero-legalpro_prm_72580\/#breadcrumb","itemListElement":[{"@type":"ListItem","position":1,"name":"Home","item":"https:\/\/rst-steel.com\/"},{"@type":"ListItem","position":2,"name":"RST-Steel Shop","item":"https:\/\/rst-steel.com\/shop\/"},{"@type":"ListItem","position":3,"name":"Bullbar Freeway V51 Volvo FH Aero (LegalPro)"}]},{"@type":"WebSite","@id":"https:\/\/rst-steel.com\/#website","url":"https:\/\/rst-steel.com\/","name":"RST-Stahl.com","description":"Finskt kvalitetsst\u00e5l, f\u00f6r kvalitetsmedvetna f\u00f6rare","publisher":{"@id":"https:\/\/rst-steel.com\/#organization"},"alternateName":"Safe and stylish RST-Steel quality","potentialAction":[{"@type":"SearchAction","target":{"@type":"EntryPoint","urlTemplate":"https:\/\/rst-steel.com\/?s={search_term_string}"},"query-input":{"@type":"PropertyValueSpecification","valueRequired":true,"valueName":"search_term_string"}}],"inLanguage":"sv-SE"},{"@type":"Organization","@id":"https:\/\/rst-steel.com\/#organization","name":"RST-Steel Oy","url":"https:\/\/rst-steel.com\/","logo":{"@type":"ImageObject","inLanguage":"sv-SE","@id":"https:\/\/rst-steel.com\/#\/schema\/logo\/image\/","url":"https:\/\/rst-steel.com\/wp-content\/uploads\/2023\/04\/cropped-Rst-logo-valkoinen-teksti-3.png","contentUrl":"https:\/\/rst-steel.com\/wp-content\/uploads\/2023\/04\/cropped-Rst-logo-valkoinen-teksti-3.png","width":512,"height":115,"caption":"RST-Steel Oy"},"image":{"@id":"https:\/\/rst-steel.com\/#\/schema\/logo\/image\/"},"sameAs":["https:\/\/www.facebook.com\/rststeel","https:\/\/www.instagram.com\/rststeeloy\/"]}]}},"brands":[{"id":8334,"name":"RST-Steel","slug":"brand_rststeel"}],"_links":{"self":[{"href":"https:\/\/rst-steel.com\/sv\/wp-json\/wp\/v2\/product\/46101","targetHints":{"allow":["GET"]}}],"collection":[{"href":"https:\/\/rst-steel.com\/sv\/wp-json\/wp\/v2\/product"}],"about":[{"href":"https:\/\/rst-steel.com\/sv\/wp-json\/wp\/v2\/types\/product"}],"replies":[{"embeddable":true,"href":"https:\/\/rst-steel.com\/sv\/wp-json\/wp\/v2\/comments?post=46101"}],"version-history":[{"count":0,"href":"https:\/\/rst-steel.com\/sv\/wp-json\/wp\/v2\/product\/46101\/revisions"}],"wp:featuredmedia":[{"embeddable":true,"href":"https:\/\/rst-steel.com\/sv\/wp-json\/wp\/v2\/media\/120677"}],"wp:attachment":[{"href":"https:\/\/rst-steel.com\/sv\/wp-json\/wp\/v2\/media?parent=46101"}],"wp:term":[{"taxonomy":"make_fuel_type","embeddable":true,"href":"https:\/\/rst-steel.com\/sv\/wp-json\/wp\/v2\/make_fuel_type?post=46101"},{"taxonomy":"make_model","embeddable":true,"href":"https:\/\/rst-steel.com\/sv\/wp-json\/wp\/v2\/make_model?post=46101"},{"taxonomy":"make_brand","embeddable":true,"href":"https:\/\/rst-steel.com\/sv\/wp-json\/wp\/v2\/make_brand?post=46101"},{"taxonomy":"make_year","embeddable":true,"href":"https:\/\/rst-steel.com\/sv\/wp-json\/wp\/v2\/make_year?post=46101"},{"taxonomy":"pwb-brand","embeddable":true,"href":"https:\/\/rst-steel.com\/sv\/wp-json\/wp\/v2\/pwb-brand?post=46101"},{"taxonomy":"product_brand","embeddable":true,"href":"https:\/\/rst-steel.com\/sv\/wp-json\/wp\/v2\/product_brand?post=46101"},{"taxonomy":"product_cat","embeddable":true,"href":"https:\/\/rst-steel.com\/sv\/wp-json\/wp\/v2\/product_cat?post=46101"},{"taxonomy":"product_tag","embeddable":true,"href":"https:\/\/rst-steel.com\/sv\/wp-json\/wp\/v2\/product_tag?post=46101"}],"curies":[{"name":"wp","href":"https:\/\/api.w.org\/{rel}","templated":true}]}}