{"id":46733,"date":"2024-09-25T13:42:39","date_gmt":"2024-09-25T10:42:39","guid":{"rendered":"https:\/\/rst-steel.com\/product\/side-window-deflectors-scania-nextgen-2017-black-axe-short_pr_10667\/"},"modified":"2026-03-16T09:21:17","modified_gmt":"2026-03-16T06:21:17","slug":"sidofonsteravvisare-scania-nextgen-2017-svart-axel-kort_pr_10667","status":"publish","type":"product","link":"https:\/\/rst-steel.com\/sv\/produkt\/sidofonsteravvisare-scania-nextgen-2017-svart-axel-kort_pr_10667\/","title":{"rendered":"Vindavvisare Scania NextGen 2017- Black Axe (kort)"},"content":{"rendered":"<p>Vindavvisare Scania NextGen 2017- Black Axe (kort)<\/p>\n<p>&nbsp;<\/p>\n<p>Sidof\u00f6nsteravvisarna \u00e4r ett viktigt tillbeh\u00f6r f\u00f6r den som vill undvika dragk\u00e4nslan i bilen och samtidigt ha en god ventilation. De hj\u00e4lper till att f\u00f6rhindra imma p\u00e5 f\u00f6nstren under regniga dagar genom att till\u00e5ta luftcirkulation inuti fordonet. N\u00e4r f\u00f6nstret \u00e4r \u00f6ppet skyddar f\u00f6nsteravvisarna f\u00f6raren fr\u00e5n direkta vindbyar.<\/p>\n<p>&nbsp;<\/p>\n<p>Sidof\u00f6nsteravvisarna minskar ocks\u00e5 ansamlingen av smuts p\u00e5 sidorutorna och f\u00f6rb\u00e4ttrar sikten genom sidospeglarna. \u00c4ven under kraftiga regn- eller sn\u00f6ov\u00e4der kan du h\u00e5lla f\u00f6nstren n\u00e5got \u00f6ppna utan att vatten eller sn\u00f6 kommer in i fordonet. F\u00f6rb\u00e4ttra b\u00e5de stilen och funktionaliteten hos din lastbil. Enkel installation!<\/p>\n<p>&nbsp;<\/p>\n<p>Tillverkad av UV-skyddad svart ABS-plast, som \u00e4r s\u00e5 l\u00e4tt som m\u00f6jligt att m\u00e5la. Produkterna \u00e4r avsedda f\u00f6r v\u00e4nsterstyrda lastbilar med ett urtag f\u00f6r den n\u00e4rmaste spegeln p\u00e5 vindskyddet f\u00f6r h\u00f6ger sida.  Sidof\u00f6nsteravvisarna monteras snabbt och enkelt med den sj\u00e4lvh\u00e4ftande tejp som medf\u00f6ljer.<\/p>\n<p>&nbsp;<\/p>\n<p><span style=\"font-weight: bold;\">Observera! Sidof\u00f6nsteravvisarna levereras svarta. Bilder i andra f\u00e4rger \u00e4n svart \u00e4r mer f\u00f6r att visa olika alternativ n\u00e4r de \u00e4r m\u00e5lade.<br \/>\n<\/span><\/p>\n<p>&nbsp;<\/p>\n<p><span style=\"font-weight: bold;\">Passar:<\/span><\/p>\n<ul>\n<li>Alla hytter f\u00f6r Scania NextGen<\/li>\n<\/ul>\n<p>&nbsp;<\/p>\n<p><span style=\"font-weight: bold;\">Dimensioner:<\/span><\/p>\n<ul>\n<li>L\u00e4ngd: 83,5 cm<\/li>\n<li>H\u00f6jd: 23 cm<\/li>\n<li>Djup: 1,5 cm<\/li>\n<li>Vikt: 335 g<\/li>\n<\/ul>\n<p>&nbsp;<\/p>\n<p>&nbsp;<\/p>\n<p><span style=\"font-weight: bold;\">Leveransens inneh\u00e5ll:<\/span><\/p>\n<ul>\n<li>F\u00f6nsteravvisare (v\u00e4nster och h\u00f6ger)<\/li>\n<li>N\u00f6dv\u00e4ndiga monteringsdetaljer<\/li>\n<\/ul>","protected":false},"excerpt":{"rendered":"<p><span style=\"font-weight: bold;\">Passar alla hytter f\u00f6r Scania NexGen-serien.<\/span><\/p>","protected":false},"featured_media":46730,"comment_status":"open","ping_status":"closed","template":"","meta":{"_improvement_type_select":"improve_an_existing","_thumb_yes_seoaic":false,"_frame_yes_seoaic":false,"seoaic_generate_description":"","seoaic_improve_instructions_prompt":"","seoaic_rollback_content_improvement":"","seoaic_idea_thumbnail_generator":"","thumbnail_generated":false,"thumbnail_generate_prompt":"","seoaic_article_description":""},"make_fuel_type":[],"make_model":[5614,5608,5620,5623,5624],"make_brand":[3744],"make_year":[3748],"pwb-brand":[8341],"product_brand":[],"product_cat":[7210,7212],"product_tag":[8488,8494],"class_list":{"0":"post-46733","1":"product","2":"type-product","3":"status-publish","4":"has-post-thumbnail","6":"make_engine-daycab-low-cg","7":"make_engine-daycab-low-cp","8":"make_engine-daycab-low-cr","9":"make_engine-daycab-normal-cg","10":"make_engine-daycab-normal-cp","11":"make_engine-daycab-normal-cr","12":"make_engine-scng-sleeper-cab","13":"make_engine-sleepercab-highline-cg","14":"make_engine-sleepercab-high-cp","15":"make_engine-sleepercab-highline-cr","16":"make_engine-sleepercab-highline-cs","17":"make_engine-sleepercab-low-cg","18":"make_engine-scng-sleeper-cab-low-cp20l","19":"make_engine-sleepercab-low-cr","20":"make_engine-sleepercab-normal-cg","21":"make_engine-sleepercab-normal-cp","22":"make_engine-sleepercab-normal-cr","23":"make_engine-sleepercab-normal-cs","24":"make_engine-low-cp20l","25":"make_model-nextgen-g-2017","26":"make_model-nextgen-p-2017","27":"make_model-nextgen-r-2017","28":"make_model-nextgen-s-2017","29":"make_model-nextgen-xt-2017","30":"make_brand-scania","31":"make_year-trucks","32":"pwb-brand-brand_truckstylesweden","33":"product_cat-sun-visors-and-wind-deflectors","34":"product_cat-window-wind-deflectors-for-trucks","35":"product_tag-scania","36":"product_tag-scania-nextgen","38":"first","39":"instock","40":"taxable","41":"shipping-taxable","42":"purchasable","43":"product-type-simple"},"yoast_head":"<!-- This site is optimized with the Yoast SEO plugin v25.7 - https:\/\/yoast.com\/wordpress\/plugins\/seo\/ -->\n<title>Side Window Deflectors Scania NextGen 2017- Black Axe (short) - RST-Steel<\/title>\n<meta name=\"description\" content=\"Side Window Deflectors Scania NextGen 2017- models. Made from UV protected black ABS-plastic, which is easy as possible to paint.\" \/>\n<meta name=\"robots\" content=\"index, follow, max-snippet:-1, max-image-preview:large, max-video-preview:-1\" \/>\n<link rel=\"canonical\" href=\"https:\/\/rst-steel.com\/sv\/produkt\/sidofonsteravvisare-scania-nextgen-2017-svart-axel-kort_pr_10667\/\" \/>\n<meta property=\"og:locale\" content=\"sv_SE\" \/>\n<meta property=\"og:type\" content=\"article\" \/>\n<meta property=\"og:title\" content=\"Side Window Deflectors Scania NextGen 2017- Black Axe (short) - RST-Steel\" \/>\n<meta property=\"og:description\" content=\"Side Window Deflectors Scania NextGen 2017- models. Made from UV protected black ABS-plastic, which is easy as possible to paint.\" \/>\n<meta property=\"og:url\" content=\"https:\/\/rst-steel.com\/sv\/produkt\/sidofonsteravvisare-scania-nextgen-2017-svart-axel-kort_pr_10667\/\" \/>\n<meta property=\"og:site_name\" content=\"RST-Steel\" \/>\n<meta property=\"article:publisher\" content=\"https:\/\/www.facebook.com\/rststeel\" \/>\n<meta property=\"article:modified_time\" content=\"2026-03-16T06:21:17+00:00\" \/>\n<meta property=\"og:image\" content=\"https:\/\/rst-steel.com\/wp-content\/uploads\/2024\/09\/44102f88f11da29d6e24c0f33816e4f529e5be79_SC801212.jpg\" \/>\n\t<meta property=\"og:image:width\" content=\"2048\" \/>\n\t<meta property=\"og:image:height\" content=\"2048\" \/>\n\t<meta property=\"og:image:type\" content=\"image\/jpeg\" \/>\n<meta name=\"twitter:card\" content=\"summary_large_image\" \/>\n<meta name=\"twitter:label1\" content=\"Ber\u00e4knad l\u00e4stid\" \/>\n\t<meta name=\"twitter:data1\" content=\"2 minuter\" \/>\n<script type=\"application\/ld+json\" class=\"yoast-schema-graph\">{\"@context\":\"https:\/\/schema.org\",\"@graph\":[{\"@type\":\"WebPage\",\"@id\":\"https:\/\/rst-steel.com\/product\/side-window-deflectors-scania-nextgen-2017-black-axe-short_pr_10667\/\",\"url\":\"https:\/\/rst-steel.com\/product\/side-window-deflectors-scania-nextgen-2017-black-axe-short_pr_10667\/\",\"name\":\"Side Window Deflectors Scania NextGen 2017- Black Axe (short) - RST-Steel\",\"isPartOf\":{\"@id\":\"https:\/\/rst-steel.com\/#website\"},\"primaryImageOfPage\":{\"@id\":\"https:\/\/rst-steel.com\/product\/side-window-deflectors-scania-nextgen-2017-black-axe-short_pr_10667\/#primaryimage\"},\"image\":{\"@id\":\"https:\/\/rst-steel.com\/product\/side-window-deflectors-scania-nextgen-2017-black-axe-short_pr_10667\/#primaryimage\"},\"thumbnailUrl\":\"https:\/\/rst-steel.com\/wp-content\/uploads\/2024\/09\/44102f88f11da29d6e24c0f33816e4f529e5be79_SC801212.jpg\",\"datePublished\":\"2024-09-25T10:42:39+00:00\",\"dateModified\":\"2026-03-16T06:21:17+00:00\",\"description\":\"Side Window Deflectors Scania NextGen 2017- models. Made from UV protected black ABS-plastic, which is easy as possible to paint.\",\"breadcrumb\":{\"@id\":\"https:\/\/rst-steel.com\/product\/side-window-deflectors-scania-nextgen-2017-black-axe-short_pr_10667\/#breadcrumb\"},\"inLanguage\":\"sv-SE\",\"potentialAction\":[{\"@type\":\"ReadAction\",\"target\":[\"https:\/\/rst-steel.com\/product\/side-window-deflectors-scania-nextgen-2017-black-axe-short_pr_10667\/\"]}]},{\"@type\":\"ImageObject\",\"inLanguage\":\"sv-SE\",\"@id\":\"https:\/\/rst-steel.com\/product\/side-window-deflectors-scania-nextgen-2017-black-axe-short_pr_10667\/#primaryimage\",\"url\":\"https:\/\/rst-steel.com\/wp-content\/uploads\/2024\/09\/44102f88f11da29d6e24c0f33816e4f529e5be79_SC801212.jpg\",\"contentUrl\":\"https:\/\/rst-steel.com\/wp-content\/uploads\/2024\/09\/44102f88f11da29d6e24c0f33816e4f529e5be79_SC801212.jpg\",\"width\":2048,\"height\":2048,\"caption\":\"Side Window Deflectors Scania NextGen 2017- Black Axe (short)\"},{\"@type\":\"BreadcrumbList\",\"@id\":\"https:\/\/rst-steel.com\/product\/side-window-deflectors-scania-nextgen-2017-black-axe-short_pr_10667\/#breadcrumb\",\"itemListElement\":[{\"@type\":\"ListItem\",\"position\":1,\"name\":\"Home\",\"item\":\"https:\/\/rst-steel.com\/\"},{\"@type\":\"ListItem\",\"position\":2,\"name\":\"RST-Steel Shop\",\"item\":\"https:\/\/rst-steel.com\/shop\/\"},{\"@type\":\"ListItem\",\"position\":3,\"name\":\"Side Window Deflectors Scania NextGen 2017- Black Axe (short)\"}]},{\"@type\":\"WebSite\",\"@id\":\"https:\/\/rst-steel.com\/#website\",\"url\":\"https:\/\/rst-steel.com\/\",\"name\":\"RST-Steel.com\",\"description\":\"Finnish quality steel, for quality-conscious drivers\",\"publisher\":{\"@id\":\"https:\/\/rst-steel.com\/#organization\"},\"alternateName\":\"Safe and stylish RST-Steel quality\",\"potentialAction\":[{\"@type\":\"SearchAction\",\"target\":{\"@type\":\"EntryPoint\",\"urlTemplate\":\"https:\/\/rst-steel.com\/?s={search_term_string}\"},\"query-input\":{\"@type\":\"PropertyValueSpecification\",\"valueRequired\":true,\"valueName\":\"search_term_string\"}}],\"inLanguage\":\"sv-SE\"},{\"@type\":\"Organization\",\"@id\":\"https:\/\/rst-steel.com\/#organization\",\"name\":\"RST-Steel Oy\",\"url\":\"https:\/\/rst-steel.com\/\",\"logo\":{\"@type\":\"ImageObject\",\"inLanguage\":\"sv-SE\",\"@id\":\"https:\/\/rst-steel.com\/#\/schema\/logo\/image\/\",\"url\":\"https:\/\/rst-steel.com\/wp-content\/uploads\/2023\/04\/cropped-Rst-logo-valkoinen-teksti-3.png\",\"contentUrl\":\"https:\/\/rst-steel.com\/wp-content\/uploads\/2023\/04\/cropped-Rst-logo-valkoinen-teksti-3.png\",\"width\":512,\"height\":115,\"caption\":\"RST-Steel Oy\"},\"image\":{\"@id\":\"https:\/\/rst-steel.com\/#\/schema\/logo\/image\/\"},\"sameAs\":[\"https:\/\/www.facebook.com\/rststeel\",\"https:\/\/www.instagram.com\/rststeeloy\/\"]}]}<\/script>\n<!-- \/ Yoast SEO plugin. -->","yoast_head_json":{"title":"Avvisare f\u00f6r sidof\u00f6nster Scania NextGen 2017- Black Axe (kort) - RST-Steel","description":"Sidof\u00f6nsteravvisare Scania NextGen 2017- modeller. Tillverkade av UV-skyddad svart ABS-plast, som \u00e4r s\u00e5 l\u00e4tt som m\u00f6jligt att m\u00e5la.","robots":{"index":"index","follow":"follow","max-snippet":"max-snippet:-1","max-image-preview":"max-image-preview:large","max-video-preview":"max-video-preview:-1"},"canonical":"https:\/\/rst-steel.com\/sv\/produkt\/sidofonsteravvisare-scania-nextgen-2017-svart-axel-kort_pr_10667\/","og_locale":"sv_SE","og_type":"article","og_title":"Side Window Deflectors Scania NextGen 2017- Black Axe (short) - RST-Steel","og_description":"Side Window Deflectors Scania NextGen 2017- models. Made from UV protected black ABS-plastic, which is easy as possible to paint.","og_url":"https:\/\/rst-steel.com\/sv\/produkt\/sidofonsteravvisare-scania-nextgen-2017-svart-axel-kort_pr_10667\/","og_site_name":"RST-Steel","article_publisher":"https:\/\/www.facebook.com\/rststeel","article_modified_time":"2026-03-16T06:21:17+00:00","og_image":[{"width":2048,"height":2048,"url":"https:\/\/rst-steel.com\/wp-content\/uploads\/2024\/09\/44102f88f11da29d6e24c0f33816e4f529e5be79_SC801212.jpg","type":"image\/jpeg"}],"twitter_card":"summary_large_image","twitter_misc":{"Ber\u00e4knad l\u00e4stid":"2 minuter"},"schema":{"@context":"https:\/\/schema.org","@graph":[{"@type":"WebPage","@id":"https:\/\/rst-steel.com\/product\/side-window-deflectors-scania-nextgen-2017-black-axe-short_pr_10667\/","url":"https:\/\/rst-steel.com\/product\/side-window-deflectors-scania-nextgen-2017-black-axe-short_pr_10667\/","name":"Avvisare f\u00f6r sidof\u00f6nster Scania NextGen 2017- Black Axe (kort) - RST-Steel","isPartOf":{"@id":"https:\/\/rst-steel.com\/#website"},"primaryImageOfPage":{"@id":"https:\/\/rst-steel.com\/product\/side-window-deflectors-scania-nextgen-2017-black-axe-short_pr_10667\/#primaryimage"},"image":{"@id":"https:\/\/rst-steel.com\/product\/side-window-deflectors-scania-nextgen-2017-black-axe-short_pr_10667\/#primaryimage"},"thumbnailUrl":"https:\/\/rst-steel.com\/wp-content\/uploads\/2024\/09\/44102f88f11da29d6e24c0f33816e4f529e5be79_SC801212.jpg","datePublished":"2024-09-25T10:42:39+00:00","dateModified":"2026-03-16T06:21:17+00:00","description":"Sidof\u00f6nsteravvisare Scania NextGen 2017- modeller. Tillverkade av UV-skyddad svart ABS-plast, som \u00e4r s\u00e5 l\u00e4tt som m\u00f6jligt att m\u00e5la.","breadcrumb":{"@id":"https:\/\/rst-steel.com\/product\/side-window-deflectors-scania-nextgen-2017-black-axe-short_pr_10667\/#breadcrumb"},"inLanguage":"sv-SE","potentialAction":[{"@type":"ReadAction","target":["https:\/\/rst-steel.com\/product\/side-window-deflectors-scania-nextgen-2017-black-axe-short_pr_10667\/"]}]},{"@type":"ImageObject","inLanguage":"sv-SE","@id":"https:\/\/rst-steel.com\/product\/side-window-deflectors-scania-nextgen-2017-black-axe-short_pr_10667\/#primaryimage","url":"https:\/\/rst-steel.com\/wp-content\/uploads\/2024\/09\/44102f88f11da29d6e24c0f33816e4f529e5be79_SC801212.jpg","contentUrl":"https:\/\/rst-steel.com\/wp-content\/uploads\/2024\/09\/44102f88f11da29d6e24c0f33816e4f529e5be79_SC801212.jpg","width":2048,"height":2048,"caption":"Side Window Deflectors Scania NextGen 2017- Black Axe (short)"},{"@type":"BreadcrumbList","@id":"https:\/\/rst-steel.com\/product\/side-window-deflectors-scania-nextgen-2017-black-axe-short_pr_10667\/#breadcrumb","itemListElement":[{"@type":"ListItem","position":1,"name":"Home","item":"https:\/\/rst-steel.com\/"},{"@type":"ListItem","position":2,"name":"RST-Steel Shop","item":"https:\/\/rst-steel.com\/shop\/"},{"@type":"ListItem","position":3,"name":"Side Window Deflectors Scania NextGen 2017- Black Axe (short)"}]},{"@type":"WebSite","@id":"https:\/\/rst-steel.com\/#website","url":"https:\/\/rst-steel.com\/","name":"RST-Stahl.com","description":"Finskt kvalitetsst\u00e5l, f\u00f6r kvalitetsmedvetna f\u00f6rare","publisher":{"@id":"https:\/\/rst-steel.com\/#organization"},"alternateName":"Safe and stylish RST-Steel quality","potentialAction":[{"@type":"SearchAction","target":{"@type":"EntryPoint","urlTemplate":"https:\/\/rst-steel.com\/?s={search_term_string}"},"query-input":{"@type":"PropertyValueSpecification","valueRequired":true,"valueName":"search_term_string"}}],"inLanguage":"sv-SE"},{"@type":"Organization","@id":"https:\/\/rst-steel.com\/#organization","name":"RST-Steel Oy","url":"https:\/\/rst-steel.com\/","logo":{"@type":"ImageObject","inLanguage":"sv-SE","@id":"https:\/\/rst-steel.com\/#\/schema\/logo\/image\/","url":"https:\/\/rst-steel.com\/wp-content\/uploads\/2023\/04\/cropped-Rst-logo-valkoinen-teksti-3.png","contentUrl":"https:\/\/rst-steel.com\/wp-content\/uploads\/2023\/04\/cropped-Rst-logo-valkoinen-teksti-3.png","width":512,"height":115,"caption":"RST-Steel Oy"},"image":{"@id":"https:\/\/rst-steel.com\/#\/schema\/logo\/image\/"},"sameAs":["https:\/\/www.facebook.com\/rststeel","https:\/\/www.instagram.com\/rststeeloy\/"]}]}},"brands":[{"id":8341,"name":"TruckStyle Sweden","slug":"brand_truckstylesweden"}],"_links":{"self":[{"href":"https:\/\/rst-steel.com\/sv\/wp-json\/wp\/v2\/product\/46733","targetHints":{"allow":["GET"]}}],"collection":[{"href":"https:\/\/rst-steel.com\/sv\/wp-json\/wp\/v2\/product"}],"about":[{"href":"https:\/\/rst-steel.com\/sv\/wp-json\/wp\/v2\/types\/product"}],"replies":[{"embeddable":true,"href":"https:\/\/rst-steel.com\/sv\/wp-json\/wp\/v2\/comments?post=46733"}],"version-history":[{"count":0,"href":"https:\/\/rst-steel.com\/sv\/wp-json\/wp\/v2\/product\/46733\/revisions"}],"wp:featuredmedia":[{"embeddable":true,"href":"https:\/\/rst-steel.com\/sv\/wp-json\/wp\/v2\/media\/46730"}],"wp:attachment":[{"href":"https:\/\/rst-steel.com\/sv\/wp-json\/wp\/v2\/media?parent=46733"}],"wp:term":[{"taxonomy":"make_fuel_type","embeddable":true,"href":"https:\/\/rst-steel.com\/sv\/wp-json\/wp\/v2\/make_fuel_type?post=46733"},{"taxonomy":"make_model","embeddable":true,"href":"https:\/\/rst-steel.com\/sv\/wp-json\/wp\/v2\/make_model?post=46733"},{"taxonomy":"make_brand","embeddable":true,"href":"https:\/\/rst-steel.com\/sv\/wp-json\/wp\/v2\/make_brand?post=46733"},{"taxonomy":"make_year","embeddable":true,"href":"https:\/\/rst-steel.com\/sv\/wp-json\/wp\/v2\/make_year?post=46733"},{"taxonomy":"pwb-brand","embeddable":true,"href":"https:\/\/rst-steel.com\/sv\/wp-json\/wp\/v2\/pwb-brand?post=46733"},{"taxonomy":"product_brand","embeddable":true,"href":"https:\/\/rst-steel.com\/sv\/wp-json\/wp\/v2\/product_brand?post=46733"},{"taxonomy":"product_cat","embeddable":true,"href":"https:\/\/rst-steel.com\/sv\/wp-json\/wp\/v2\/product_cat?post=46733"},{"taxonomy":"product_tag","embeddable":true,"href":"https:\/\/rst-steel.com\/sv\/wp-json\/wp\/v2\/product_tag?post=46733"}],"curies":[{"name":"wp","href":"https:\/\/api.w.org\/{rel}","templated":true}]}}