{"id":48595,"date":"2024-11-19T09:47:33","date_gmt":"2024-11-19T06:47:33","guid":{"rendered":"https:\/\/rst-steel.com\/product\/roof-bar-new-holland-t7-plm-2023-_prm_71669\/"},"modified":"2026-03-16T09:18:23","modified_gmt":"2026-03-16T06:18:23","slug":"takracke-new-holland-t7-plm-2023-_prm_71669","status":"publish","type":"product","link":"https:\/\/rst-steel.com\/sv\/produkt\/takracke-new-holland-t7-plm-2023-_prm_71669\/","title":{"rendered":"Takb\u00e5ge New Holland T7 PLM 2023-, Case IF Puma AFS"},"content":{"rendered":"<p><span style=\"font-weight: bold;\">Takb\u00e5ge New Holland T7 PLM 2023-, Case IF Puma AFS<\/span><\/p>\n<ul>\n<li><\/li>\n<\/ul>\n<div>RST-Steel:s takr\u00e4cken \u00e4r h\u00f6gkvalitativa produkter som tillverkas i Finland av rostfritt st\u00e5l.<\/div>\n<div><\/div>\n<div>Takst\u00e4ngerna f\u00f6rst\u00e4rker hyttens eleganta linjer, och samma st\u00e5ng kan ocks\u00e5 anv\u00e4ndas f\u00f6r att installera Lazer extraljus f\u00f6r \u00f6kad s\u00e4kerhet. Takst\u00e4ngerna kan ocks\u00e5 utrustas med positionsljus, vilket ytterligare f\u00f6rb\u00e4ttrar sikten i trafiken.<\/div>\n<div><\/div>\n<div>Den h\u00e4r takst\u00e5ngen \u00e4r tillverkad av rostfritt st\u00e5l och har en diameter p\u00e5 60 mm \/ 42 mm, kombinerat med en handbearbetad design, vilket garanterar h\u00e5llbarhet i flera \u00e5r snarare \u00e4n bara en enda s\u00e4song.<\/div>\n<ul>\n<li><\/li>\n<\/ul>\n<p><span style=\"font-weight: bold;\">Passar New Holland T7 PLM-modellen, som har en l\u00e4ngre hytt j\u00e4mf\u00f6rt med standardmodellen i 7-serien.<br \/>\n<\/span><\/p>\n<ul>\n<li>\n<div><span style=\"font-weight: bold;\">\u00a0<\/span><\/div>\n<\/li>\n<\/ul>\n<div><span style=\"font-weight: bold;\">Varf\u00f6r v\u00e4lja RST-Steel?<\/span><\/div>\n<ul>\n<li>Tillf\u00f6rlitlighet: M\u00e5nga \u00e5rs erfarenhet och expertis s\u00e4kerst\u00e4ller v\u00e5ra produkters h\u00f6ga kvalitet och h\u00e5llbarhet.<\/li>\n<li>Kundtillfredsst\u00e4llelse: Tusentals n\u00f6jda kunder \u00f6ver hela v\u00e4rlden litar p\u00e5 RST-Steel-produkter.<\/li>\n<li><\/li>\n<\/ul>\n<div><span style=\"font-weight: bold;\">Teknisk information:<\/span><\/div>\n<ul>\n<li>F\u00e4rg: Spegelpolerat rostfritt st\u00e5l eller pulverlackerat med RAL-f\u00e4rger<\/li>\n<li>St\u00e5ngens diameter: 60 mm \/ 42 mm<\/li>\n<li><\/li>\n<\/ul>\n<div><span style=\"font-weight: bold;\">Leveransinneh\u00e5ll:<\/span><\/div>\n<ul>\n<li>Roof Bar New Holland<\/li>\n<li>Monteringsf\u00e4sten som beh\u00f6vs f\u00f6r installation<\/li>\n<li>Instruktioner f\u00f6r installation<\/li>\n<\/ul>","protected":false},"excerpt":{"rendered":"<p><span style=\"font-weight: bold;\">Flera modellalternativ tillg\u00e4ngliga!<\/span><\/p>","protected":false},"featured_media":51144,"comment_status":"open","ping_status":"closed","template":"","meta":{"_improvement_type_select":"improve_an_existing","_thumb_yes_seoaic":false,"_frame_yes_seoaic":false,"seoaic_generate_description":"","seoaic_improve_instructions_prompt":"","seoaic_rollback_content_improvement":"","seoaic_idea_thumbnail_generator":"","thumbnail_generated":false,"thumbnail_generate_prompt":"","seoaic_article_description":""},"make_fuel_type":[],"make_model":[6356],"make_brand":[6355],"make_year":[6360],"pwb-brand":[8334],"product_brand":[],"product_cat":[6057,6071,7286],"product_tag":[7549],"class_list":{"0":"post-48595","1":"product","2":"type-product","3":"status-publish","4":"has-post-thumbnail","6":"make_model-t7-series","7":"make_brand-new-holland-com","8":"make_year-tractor-com","9":"pwb-brand-brand_rststeel","10":"product_cat-lightbars","11":"product_cat-roofbars-for-tractors","12":"product_cat-newholland-vr-tk","13":"product_tag-takbage","14":"product_shipping_class-lightbars","16":"first","17":"instock","18":"taxable","19":"shipping-taxable","20":"purchasable","21":"product-type-variable"},"yoast_head":"<!-- This site is optimized with the Yoast SEO plugin v25.7 - https:\/\/yoast.com\/wordpress\/plugins\/seo\/ -->\n<title>Roof Bar New Holland T7 PLM 2023-, Case IF Puma AFS RST-Steel<\/title>\n<meta name=\"description\" content=\"Roof Bar New Holland T7 PLM 2023- models. Several model options available. Buy now and enhance visibility and safety with a high-quality roof bar!\" \/>\n<meta name=\"robots\" content=\"index, follow, max-snippet:-1, max-image-preview:large, max-video-preview:-1\" \/>\n<link rel=\"canonical\" href=\"https:\/\/rst-steel.com\/sv\/produkt\/takracke-new-holland-t7-plm-2023-_prm_71669\/\" \/>\n<meta property=\"og:locale\" content=\"sv_SE\" \/>\n<meta property=\"og:type\" content=\"article\" \/>\n<meta property=\"og:title\" content=\"Roof Bar New Holland T7 PLM 2023-, Case IF Puma AFS RST-Steel\" \/>\n<meta property=\"og:description\" content=\"Roof Bar New Holland T7 PLM 2023- models. Several model options available. Buy now and enhance visibility and safety with a high-quality roof bar!\" \/>\n<meta property=\"og:url\" content=\"https:\/\/rst-steel.com\/sv\/produkt\/takracke-new-holland-t7-plm-2023-_prm_71669\/\" \/>\n<meta property=\"og:site_name\" content=\"RST-Steel\" \/>\n<meta property=\"article:publisher\" content=\"https:\/\/www.facebook.com\/rststeel\" \/>\n<meta property=\"article:modified_time\" content=\"2026-03-16T06:18:23+00:00\" \/>\n<meta property=\"og:image\" content=\"https:\/\/rst-steel.com\/wp-content\/uploads\/2025\/03\/3496296ebdb4a9fb9ae224dbd64837039e73c1bc_TNH102_WEB.jpeg\" \/>\n\t<meta property=\"og:image:width\" content=\"1200\" \/>\n\t<meta property=\"og:image:height\" content=\"1600\" \/>\n\t<meta property=\"og:image:type\" content=\"image\/jpeg\" \/>\n<meta name=\"twitter:card\" content=\"summary_large_image\" \/>\n<meta name=\"twitter:label1\" content=\"Ber\u00e4knad l\u00e4stid\" \/>\n\t<meta name=\"twitter:data1\" content=\"1 minut\" \/>\n<script type=\"application\/ld+json\" class=\"yoast-schema-graph\">{\"@context\":\"https:\/\/schema.org\",\"@graph\":[{\"@type\":\"WebPage\",\"@id\":\"https:\/\/rst-steel.com\/product\/roof-bar-new-holland-t7-plm-2023-case-if-puma-afs_prm_71669\/\",\"url\":\"https:\/\/rst-steel.com\/product\/roof-bar-new-holland-t7-plm-2023-case-if-puma-afs_prm_71669\/\",\"name\":\"Roof Bar New Holland T7 PLM 2023-, Case IF Puma AFS RST-Steel\",\"isPartOf\":{\"@id\":\"https:\/\/rst-steel.com\/#website\"},\"primaryImageOfPage\":{\"@id\":\"https:\/\/rst-steel.com\/product\/roof-bar-new-holland-t7-plm-2023-case-if-puma-afs_prm_71669\/#primaryimage\"},\"image\":{\"@id\":\"https:\/\/rst-steel.com\/product\/roof-bar-new-holland-t7-plm-2023-case-if-puma-afs_prm_71669\/#primaryimage\"},\"thumbnailUrl\":\"https:\/\/rst-steel.com\/wp-content\/uploads\/2025\/03\/3496296ebdb4a9fb9ae224dbd64837039e73c1bc_TNH102_WEB.jpeg\",\"datePublished\":\"2024-11-19T06:47:33+00:00\",\"dateModified\":\"2026-03-16T06:18:23+00:00\",\"description\":\"Roof Bar New Holland T7 PLM 2023- models. Several model options available. Buy now and enhance visibility and safety with a high-quality roof bar!\",\"breadcrumb\":{\"@id\":\"https:\/\/rst-steel.com\/product\/roof-bar-new-holland-t7-plm-2023-case-if-puma-afs_prm_71669\/#breadcrumb\"},\"inLanguage\":\"sv-SE\",\"potentialAction\":[{\"@type\":\"ReadAction\",\"target\":[\"https:\/\/rst-steel.com\/product\/roof-bar-new-holland-t7-plm-2023-case-if-puma-afs_prm_71669\/\"]}]},{\"@type\":\"ImageObject\",\"inLanguage\":\"sv-SE\",\"@id\":\"https:\/\/rst-steel.com\/product\/roof-bar-new-holland-t7-plm-2023-case-if-puma-afs_prm_71669\/#primaryimage\",\"url\":\"https:\/\/rst-steel.com\/wp-content\/uploads\/2025\/03\/3496296ebdb4a9fb9ae224dbd64837039e73c1bc_TNH102_WEB.jpeg\",\"contentUrl\":\"https:\/\/rst-steel.com\/wp-content\/uploads\/2025\/03\/3496296ebdb4a9fb9ae224dbd64837039e73c1bc_TNH102_WEB.jpeg\",\"width\":1200,\"height\":1600,\"caption\":\"Kuvassa Roof Bar New Holland T7 PLM 2023-, Case IF Puma AFS\"},{\"@type\":\"BreadcrumbList\",\"@id\":\"https:\/\/rst-steel.com\/product\/roof-bar-new-holland-t7-plm-2023-case-if-puma-afs_prm_71669\/#breadcrumb\",\"itemListElement\":[{\"@type\":\"ListItem\",\"position\":1,\"name\":\"Home\",\"item\":\"https:\/\/rst-steel.com\/\"},{\"@type\":\"ListItem\",\"position\":2,\"name\":\"RST-Steel Shop\",\"item\":\"https:\/\/rst-steel.com\/shop\/\"},{\"@type\":\"ListItem\",\"position\":3,\"name\":\"Roof Bar New Holland T7 PLM 2023-, Case IF Puma AFS\"}]},{\"@type\":\"WebSite\",\"@id\":\"https:\/\/rst-steel.com\/#website\",\"url\":\"https:\/\/rst-steel.com\/\",\"name\":\"RST-Steel.com\",\"description\":\"Finnish quality steel, for quality-conscious drivers\",\"publisher\":{\"@id\":\"https:\/\/rst-steel.com\/#organization\"},\"alternateName\":\"Safe and stylish RST-Steel quality\",\"potentialAction\":[{\"@type\":\"SearchAction\",\"target\":{\"@type\":\"EntryPoint\",\"urlTemplate\":\"https:\/\/rst-steel.com\/?s={search_term_string}\"},\"query-input\":{\"@type\":\"PropertyValueSpecification\",\"valueRequired\":true,\"valueName\":\"search_term_string\"}}],\"inLanguage\":\"sv-SE\"},{\"@type\":\"Organization\",\"@id\":\"https:\/\/rst-steel.com\/#organization\",\"name\":\"RST-Steel Oy\",\"url\":\"https:\/\/rst-steel.com\/\",\"logo\":{\"@type\":\"ImageObject\",\"inLanguage\":\"sv-SE\",\"@id\":\"https:\/\/rst-steel.com\/#\/schema\/logo\/image\/\",\"url\":\"https:\/\/rst-steel.com\/wp-content\/uploads\/2023\/04\/cropped-Rst-logo-valkoinen-teksti-3.png\",\"contentUrl\":\"https:\/\/rst-steel.com\/wp-content\/uploads\/2023\/04\/cropped-Rst-logo-valkoinen-teksti-3.png\",\"width\":512,\"height\":115,\"caption\":\"RST-Steel Oy\"},\"image\":{\"@id\":\"https:\/\/rst-steel.com\/#\/schema\/logo\/image\/\"},\"sameAs\":[\"https:\/\/www.facebook.com\/rststeel\",\"https:\/\/www.instagram.com\/rststeeloy\/\"]}]}<\/script>\n<!-- \/ Yoast SEO plugin. -->","yoast_head_json":{"title":"Takr\u00e4cke New Holland T7 PLM 2023-, Case IF Puma AFS RST-Steel","description":"Takr\u00e4cke New Holland T7 PLM 2023- modeller. Flera modellalternativ tillg\u00e4ngliga. K\u00f6p nu och f\u00f6rb\u00e4ttra synligheten och s\u00e4kerheten med en takb\u00e5ge av h\u00f6g kvalitet!","robots":{"index":"index","follow":"follow","max-snippet":"max-snippet:-1","max-image-preview":"max-image-preview:large","max-video-preview":"max-video-preview:-1"},"canonical":"https:\/\/rst-steel.com\/sv\/produkt\/takracke-new-holland-t7-plm-2023-_prm_71669\/","og_locale":"sv_SE","og_type":"article","og_title":"Roof Bar New Holland T7 PLM 2023-, Case IF Puma AFS RST-Steel","og_description":"Roof Bar New Holland T7 PLM 2023- models. Several model options available. Buy now and enhance visibility and safety with a high-quality roof bar!","og_url":"https:\/\/rst-steel.com\/sv\/produkt\/takracke-new-holland-t7-plm-2023-_prm_71669\/","og_site_name":"RST-Steel","article_publisher":"https:\/\/www.facebook.com\/rststeel","article_modified_time":"2026-03-16T06:18:23+00:00","og_image":[{"width":1200,"height":1600,"url":"https:\/\/rst-steel.com\/wp-content\/uploads\/2025\/03\/3496296ebdb4a9fb9ae224dbd64837039e73c1bc_TNH102_WEB.jpeg","type":"image\/jpeg"}],"twitter_card":"summary_large_image","twitter_misc":{"Ber\u00e4knad l\u00e4stid":"1 minut"},"schema":{"@context":"https:\/\/schema.org","@graph":[{"@type":"WebPage","@id":"https:\/\/rst-steel.com\/product\/roof-bar-new-holland-t7-plm-2023-case-if-puma-afs_prm_71669\/","url":"https:\/\/rst-steel.com\/product\/roof-bar-new-holland-t7-plm-2023-case-if-puma-afs_prm_71669\/","name":"Takr\u00e4cke New Holland T7 PLM 2023-, Case IF Puma AFS RST-Steel","isPartOf":{"@id":"https:\/\/rst-steel.com\/#website"},"primaryImageOfPage":{"@id":"https:\/\/rst-steel.com\/product\/roof-bar-new-holland-t7-plm-2023-case-if-puma-afs_prm_71669\/#primaryimage"},"image":{"@id":"https:\/\/rst-steel.com\/product\/roof-bar-new-holland-t7-plm-2023-case-if-puma-afs_prm_71669\/#primaryimage"},"thumbnailUrl":"https:\/\/rst-steel.com\/wp-content\/uploads\/2025\/03\/3496296ebdb4a9fb9ae224dbd64837039e73c1bc_TNH102_WEB.jpeg","datePublished":"2024-11-19T06:47:33+00:00","dateModified":"2026-03-16T06:18:23+00:00","description":"Takr\u00e4cke New Holland T7 PLM 2023- modeller. Flera modellalternativ tillg\u00e4ngliga. K\u00f6p nu och f\u00f6rb\u00e4ttra synligheten och s\u00e4kerheten med en takb\u00e5ge av h\u00f6g kvalitet!","breadcrumb":{"@id":"https:\/\/rst-steel.com\/product\/roof-bar-new-holland-t7-plm-2023-case-if-puma-afs_prm_71669\/#breadcrumb"},"inLanguage":"sv-SE","potentialAction":[{"@type":"ReadAction","target":["https:\/\/rst-steel.com\/product\/roof-bar-new-holland-t7-plm-2023-case-if-puma-afs_prm_71669\/"]}]},{"@type":"ImageObject","inLanguage":"sv-SE","@id":"https:\/\/rst-steel.com\/product\/roof-bar-new-holland-t7-plm-2023-case-if-puma-afs_prm_71669\/#primaryimage","url":"https:\/\/rst-steel.com\/wp-content\/uploads\/2025\/03\/3496296ebdb4a9fb9ae224dbd64837039e73c1bc_TNH102_WEB.jpeg","contentUrl":"https:\/\/rst-steel.com\/wp-content\/uploads\/2025\/03\/3496296ebdb4a9fb9ae224dbd64837039e73c1bc_TNH102_WEB.jpeg","width":1200,"height":1600,"caption":"Kuvassa Roof Bar New Holland T7 PLM 2023-, Case IF Puma AFS"},{"@type":"BreadcrumbList","@id":"https:\/\/rst-steel.com\/product\/roof-bar-new-holland-t7-plm-2023-case-if-puma-afs_prm_71669\/#breadcrumb","itemListElement":[{"@type":"ListItem","position":1,"name":"Home","item":"https:\/\/rst-steel.com\/"},{"@type":"ListItem","position":2,"name":"RST-Steel Shop","item":"https:\/\/rst-steel.com\/shop\/"},{"@type":"ListItem","position":3,"name":"Roof Bar New Holland T7 PLM 2023-, Case IF Puma AFS"}]},{"@type":"WebSite","@id":"https:\/\/rst-steel.com\/#website","url":"https:\/\/rst-steel.com\/","name":"RST-Stahl.com","description":"Finskt kvalitetsst\u00e5l, f\u00f6r kvalitetsmedvetna f\u00f6rare","publisher":{"@id":"https:\/\/rst-steel.com\/#organization"},"alternateName":"Safe and stylish RST-Steel quality","potentialAction":[{"@type":"SearchAction","target":{"@type":"EntryPoint","urlTemplate":"https:\/\/rst-steel.com\/?s={search_term_string}"},"query-input":{"@type":"PropertyValueSpecification","valueRequired":true,"valueName":"search_term_string"}}],"inLanguage":"sv-SE"},{"@type":"Organization","@id":"https:\/\/rst-steel.com\/#organization","name":"RST-Steel Oy","url":"https:\/\/rst-steel.com\/","logo":{"@type":"ImageObject","inLanguage":"sv-SE","@id":"https:\/\/rst-steel.com\/#\/schema\/logo\/image\/","url":"https:\/\/rst-steel.com\/wp-content\/uploads\/2023\/04\/cropped-Rst-logo-valkoinen-teksti-3.png","contentUrl":"https:\/\/rst-steel.com\/wp-content\/uploads\/2023\/04\/cropped-Rst-logo-valkoinen-teksti-3.png","width":512,"height":115,"caption":"RST-Steel Oy"},"image":{"@id":"https:\/\/rst-steel.com\/#\/schema\/logo\/image\/"},"sameAs":["https:\/\/www.facebook.com\/rststeel","https:\/\/www.instagram.com\/rststeeloy\/"]}]}},"brands":[{"id":8334,"name":"RST-Steel","slug":"brand_rststeel"}],"_links":{"self":[{"href":"https:\/\/rst-steel.com\/sv\/wp-json\/wp\/v2\/product\/48595","targetHints":{"allow":["GET"]}}],"collection":[{"href":"https:\/\/rst-steel.com\/sv\/wp-json\/wp\/v2\/product"}],"about":[{"href":"https:\/\/rst-steel.com\/sv\/wp-json\/wp\/v2\/types\/product"}],"replies":[{"embeddable":true,"href":"https:\/\/rst-steel.com\/sv\/wp-json\/wp\/v2\/comments?post=48595"}],"version-history":[{"count":0,"href":"https:\/\/rst-steel.com\/sv\/wp-json\/wp\/v2\/product\/48595\/revisions"}],"wp:featuredmedia":[{"embeddable":true,"href":"https:\/\/rst-steel.com\/sv\/wp-json\/wp\/v2\/media\/51144"}],"wp:attachment":[{"href":"https:\/\/rst-steel.com\/sv\/wp-json\/wp\/v2\/media?parent=48595"}],"wp:term":[{"taxonomy":"make_fuel_type","embeddable":true,"href":"https:\/\/rst-steel.com\/sv\/wp-json\/wp\/v2\/make_fuel_type?post=48595"},{"taxonomy":"make_model","embeddable":true,"href":"https:\/\/rst-steel.com\/sv\/wp-json\/wp\/v2\/make_model?post=48595"},{"taxonomy":"make_brand","embeddable":true,"href":"https:\/\/rst-steel.com\/sv\/wp-json\/wp\/v2\/make_brand?post=48595"},{"taxonomy":"make_year","embeddable":true,"href":"https:\/\/rst-steel.com\/sv\/wp-json\/wp\/v2\/make_year?post=48595"},{"taxonomy":"pwb-brand","embeddable":true,"href":"https:\/\/rst-steel.com\/sv\/wp-json\/wp\/v2\/pwb-brand?post=48595"},{"taxonomy":"product_brand","embeddable":true,"href":"https:\/\/rst-steel.com\/sv\/wp-json\/wp\/v2\/product_brand?post=48595"},{"taxonomy":"product_cat","embeddable":true,"href":"https:\/\/rst-steel.com\/sv\/wp-json\/wp\/v2\/product_cat?post=48595"},{"taxonomy":"product_tag","embeddable":true,"href":"https:\/\/rst-steel.com\/sv\/wp-json\/wp\/v2\/product_tag?post=48595"}],"curies":[{"name":"wp","href":"https:\/\/api.w.org\/{rel}","templated":true}]}}