{"id":48731,"date":"2024-11-20T15:29:49","date_gmt":"2024-11-20T12:29:49","guid":{"rendered":"https:\/\/rst-steel.com\/product\/roof-bar-volvo-fh4-globetrotter_prm_68403\/"},"modified":"2026-03-16T09:19:51","modified_gmt":"2026-03-16T06:19:51","slug":"roof-bar-pro-v04-volvo-fh4-globe_prm_68403","status":"publish","type":"product","link":"https:\/\/rst-steel.com\/sv\/produkt\/roof-bar-pro-v04-volvo-fh4-globe_prm_68403\/","title":{"rendered":"Roof Bar Pro V04 Volvo FH4- Globe"},"content":{"rendered":"<p>Roof Bar Volvo FH\/FM\/Aero &#8211; Globetrotter Cab<\/p>\n<ul>\n<li><\/li>\n<\/ul>\n<p><\/p>\n<p><span style=\"font-weight: bold\">Egenskaper:<\/span><\/p>\n<ul>\n<li><span style=\"font-weight: bold\">Kompatibilitet<\/span>: Designed for&nbsp;Volvo FH4, FH new \/ FH new and FH Aero -models with Globetrotter cab, ensuring quick and effortless installation.<\/li>\n<li><span style=\"font-weight: bold\">Material<\/span>: Tillverkad av h\u00e5llbart rostfritt st\u00e5l, vilket garanterar l\u00e5ng livsl\u00e4ngd och utm\u00e4rkt v\u00e4derbest\u00e4ndighet.<\/li>\n<li><span style=\"font-weight: bold\">Stylish Design<\/span>: Polished or painted finish and elegant design enhance the appearance of your truck.<\/li>\n<li><span style=\"font-weight: bold\">Light Installation<\/span>:&nbsp;Thanks to the welded auxiliary light brackets, you can easily mount several additional lights onto the roof bar.<\/li>\n<li><span style=\"font-weight: bold\">S\u00e4kerhet<\/span>: F\u00f6rb\u00e4ttrar sikten i m\u00f6rka och utmanande k\u00f6rf\u00f6rh\u00e5llanden, vilket \u00f6kar s\u00e4kerheten f\u00f6r b\u00e5de f\u00f6raren och andra trafikanter.<\/li>\n<li><\/li>\n<\/ul>\n<p><\/p>\n<p><span style=\"font-weight: bold\">RST-Steel&#8217;s roof bars<\/span>&nbsp;are high-quality products made in&nbsp;<span style=\"font-weight: bold\">Finland&nbsp;<\/span>av rostfritt st\u00e5l&nbsp;<\/p>\n<p>Designed to complement the stylish lines of your truck, the roof bar not only enhances its appearance but also adds practicality and safety. It can be equipped with auxiliary lights and position lights, ensuring maximum visibility on the road and improved safety for both you and other road users.<\/p>\n<p><\/p>\n<p><span style=\"font-weight: bold\">Compatible with 3pcs 40cm auxiliary light panel or 6pcs 9\u2019\u2019 round lamps.<\/span><\/p>\n<ul>\n<li><\/li>\n<\/ul>\n<p>&nbsp;<\/p>\n<p><span style=\"font-weight: bold\">Varf\u00f6r v\u00e4lja RST-Steel?<\/span><\/p>\n<ul>\n<li><span style=\"font-weight: bold\">Tillverkade i Finland<\/span>: All our products are manufactured in our own production facility in Nivala, Finland.<\/li>\n<li><span style=\"font-weight: bold\">P\u00e5litlighet<\/span>: M\u00e5nga \u00e5rs erfarenhet och expertis s\u00e4kerst\u00e4ller den h\u00f6ga kvaliteten och h\u00e5llbarheten hos v\u00e5ra produkter.<\/li>\n<li><span style=\"font-weight: bold\">Kundn\u00f6jdhet:<\/span>&nbsp;Tusentals n\u00f6jda kunder v\u00e4rlden \u00f6ver litar p\u00e5 RST-Steels produkter.<\/li>\n<li><\/li>\n<\/ul>\n<p>&nbsp;<\/p>\n<p><span style=\"font-weight: bold\">Teknisk information:<\/span><\/p>\n<ul>\n<li>F\u00e4rg: Polerat rostfritt st\u00e5l eller pulverlackerad med RAL-f\u00e4rger<\/li>\n<li>R\u00f6rens diameter: 76 mm \/ 60 mm<\/li>\n<li>Svetsad lamph\u00e5llarskena<\/li>\n<li><\/li>\n<\/ul>\n<p>&nbsp;<\/p>\n<p><span style=\"font-weight: bold\">Leveransinneh\u00e5ll:<\/span><\/p>\n<ul>\n<li>Takb\u00e5ge<\/li>\n<li>Monteringsf\u00e4sten som beh\u00f6vs f\u00f6r installation<\/li>\n<li>Instruktioner f\u00f6r installation<\/li>\n<\/ul>","protected":false},"excerpt":{"rendered":"<p><span style=\"font-weight: 700\">For Volvo Trucks with the Globetrotter cab!<\/span><\/p>","protected":false},"featured_media":119600,"comment_status":"open","ping_status":"closed","template":"","meta":{"_improvement_type_select":"improve_an_existing","_thumb_yes_seoaic":false,"_frame_yes_seoaic":false,"seoaic_generate_description":"","seoaic_improve_instructions_prompt":"","seoaic_rollback_content_improvement":"","seoaic_idea_thumbnail_generator":"","thumbnail_generated":false,"thumbnail_generate_prompt":"","seoaic_article_description":""},"make_fuel_type":[],"make_model":[5637,6966,3743,5295],"make_brand":[3745],"make_year":[3748],"pwb-brand":[8334],"product_brand":[],"product_cat":[6057,6058,7166],"product_tag":[7549,8480],"class_list":{"0":"post-48731","1":"product","2":"type-product","3":"status-publish","4":"has-post-thumbnail","6":"make_engine-globetrotter","7":"make_model-fh-2021","8":"make_model-fh-aero","9":"make_model-fh4","10":"make_model-volvo-fm-2021","11":"make_brand-volvo","12":"make_year-trucks","13":"pwb-brand-brand_rststeel","14":"product_cat-lightbars","15":"product_cat-roofbars-for-trucks","16":"product_cat-volvo-ka-lt","17":"product_tag-takbage","18":"product_tag-volvo-roof-bar","19":"product_shipping_class-lightbars","21":"first","22":"instock","23":"taxable","24":"shipping-taxable","25":"purchasable","26":"product-type-variable"},"yoast_head":"<!-- This site is optimized with the Yoast SEO plugin v25.7 - https:\/\/yoast.com\/wordpress\/plugins\/seo\/ -->\n<title>Roof Bar Pro V04 Volvo FH4- Globe - RST-Steel<\/title>\n<meta name=\"description\" content=\"Stainless steel roof bar for Volvo FH4 Globetrotter . Upgrade your truck with this robust and stylish accessory from RST-Steel.\" \/>\n<meta name=\"robots\" content=\"index, follow, max-snippet:-1, max-image-preview:large, max-video-preview:-1\" \/>\n<link rel=\"canonical\" href=\"https:\/\/rst-steel.com\/sv\/produkt\/roof-bar-pro-v04-volvo-fh4-globe_prm_68403\/\" \/>\n<meta property=\"og:locale\" content=\"sv_SE\" \/>\n<meta property=\"og:type\" content=\"article\" \/>\n<meta property=\"og:title\" content=\"Roof Bar Pro V04 Volvo FH4- Globe - RST-Steel\" \/>\n<meta property=\"og:description\" content=\"Stainless steel roof bar for Volvo FH4 Globetrotter . Upgrade your truck with this robust and stylish accessory from RST-Steel.\" \/>\n<meta property=\"og:url\" content=\"https:\/\/rst-steel.com\/sv\/produkt\/roof-bar-pro-v04-volvo-fh4-globe_prm_68403\/\" \/>\n<meta property=\"og:site_name\" content=\"RST-Steel\" \/>\n<meta property=\"article:publisher\" content=\"https:\/\/www.facebook.com\/rststeel\" \/>\n<meta property=\"article:modified_time\" content=\"2026-03-16T06:19:51+00:00\" \/>\n<meta property=\"og:image\" content=\"https:\/\/rst-steel.com\/wp-content\/uploads\/2025\/11\/36630110766f6e60ecfa62500a43e3aa6c4295d0_VO2103C_web.jpg\" \/>\n\t<meta property=\"og:image:width\" content=\"1024\" \/>\n\t<meta property=\"og:image:height\" content=\"1024\" \/>\n\t<meta property=\"og:image:type\" content=\"image\/jpeg\" \/>\n<meta name=\"twitter:card\" content=\"summary_large_image\" \/>\n<meta name=\"twitter:label1\" content=\"Ber\u00e4knad l\u00e4stid\" \/>\n\t<meta name=\"twitter:data1\" content=\"2 minuter\" \/>\n<script type=\"application\/ld+json\" class=\"yoast-schema-graph\">{\"@context\":\"https:\/\/schema.org\",\"@graph\":[{\"@type\":\"WebPage\",\"@id\":\"https:\/\/rst-steel.com\/product\/roof-bar-pro-v04-volvo-fh4-globe_prm_68403\/\",\"url\":\"https:\/\/rst-steel.com\/product\/roof-bar-pro-v04-volvo-fh4-globe_prm_68403\/\",\"name\":\"Roof Bar Pro V04 Volvo FH4- Globe - RST-Steel\",\"isPartOf\":{\"@id\":\"https:\/\/rst-steel.com\/#website\"},\"primaryImageOfPage\":{\"@id\":\"https:\/\/rst-steel.com\/product\/roof-bar-pro-v04-volvo-fh4-globe_prm_68403\/#primaryimage\"},\"image\":{\"@id\":\"https:\/\/rst-steel.com\/product\/roof-bar-pro-v04-volvo-fh4-globe_prm_68403\/#primaryimage\"},\"thumbnailUrl\":\"https:\/\/rst-steel.com\/wp-content\/uploads\/2025\/11\/36630110766f6e60ecfa62500a43e3aa6c4295d0_VO2103C_web.jpg\",\"datePublished\":\"2024-11-20T12:29:49+00:00\",\"dateModified\":\"2026-03-16T06:19:51+00:00\",\"description\":\"Stainless steel roof bar for Volvo FH4 Globetrotter . Upgrade your truck with this robust and stylish accessory from RST-Steel.\",\"breadcrumb\":{\"@id\":\"https:\/\/rst-steel.com\/product\/roof-bar-pro-v04-volvo-fh4-globe_prm_68403\/#breadcrumb\"},\"inLanguage\":\"sv-SE\",\"potentialAction\":[{\"@type\":\"ReadAction\",\"target\":[\"https:\/\/rst-steel.com\/product\/roof-bar-pro-v04-volvo-fh4-globe_prm_68403\/\"]}]},{\"@type\":\"ImageObject\",\"inLanguage\":\"sv-SE\",\"@id\":\"https:\/\/rst-steel.com\/product\/roof-bar-pro-v04-volvo-fh4-globe_prm_68403\/#primaryimage\",\"url\":\"https:\/\/rst-steel.com\/wp-content\/uploads\/2025\/11\/36630110766f6e60ecfa62500a43e3aa6c4295d0_VO2103C_web.jpg\",\"contentUrl\":\"https:\/\/rst-steel.com\/wp-content\/uploads\/2025\/11\/36630110766f6e60ecfa62500a43e3aa6c4295d0_VO2103C_web.jpg\",\"width\":1024,\"height\":1024},{\"@type\":\"BreadcrumbList\",\"@id\":\"https:\/\/rst-steel.com\/product\/roof-bar-pro-v04-volvo-fh4-globe_prm_68403\/#breadcrumb\",\"itemListElement\":[{\"@type\":\"ListItem\",\"position\":1,\"name\":\"Home\",\"item\":\"https:\/\/rst-steel.com\/\"},{\"@type\":\"ListItem\",\"position\":2,\"name\":\"RST-Steel Shop\",\"item\":\"https:\/\/rst-steel.com\/shop\/\"},{\"@type\":\"ListItem\",\"position\":3,\"name\":\"Roof Bar Pro V04 Volvo FH4- Globe\"}]},{\"@type\":\"WebSite\",\"@id\":\"https:\/\/rst-steel.com\/#website\",\"url\":\"https:\/\/rst-steel.com\/\",\"name\":\"RST-Steel.com\",\"description\":\"Finnish quality steel, for quality-conscious drivers\",\"publisher\":{\"@id\":\"https:\/\/rst-steel.com\/#organization\"},\"alternateName\":\"Safe and stylish RST-Steel quality\",\"potentialAction\":[{\"@type\":\"SearchAction\",\"target\":{\"@type\":\"EntryPoint\",\"urlTemplate\":\"https:\/\/rst-steel.com\/?s={search_term_string}\"},\"query-input\":{\"@type\":\"PropertyValueSpecification\",\"valueRequired\":true,\"valueName\":\"search_term_string\"}}],\"inLanguage\":\"sv-SE\"},{\"@type\":\"Organization\",\"@id\":\"https:\/\/rst-steel.com\/#organization\",\"name\":\"RST-Steel Oy\",\"url\":\"https:\/\/rst-steel.com\/\",\"logo\":{\"@type\":\"ImageObject\",\"inLanguage\":\"sv-SE\",\"@id\":\"https:\/\/rst-steel.com\/#\/schema\/logo\/image\/\",\"url\":\"https:\/\/rst-steel.com\/wp-content\/uploads\/2023\/04\/cropped-Rst-logo-valkoinen-teksti-3.png\",\"contentUrl\":\"https:\/\/rst-steel.com\/wp-content\/uploads\/2023\/04\/cropped-Rst-logo-valkoinen-teksti-3.png\",\"width\":512,\"height\":115,\"caption\":\"RST-Steel Oy\"},\"image\":{\"@id\":\"https:\/\/rst-steel.com\/#\/schema\/logo\/image\/\"},\"sameAs\":[\"https:\/\/www.facebook.com\/rststeel\",\"https:\/\/www.instagram.com\/rststeeloy\/\"]}]}<\/script>\n<!-- \/ Yoast SEO plugin. -->","yoast_head_json":{"title":"Roof Bar Pro V04 Volvo FH4- Globe - RST-Steel","description":"Takb\u00e5ge i rostfritt st\u00e5l f\u00f6r Volvo FH4 Globetrotter. Uppgradera din lastbil med det h\u00e4r robusta och snygga tillbeh\u00f6ret fr\u00e5n RST-Steel.","robots":{"index":"index","follow":"follow","max-snippet":"max-snippet:-1","max-image-preview":"max-image-preview:large","max-video-preview":"max-video-preview:-1"},"canonical":"https:\/\/rst-steel.com\/sv\/produkt\/roof-bar-pro-v04-volvo-fh4-globe_prm_68403\/","og_locale":"sv_SE","og_type":"article","og_title":"Roof Bar Pro V04 Volvo FH4- Globe - RST-Steel","og_description":"Stainless steel roof bar for Volvo FH4 Globetrotter . Upgrade your truck with this robust and stylish accessory from RST-Steel.","og_url":"https:\/\/rst-steel.com\/sv\/produkt\/roof-bar-pro-v04-volvo-fh4-globe_prm_68403\/","og_site_name":"RST-Steel","article_publisher":"https:\/\/www.facebook.com\/rststeel","article_modified_time":"2026-03-16T06:19:51+00:00","og_image":[{"width":1024,"height":1024,"url":"https:\/\/rst-steel.com\/wp-content\/uploads\/2025\/11\/36630110766f6e60ecfa62500a43e3aa6c4295d0_VO2103C_web.jpg","type":"image\/jpeg"}],"twitter_card":"summary_large_image","twitter_misc":{"Ber\u00e4knad l\u00e4stid":"2 minuter"},"schema":{"@context":"https:\/\/schema.org","@graph":[{"@type":"WebPage","@id":"https:\/\/rst-steel.com\/product\/roof-bar-pro-v04-volvo-fh4-globe_prm_68403\/","url":"https:\/\/rst-steel.com\/product\/roof-bar-pro-v04-volvo-fh4-globe_prm_68403\/","name":"Roof Bar Pro V04 Volvo FH4- Globe - RST-Steel","isPartOf":{"@id":"https:\/\/rst-steel.com\/#website"},"primaryImageOfPage":{"@id":"https:\/\/rst-steel.com\/product\/roof-bar-pro-v04-volvo-fh4-globe_prm_68403\/#primaryimage"},"image":{"@id":"https:\/\/rst-steel.com\/product\/roof-bar-pro-v04-volvo-fh4-globe_prm_68403\/#primaryimage"},"thumbnailUrl":"https:\/\/rst-steel.com\/wp-content\/uploads\/2025\/11\/36630110766f6e60ecfa62500a43e3aa6c4295d0_VO2103C_web.jpg","datePublished":"2024-11-20T12:29:49+00:00","dateModified":"2026-03-16T06:19:51+00:00","description":"Takb\u00e5ge i rostfritt st\u00e5l f\u00f6r Volvo FH4 Globetrotter. Uppgradera din lastbil med det h\u00e4r robusta och snygga tillbeh\u00f6ret fr\u00e5n RST-Steel.","breadcrumb":{"@id":"https:\/\/rst-steel.com\/product\/roof-bar-pro-v04-volvo-fh4-globe_prm_68403\/#breadcrumb"},"inLanguage":"sv-SE","potentialAction":[{"@type":"ReadAction","target":["https:\/\/rst-steel.com\/product\/roof-bar-pro-v04-volvo-fh4-globe_prm_68403\/"]}]},{"@type":"ImageObject","inLanguage":"sv-SE","@id":"https:\/\/rst-steel.com\/product\/roof-bar-pro-v04-volvo-fh4-globe_prm_68403\/#primaryimage","url":"https:\/\/rst-steel.com\/wp-content\/uploads\/2025\/11\/36630110766f6e60ecfa62500a43e3aa6c4295d0_VO2103C_web.jpg","contentUrl":"https:\/\/rst-steel.com\/wp-content\/uploads\/2025\/11\/36630110766f6e60ecfa62500a43e3aa6c4295d0_VO2103C_web.jpg","width":1024,"height":1024},{"@type":"BreadcrumbList","@id":"https:\/\/rst-steel.com\/product\/roof-bar-pro-v04-volvo-fh4-globe_prm_68403\/#breadcrumb","itemListElement":[{"@type":"ListItem","position":1,"name":"Home","item":"https:\/\/rst-steel.com\/"},{"@type":"ListItem","position":2,"name":"RST-Steel Shop","item":"https:\/\/rst-steel.com\/shop\/"},{"@type":"ListItem","position":3,"name":"Roof Bar Pro V04 Volvo FH4- Globe"}]},{"@type":"WebSite","@id":"https:\/\/rst-steel.com\/#website","url":"https:\/\/rst-steel.com\/","name":"RST-Stahl.com","description":"Finskt kvalitetsst\u00e5l, f\u00f6r kvalitetsmedvetna f\u00f6rare","publisher":{"@id":"https:\/\/rst-steel.com\/#organization"},"alternateName":"Safe and stylish RST-Steel quality","potentialAction":[{"@type":"SearchAction","target":{"@type":"EntryPoint","urlTemplate":"https:\/\/rst-steel.com\/?s={search_term_string}"},"query-input":{"@type":"PropertyValueSpecification","valueRequired":true,"valueName":"search_term_string"}}],"inLanguage":"sv-SE"},{"@type":"Organization","@id":"https:\/\/rst-steel.com\/#organization","name":"RST-Steel Oy","url":"https:\/\/rst-steel.com\/","logo":{"@type":"ImageObject","inLanguage":"sv-SE","@id":"https:\/\/rst-steel.com\/#\/schema\/logo\/image\/","url":"https:\/\/rst-steel.com\/wp-content\/uploads\/2023\/04\/cropped-Rst-logo-valkoinen-teksti-3.png","contentUrl":"https:\/\/rst-steel.com\/wp-content\/uploads\/2023\/04\/cropped-Rst-logo-valkoinen-teksti-3.png","width":512,"height":115,"caption":"RST-Steel Oy"},"image":{"@id":"https:\/\/rst-steel.com\/#\/schema\/logo\/image\/"},"sameAs":["https:\/\/www.facebook.com\/rststeel","https:\/\/www.instagram.com\/rststeeloy\/"]}]}},"brands":[{"id":8334,"name":"RST-Steel","slug":"brand_rststeel"}],"_links":{"self":[{"href":"https:\/\/rst-steel.com\/sv\/wp-json\/wp\/v2\/product\/48731","targetHints":{"allow":["GET"]}}],"collection":[{"href":"https:\/\/rst-steel.com\/sv\/wp-json\/wp\/v2\/product"}],"about":[{"href":"https:\/\/rst-steel.com\/sv\/wp-json\/wp\/v2\/types\/product"}],"replies":[{"embeddable":true,"href":"https:\/\/rst-steel.com\/sv\/wp-json\/wp\/v2\/comments?post=48731"}],"version-history":[{"count":0,"href":"https:\/\/rst-steel.com\/sv\/wp-json\/wp\/v2\/product\/48731\/revisions"}],"wp:featuredmedia":[{"embeddable":true,"href":"https:\/\/rst-steel.com\/sv\/wp-json\/wp\/v2\/media\/119600"}],"wp:attachment":[{"href":"https:\/\/rst-steel.com\/sv\/wp-json\/wp\/v2\/media?parent=48731"}],"wp:term":[{"taxonomy":"make_fuel_type","embeddable":true,"href":"https:\/\/rst-steel.com\/sv\/wp-json\/wp\/v2\/make_fuel_type?post=48731"},{"taxonomy":"make_model","embeddable":true,"href":"https:\/\/rst-steel.com\/sv\/wp-json\/wp\/v2\/make_model?post=48731"},{"taxonomy":"make_brand","embeddable":true,"href":"https:\/\/rst-steel.com\/sv\/wp-json\/wp\/v2\/make_brand?post=48731"},{"taxonomy":"make_year","embeddable":true,"href":"https:\/\/rst-steel.com\/sv\/wp-json\/wp\/v2\/make_year?post=48731"},{"taxonomy":"pwb-brand","embeddable":true,"href":"https:\/\/rst-steel.com\/sv\/wp-json\/wp\/v2\/pwb-brand?post=48731"},{"taxonomy":"product_brand","embeddable":true,"href":"https:\/\/rst-steel.com\/sv\/wp-json\/wp\/v2\/product_brand?post=48731"},{"taxonomy":"product_cat","embeddable":true,"href":"https:\/\/rst-steel.com\/sv\/wp-json\/wp\/v2\/product_cat?post=48731"},{"taxonomy":"product_tag","embeddable":true,"href":"https:\/\/rst-steel.com\/sv\/wp-json\/wp\/v2\/product_tag?post=48731"}],"curies":[{"name":"wp","href":"https:\/\/api.w.org\/{rel}","templated":true}]}}