{"id":48786,"date":"2024-11-26T16:02:09","date_gmt":"2024-11-26T13:02:09","guid":{"rendered":"https:\/\/rst-steel.com\/product\/roof-bar-valtra-t-and-n-series-2017-_prm_65624\/"},"modified":"2026-03-16T09:19:39","modified_gmt":"2026-03-16T06:19:39","slug":"takracke-valtra-t-och-n-serie-2017-_prm_65624","status":"publish","type":"product","link":"https:\/\/rst-steel.com\/sv\/produkt\/takracke-valtra-t-och-n-serie-2017-_prm_65624\/","title":{"rendered":"Takb\u00e5ge Valtra T- och N-serie 2017-"},"content":{"rendered":"<div>Takr\u00e4cke till Valtra T- och N-serien 2017-<\/div>\n<ul>\n<li><\/li>\n<\/ul>\n<div><\/div>\n<div><\/div>\n<div>RST-Steels takb\u00e5gar \u00e4r h\u00f6gkvalitativa produkter tillverkade av rostfritt st\u00e5l.<\/div>\n<div><\/div>\n<div>Takb\u00e5garna kan utrustas med extraljus och positionsljus, vilket f\u00f6rb\u00e4ttrar din sikt i trafiken och samtidigt \u00f6kar s\u00e4kerheten f\u00f6r dig sj\u00e4lv och andra trafikanter.<\/div>\n<div><\/div>\n<div><\/div>\n<div><span style=\"font-weight: bold;\">Teknisk information:<\/span><\/div>\n<div><\/div>\n<ul>\n<li>F\u00e4rg: Polerat rostfritt st\u00e5l eller pulverlackerat med RAL-f\u00e4rger<\/li>\n<li>R\u00f6rdiameter: 60 mm<\/li>\n<li>Takb\u00e5gen g\u00e5r runt hela taket<\/li>\n<\/ul>\n<div><\/div>\n<div><\/div>\n<div><span style=\"font-weight: bold;\">Leveransinneh\u00e5ll:<\/span><\/div>\n<div><\/div>\n<ul>\n<li>Takb\u00e5ge<\/li>\n<li>Monteringsf\u00e4sten som beh\u00f6vs f\u00f6r installation<\/li>\n<li>Instruktioner f\u00f6r installation<\/li>\n<\/ul>","protected":false},"excerpt":{"rendered":"<p><span style=\"font-weight: bold;\">Flera modellalternativ tillg\u00e4ngliga!<\/span><\/p>","protected":false},"featured_media":51148,"comment_status":"open","ping_status":"closed","template":"","meta":{"_improvement_type_select":"improve_an_existing","_thumb_yes_seoaic":false,"_frame_yes_seoaic":false,"seoaic_generate_description":"","seoaic_improve_instructions_prompt":"","seoaic_rollback_content_improvement":"","seoaic_idea_thumbnail_generator":"","thumbnail_generated":false,"thumbnail_generate_prompt":"","seoaic_article_description":""},"make_fuel_type":[],"make_model":[6341,6340],"make_brand":[6339],"make_year":[6360],"pwb-brand":[8334],"product_brand":[],"product_cat":[6057,6071,7288],"product_tag":[7549],"class_list":{"0":"post-48786","1":"product","2":"type-product","3":"status-publish","4":"has-post-thumbnail","6":"make_engine-valtra-n104-n174","7":"make_engine-valtra-n135-n175","8":"make_engine-valtra-t144-t254","9":"make_engine-valtra-t145-t235","10":"make_model-valtra-4-series","11":"make_model-valtra-5-series","12":"make_brand-valtra-rstcom","13":"make_year-tractor-com","14":"pwb-brand-brand_rststeel","15":"product_cat-lightbars","16":"product_cat-roofbars-for-tractors","17":"product_cat-valtra-vr-tkk","18":"product_tag-takbage","19":"product_shipping_class-lightbars","21":"first","22":"instock","23":"taxable","24":"shipping-taxable","25":"purchasable","26":"product-type-variable"},"yoast_head":"<!-- This site is optimized with the Yoast SEO plugin v25.7 - https:\/\/yoast.com\/wordpress\/plugins\/seo\/ -->\n<title>Roof Bar Valtra T- and N-Series 2017- RST-Steel<\/title>\n<meta name=\"description\" content=\"Roof Bar for Valtra T- and N-Series 2017-. RST-Steel\u2019s roof bars are high-quality products made of stainless steel. Several model options available!\" \/>\n<meta name=\"robots\" content=\"index, follow, max-snippet:-1, max-image-preview:large, max-video-preview:-1\" \/>\n<link rel=\"canonical\" href=\"https:\/\/rst-steel.com\/sv\/produkt\/takracke-valtra-t-och-n-serie-2017-_prm_65624\/\" \/>\n<meta property=\"og:locale\" content=\"sv_SE\" \/>\n<meta property=\"og:type\" content=\"article\" \/>\n<meta property=\"og:title\" content=\"Roof Bar Valtra T- and N-Series 2017- RST-Steel\" \/>\n<meta property=\"og:description\" content=\"Roof Bar for Valtra T- and N-Series 2017-. RST-Steel\u2019s roof bars are high-quality products made of stainless steel. Several model options available!\" \/>\n<meta property=\"og:url\" content=\"https:\/\/rst-steel.com\/sv\/produkt\/takracke-valtra-t-och-n-serie-2017-_prm_65624\/\" \/>\n<meta property=\"og:site_name\" content=\"RST-Steel\" \/>\n<meta property=\"article:publisher\" content=\"https:\/\/www.facebook.com\/rststeel\" \/>\n<meta property=\"article:modified_time\" content=\"2026-03-16T06:19:39+00:00\" \/>\n<meta property=\"og:image\" content=\"https:\/\/rst-steel.com\/wp-content\/uploads\/2025\/03\/18d2d7d80c3531c59fed5d45f0d232eee7e2ffec_DSC00839-1024x683.jpg\" \/>\n\t<meta property=\"og:image:width\" content=\"1024\" \/>\n\t<meta property=\"og:image:height\" content=\"683\" \/>\n\t<meta property=\"og:image:type\" content=\"image\/jpeg\" \/>\n<meta name=\"twitter:card\" content=\"summary_large_image\" \/>\n<meta name=\"twitter:label1\" content=\"Ber\u00e4knad l\u00e4stid\" \/>\n\t<meta name=\"twitter:data1\" content=\"1 minut\" \/>\n<script type=\"application\/ld+json\" class=\"yoast-schema-graph\">{\"@context\":\"https:\/\/schema.org\",\"@graph\":[{\"@type\":\"WebPage\",\"@id\":\"https:\/\/rst-steel.com\/product\/roof-bar-valtra-t-and-n-series-2017-_prm_65624\/\",\"url\":\"https:\/\/rst-steel.com\/product\/roof-bar-valtra-t-and-n-series-2017-_prm_65624\/\",\"name\":\"Roof Bar Valtra T- and N-Series 2017- RST-Steel\",\"isPartOf\":{\"@id\":\"https:\/\/rst-steel.com\/#website\"},\"primaryImageOfPage\":{\"@id\":\"https:\/\/rst-steel.com\/product\/roof-bar-valtra-t-and-n-series-2017-_prm_65624\/#primaryimage\"},\"image\":{\"@id\":\"https:\/\/rst-steel.com\/product\/roof-bar-valtra-t-and-n-series-2017-_prm_65624\/#primaryimage\"},\"thumbnailUrl\":\"https:\/\/rst-steel.com\/wp-content\/uploads\/2025\/03\/18d2d7d80c3531c59fed5d45f0d232eee7e2ffec_DSC00839.jpg\",\"datePublished\":\"2024-11-26T13:02:09+00:00\",\"dateModified\":\"2026-03-16T06:19:39+00:00\",\"description\":\"Roof Bar for Valtra T- and N-Series 2017-. RST-Steel\u2019s roof bars are high-quality products made of stainless steel. Several model options available!\",\"breadcrumb\":{\"@id\":\"https:\/\/rst-steel.com\/product\/roof-bar-valtra-t-and-n-series-2017-_prm_65624\/#breadcrumb\"},\"inLanguage\":\"sv-SE\",\"potentialAction\":[{\"@type\":\"ReadAction\",\"target\":[\"https:\/\/rst-steel.com\/product\/roof-bar-valtra-t-and-n-series-2017-_prm_65624\/\"]}]},{\"@type\":\"ImageObject\",\"inLanguage\":\"sv-SE\",\"@id\":\"https:\/\/rst-steel.com\/product\/roof-bar-valtra-t-and-n-series-2017-_prm_65624\/#primaryimage\",\"url\":\"https:\/\/rst-steel.com\/wp-content\/uploads\/2025\/03\/18d2d7d80c3531c59fed5d45f0d232eee7e2ffec_DSC00839.jpg\",\"contentUrl\":\"https:\/\/rst-steel.com\/wp-content\/uploads\/2025\/03\/18d2d7d80c3531c59fed5d45f0d232eee7e2ffec_DSC00839.jpg\",\"width\":7952,\"height\":5304,\"caption\":\"Roof Bar Valtra T- and N-Series 2017-\"},{\"@type\":\"BreadcrumbList\",\"@id\":\"https:\/\/rst-steel.com\/product\/roof-bar-valtra-t-and-n-series-2017-_prm_65624\/#breadcrumb\",\"itemListElement\":[{\"@type\":\"ListItem\",\"position\":1,\"name\":\"Home\",\"item\":\"https:\/\/rst-steel.com\/\"},{\"@type\":\"ListItem\",\"position\":2,\"name\":\"RST-Steel Shop\",\"item\":\"https:\/\/rst-steel.com\/shop\/\"},{\"@type\":\"ListItem\",\"position\":3,\"name\":\"Roof Bar Valtra T- and N-Series 2017-\"}]},{\"@type\":\"WebSite\",\"@id\":\"https:\/\/rst-steel.com\/#website\",\"url\":\"https:\/\/rst-steel.com\/\",\"name\":\"RST-Steel.com\",\"description\":\"Finnish quality steel, for quality-conscious drivers\",\"publisher\":{\"@id\":\"https:\/\/rst-steel.com\/#organization\"},\"alternateName\":\"Safe and stylish RST-Steel quality\",\"potentialAction\":[{\"@type\":\"SearchAction\",\"target\":{\"@type\":\"EntryPoint\",\"urlTemplate\":\"https:\/\/rst-steel.com\/?s={search_term_string}\"},\"query-input\":{\"@type\":\"PropertyValueSpecification\",\"valueRequired\":true,\"valueName\":\"search_term_string\"}}],\"inLanguage\":\"sv-SE\"},{\"@type\":\"Organization\",\"@id\":\"https:\/\/rst-steel.com\/#organization\",\"name\":\"RST-Steel Oy\",\"url\":\"https:\/\/rst-steel.com\/\",\"logo\":{\"@type\":\"ImageObject\",\"inLanguage\":\"sv-SE\",\"@id\":\"https:\/\/rst-steel.com\/#\/schema\/logo\/image\/\",\"url\":\"https:\/\/rst-steel.com\/wp-content\/uploads\/2023\/04\/cropped-Rst-logo-valkoinen-teksti-3.png\",\"contentUrl\":\"https:\/\/rst-steel.com\/wp-content\/uploads\/2023\/04\/cropped-Rst-logo-valkoinen-teksti-3.png\",\"width\":512,\"height\":115,\"caption\":\"RST-Steel Oy\"},\"image\":{\"@id\":\"https:\/\/rst-steel.com\/#\/schema\/logo\/image\/\"},\"sameAs\":[\"https:\/\/www.facebook.com\/rststeel\",\"https:\/\/www.instagram.com\/rststeeloy\/\"]}]}<\/script>\n<!-- \/ Yoast SEO plugin. -->","yoast_head_json":{"title":"Takr\u00e4cke Valtra T- och N-serie 2017- RST-Steel","description":"Takb\u00e5ge f\u00f6r Valtra T- och N-serien 2017-. RST-Steel:s takb\u00e5gar \u00e4r h\u00f6gkvalitativa produkter tillverkade av rostfritt st\u00e5l. Flera modellalternativ tillg\u00e4ngliga!","robots":{"index":"index","follow":"follow","max-snippet":"max-snippet:-1","max-image-preview":"max-image-preview:large","max-video-preview":"max-video-preview:-1"},"canonical":"https:\/\/rst-steel.com\/sv\/produkt\/takracke-valtra-t-och-n-serie-2017-_prm_65624\/","og_locale":"sv_SE","og_type":"article","og_title":"Roof Bar Valtra T- and N-Series 2017- RST-Steel","og_description":"Roof Bar for Valtra T- and N-Series 2017-. RST-Steel\u2019s roof bars are high-quality products made of stainless steel. Several model options available!","og_url":"https:\/\/rst-steel.com\/sv\/produkt\/takracke-valtra-t-och-n-serie-2017-_prm_65624\/","og_site_name":"RST-Steel","article_publisher":"https:\/\/www.facebook.com\/rststeel","article_modified_time":"2026-03-16T06:19:39+00:00","og_image":[{"width":1024,"height":683,"url":"https:\/\/rst-steel.com\/wp-content\/uploads\/2025\/03\/18d2d7d80c3531c59fed5d45f0d232eee7e2ffec_DSC00839-1024x683.jpg","type":"image\/jpeg"}],"twitter_card":"summary_large_image","twitter_misc":{"Ber\u00e4knad l\u00e4stid":"1 minut"},"schema":{"@context":"https:\/\/schema.org","@graph":[{"@type":"WebPage","@id":"https:\/\/rst-steel.com\/product\/roof-bar-valtra-t-and-n-series-2017-_prm_65624\/","url":"https:\/\/rst-steel.com\/product\/roof-bar-valtra-t-and-n-series-2017-_prm_65624\/","name":"Takr\u00e4cke Valtra T- och N-serie 2017- RST-Steel","isPartOf":{"@id":"https:\/\/rst-steel.com\/#website"},"primaryImageOfPage":{"@id":"https:\/\/rst-steel.com\/product\/roof-bar-valtra-t-and-n-series-2017-_prm_65624\/#primaryimage"},"image":{"@id":"https:\/\/rst-steel.com\/product\/roof-bar-valtra-t-and-n-series-2017-_prm_65624\/#primaryimage"},"thumbnailUrl":"https:\/\/rst-steel.com\/wp-content\/uploads\/2025\/03\/18d2d7d80c3531c59fed5d45f0d232eee7e2ffec_DSC00839.jpg","datePublished":"2024-11-26T13:02:09+00:00","dateModified":"2026-03-16T06:19:39+00:00","description":"Takb\u00e5ge f\u00f6r Valtra T- och N-serien 2017-. RST-Steel:s takb\u00e5gar \u00e4r h\u00f6gkvalitativa produkter tillverkade av rostfritt st\u00e5l. Flera modellalternativ tillg\u00e4ngliga!","breadcrumb":{"@id":"https:\/\/rst-steel.com\/product\/roof-bar-valtra-t-and-n-series-2017-_prm_65624\/#breadcrumb"},"inLanguage":"sv-SE","potentialAction":[{"@type":"ReadAction","target":["https:\/\/rst-steel.com\/product\/roof-bar-valtra-t-and-n-series-2017-_prm_65624\/"]}]},{"@type":"ImageObject","inLanguage":"sv-SE","@id":"https:\/\/rst-steel.com\/product\/roof-bar-valtra-t-and-n-series-2017-_prm_65624\/#primaryimage","url":"https:\/\/rst-steel.com\/wp-content\/uploads\/2025\/03\/18d2d7d80c3531c59fed5d45f0d232eee7e2ffec_DSC00839.jpg","contentUrl":"https:\/\/rst-steel.com\/wp-content\/uploads\/2025\/03\/18d2d7d80c3531c59fed5d45f0d232eee7e2ffec_DSC00839.jpg","width":7952,"height":5304,"caption":"Roof Bar Valtra T- and N-Series 2017-"},{"@type":"BreadcrumbList","@id":"https:\/\/rst-steel.com\/product\/roof-bar-valtra-t-and-n-series-2017-_prm_65624\/#breadcrumb","itemListElement":[{"@type":"ListItem","position":1,"name":"Home","item":"https:\/\/rst-steel.com\/"},{"@type":"ListItem","position":2,"name":"RST-Steel Shop","item":"https:\/\/rst-steel.com\/shop\/"},{"@type":"ListItem","position":3,"name":"Roof Bar Valtra T- and N-Series 2017-"}]},{"@type":"WebSite","@id":"https:\/\/rst-steel.com\/#website","url":"https:\/\/rst-steel.com\/","name":"RST-Stahl.com","description":"Finskt kvalitetsst\u00e5l, f\u00f6r kvalitetsmedvetna f\u00f6rare","publisher":{"@id":"https:\/\/rst-steel.com\/#organization"},"alternateName":"Safe and stylish RST-Steel quality","potentialAction":[{"@type":"SearchAction","target":{"@type":"EntryPoint","urlTemplate":"https:\/\/rst-steel.com\/?s={search_term_string}"},"query-input":{"@type":"PropertyValueSpecification","valueRequired":true,"valueName":"search_term_string"}}],"inLanguage":"sv-SE"},{"@type":"Organization","@id":"https:\/\/rst-steel.com\/#organization","name":"RST-Steel Oy","url":"https:\/\/rst-steel.com\/","logo":{"@type":"ImageObject","inLanguage":"sv-SE","@id":"https:\/\/rst-steel.com\/#\/schema\/logo\/image\/","url":"https:\/\/rst-steel.com\/wp-content\/uploads\/2023\/04\/cropped-Rst-logo-valkoinen-teksti-3.png","contentUrl":"https:\/\/rst-steel.com\/wp-content\/uploads\/2023\/04\/cropped-Rst-logo-valkoinen-teksti-3.png","width":512,"height":115,"caption":"RST-Steel Oy"},"image":{"@id":"https:\/\/rst-steel.com\/#\/schema\/logo\/image\/"},"sameAs":["https:\/\/www.facebook.com\/rststeel","https:\/\/www.instagram.com\/rststeeloy\/"]}]}},"brands":[{"id":8334,"name":"RST-Steel","slug":"brand_rststeel"}],"_links":{"self":[{"href":"https:\/\/rst-steel.com\/sv\/wp-json\/wp\/v2\/product\/48786","targetHints":{"allow":["GET"]}}],"collection":[{"href":"https:\/\/rst-steel.com\/sv\/wp-json\/wp\/v2\/product"}],"about":[{"href":"https:\/\/rst-steel.com\/sv\/wp-json\/wp\/v2\/types\/product"}],"replies":[{"embeddable":true,"href":"https:\/\/rst-steel.com\/sv\/wp-json\/wp\/v2\/comments?post=48786"}],"version-history":[{"count":0,"href":"https:\/\/rst-steel.com\/sv\/wp-json\/wp\/v2\/product\/48786\/revisions"}],"wp:featuredmedia":[{"embeddable":true,"href":"https:\/\/rst-steel.com\/sv\/wp-json\/wp\/v2\/media\/51148"}],"wp:attachment":[{"href":"https:\/\/rst-steel.com\/sv\/wp-json\/wp\/v2\/media?parent=48786"}],"wp:term":[{"taxonomy":"make_fuel_type","embeddable":true,"href":"https:\/\/rst-steel.com\/sv\/wp-json\/wp\/v2\/make_fuel_type?post=48786"},{"taxonomy":"make_model","embeddable":true,"href":"https:\/\/rst-steel.com\/sv\/wp-json\/wp\/v2\/make_model?post=48786"},{"taxonomy":"make_brand","embeddable":true,"href":"https:\/\/rst-steel.com\/sv\/wp-json\/wp\/v2\/make_brand?post=48786"},{"taxonomy":"make_year","embeddable":true,"href":"https:\/\/rst-steel.com\/sv\/wp-json\/wp\/v2\/make_year?post=48786"},{"taxonomy":"pwb-brand","embeddable":true,"href":"https:\/\/rst-steel.com\/sv\/wp-json\/wp\/v2\/pwb-brand?post=48786"},{"taxonomy":"product_brand","embeddable":true,"href":"https:\/\/rst-steel.com\/sv\/wp-json\/wp\/v2\/product_brand?post=48786"},{"taxonomy":"product_cat","embeddable":true,"href":"https:\/\/rst-steel.com\/sv\/wp-json\/wp\/v2\/product_cat?post=48786"},{"taxonomy":"product_tag","embeddable":true,"href":"https:\/\/rst-steel.com\/sv\/wp-json\/wp\/v2\/product_tag?post=48786"}],"curies":[{"name":"wp","href":"https:\/\/api.w.org\/{rel}","templated":true}]}}