{"id":50588,"date":"2025-03-14T13:42:11","date_gmt":"2025-03-14T10:42:11","guid":{"rendered":"https:\/\/rst-steel.com\/product\/michelin-man-old-school-42cm_pr_80707\/"},"modified":"2026-03-16T09:17:23","modified_gmt":"2026-03-16T06:17:23","slug":"michelin-man-old-school-42cm","status":"publish","type":"product","link":"https:\/\/rst-steel.com\/sv\/produkt\/michelin-man-old-school-42cm\/","title":{"rendered":"Michelinmannen (gamla skolan) 42 cm"},"content":{"rendered":"<p>Michelinmannen (gamla skolan) 42 cm<\/p>\n<ul>\n<li><\/li>\n<\/ul>\n<p>&nbsp;<\/p>\n<p>L\u00e4gg till en touch av ikonisk stil och rolig atmosf\u00e4r i din bil med Michelinmannen! Denna globalt igenk\u00e4nnbara maskot har alltid varit popul\u00e4r och kommer troligen att forts\u00e4tta vara det i m\u00e5nga \u00e5r fram\u00f6ver!<\/p>\n<p>&nbsp;<\/p>\n<p>Michelinmannens h\u00f6jd \u00e4r 42 cm, vilket \u00e4r 2 cm h\u00f6gre \u00e4n den ursprungliga Michelinmannen med den bl\u00e5 randen!<\/p>\n<ul>\n<li><\/li>\n<\/ul>\n<p>&nbsp;<\/p>\n<p><span style=\"font-weight: bold;\">Tekniska specifikationer<\/span><\/p>\n<ul>\n<li>H\u00f6jd: 42 cm<\/li>\n<li>Material: Plast<\/li>\n<li>F\u00e4rg: Vit<\/li>\n<\/ul>","protected":false},"excerpt":{"rendered":"<div><span style=\"font-weight: bold;\">Legendarisk \"Old School\" Michelin Man med en snygg gul\/svart rand!<\/span><\/div>","protected":false},"featured_media":50587,"comment_status":"open","ping_status":"closed","template":"","meta":{"_improvement_type_select":"improve_an_existing","_thumb_yes_seoaic":false,"_frame_yes_seoaic":false,"seoaic_generate_description":"","seoaic_improve_instructions_prompt":"","seoaic_rollback_content_improvement":"","seoaic_idea_thumbnail_generator":"","thumbnail_generated":false,"thumbnail_generate_prompt":"","seoaic_article_description":""},"make_fuel_type":[],"make_model":[],"make_brand":[],"make_year":[],"pwb-brand":[],"product_brand":[],"product_cat":[6097,6108],"product_tag":[],"class_list":{"0":"post-50588","1":"product","2":"type-product","3":"status-publish","4":"has-post-thumbnail","6":"product_cat-cabin-inside","7":"product_cat-decorations","9":"first","10":"instock","11":"taxable","12":"shipping-taxable","13":"purchasable","14":"product-type-simple"},"yoast_head":"<!-- This site is optimized with the Yoast SEO plugin v25.7 - https:\/\/yoast.com\/wordpress\/plugins\/seo\/ -->\n<title>Michelin Man (Old School) 42cm - RST-Steel<\/title>\n<meta name=\"description\" content=\"Legendary &quot;Old School&quot; Michelin Man 42cm with a stylish yellow\/black stripe! Add iconic style to your car with this Michelin Man!\" \/>\n<meta name=\"robots\" content=\"index, follow, max-snippet:-1, max-image-preview:large, max-video-preview:-1\" \/>\n<link rel=\"canonical\" href=\"https:\/\/rst-steel.com\/sv\/produkt\/michelin-man-old-school-42cm\/\" \/>\n<meta property=\"og:locale\" content=\"sv_SE\" \/>\n<meta property=\"og:type\" content=\"article\" \/>\n<meta property=\"og:title\" content=\"Michelin Man (Old School) 42cm - RST-Steel\" \/>\n<meta property=\"og:description\" content=\"Legendary &quot;Old School&quot; Michelin Man 42cm with a stylish yellow\/black stripe! Add iconic style to your car with this Michelin Man!\" \/>\n<meta property=\"og:url\" content=\"https:\/\/rst-steel.com\/sv\/produkt\/michelin-man-old-school-42cm\/\" \/>\n<meta property=\"og:site_name\" content=\"RST-Steel\" \/>\n<meta property=\"article:publisher\" content=\"https:\/\/www.facebook.com\/rststeel\" \/>\n<meta property=\"article:modified_time\" content=\"2026-03-16T06:17:23+00:00\" \/>\n<meta property=\"og:image\" content=\"https:\/\/rst-steel.com\/wp-content\/uploads\/2025\/03\/2f535f0db89ffca8e50f19c827750c2cdd3f9115_1081_0004_Tuotekuva.jpg\" \/>\n\t<meta property=\"og:image:width\" content=\"600\" \/>\n\t<meta property=\"og:image:height\" content=\"450\" \/>\n\t<meta property=\"og:image:type\" content=\"image\/jpeg\" \/>\n<meta name=\"twitter:card\" content=\"summary_large_image\" \/>\n<meta name=\"twitter:label1\" content=\"Ber\u00e4knad l\u00e4stid\" \/>\n\t<meta name=\"twitter:data1\" content=\"1 minut\" \/>\n<script type=\"application\/ld+json\" class=\"yoast-schema-graph\">{\"@context\":\"https:\/\/schema.org\",\"@graph\":[{\"@type\":\"WebPage\",\"@id\":\"https:\/\/rst-steel.com\/product\/michelin-man-old-school-42cm\/\",\"url\":\"https:\/\/rst-steel.com\/product\/michelin-man-old-school-42cm\/\",\"name\":\"Michelin Man (Old School) 42cm - RST-Steel\",\"isPartOf\":{\"@id\":\"https:\/\/rst-steel.com\/#website\"},\"primaryImageOfPage\":{\"@id\":\"https:\/\/rst-steel.com\/product\/michelin-man-old-school-42cm\/#primaryimage\"},\"image\":{\"@id\":\"https:\/\/rst-steel.com\/product\/michelin-man-old-school-42cm\/#primaryimage\"},\"thumbnailUrl\":\"https:\/\/rst-steel.com\/wp-content\/uploads\/2025\/03\/2f535f0db89ffca8e50f19c827750c2cdd3f9115_1081_0004_Tuotekuva.jpg\",\"datePublished\":\"2025-03-14T10:42:11+00:00\",\"dateModified\":\"2026-03-16T06:17:23+00:00\",\"description\":\"Legendary \\\"Old School\\\" Michelin Man 42cm with a stylish yellow\/black stripe! Add iconic style to your car with this Michelin Man!\",\"breadcrumb\":{\"@id\":\"https:\/\/rst-steel.com\/product\/michelin-man-old-school-42cm\/#breadcrumb\"},\"inLanguage\":\"sv-SE\",\"potentialAction\":[{\"@type\":\"ReadAction\",\"target\":[\"https:\/\/rst-steel.com\/product\/michelin-man-old-school-42cm\/\"]}]},{\"@type\":\"ImageObject\",\"inLanguage\":\"sv-SE\",\"@id\":\"https:\/\/rst-steel.com\/product\/michelin-man-old-school-42cm\/#primaryimage\",\"url\":\"https:\/\/rst-steel.com\/wp-content\/uploads\/2025\/03\/2f535f0db89ffca8e50f19c827750c2cdd3f9115_1081_0004_Tuotekuva.jpg\",\"contentUrl\":\"https:\/\/rst-steel.com\/wp-content\/uploads\/2025\/03\/2f535f0db89ffca8e50f19c827750c2cdd3f9115_1081_0004_Tuotekuva.jpg\",\"width\":600,\"height\":450},{\"@type\":\"BreadcrumbList\",\"@id\":\"https:\/\/rst-steel.com\/product\/michelin-man-old-school-42cm\/#breadcrumb\",\"itemListElement\":[{\"@type\":\"ListItem\",\"position\":1,\"name\":\"Home\",\"item\":\"https:\/\/rst-steel.com\/\"},{\"@type\":\"ListItem\",\"position\":2,\"name\":\"RST-Steel Shop\",\"item\":\"https:\/\/rst-steel.com\/shop\/\"},{\"@type\":\"ListItem\",\"position\":3,\"name\":\"Michelin Man (Old School) 42cm\"}]},{\"@type\":\"WebSite\",\"@id\":\"https:\/\/rst-steel.com\/#website\",\"url\":\"https:\/\/rst-steel.com\/\",\"name\":\"RST-Steel.com\",\"description\":\"Finnish quality steel, for quality-conscious drivers\",\"publisher\":{\"@id\":\"https:\/\/rst-steel.com\/#organization\"},\"alternateName\":\"Safe and stylish RST-Steel quality\",\"potentialAction\":[{\"@type\":\"SearchAction\",\"target\":{\"@type\":\"EntryPoint\",\"urlTemplate\":\"https:\/\/rst-steel.com\/?s={search_term_string}\"},\"query-input\":{\"@type\":\"PropertyValueSpecification\",\"valueRequired\":true,\"valueName\":\"search_term_string\"}}],\"inLanguage\":\"sv-SE\"},{\"@type\":\"Organization\",\"@id\":\"https:\/\/rst-steel.com\/#organization\",\"name\":\"RST-Steel Oy\",\"url\":\"https:\/\/rst-steel.com\/\",\"logo\":{\"@type\":\"ImageObject\",\"inLanguage\":\"sv-SE\",\"@id\":\"https:\/\/rst-steel.com\/#\/schema\/logo\/image\/\",\"url\":\"https:\/\/rst-steel.com\/wp-content\/uploads\/2023\/04\/cropped-Rst-logo-valkoinen-teksti-3.png\",\"contentUrl\":\"https:\/\/rst-steel.com\/wp-content\/uploads\/2023\/04\/cropped-Rst-logo-valkoinen-teksti-3.png\",\"width\":512,\"height\":115,\"caption\":\"RST-Steel Oy\"},\"image\":{\"@id\":\"https:\/\/rst-steel.com\/#\/schema\/logo\/image\/\"},\"sameAs\":[\"https:\/\/www.facebook.com\/rststeel\",\"https:\/\/www.instagram.com\/rststeeloy\/\"]}]}<\/script>\n<!-- \/ Yoast SEO plugin. -->","yoast_head_json":{"title":"Michelinmannen (gamla skolan) 42 cm - RST-Steel","description":"Legendarisk \"Old School\" Michelin Man 42cm med en snygg gul\/svart rand! L\u00e4gg till ikonisk stil till din bil med denna Michelin Man!","robots":{"index":"index","follow":"follow","max-snippet":"max-snippet:-1","max-image-preview":"max-image-preview:large","max-video-preview":"max-video-preview:-1"},"canonical":"https:\/\/rst-steel.com\/sv\/produkt\/michelin-man-old-school-42cm\/","og_locale":"sv_SE","og_type":"article","og_title":"Michelin Man (Old School) 42cm - RST-Steel","og_description":"Legendary \"Old School\" Michelin Man 42cm with a stylish yellow\/black stripe! Add iconic style to your car with this Michelin Man!","og_url":"https:\/\/rst-steel.com\/sv\/produkt\/michelin-man-old-school-42cm\/","og_site_name":"RST-Steel","article_publisher":"https:\/\/www.facebook.com\/rststeel","article_modified_time":"2026-03-16T06:17:23+00:00","og_image":[{"width":600,"height":450,"url":"https:\/\/rst-steel.com\/wp-content\/uploads\/2025\/03\/2f535f0db89ffca8e50f19c827750c2cdd3f9115_1081_0004_Tuotekuva.jpg","type":"image\/jpeg"}],"twitter_card":"summary_large_image","twitter_misc":{"Ber\u00e4knad l\u00e4stid":"1 minut"},"schema":{"@context":"https:\/\/schema.org","@graph":[{"@type":"WebPage","@id":"https:\/\/rst-steel.com\/product\/michelin-man-old-school-42cm\/","url":"https:\/\/rst-steel.com\/product\/michelin-man-old-school-42cm\/","name":"Michelinmannen (gamla skolan) 42 cm - RST-Steel","isPartOf":{"@id":"https:\/\/rst-steel.com\/#website"},"primaryImageOfPage":{"@id":"https:\/\/rst-steel.com\/product\/michelin-man-old-school-42cm\/#primaryimage"},"image":{"@id":"https:\/\/rst-steel.com\/product\/michelin-man-old-school-42cm\/#primaryimage"},"thumbnailUrl":"https:\/\/rst-steel.com\/wp-content\/uploads\/2025\/03\/2f535f0db89ffca8e50f19c827750c2cdd3f9115_1081_0004_Tuotekuva.jpg","datePublished":"2025-03-14T10:42:11+00:00","dateModified":"2026-03-16T06:17:23+00:00","description":"Legendarisk \"Old School\" Michelin Man 42cm med en snygg gul\/svart rand! L\u00e4gg till ikonisk stil till din bil med denna Michelin Man!","breadcrumb":{"@id":"https:\/\/rst-steel.com\/product\/michelin-man-old-school-42cm\/#breadcrumb"},"inLanguage":"sv-SE","potentialAction":[{"@type":"ReadAction","target":["https:\/\/rst-steel.com\/product\/michelin-man-old-school-42cm\/"]}]},{"@type":"ImageObject","inLanguage":"sv-SE","@id":"https:\/\/rst-steel.com\/product\/michelin-man-old-school-42cm\/#primaryimage","url":"https:\/\/rst-steel.com\/wp-content\/uploads\/2025\/03\/2f535f0db89ffca8e50f19c827750c2cdd3f9115_1081_0004_Tuotekuva.jpg","contentUrl":"https:\/\/rst-steel.com\/wp-content\/uploads\/2025\/03\/2f535f0db89ffca8e50f19c827750c2cdd3f9115_1081_0004_Tuotekuva.jpg","width":600,"height":450},{"@type":"BreadcrumbList","@id":"https:\/\/rst-steel.com\/product\/michelin-man-old-school-42cm\/#breadcrumb","itemListElement":[{"@type":"ListItem","position":1,"name":"Home","item":"https:\/\/rst-steel.com\/"},{"@type":"ListItem","position":2,"name":"RST-Steel Shop","item":"https:\/\/rst-steel.com\/shop\/"},{"@type":"ListItem","position":3,"name":"Michelin Man (Old School) 42cm"}]},{"@type":"WebSite","@id":"https:\/\/rst-steel.com\/#website","url":"https:\/\/rst-steel.com\/","name":"RST-Stahl.com","description":"Finskt kvalitetsst\u00e5l, f\u00f6r kvalitetsmedvetna f\u00f6rare","publisher":{"@id":"https:\/\/rst-steel.com\/#organization"},"alternateName":"Safe and stylish RST-Steel quality","potentialAction":[{"@type":"SearchAction","target":{"@type":"EntryPoint","urlTemplate":"https:\/\/rst-steel.com\/?s={search_term_string}"},"query-input":{"@type":"PropertyValueSpecification","valueRequired":true,"valueName":"search_term_string"}}],"inLanguage":"sv-SE"},{"@type":"Organization","@id":"https:\/\/rst-steel.com\/#organization","name":"RST-Steel Oy","url":"https:\/\/rst-steel.com\/","logo":{"@type":"ImageObject","inLanguage":"sv-SE","@id":"https:\/\/rst-steel.com\/#\/schema\/logo\/image\/","url":"https:\/\/rst-steel.com\/wp-content\/uploads\/2023\/04\/cropped-Rst-logo-valkoinen-teksti-3.png","contentUrl":"https:\/\/rst-steel.com\/wp-content\/uploads\/2023\/04\/cropped-Rst-logo-valkoinen-teksti-3.png","width":512,"height":115,"caption":"RST-Steel Oy"},"image":{"@id":"https:\/\/rst-steel.com\/#\/schema\/logo\/image\/"},"sameAs":["https:\/\/www.facebook.com\/rststeel","https:\/\/www.instagram.com\/rststeeloy\/"]}]}},"brands":[],"_links":{"self":[{"href":"https:\/\/rst-steel.com\/sv\/wp-json\/wp\/v2\/product\/50588","targetHints":{"allow":["GET"]}}],"collection":[{"href":"https:\/\/rst-steel.com\/sv\/wp-json\/wp\/v2\/product"}],"about":[{"href":"https:\/\/rst-steel.com\/sv\/wp-json\/wp\/v2\/types\/product"}],"replies":[{"embeddable":true,"href":"https:\/\/rst-steel.com\/sv\/wp-json\/wp\/v2\/comments?post=50588"}],"version-history":[{"count":0,"href":"https:\/\/rst-steel.com\/sv\/wp-json\/wp\/v2\/product\/50588\/revisions"}],"wp:featuredmedia":[{"embeddable":true,"href":"https:\/\/rst-steel.com\/sv\/wp-json\/wp\/v2\/media\/50587"}],"wp:attachment":[{"href":"https:\/\/rst-steel.com\/sv\/wp-json\/wp\/v2\/media?parent=50588"}],"wp:term":[{"taxonomy":"make_fuel_type","embeddable":true,"href":"https:\/\/rst-steel.com\/sv\/wp-json\/wp\/v2\/make_fuel_type?post=50588"},{"taxonomy":"make_model","embeddable":true,"href":"https:\/\/rst-steel.com\/sv\/wp-json\/wp\/v2\/make_model?post=50588"},{"taxonomy":"make_brand","embeddable":true,"href":"https:\/\/rst-steel.com\/sv\/wp-json\/wp\/v2\/make_brand?post=50588"},{"taxonomy":"make_year","embeddable":true,"href":"https:\/\/rst-steel.com\/sv\/wp-json\/wp\/v2\/make_year?post=50588"},{"taxonomy":"pwb-brand","embeddable":true,"href":"https:\/\/rst-steel.com\/sv\/wp-json\/wp\/v2\/pwb-brand?post=50588"},{"taxonomy":"product_brand","embeddable":true,"href":"https:\/\/rst-steel.com\/sv\/wp-json\/wp\/v2\/product_brand?post=50588"},{"taxonomy":"product_cat","embeddable":true,"href":"https:\/\/rst-steel.com\/sv\/wp-json\/wp\/v2\/product_cat?post=50588"},{"taxonomy":"product_tag","embeddable":true,"href":"https:\/\/rst-steel.com\/sv\/wp-json\/wp\/v2\/product_tag?post=50588"}],"curies":[{"name":"wp","href":"https:\/\/api.w.org\/{rel}","templated":true}]}}