{"id":50778,"date":"2025-03-18T13:48:12","date_gmt":"2025-03-18T10:48:12","guid":{"rendered":"https:\/\/rst-steel.com\/product\/small-front-bar-ford-transit-custom-2023-_prm_76403\/"},"modified":"2026-03-16T09:19:29","modified_gmt":"2026-03-16T06:19:29","slug":"liten-frontbage-ford-transit-custom-2023-_prm_76403","status":"publish","type":"product","link":"https:\/\/rst-steel.com\/sv\/produkt\/liten-frontbage-ford-transit-custom-2023-_prm_76403\/","title":{"rendered":"Frontb\u00e5ge Ford Transit Custom 2023-"},"content":{"rendered":"<p><span style=\"font-weight: bold\">Frontb\u00e5ge Ford Transit Custom 2023-<\/span><\/p>\n<ul>\n<li><\/li>\n<\/ul>\n<p><\/p>\n<p>High-Quality front Bar for Ford Transit Custom Models.&nbsp;Fits 2023 and newer vehicles. <\/p>\n<p><span style=\"font-weight: bold\">Kompatibel med parkeringssensorer!<\/span><\/p>\n<div><\/div>\n<p>Tillverkad av 60 mm rostfritt st\u00e5lr\u00f6r med ett robust monteringssystem som f\u00e4sts i fordonets skyddsb\u00e5ge.<\/p>\n<p><span style=\"font-weight: 700\"><br \/><\/span><\/p>\n<p><span style=\"font-weight: 700\">OBS! Frontb\u00e5gen \u00e4r inte EU-godk\u00e4nd.<\/span><\/p>\n<p><span style=\"font-weight: 700\">I paketet ing\u00e5r monteringsutrustning och installationsanvisningar!<\/span><\/p>\n<ul>\n<li><span style=\"font-weight: 700\"><br \/><\/span><\/li>\n<\/ul>\n<p><span style=\"font-weight: 700\"><br \/><\/span><\/p>\n<p><span style=\"font-weight: 700\">Teknisk information:<\/span><\/p>\n<ul>\n<li>F\u00e4rg: Polerat rostfritt st\u00e5l<\/li>\n<li>R\u00f6rdiameter: 60 mm<\/li>\n<li>Ljusf\u00e4sten 3 st.<\/li>\n<li>Vikt: 6,2 kg<\/li>\n<li><\/li>\n<\/ul>\n<p><\/p>\n<p><span style=\"font-weight: bold\">Leveransinneh\u00e5ll:<\/span><\/p>\n<ul>\n<li>Liten Front bar<\/li>\n<li>Monteringsf\u00e4sten som beh\u00f6vs f\u00f6r installation<\/li>\n<li>Instruktioner f\u00f6r installation<\/li>\n<\/ul>\n<h3>Inkluderade produkter<\/h3>\n<ul id=\"pim-included-kit-products\">\n<li>Small Front Bar Ford Transit Custom 2023- : 1<\/li>\n<\/ul>","protected":false},"excerpt":{"rendered":"<p><span style=\"font-weight: bold\">Passar 2023 och nyare Transit Custom-modeller!<\/span><\/p>","protected":false},"featured_media":50777,"comment_status":"open","ping_status":"closed","template":"","meta":{"_improvement_type_select":"improve_an_existing","_thumb_yes_seoaic":false,"_frame_yes_seoaic":false,"seoaic_generate_description":"","seoaic_improve_instructions_prompt":"","seoaic_rollback_content_improvement":"","seoaic_idea_thumbnail_generator":"","thumbnail_generated":false,"thumbnail_generate_prompt":"","seoaic_article_description":""},"make_fuel_type":[],"make_model":[7593],"make_brand":[7592],"make_year":[6373],"pwb-brand":[8348],"product_brand":[],"product_cat":[8050,6057,6062],"product_tag":[8503],"class_list":{"0":"post-50778","1":"product","2":"type-product","3":"status-publish","4":"has-post-thumbnail","6":"make_engine-transit-custom-l1h1","7":"make_engine-transit-custom-l1h2","8":"make_engine-transit-custom-l2h2","9":"make_model-transit-custom-23","10":"make_brand-ford-van","11":"make_year-van","12":"pwb-brand-brand_metec","13":"product_cat-ford-fb","14":"product_cat-lightbars","15":"product_cat-frontbars-for-vans","16":"product_tag-ford-transit","17":"product_shipping_class-lightbars","19":"first","20":"instock","21":"taxable","22":"shipping-taxable","23":"purchasable","24":"product-type-variable"},"yoast_head":"<!-- This site is optimized with the Yoast SEO plugin v25.7 - https:\/\/yoast.com\/wordpress\/plugins\/seo\/ -->\n<title>Small Front Bar Ford Transit Custom 2023- RST-Steel<\/title>\n<meta name=\"description\" content=\"Small Front Bar for Ford Transit Custom 2023- and newer models. Compatible with parking sensors. Check out this product and get yours today!\" \/>\n<meta name=\"robots\" content=\"index, follow, max-snippet:-1, max-image-preview:large, max-video-preview:-1\" \/>\n<link rel=\"canonical\" href=\"https:\/\/rst-steel.com\/sv\/produkt\/liten-frontbage-ford-transit-custom-2023-_prm_76403\/\" \/>\n<meta property=\"og:locale\" content=\"sv_SE\" \/>\n<meta property=\"og:type\" content=\"article\" \/>\n<meta property=\"og:title\" content=\"Small Front Bar Ford Transit Custom 2023- RST-Steel\" \/>\n<meta property=\"og:description\" content=\"Small Front Bar for Ford Transit Custom 2023- and newer models. Compatible with parking sensors. Check out this product and get yours today!\" \/>\n<meta property=\"og:url\" content=\"https:\/\/rst-steel.com\/sv\/produkt\/liten-frontbage-ford-transit-custom-2023-_prm_76403\/\" \/>\n<meta property=\"og:site_name\" content=\"RST-Steel\" \/>\n<meta property=\"article:publisher\" content=\"https:\/\/www.facebook.com\/rststeel\" \/>\n<meta property=\"article:modified_time\" content=\"2026-03-16T06:19:29+00:00\" \/>\n<meta property=\"og:image\" content=\"https:\/\/rst-steel.com\/wp-content\/uploads\/2025\/03\/6a82e4d97807db814450763fc8958bbe6b6688f0_1853_20015_001.jpg\" \/>\n\t<meta property=\"og:image:width\" content=\"800\" \/>\n\t<meta property=\"og:image:height\" content=\"600\" \/>\n\t<meta property=\"og:image:type\" content=\"image\/jpeg\" \/>\n<meta name=\"twitter:card\" content=\"summary_large_image\" \/>\n<meta name=\"twitter:label1\" content=\"Ber\u00e4knad l\u00e4stid\" \/>\n\t<meta name=\"twitter:data1\" content=\"1 minut\" \/>\n<script type=\"application\/ld+json\" class=\"yoast-schema-graph\">{\"@context\":\"https:\/\/schema.org\",\"@graph\":[{\"@type\":\"WebPage\",\"@id\":\"https:\/\/rst-steel.com\/product\/small-front-bar-ford-transit-custom-2023-_prm_76403\/\",\"url\":\"https:\/\/rst-steel.com\/product\/small-front-bar-ford-transit-custom-2023-_prm_76403\/\",\"name\":\"Small Front Bar Ford Transit Custom 2023- RST-Steel\",\"isPartOf\":{\"@id\":\"https:\/\/rst-steel.com\/#website\"},\"primaryImageOfPage\":{\"@id\":\"https:\/\/rst-steel.com\/product\/small-front-bar-ford-transit-custom-2023-_prm_76403\/#primaryimage\"},\"image\":{\"@id\":\"https:\/\/rst-steel.com\/product\/small-front-bar-ford-transit-custom-2023-_prm_76403\/#primaryimage\"},\"thumbnailUrl\":\"https:\/\/rst-steel.com\/wp-content\/uploads\/2025\/03\/6a82e4d97807db814450763fc8958bbe6b6688f0_1853_20015_001.jpg\",\"datePublished\":\"2025-03-18T10:48:12+00:00\",\"dateModified\":\"2026-03-16T06:19:29+00:00\",\"description\":\"Small Front Bar for Ford Transit Custom 2023- and newer models. Compatible with parking sensors. Check out this product and get yours today!\",\"breadcrumb\":{\"@id\":\"https:\/\/rst-steel.com\/product\/small-front-bar-ford-transit-custom-2023-_prm_76403\/#breadcrumb\"},\"inLanguage\":\"sv-SE\",\"potentialAction\":[{\"@type\":\"ReadAction\",\"target\":[\"https:\/\/rst-steel.com\/product\/small-front-bar-ford-transit-custom-2023-_prm_76403\/\"]}]},{\"@type\":\"ImageObject\",\"inLanguage\":\"sv-SE\",\"@id\":\"https:\/\/rst-steel.com\/product\/small-front-bar-ford-transit-custom-2023-_prm_76403\/#primaryimage\",\"url\":\"https:\/\/rst-steel.com\/wp-content\/uploads\/2025\/03\/6a82e4d97807db814450763fc8958bbe6b6688f0_1853_20015_001.jpg\",\"contentUrl\":\"https:\/\/rst-steel.com\/wp-content\/uploads\/2025\/03\/6a82e4d97807db814450763fc8958bbe6b6688f0_1853_20015_001.jpg\",\"width\":800,\"height\":600,\"caption\":\"Small Front Bar Ford Transit Custom 2023-\"},{\"@type\":\"BreadcrumbList\",\"@id\":\"https:\/\/rst-steel.com\/product\/small-front-bar-ford-transit-custom-2023-_prm_76403\/#breadcrumb\",\"itemListElement\":[{\"@type\":\"ListItem\",\"position\":1,\"name\":\"Home\",\"item\":\"https:\/\/rst-steel.com\/\"},{\"@type\":\"ListItem\",\"position\":2,\"name\":\"RST-Steel Shop\",\"item\":\"https:\/\/rst-steel.com\/shop\/\"},{\"@type\":\"ListItem\",\"position\":3,\"name\":\"Small Front Bar Ford Transit Custom 2023-\"}]},{\"@type\":\"WebSite\",\"@id\":\"https:\/\/rst-steel.com\/#website\",\"url\":\"https:\/\/rst-steel.com\/\",\"name\":\"RST-Steel.com\",\"description\":\"Finnish quality steel, for quality-conscious drivers\",\"publisher\":{\"@id\":\"https:\/\/rst-steel.com\/#organization\"},\"alternateName\":\"Safe and stylish RST-Steel quality\",\"potentialAction\":[{\"@type\":\"SearchAction\",\"target\":{\"@type\":\"EntryPoint\",\"urlTemplate\":\"https:\/\/rst-steel.com\/?s={search_term_string}\"},\"query-input\":{\"@type\":\"PropertyValueSpecification\",\"valueRequired\":true,\"valueName\":\"search_term_string\"}}],\"inLanguage\":\"sv-SE\"},{\"@type\":\"Organization\",\"@id\":\"https:\/\/rst-steel.com\/#organization\",\"name\":\"RST-Steel Oy\",\"url\":\"https:\/\/rst-steel.com\/\",\"logo\":{\"@type\":\"ImageObject\",\"inLanguage\":\"sv-SE\",\"@id\":\"https:\/\/rst-steel.com\/#\/schema\/logo\/image\/\",\"url\":\"https:\/\/rst-steel.com\/wp-content\/uploads\/2023\/04\/cropped-Rst-logo-valkoinen-teksti-3.png\",\"contentUrl\":\"https:\/\/rst-steel.com\/wp-content\/uploads\/2023\/04\/cropped-Rst-logo-valkoinen-teksti-3.png\",\"width\":512,\"height\":115,\"caption\":\"RST-Steel Oy\"},\"image\":{\"@id\":\"https:\/\/rst-steel.com\/#\/schema\/logo\/image\/\"},\"sameAs\":[\"https:\/\/www.facebook.com\/rststeel\",\"https:\/\/www.instagram.com\/rststeeloy\/\"]}]}<\/script>\n<!-- \/ Yoast SEO plugin. -->","yoast_head_json":{"title":"Liten frontb\u00e5ge Ford Transit Custom 2023- RST-Steel","description":"Liten frontb\u00e5ge till Ford Transit Custom 2023- och nyare modeller. Kompatibel med parkeringssensorer. Kolla in den h\u00e4r produkten och skaffa din idag!","robots":{"index":"index","follow":"follow","max-snippet":"max-snippet:-1","max-image-preview":"max-image-preview:large","max-video-preview":"max-video-preview:-1"},"canonical":"https:\/\/rst-steel.com\/sv\/produkt\/liten-frontbage-ford-transit-custom-2023-_prm_76403\/","og_locale":"sv_SE","og_type":"article","og_title":"Small Front Bar Ford Transit Custom 2023- RST-Steel","og_description":"Small Front Bar for Ford Transit Custom 2023- and newer models. Compatible with parking sensors. Check out this product and get yours today!","og_url":"https:\/\/rst-steel.com\/sv\/produkt\/liten-frontbage-ford-transit-custom-2023-_prm_76403\/","og_site_name":"RST-Steel","article_publisher":"https:\/\/www.facebook.com\/rststeel","article_modified_time":"2026-03-16T06:19:29+00:00","og_image":[{"width":800,"height":600,"url":"https:\/\/rst-steel.com\/wp-content\/uploads\/2025\/03\/6a82e4d97807db814450763fc8958bbe6b6688f0_1853_20015_001.jpg","type":"image\/jpeg"}],"twitter_card":"summary_large_image","twitter_misc":{"Ber\u00e4knad l\u00e4stid":"1 minut"},"schema":{"@context":"https:\/\/schema.org","@graph":[{"@type":"WebPage","@id":"https:\/\/rst-steel.com\/product\/small-front-bar-ford-transit-custom-2023-_prm_76403\/","url":"https:\/\/rst-steel.com\/product\/small-front-bar-ford-transit-custom-2023-_prm_76403\/","name":"Liten frontb\u00e5ge Ford Transit Custom 2023- RST-Steel","isPartOf":{"@id":"https:\/\/rst-steel.com\/#website"},"primaryImageOfPage":{"@id":"https:\/\/rst-steel.com\/product\/small-front-bar-ford-transit-custom-2023-_prm_76403\/#primaryimage"},"image":{"@id":"https:\/\/rst-steel.com\/product\/small-front-bar-ford-transit-custom-2023-_prm_76403\/#primaryimage"},"thumbnailUrl":"https:\/\/rst-steel.com\/wp-content\/uploads\/2025\/03\/6a82e4d97807db814450763fc8958bbe6b6688f0_1853_20015_001.jpg","datePublished":"2025-03-18T10:48:12+00:00","dateModified":"2026-03-16T06:19:29+00:00","description":"Liten frontb\u00e5ge till Ford Transit Custom 2023- och nyare modeller. Kompatibel med parkeringssensorer. Kolla in den h\u00e4r produkten och skaffa din idag!","breadcrumb":{"@id":"https:\/\/rst-steel.com\/product\/small-front-bar-ford-transit-custom-2023-_prm_76403\/#breadcrumb"},"inLanguage":"sv-SE","potentialAction":[{"@type":"ReadAction","target":["https:\/\/rst-steel.com\/product\/small-front-bar-ford-transit-custom-2023-_prm_76403\/"]}]},{"@type":"ImageObject","inLanguage":"sv-SE","@id":"https:\/\/rst-steel.com\/product\/small-front-bar-ford-transit-custom-2023-_prm_76403\/#primaryimage","url":"https:\/\/rst-steel.com\/wp-content\/uploads\/2025\/03\/6a82e4d97807db814450763fc8958bbe6b6688f0_1853_20015_001.jpg","contentUrl":"https:\/\/rst-steel.com\/wp-content\/uploads\/2025\/03\/6a82e4d97807db814450763fc8958bbe6b6688f0_1853_20015_001.jpg","width":800,"height":600,"caption":"Small Front Bar Ford Transit Custom 2023-"},{"@type":"BreadcrumbList","@id":"https:\/\/rst-steel.com\/product\/small-front-bar-ford-transit-custom-2023-_prm_76403\/#breadcrumb","itemListElement":[{"@type":"ListItem","position":1,"name":"Home","item":"https:\/\/rst-steel.com\/"},{"@type":"ListItem","position":2,"name":"RST-Steel Shop","item":"https:\/\/rst-steel.com\/shop\/"},{"@type":"ListItem","position":3,"name":"Small Front Bar Ford Transit Custom 2023-"}]},{"@type":"WebSite","@id":"https:\/\/rst-steel.com\/#website","url":"https:\/\/rst-steel.com\/","name":"RST-Stahl.com","description":"Finskt kvalitetsst\u00e5l, f\u00f6r kvalitetsmedvetna f\u00f6rare","publisher":{"@id":"https:\/\/rst-steel.com\/#organization"},"alternateName":"Safe and stylish RST-Steel quality","potentialAction":[{"@type":"SearchAction","target":{"@type":"EntryPoint","urlTemplate":"https:\/\/rst-steel.com\/?s={search_term_string}"},"query-input":{"@type":"PropertyValueSpecification","valueRequired":true,"valueName":"search_term_string"}}],"inLanguage":"sv-SE"},{"@type":"Organization","@id":"https:\/\/rst-steel.com\/#organization","name":"RST-Steel Oy","url":"https:\/\/rst-steel.com\/","logo":{"@type":"ImageObject","inLanguage":"sv-SE","@id":"https:\/\/rst-steel.com\/#\/schema\/logo\/image\/","url":"https:\/\/rst-steel.com\/wp-content\/uploads\/2023\/04\/cropped-Rst-logo-valkoinen-teksti-3.png","contentUrl":"https:\/\/rst-steel.com\/wp-content\/uploads\/2023\/04\/cropped-Rst-logo-valkoinen-teksti-3.png","width":512,"height":115,"caption":"RST-Steel Oy"},"image":{"@id":"https:\/\/rst-steel.com\/#\/schema\/logo\/image\/"},"sameAs":["https:\/\/www.facebook.com\/rststeel","https:\/\/www.instagram.com\/rststeeloy\/"]}]}},"brands":[{"id":8348,"name":"Metec","slug":"brand_metec"}],"_links":{"self":[{"href":"https:\/\/rst-steel.com\/sv\/wp-json\/wp\/v2\/product\/50778","targetHints":{"allow":["GET"]}}],"collection":[{"href":"https:\/\/rst-steel.com\/sv\/wp-json\/wp\/v2\/product"}],"about":[{"href":"https:\/\/rst-steel.com\/sv\/wp-json\/wp\/v2\/types\/product"}],"replies":[{"embeddable":true,"href":"https:\/\/rst-steel.com\/sv\/wp-json\/wp\/v2\/comments?post=50778"}],"version-history":[{"count":0,"href":"https:\/\/rst-steel.com\/sv\/wp-json\/wp\/v2\/product\/50778\/revisions"}],"wp:featuredmedia":[{"embeddable":true,"href":"https:\/\/rst-steel.com\/sv\/wp-json\/wp\/v2\/media\/50777"}],"wp:attachment":[{"href":"https:\/\/rst-steel.com\/sv\/wp-json\/wp\/v2\/media?parent=50778"}],"wp:term":[{"taxonomy":"make_fuel_type","embeddable":true,"href":"https:\/\/rst-steel.com\/sv\/wp-json\/wp\/v2\/make_fuel_type?post=50778"},{"taxonomy":"make_model","embeddable":true,"href":"https:\/\/rst-steel.com\/sv\/wp-json\/wp\/v2\/make_model?post=50778"},{"taxonomy":"make_brand","embeddable":true,"href":"https:\/\/rst-steel.com\/sv\/wp-json\/wp\/v2\/make_brand?post=50778"},{"taxonomy":"make_year","embeddable":true,"href":"https:\/\/rst-steel.com\/sv\/wp-json\/wp\/v2\/make_year?post=50778"},{"taxonomy":"pwb-brand","embeddable":true,"href":"https:\/\/rst-steel.com\/sv\/wp-json\/wp\/v2\/pwb-brand?post=50778"},{"taxonomy":"product_brand","embeddable":true,"href":"https:\/\/rst-steel.com\/sv\/wp-json\/wp\/v2\/product_brand?post=50778"},{"taxonomy":"product_cat","embeddable":true,"href":"https:\/\/rst-steel.com\/sv\/wp-json\/wp\/v2\/product_cat?post=50778"},{"taxonomy":"product_tag","embeddable":true,"href":"https:\/\/rst-steel.com\/sv\/wp-json\/wp\/v2\/product_tag?post=50778"}],"curies":[{"name":"wp","href":"https:\/\/api.w.org\/{rel}","templated":true}]}}